{"id":4929,"date":"2022-03-04T00:00:26","date_gmt":"2022-03-04T00:00:26","guid":{"rendered":"https:\/\/www.capitalcientifica.com.mx\/?post_type=product&#038;p=4929"},"modified":"2023-03-03T17:30:05","modified_gmt":"2023-03-03T17:30:05","slug":"solucion-de-conductividad-cert-100000-%c2%b5s-cm-no-catalogo-cc-4569","status":"publish","type":"product","link":"https:\/\/capitalcientifica.com.mx\/tienda\/product\/solucion-de-conductividad-cert-100000-%c2%b5s-cm-no-catalogo-cc-4569\/","title":{"rendered":"SOLUCI\u00d3N DE CONDUCTIVIDAD CERT. 100,000 \u00b5S\/cm"},"content":{"rendered":"<p>SOLUCI\u00d3N DE CONDUCTIVIDAD CERT. 100,000 \u00b5S\/cm<\/p>\n<div class=\"product-id-stock\"><span class=\"product-id\"><span class=\"product-id-name\">No. Cat\u00e1logo<\/span>\u00a0<span class=\"product-id-value\">CC-4569<\/span><\/span><\/div>\n<div><\/div>\n<div>Soluci\u00f3n est\u00e1ndar de calibraci\u00f3n para conductividad con certificado trazable a NIST y probado individualmente. Los est\u00e1ndares de conductividad Traceable\u00ae son los m\u00e1s precisos disponibles, cada botella est\u00e1 etiquetada para calibrar la conductividad (microsiemens \/ micromhs), resistividad (ohmios) y s\u00f3lidos disueltos (partes por mill\u00f3n).<\/div>\n","protected":false},"excerpt":{"rendered":"<p>SOLUCI\u00d3N DE CONDUCTIVIDAD CERT. 100,000 \u00b5S\/cm<\/p>\n<div class=\"product-id-stock\"><span class=\"product-id\"><span class=\"product-id-name\">No. Cat\u00e1logo<\/span>\u00a0<span class=\"product-id-value\">CC-4569<\/span><\/span><\/div>\n<div><\/div>\n<div>Soluci\u00f3n est\u00e1ndar de calibraci\u00f3n para conductividad con certificado trazable a NIST y probado individualmente. Los est\u00e1ndares de conductividad Traceable\u00ae son los m\u00e1s precisos disponibles, cada botella est\u00e1 etiquetada para calibrar la conductividad (microsiemens \/ micromhs), resistividad (ohmios) y s\u00f3lidos disueltos (partes por mill\u00f3n).<\/div>\n","protected":false},"featured_media":4911,"comment_status":"open","ping_status":"closed","template":"","meta":{"_joinchat":[]},"product_cat":[141,130],"product_tag":[2521,172,173,2519],"class_list":{"0":"post-4929","1":"product","2":"type-product","3":"status-publish","4":"has-post-thumbnail","6":"product_cat-conductividad","7":"product_cat-traceable","8":"product_tag-000-s-cm","9":"product_tag-equipo-de-laboratorio","10":"product_tag-equipo-para-laboratorio","11":"product_tag-solucion-de-conductividad-cert-100","13":"first","14":"instock","15":"shipping-taxable","16":"product-type-simple","17":"col-xs-6 col-sm-4","18":"col-md-3 col-lg-3","19":"un-4-cols"},"yoast_head":"<!-- This site is optimized with the Yoast SEO plugin v27.2 - https:\/\/yoast.com\/product\/yoast-seo-wordpress\/ -->\n<title>SOLUCI\u00d3N DE CONDUCTIVIDAD CERT. 100,000 \u00b5S\/cm - Capital Cient&iacute;fica<\/title>\n<meta name=\"robots\" content=\"index, follow, max-snippet:-1, max-image-preview:large, max-video-preview:-1\" \/>\n<link rel=\"canonical\" href=\"https:\/\/capitalcientifica.com.mx\/tienda\/product\/solucion-de-conductividad-cert-100000-\u00b5s-cm-no-catalogo-cc-4569\/\" \/>\n<meta property=\"og:locale\" content=\"es_ES\" \/>\n<meta property=\"og:type\" content=\"article\" \/>\n<meta property=\"og:title\" content=\"SOLUCI\u00d3N DE CONDUCTIVIDAD CERT. 100,000 \u00b5S\/cm - Capital Cient&iacute;fica\" \/>\n<meta property=\"og:description\" content=\"SOLUCI\u00d3N DE CONDUCTIVIDAD CERT. 100,000 \u00b5S\/cm No. Cat\u00e1logo\u00a0CC-4569  Soluci\u00f3n est\u00e1ndar de calibraci\u00f3n para conductividad con certificado trazable a NIST y probado individualmente. Los est\u00e1ndares de conductividad Traceable\u00ae son los m\u00e1s precisos disponibles, cada botella est\u00e1 etiquetada para calibrar la conductividad (microsiemens \/ micromhs), resistividad (ohmios) y s\u00f3lidos disueltos (partes por mill\u00f3n).\" \/>\n<meta property=\"og:url\" content=\"https:\/\/capitalcientifica.com.mx\/tienda\/product\/solucion-de-conductividad-cert-100000-\u00b5s-cm-no-catalogo-cc-4569\/\" \/>\n<meta property=\"og:site_name\" content=\"Capital Cient&iacute;fica\" \/>\n<meta property=\"article:modified_time\" content=\"2023-03-03T17:30:05+00:00\" \/>\n<meta property=\"og:image\" content=\"https:\/\/capitalcientifica.com.mx\/tienda\/wp-content\/uploads\/2022\/03\/cc-4066_0.png\" \/>\n\t<meta property=\"og:image:width\" content=\"313\" \/>\n\t<meta property=\"og:image:height\" content=\"400\" \/>\n\t<meta property=\"og:image:type\" content=\"image\/png\" \/>\n<meta name=\"twitter:card\" content=\"summary_large_image\" \/>\n<script type=\"application\/ld+json\" class=\"yoast-schema-graph\">{\"@context\":\"https:\/\/schema.org\",\"@graph\":[{\"@type\":\"WebPage\",\"@id\":\"https:\/\/capitalcientifica.com.mx\/tienda\/product\/solucion-de-conductividad-cert-100000-%c2%b5s-cm-no-catalogo-cc-4569\/\",\"url\":\"https:\/\/capitalcientifica.com.mx\/tienda\/product\/solucion-de-conductividad-cert-100000-%c2%b5s-cm-no-catalogo-cc-4569\/\",\"name\":\"SOLUCI\u00d3N DE CONDUCTIVIDAD CERT. 100,000 \u00b5S\/cm - Capital Cient&iacute;fica\",\"isPartOf\":{\"@id\":\"https:\/\/capitalcientifica.com.mx\/tienda\/#website\"},\"primaryImageOfPage\":{\"@id\":\"https:\/\/capitalcientifica.com.mx\/tienda\/product\/solucion-de-conductividad-cert-100000-%c2%b5s-cm-no-catalogo-cc-4569\/#primaryimage\"},\"image\":{\"@id\":\"https:\/\/capitalcientifica.com.mx\/tienda\/product\/solucion-de-conductividad-cert-100000-%c2%b5s-cm-no-catalogo-cc-4569\/#primaryimage\"},\"thumbnailUrl\":\"https:\/\/capitalcientifica.com.mx\/tienda\/wp-content\/uploads\/2022\/03\/cc-4066_0.png\",\"datePublished\":\"2022-03-04T00:00:26+00:00\",\"dateModified\":\"2023-03-03T17:30:05+00:00\",\"breadcrumb\":{\"@id\":\"https:\/\/capitalcientifica.com.mx\/tienda\/product\/solucion-de-conductividad-cert-100000-%c2%b5s-cm-no-catalogo-cc-4569\/#breadcrumb\"},\"inLanguage\":\"es\",\"potentialAction\":[{\"@type\":\"ReadAction\",\"target\":[\"https:\/\/capitalcientifica.com.mx\/tienda\/product\/solucion-de-conductividad-cert-100000-%c2%b5s-cm-no-catalogo-cc-4569\/\"]}]},{\"@type\":\"ImageObject\",\"inLanguage\":\"es\",\"@id\":\"https:\/\/capitalcientifica.com.mx\/tienda\/product\/solucion-de-conductividad-cert-100000-%c2%b5s-cm-no-catalogo-cc-4569\/#primaryimage\",\"url\":\"https:\/\/capitalcientifica.com.mx\/tienda\/wp-content\/uploads\/2022\/03\/cc-4066_0.png\",\"contentUrl\":\"https:\/\/capitalcientifica.com.mx\/tienda\/wp-content\/uploads\/2022\/03\/cc-4066_0.png\",\"width\":313,\"height\":400},{\"@type\":\"BreadcrumbList\",\"@id\":\"https:\/\/capitalcientifica.com.mx\/tienda\/product\/solucion-de-conductividad-cert-100000-%c2%b5s-cm-no-catalogo-cc-4569\/#breadcrumb\",\"itemListElement\":[{\"@type\":\"ListItem\",\"position\":1,\"name\":\"Portada\",\"item\":\"https:\/\/capitalcientifica.com.mx\/tienda\/\"},{\"@type\":\"ListItem\",\"position\":2,\"name\":\"Shop\",\"item\":\"https:\/\/capitalcientifica.com.mx\/tienda\/shop\/\"},{\"@type\":\"ListItem\",\"position\":3,\"name\":\"SOLUCI\u00d3N DE CONDUCTIVIDAD CERT. 100,000 \u00b5S\/cm\"}]},{\"@type\":\"WebSite\",\"@id\":\"https:\/\/capitalcientifica.com.mx\/tienda\/#website\",\"url\":\"https:\/\/capitalcientifica.com.mx\/tienda\/\",\"name\":\"Capital Cient&iacute;fica\",\"description\":\"Equipo para laboratorio\",\"potentialAction\":[{\"@type\":\"SearchAction\",\"target\":{\"@type\":\"EntryPoint\",\"urlTemplate\":\"https:\/\/capitalcientifica.com.mx\/tienda\/?s={search_term_string}\"},\"query-input\":{\"@type\":\"PropertyValueSpecification\",\"valueRequired\":true,\"valueName\":\"search_term_string\"}}],\"inLanguage\":\"es\"}]}<\/script>\n<!-- \/ Yoast SEO plugin. -->","yoast_head_json":{"title":"SOLUCI\u00d3N DE CONDUCTIVIDAD CERT. 100,000 \u00b5S\/cm - Capital Cient&iacute;fica","robots":{"index":"index","follow":"follow","max-snippet":"max-snippet:-1","max-image-preview":"max-image-preview:large","max-video-preview":"max-video-preview:-1"},"canonical":"https:\/\/capitalcientifica.com.mx\/tienda\/product\/solucion-de-conductividad-cert-100000-\u00b5s-cm-no-catalogo-cc-4569\/","og_locale":"es_ES","og_type":"article","og_title":"SOLUCI\u00d3N DE CONDUCTIVIDAD CERT. 100,000 \u00b5S\/cm - Capital Cient&iacute;fica","og_description":"SOLUCI\u00d3N DE CONDUCTIVIDAD CERT. 100,000 \u00b5S\/cm No. Cat\u00e1logo\u00a0CC-4569  Soluci\u00f3n est\u00e1ndar de calibraci\u00f3n para conductividad con certificado trazable a NIST y probado individualmente. Los est\u00e1ndares de conductividad Traceable\u00ae son los m\u00e1s precisos disponibles, cada botella est\u00e1 etiquetada para calibrar la conductividad (microsiemens \/ micromhs), resistividad (ohmios) y s\u00f3lidos disueltos (partes por mill\u00f3n).","og_url":"https:\/\/capitalcientifica.com.mx\/tienda\/product\/solucion-de-conductividad-cert-100000-\u00b5s-cm-no-catalogo-cc-4569\/","og_site_name":"Capital Cient&iacute;fica","article_modified_time":"2023-03-03T17:30:05+00:00","og_image":[{"width":313,"height":400,"url":"https:\/\/capitalcientifica.com.mx\/tienda\/wp-content\/uploads\/2022\/03\/cc-4066_0.png","type":"image\/png"}],"twitter_card":"summary_large_image","schema":{"@context":"https:\/\/schema.org","@graph":[{"@type":"WebPage","@id":"https:\/\/capitalcientifica.com.mx\/tienda\/product\/solucion-de-conductividad-cert-100000-%c2%b5s-cm-no-catalogo-cc-4569\/","url":"https:\/\/capitalcientifica.com.mx\/tienda\/product\/solucion-de-conductividad-cert-100000-%c2%b5s-cm-no-catalogo-cc-4569\/","name":"SOLUCI\u00d3N DE CONDUCTIVIDAD CERT. 100,000 \u00b5S\/cm - Capital Cient&iacute;fica","isPartOf":{"@id":"https:\/\/capitalcientifica.com.mx\/tienda\/#website"},"primaryImageOfPage":{"@id":"https:\/\/capitalcientifica.com.mx\/tienda\/product\/solucion-de-conductividad-cert-100000-%c2%b5s-cm-no-catalogo-cc-4569\/#primaryimage"},"image":{"@id":"https:\/\/capitalcientifica.com.mx\/tienda\/product\/solucion-de-conductividad-cert-100000-%c2%b5s-cm-no-catalogo-cc-4569\/#primaryimage"},"thumbnailUrl":"https:\/\/capitalcientifica.com.mx\/tienda\/wp-content\/uploads\/2022\/03\/cc-4066_0.png","datePublished":"2022-03-04T00:00:26+00:00","dateModified":"2023-03-03T17:30:05+00:00","breadcrumb":{"@id":"https:\/\/capitalcientifica.com.mx\/tienda\/product\/solucion-de-conductividad-cert-100000-%c2%b5s-cm-no-catalogo-cc-4569\/#breadcrumb"},"inLanguage":"es","potentialAction":[{"@type":"ReadAction","target":["https:\/\/capitalcientifica.com.mx\/tienda\/product\/solucion-de-conductividad-cert-100000-%c2%b5s-cm-no-catalogo-cc-4569\/"]}]},{"@type":"ImageObject","inLanguage":"es","@id":"https:\/\/capitalcientifica.com.mx\/tienda\/product\/solucion-de-conductividad-cert-100000-%c2%b5s-cm-no-catalogo-cc-4569\/#primaryimage","url":"https:\/\/capitalcientifica.com.mx\/tienda\/wp-content\/uploads\/2022\/03\/cc-4066_0.png","contentUrl":"https:\/\/capitalcientifica.com.mx\/tienda\/wp-content\/uploads\/2022\/03\/cc-4066_0.png","width":313,"height":400},{"@type":"BreadcrumbList","@id":"https:\/\/capitalcientifica.com.mx\/tienda\/product\/solucion-de-conductividad-cert-100000-%c2%b5s-cm-no-catalogo-cc-4569\/#breadcrumb","itemListElement":[{"@type":"ListItem","position":1,"name":"Portada","item":"https:\/\/capitalcientifica.com.mx\/tienda\/"},{"@type":"ListItem","position":2,"name":"Shop","item":"https:\/\/capitalcientifica.com.mx\/tienda\/shop\/"},{"@type":"ListItem","position":3,"name":"SOLUCI\u00d3N DE CONDUCTIVIDAD CERT. 100,000 \u00b5S\/cm"}]},{"@type":"WebSite","@id":"https:\/\/capitalcientifica.com.mx\/tienda\/#website","url":"https:\/\/capitalcientifica.com.mx\/tienda\/","name":"Capital Cient&iacute;fica","description":"Equipo para laboratorio","potentialAction":[{"@type":"SearchAction","target":{"@type":"EntryPoint","urlTemplate":"https:\/\/capitalcientifica.com.mx\/tienda\/?s={search_term_string}"},"query-input":{"@type":"PropertyValueSpecification","valueRequired":true,"valueName":"search_term_string"}}],"inLanguage":"es"}]}},"_links":{"self":[{"href":"https:\/\/capitalcientifica.com.mx\/tienda\/wp-json\/wp\/v2\/product\/4929","targetHints":{"allow":["GET"]}}],"collection":[{"href":"https:\/\/capitalcientifica.com.mx\/tienda\/wp-json\/wp\/v2\/product"}],"about":[{"href":"https:\/\/capitalcientifica.com.mx\/tienda\/wp-json\/wp\/v2\/types\/product"}],"replies":[{"embeddable":true,"href":"https:\/\/capitalcientifica.com.mx\/tienda\/wp-json\/wp\/v2\/comments?post=4929"}],"wp:featuredmedia":[{"embeddable":true,"href":"https:\/\/capitalcientifica.com.mx\/tienda\/wp-json\/wp\/v2\/media\/4911"}],"wp:attachment":[{"href":"https:\/\/capitalcientifica.com.mx\/tienda\/wp-json\/wp\/v2\/media?parent=4929"}],"wp:term":[{"taxonomy":"product_cat","embeddable":true,"href":"https:\/\/capitalcientifica.com.mx\/tienda\/wp-json\/wp\/v2\/product_cat?post=4929"},{"taxonomy":"product_tag","embeddable":true,"href":"https:\/\/capitalcientifica.com.mx\/tienda\/wp-json\/wp\/v2\/product_tag?post=4929"}],"curies":[{"name":"wp","href":"https:\/\/api.w.org\/{rel}","templated":true}]}}