{"id":4873,"date":"2022-03-03T22:42:57","date_gmt":"2022-03-03T22:42:57","guid":{"rendered":"https:\/\/www.capitalcientifica.com.mx\/?post_type=product&#038;p=4873"},"modified":"2023-02-14T17:52:48","modified_gmt":"2023-02-14T17:52:48","slug":"bomba-peristaltica-de-flujo-variable-85-0-ml-x-min-no-catalogo-cc-3386","status":"publish","type":"product","link":"https:\/\/capitalcientifica.com.mx\/tienda\/product\/bomba-peristaltica-de-flujo-variable-85-0-ml-x-min-no-catalogo-cc-3386\/","title":{"rendered":"BOMBA PERIST\u00c1LTICA DE FLUJO VARIABLE 85.0 ML x MIN"},"content":{"rendered":"<p>BOMBA PERIST\u00c1LTICA DE FLUJO VARIABLE 85.0 ML x MIN<\/p>\n<div class=\"product-id-stock\"><span class=\"product-id\"><span class=\"product-id-name\">No. Cat\u00e1logo<\/span>\u00a0<span class=\"product-id-value\">CC-3386<\/span><\/span><\/div>\n<div><\/div>\n<div>Bomba perist\u00e1ltica de velocidad variable por medio de tubo flexible, con flujo de 0.005 hasta 600 mL por minuto, dependiendo el modelo seleccionado. Ideal para usarse en celdas de flujo con conductividad, cromatograf\u00eda l\u00edquida, recolecci\u00f3n de fracciones, circulaci\u00f3n de fluidos en ba\u00f1os y para desplazar material corrosivo.<\/div>\n","protected":false},"excerpt":{"rendered":"<p>BOMBA PERIST\u00c1LTICA DE FLUJO VARIABLE 85.0 ML x MIN<\/p>\n<div class=\"product-id-stock\"><span class=\"product-id\"><span class=\"product-id-name\">No. Cat\u00e1logo<\/span>\u00a0<span class=\"product-id-value\">CC-3386<\/span><\/span><\/div>\n<div><\/div>\n<div>Bomba perist\u00e1ltica de velocidad variable por medio de tubo flexible, con flujo de 0.005 hasta 600 mL por minuto, dependiendo el modelo seleccionado. Ideal para usarse en celdas de flujo con conductividad, cromatograf\u00eda l\u00edquida, recolecci\u00f3n de fracciones, circulaci\u00f3n de fluidos en ba\u00f1os y para desplazar material corrosivo.<\/div>\n","protected":false},"featured_media":4871,"comment_status":"open","ping_status":"closed","template":"","meta":{"_joinchat":[]},"product_cat":[139,130],"product_tag":[587,172,173],"class_list":{"0":"post-4873","1":"product","2":"type-product","3":"status-publish","4":"has-post-thumbnail","6":"product_cat-bombas-peristalticas","7":"product_cat-traceable","8":"product_tag-bomba-peristaltica-de-flujo-variable-85-0-ml-x-min","9":"product_tag-equipo-de-laboratorio","10":"product_tag-equipo-para-laboratorio","12":"first","13":"instock","14":"shipping-taxable","15":"product-type-simple","16":"col-xs-6 col-sm-4","17":"col-md-3 col-lg-3","18":"un-4-cols"},"yoast_head":"<!-- This site is optimized with the Yoast SEO plugin v27.2 - https:\/\/yoast.com\/product\/yoast-seo-wordpress\/ -->\n<title>BOMBA PERIST\u00c1LTICA DE FLUJO VARIABLE 85.0 ML x MIN - Capital Cient&iacute;fica<\/title>\n<meta name=\"robots\" content=\"index, follow, max-snippet:-1, max-image-preview:large, max-video-preview:-1\" \/>\n<link rel=\"canonical\" href=\"https:\/\/capitalcientifica.com.mx\/tienda\/product\/bomba-peristaltica-de-flujo-variable-85-0-ml-x-min-no-catalogo-cc-3386\/\" \/>\n<meta property=\"og:locale\" content=\"es_ES\" \/>\n<meta property=\"og:type\" content=\"article\" \/>\n<meta property=\"og:title\" content=\"BOMBA PERIST\u00c1LTICA DE FLUJO VARIABLE 85.0 ML x MIN - Capital Cient&iacute;fica\" \/>\n<meta property=\"og:description\" content=\"BOMBA PERIST\u00c1LTICA DE FLUJO VARIABLE 85.0 ML x MIN No. Cat\u00e1logo\u00a0CC-3386  Bomba perist\u00e1ltica de velocidad variable por medio de tubo flexible, con flujo de 0.005 hasta 600 mL por minuto, dependiendo el modelo seleccionado. Ideal para usarse en celdas de flujo con conductividad, cromatograf\u00eda l\u00edquida, recolecci\u00f3n de fracciones, circulaci\u00f3n de fluidos en ba\u00f1os y para desplazar material corrosivo.\" \/>\n<meta property=\"og:url\" content=\"https:\/\/capitalcientifica.com.mx\/tienda\/product\/bomba-peristaltica-de-flujo-variable-85-0-ml-x-min-no-catalogo-cc-3386\/\" \/>\n<meta property=\"og:site_name\" content=\"Capital Cient&iacute;fica\" \/>\n<meta property=\"article:modified_time\" content=\"2023-02-14T17:52:48+00:00\" \/>\n<meta property=\"og:image\" content=\"https:\/\/capitalcientifica.com.mx\/tienda\/wp-content\/uploads\/2022\/03\/cc-3384_0.png\" \/>\n\t<meta property=\"og:image:width\" content=\"400\" \/>\n\t<meta property=\"og:image:height\" content=\"300\" \/>\n\t<meta property=\"og:image:type\" content=\"image\/png\" \/>\n<meta name=\"twitter:card\" content=\"summary_large_image\" \/>\n<script type=\"application\/ld+json\" class=\"yoast-schema-graph\">{\"@context\":\"https:\/\/schema.org\",\"@graph\":[{\"@type\":\"WebPage\",\"@id\":\"https:\/\/capitalcientifica.com.mx\/tienda\/product\/bomba-peristaltica-de-flujo-variable-85-0-ml-x-min-no-catalogo-cc-3386\/\",\"url\":\"https:\/\/capitalcientifica.com.mx\/tienda\/product\/bomba-peristaltica-de-flujo-variable-85-0-ml-x-min-no-catalogo-cc-3386\/\",\"name\":\"BOMBA PERIST\u00c1LTICA DE FLUJO VARIABLE 85.0 ML x MIN - Capital Cient&iacute;fica\",\"isPartOf\":{\"@id\":\"https:\/\/capitalcientifica.com.mx\/tienda\/#website\"},\"primaryImageOfPage\":{\"@id\":\"https:\/\/capitalcientifica.com.mx\/tienda\/product\/bomba-peristaltica-de-flujo-variable-85-0-ml-x-min-no-catalogo-cc-3386\/#primaryimage\"},\"image\":{\"@id\":\"https:\/\/capitalcientifica.com.mx\/tienda\/product\/bomba-peristaltica-de-flujo-variable-85-0-ml-x-min-no-catalogo-cc-3386\/#primaryimage\"},\"thumbnailUrl\":\"https:\/\/capitalcientifica.com.mx\/tienda\/wp-content\/uploads\/2022\/03\/cc-3384_0.png\",\"datePublished\":\"2022-03-03T22:42:57+00:00\",\"dateModified\":\"2023-02-14T17:52:48+00:00\",\"breadcrumb\":{\"@id\":\"https:\/\/capitalcientifica.com.mx\/tienda\/product\/bomba-peristaltica-de-flujo-variable-85-0-ml-x-min-no-catalogo-cc-3386\/#breadcrumb\"},\"inLanguage\":\"es\",\"potentialAction\":[{\"@type\":\"ReadAction\",\"target\":[\"https:\/\/capitalcientifica.com.mx\/tienda\/product\/bomba-peristaltica-de-flujo-variable-85-0-ml-x-min-no-catalogo-cc-3386\/\"]}]},{\"@type\":\"ImageObject\",\"inLanguage\":\"es\",\"@id\":\"https:\/\/capitalcientifica.com.mx\/tienda\/product\/bomba-peristaltica-de-flujo-variable-85-0-ml-x-min-no-catalogo-cc-3386\/#primaryimage\",\"url\":\"https:\/\/capitalcientifica.com.mx\/tienda\/wp-content\/uploads\/2022\/03\/cc-3384_0.png\",\"contentUrl\":\"https:\/\/capitalcientifica.com.mx\/tienda\/wp-content\/uploads\/2022\/03\/cc-3384_0.png\",\"width\":400,\"height\":300},{\"@type\":\"BreadcrumbList\",\"@id\":\"https:\/\/capitalcientifica.com.mx\/tienda\/product\/bomba-peristaltica-de-flujo-variable-85-0-ml-x-min-no-catalogo-cc-3386\/#breadcrumb\",\"itemListElement\":[{\"@type\":\"ListItem\",\"position\":1,\"name\":\"Portada\",\"item\":\"https:\/\/capitalcientifica.com.mx\/tienda\/\"},{\"@type\":\"ListItem\",\"position\":2,\"name\":\"Shop\",\"item\":\"https:\/\/capitalcientifica.com.mx\/tienda\/shop\/\"},{\"@type\":\"ListItem\",\"position\":3,\"name\":\"BOMBA PERIST\u00c1LTICA DE FLUJO VARIABLE 85.0 ML x MIN\"}]},{\"@type\":\"WebSite\",\"@id\":\"https:\/\/capitalcientifica.com.mx\/tienda\/#website\",\"url\":\"https:\/\/capitalcientifica.com.mx\/tienda\/\",\"name\":\"Capital Cient&iacute;fica\",\"description\":\"Equipo para laboratorio\",\"potentialAction\":[{\"@type\":\"SearchAction\",\"target\":{\"@type\":\"EntryPoint\",\"urlTemplate\":\"https:\/\/capitalcientifica.com.mx\/tienda\/?s={search_term_string}\"},\"query-input\":{\"@type\":\"PropertyValueSpecification\",\"valueRequired\":true,\"valueName\":\"search_term_string\"}}],\"inLanguage\":\"es\"}]}<\/script>\n<!-- \/ Yoast SEO plugin. -->","yoast_head_json":{"title":"BOMBA PERIST\u00c1LTICA DE FLUJO VARIABLE 85.0 ML x MIN - Capital Cient&iacute;fica","robots":{"index":"index","follow":"follow","max-snippet":"max-snippet:-1","max-image-preview":"max-image-preview:large","max-video-preview":"max-video-preview:-1"},"canonical":"https:\/\/capitalcientifica.com.mx\/tienda\/product\/bomba-peristaltica-de-flujo-variable-85-0-ml-x-min-no-catalogo-cc-3386\/","og_locale":"es_ES","og_type":"article","og_title":"BOMBA PERIST\u00c1LTICA DE FLUJO VARIABLE 85.0 ML x MIN - Capital Cient&iacute;fica","og_description":"BOMBA PERIST\u00c1LTICA DE FLUJO VARIABLE 85.0 ML x MIN No. Cat\u00e1logo\u00a0CC-3386  Bomba perist\u00e1ltica de velocidad variable por medio de tubo flexible, con flujo de 0.005 hasta 600 mL por minuto, dependiendo el modelo seleccionado. Ideal para usarse en celdas de flujo con conductividad, cromatograf\u00eda l\u00edquida, recolecci\u00f3n de fracciones, circulaci\u00f3n de fluidos en ba\u00f1os y para desplazar material corrosivo.","og_url":"https:\/\/capitalcientifica.com.mx\/tienda\/product\/bomba-peristaltica-de-flujo-variable-85-0-ml-x-min-no-catalogo-cc-3386\/","og_site_name":"Capital Cient&iacute;fica","article_modified_time":"2023-02-14T17:52:48+00:00","og_image":[{"width":400,"height":300,"url":"https:\/\/capitalcientifica.com.mx\/tienda\/wp-content\/uploads\/2022\/03\/cc-3384_0.png","type":"image\/png"}],"twitter_card":"summary_large_image","schema":{"@context":"https:\/\/schema.org","@graph":[{"@type":"WebPage","@id":"https:\/\/capitalcientifica.com.mx\/tienda\/product\/bomba-peristaltica-de-flujo-variable-85-0-ml-x-min-no-catalogo-cc-3386\/","url":"https:\/\/capitalcientifica.com.mx\/tienda\/product\/bomba-peristaltica-de-flujo-variable-85-0-ml-x-min-no-catalogo-cc-3386\/","name":"BOMBA PERIST\u00c1LTICA DE FLUJO VARIABLE 85.0 ML x MIN - Capital Cient&iacute;fica","isPartOf":{"@id":"https:\/\/capitalcientifica.com.mx\/tienda\/#website"},"primaryImageOfPage":{"@id":"https:\/\/capitalcientifica.com.mx\/tienda\/product\/bomba-peristaltica-de-flujo-variable-85-0-ml-x-min-no-catalogo-cc-3386\/#primaryimage"},"image":{"@id":"https:\/\/capitalcientifica.com.mx\/tienda\/product\/bomba-peristaltica-de-flujo-variable-85-0-ml-x-min-no-catalogo-cc-3386\/#primaryimage"},"thumbnailUrl":"https:\/\/capitalcientifica.com.mx\/tienda\/wp-content\/uploads\/2022\/03\/cc-3384_0.png","datePublished":"2022-03-03T22:42:57+00:00","dateModified":"2023-02-14T17:52:48+00:00","breadcrumb":{"@id":"https:\/\/capitalcientifica.com.mx\/tienda\/product\/bomba-peristaltica-de-flujo-variable-85-0-ml-x-min-no-catalogo-cc-3386\/#breadcrumb"},"inLanguage":"es","potentialAction":[{"@type":"ReadAction","target":["https:\/\/capitalcientifica.com.mx\/tienda\/product\/bomba-peristaltica-de-flujo-variable-85-0-ml-x-min-no-catalogo-cc-3386\/"]}]},{"@type":"ImageObject","inLanguage":"es","@id":"https:\/\/capitalcientifica.com.mx\/tienda\/product\/bomba-peristaltica-de-flujo-variable-85-0-ml-x-min-no-catalogo-cc-3386\/#primaryimage","url":"https:\/\/capitalcientifica.com.mx\/tienda\/wp-content\/uploads\/2022\/03\/cc-3384_0.png","contentUrl":"https:\/\/capitalcientifica.com.mx\/tienda\/wp-content\/uploads\/2022\/03\/cc-3384_0.png","width":400,"height":300},{"@type":"BreadcrumbList","@id":"https:\/\/capitalcientifica.com.mx\/tienda\/product\/bomba-peristaltica-de-flujo-variable-85-0-ml-x-min-no-catalogo-cc-3386\/#breadcrumb","itemListElement":[{"@type":"ListItem","position":1,"name":"Portada","item":"https:\/\/capitalcientifica.com.mx\/tienda\/"},{"@type":"ListItem","position":2,"name":"Shop","item":"https:\/\/capitalcientifica.com.mx\/tienda\/shop\/"},{"@type":"ListItem","position":3,"name":"BOMBA PERIST\u00c1LTICA DE FLUJO VARIABLE 85.0 ML x MIN"}]},{"@type":"WebSite","@id":"https:\/\/capitalcientifica.com.mx\/tienda\/#website","url":"https:\/\/capitalcientifica.com.mx\/tienda\/","name":"Capital Cient&iacute;fica","description":"Equipo para laboratorio","potentialAction":[{"@type":"SearchAction","target":{"@type":"EntryPoint","urlTemplate":"https:\/\/capitalcientifica.com.mx\/tienda\/?s={search_term_string}"},"query-input":{"@type":"PropertyValueSpecification","valueRequired":true,"valueName":"search_term_string"}}],"inLanguage":"es"}]}},"_links":{"self":[{"href":"https:\/\/capitalcientifica.com.mx\/tienda\/wp-json\/wp\/v2\/product\/4873","targetHints":{"allow":["GET"]}}],"collection":[{"href":"https:\/\/capitalcientifica.com.mx\/tienda\/wp-json\/wp\/v2\/product"}],"about":[{"href":"https:\/\/capitalcientifica.com.mx\/tienda\/wp-json\/wp\/v2\/types\/product"}],"replies":[{"embeddable":true,"href":"https:\/\/capitalcientifica.com.mx\/tienda\/wp-json\/wp\/v2\/comments?post=4873"}],"wp:featuredmedia":[{"embeddable":true,"href":"https:\/\/capitalcientifica.com.mx\/tienda\/wp-json\/wp\/v2\/media\/4871"}],"wp:attachment":[{"href":"https:\/\/capitalcientifica.com.mx\/tienda\/wp-json\/wp\/v2\/media?parent=4873"}],"wp:term":[{"taxonomy":"product_cat","embeddable":true,"href":"https:\/\/capitalcientifica.com.mx\/tienda\/wp-json\/wp\/v2\/product_cat?post=4873"},{"taxonomy":"product_tag","embeddable":true,"href":"https:\/\/capitalcientifica.com.mx\/tienda\/wp-json\/wp\/v2\/product_tag?post=4873"}],"curies":[{"name":"wp","href":"https:\/\/api.w.org\/{rel}","templated":true}]}}