{"id":4849,"date":"2022-03-03T20:33:02","date_gmt":"2022-03-03T20:33:02","guid":{"rendered":"https:\/\/www.capitalcientifica.com.mx\/?post_type=product&#038;p=4849"},"modified":"2023-03-03T18:35:37","modified_gmt":"2023-03-03T18:35:37","slug":"termometro-infrarrojo-de-pistola-cert-60-a-500-c-no-catalogo-cc-4482","status":"publish","type":"product","link":"https:\/\/capitalcientifica.com.mx\/tienda\/product\/termometro-infrarrojo-de-pistola-cert-60-a-500-c-no-catalogo-cc-4482\/","title":{"rendered":"TERM\u00d3METRO INFRARROJO DE PISTOLA CERT -60 a 500 \u00b0C"},"content":{"rendered":"<p>TERM\u00d3METRO INFRARROJO DE PISTOLA CERT -60 a 500 \u00b0C<\/p>\n<div class=\"product-id-stock\"><span class=\"product-id\"><span class=\"product-id-name\">No. Cat\u00e1logo<\/span>\u00a0<span class=\"product-id-value\">CC-4482<\/span><\/span><\/div>\n<div><\/div>\n<div>Term\u00f3metro infrarrojo peque\u00f1o y liviano con sonda incluida tipo K. Con pantalla LCD dual con retroiluminaci\u00f3n al toque de una tecla. Tiene indicador de bater\u00eda baja, selecci\u00f3n de unidades, funci\u00f3n para congelar la pantalla, alarma audible configurable, memoria de m\u00e1ximas y m\u00ednimas, promedio y diferencia de dos lecturas. La pantalla dual muestra la temperatura actual m\u00e1s uno de los siguientes ocho valores: emisividad, memoria m\u00e1xima o m\u00ednima, diferencial, promedio (tiempo ponderado), alarma de alta temperatura, alarma de baja temperatura y temperatura de la sonda. Incluye sonda tipo K de 1,219 mm de largo.<\/div>\n","protected":false},"excerpt":{"rendered":"<p>TERM\u00d3METRO INFRARROJO DE PISTOLA CERT -60 a 500 \u00b0C<\/p>\n<div class=\"product-id-stock\"><span class=\"product-id\"><span class=\"product-id-name\">No. Cat\u00e1logo<\/span>\u00a0<span class=\"product-id-value\">CC-4482<\/span><\/span><\/div>\n<div><\/div>\n<div>Term\u00f3metro infrarrojo peque\u00f1o y liviano con sonda incluida tipo K. Con pantalla LCD dual con retroiluminaci\u00f3n al toque de una tecla. Tiene indicador de bater\u00eda baja, selecci\u00f3n de unidades, funci\u00f3n para congelar la pantalla, alarma audible configurable, memoria de m\u00e1ximas y m\u00ednimas, promedio y diferencia de dos lecturas. La pantalla dual muestra la temperatura actual m\u00e1s uno de los siguientes ocho valores: emisividad, memoria m\u00e1xima o m\u00ednima, diferencial, promedio (tiempo ponderado), alarma de alta temperatura, alarma de baja temperatura y temperatura de la sonda. Incluye sonda tipo K de 1,219 mm de largo.<\/div>\n","protected":false},"featured_media":4850,"comment_status":"open","ping_status":"closed","template":"","meta":{"_joinchat":[]},"product_cat":[136,130],"product_tag":[172,173,2683],"class_list":{"0":"post-4849","1":"product","2":"type-product","3":"status-publish","4":"has-post-thumbnail","6":"product_cat-termometros-infrarojos","7":"product_cat-traceable","8":"product_tag-equipo-de-laboratorio","9":"product_tag-equipo-para-laboratorio","10":"product_tag-termometro-infrarrojo-de-pistola-cert-60-a-500-c","12":"first","13":"instock","14":"shipping-taxable","15":"product-type-simple","16":"col-xs-6 col-sm-4","17":"col-md-3 col-lg-3","18":"un-4-cols"},"yoast_head":"<!-- This site is optimized with the Yoast SEO plugin v27.2 - https:\/\/yoast.com\/product\/yoast-seo-wordpress\/ -->\n<title>TERM\u00d3METRO INFRARROJO DE PISTOLA CERT -60 a 500 \u00b0C - Capital Cient&iacute;fica<\/title>\n<meta name=\"robots\" content=\"index, follow, max-snippet:-1, max-image-preview:large, max-video-preview:-1\" \/>\n<link rel=\"canonical\" href=\"https:\/\/capitalcientifica.com.mx\/tienda\/product\/termometro-infrarrojo-de-pistola-cert-60-a-500-c-no-catalogo-cc-4482\/\" \/>\n<meta property=\"og:locale\" content=\"es_ES\" \/>\n<meta property=\"og:type\" content=\"article\" \/>\n<meta property=\"og:title\" content=\"TERM\u00d3METRO INFRARROJO DE PISTOLA CERT -60 a 500 \u00b0C - Capital Cient&iacute;fica\" \/>\n<meta property=\"og:description\" content=\"TERM\u00d3METRO INFRARROJO DE PISTOLA CERT -60 a 500 \u00b0C No. Cat\u00e1logo\u00a0CC-4482  Term\u00f3metro infrarrojo peque\u00f1o y liviano con sonda incluida tipo K. Con pantalla LCD dual con retroiluminaci\u00f3n al toque de una tecla. Tiene indicador de bater\u00eda baja, selecci\u00f3n de unidades, funci\u00f3n para congelar la pantalla, alarma audible configurable, memoria de m\u00e1ximas y m\u00ednimas, promedio y diferencia de dos lecturas. La pantalla dual muestra la temperatura actual m\u00e1s uno de los siguientes ocho valores: emisividad, memoria m\u00e1xima o m\u00ednima, diferencial, promedio (tiempo ponderado), alarma de alta temperatura, alarma de baja temperatura y temperatura de la sonda. Incluye sonda tipo K de 1,219 mm de largo.\" \/>\n<meta property=\"og:url\" content=\"https:\/\/capitalcientifica.com.mx\/tienda\/product\/termometro-infrarrojo-de-pistola-cert-60-a-500-c-no-catalogo-cc-4482\/\" \/>\n<meta property=\"og:site_name\" content=\"Capital Cient&iacute;fica\" \/>\n<meta property=\"article:modified_time\" content=\"2023-03-03T18:35:37+00:00\" \/>\n<meta property=\"og:image\" content=\"https:\/\/capitalcientifica.com.mx\/tienda\/wp-content\/uploads\/2022\/03\/cc-4482_0.png\" \/>\n\t<meta property=\"og:image:width\" content=\"400\" \/>\n\t<meta property=\"og:image:height\" content=\"400\" \/>\n\t<meta property=\"og:image:type\" content=\"image\/png\" \/>\n<meta name=\"twitter:card\" content=\"summary_large_image\" \/>\n<meta name=\"twitter:label1\" content=\"Tiempo de lectura\" \/>\n\t<meta name=\"twitter:data1\" content=\"1 minuto\" \/>\n<script type=\"application\/ld+json\" class=\"yoast-schema-graph\">{\"@context\":\"https:\/\/schema.org\",\"@graph\":[{\"@type\":\"WebPage\",\"@id\":\"https:\/\/capitalcientifica.com.mx\/tienda\/product\/termometro-infrarrojo-de-pistola-cert-60-a-500-c-no-catalogo-cc-4482\/\",\"url\":\"https:\/\/capitalcientifica.com.mx\/tienda\/product\/termometro-infrarrojo-de-pistola-cert-60-a-500-c-no-catalogo-cc-4482\/\",\"name\":\"TERM\u00d3METRO INFRARROJO DE PISTOLA CERT -60 a 500 \u00b0C - Capital Cient&iacute;fica\",\"isPartOf\":{\"@id\":\"https:\/\/capitalcientifica.com.mx\/tienda\/#website\"},\"primaryImageOfPage\":{\"@id\":\"https:\/\/capitalcientifica.com.mx\/tienda\/product\/termometro-infrarrojo-de-pistola-cert-60-a-500-c-no-catalogo-cc-4482\/#primaryimage\"},\"image\":{\"@id\":\"https:\/\/capitalcientifica.com.mx\/tienda\/product\/termometro-infrarrojo-de-pistola-cert-60-a-500-c-no-catalogo-cc-4482\/#primaryimage\"},\"thumbnailUrl\":\"https:\/\/capitalcientifica.com.mx\/tienda\/wp-content\/uploads\/2022\/03\/cc-4482_0.png\",\"datePublished\":\"2022-03-03T20:33:02+00:00\",\"dateModified\":\"2023-03-03T18:35:37+00:00\",\"breadcrumb\":{\"@id\":\"https:\/\/capitalcientifica.com.mx\/tienda\/product\/termometro-infrarrojo-de-pistola-cert-60-a-500-c-no-catalogo-cc-4482\/#breadcrumb\"},\"inLanguage\":\"es\",\"potentialAction\":[{\"@type\":\"ReadAction\",\"target\":[\"https:\/\/capitalcientifica.com.mx\/tienda\/product\/termometro-infrarrojo-de-pistola-cert-60-a-500-c-no-catalogo-cc-4482\/\"]}]},{\"@type\":\"ImageObject\",\"inLanguage\":\"es\",\"@id\":\"https:\/\/capitalcientifica.com.mx\/tienda\/product\/termometro-infrarrojo-de-pistola-cert-60-a-500-c-no-catalogo-cc-4482\/#primaryimage\",\"url\":\"https:\/\/capitalcientifica.com.mx\/tienda\/wp-content\/uploads\/2022\/03\/cc-4482_0.png\",\"contentUrl\":\"https:\/\/capitalcientifica.com.mx\/tienda\/wp-content\/uploads\/2022\/03\/cc-4482_0.png\",\"width\":400,\"height\":400},{\"@type\":\"BreadcrumbList\",\"@id\":\"https:\/\/capitalcientifica.com.mx\/tienda\/product\/termometro-infrarrojo-de-pistola-cert-60-a-500-c-no-catalogo-cc-4482\/#breadcrumb\",\"itemListElement\":[{\"@type\":\"ListItem\",\"position\":1,\"name\":\"Portada\",\"item\":\"https:\/\/capitalcientifica.com.mx\/tienda\/\"},{\"@type\":\"ListItem\",\"position\":2,\"name\":\"Shop\",\"item\":\"https:\/\/capitalcientifica.com.mx\/tienda\/shop\/\"},{\"@type\":\"ListItem\",\"position\":3,\"name\":\"TERM\u00d3METRO INFRARROJO DE PISTOLA CERT -60 a 500 \u00b0C\"}]},{\"@type\":\"WebSite\",\"@id\":\"https:\/\/capitalcientifica.com.mx\/tienda\/#website\",\"url\":\"https:\/\/capitalcientifica.com.mx\/tienda\/\",\"name\":\"Capital Cient&iacute;fica\",\"description\":\"Equipo para laboratorio\",\"potentialAction\":[{\"@type\":\"SearchAction\",\"target\":{\"@type\":\"EntryPoint\",\"urlTemplate\":\"https:\/\/capitalcientifica.com.mx\/tienda\/?s={search_term_string}\"},\"query-input\":{\"@type\":\"PropertyValueSpecification\",\"valueRequired\":true,\"valueName\":\"search_term_string\"}}],\"inLanguage\":\"es\"}]}<\/script>\n<!-- \/ Yoast SEO plugin. -->","yoast_head_json":{"title":"TERM\u00d3METRO INFRARROJO DE PISTOLA CERT -60 a 500 \u00b0C - Capital Cient&iacute;fica","robots":{"index":"index","follow":"follow","max-snippet":"max-snippet:-1","max-image-preview":"max-image-preview:large","max-video-preview":"max-video-preview:-1"},"canonical":"https:\/\/capitalcientifica.com.mx\/tienda\/product\/termometro-infrarrojo-de-pistola-cert-60-a-500-c-no-catalogo-cc-4482\/","og_locale":"es_ES","og_type":"article","og_title":"TERM\u00d3METRO INFRARROJO DE PISTOLA CERT -60 a 500 \u00b0C - Capital Cient&iacute;fica","og_description":"TERM\u00d3METRO INFRARROJO DE PISTOLA CERT -60 a 500 \u00b0C No. Cat\u00e1logo\u00a0CC-4482  Term\u00f3metro infrarrojo peque\u00f1o y liviano con sonda incluida tipo K. Con pantalla LCD dual con retroiluminaci\u00f3n al toque de una tecla. Tiene indicador de bater\u00eda baja, selecci\u00f3n de unidades, funci\u00f3n para congelar la pantalla, alarma audible configurable, memoria de m\u00e1ximas y m\u00ednimas, promedio y diferencia de dos lecturas. La pantalla dual muestra la temperatura actual m\u00e1s uno de los siguientes ocho valores: emisividad, memoria m\u00e1xima o m\u00ednima, diferencial, promedio (tiempo ponderado), alarma de alta temperatura, alarma de baja temperatura y temperatura de la sonda. Incluye sonda tipo K de 1,219 mm de largo.","og_url":"https:\/\/capitalcientifica.com.mx\/tienda\/product\/termometro-infrarrojo-de-pistola-cert-60-a-500-c-no-catalogo-cc-4482\/","og_site_name":"Capital Cient&iacute;fica","article_modified_time":"2023-03-03T18:35:37+00:00","og_image":[{"width":400,"height":400,"url":"https:\/\/capitalcientifica.com.mx\/tienda\/wp-content\/uploads\/2022\/03\/cc-4482_0.png","type":"image\/png"}],"twitter_card":"summary_large_image","twitter_misc":{"Tiempo de lectura":"1 minuto"},"schema":{"@context":"https:\/\/schema.org","@graph":[{"@type":"WebPage","@id":"https:\/\/capitalcientifica.com.mx\/tienda\/product\/termometro-infrarrojo-de-pistola-cert-60-a-500-c-no-catalogo-cc-4482\/","url":"https:\/\/capitalcientifica.com.mx\/tienda\/product\/termometro-infrarrojo-de-pistola-cert-60-a-500-c-no-catalogo-cc-4482\/","name":"TERM\u00d3METRO INFRARROJO DE PISTOLA CERT -60 a 500 \u00b0C - Capital Cient&iacute;fica","isPartOf":{"@id":"https:\/\/capitalcientifica.com.mx\/tienda\/#website"},"primaryImageOfPage":{"@id":"https:\/\/capitalcientifica.com.mx\/tienda\/product\/termometro-infrarrojo-de-pistola-cert-60-a-500-c-no-catalogo-cc-4482\/#primaryimage"},"image":{"@id":"https:\/\/capitalcientifica.com.mx\/tienda\/product\/termometro-infrarrojo-de-pistola-cert-60-a-500-c-no-catalogo-cc-4482\/#primaryimage"},"thumbnailUrl":"https:\/\/capitalcientifica.com.mx\/tienda\/wp-content\/uploads\/2022\/03\/cc-4482_0.png","datePublished":"2022-03-03T20:33:02+00:00","dateModified":"2023-03-03T18:35:37+00:00","breadcrumb":{"@id":"https:\/\/capitalcientifica.com.mx\/tienda\/product\/termometro-infrarrojo-de-pistola-cert-60-a-500-c-no-catalogo-cc-4482\/#breadcrumb"},"inLanguage":"es","potentialAction":[{"@type":"ReadAction","target":["https:\/\/capitalcientifica.com.mx\/tienda\/product\/termometro-infrarrojo-de-pistola-cert-60-a-500-c-no-catalogo-cc-4482\/"]}]},{"@type":"ImageObject","inLanguage":"es","@id":"https:\/\/capitalcientifica.com.mx\/tienda\/product\/termometro-infrarrojo-de-pistola-cert-60-a-500-c-no-catalogo-cc-4482\/#primaryimage","url":"https:\/\/capitalcientifica.com.mx\/tienda\/wp-content\/uploads\/2022\/03\/cc-4482_0.png","contentUrl":"https:\/\/capitalcientifica.com.mx\/tienda\/wp-content\/uploads\/2022\/03\/cc-4482_0.png","width":400,"height":400},{"@type":"BreadcrumbList","@id":"https:\/\/capitalcientifica.com.mx\/tienda\/product\/termometro-infrarrojo-de-pistola-cert-60-a-500-c-no-catalogo-cc-4482\/#breadcrumb","itemListElement":[{"@type":"ListItem","position":1,"name":"Portada","item":"https:\/\/capitalcientifica.com.mx\/tienda\/"},{"@type":"ListItem","position":2,"name":"Shop","item":"https:\/\/capitalcientifica.com.mx\/tienda\/shop\/"},{"@type":"ListItem","position":3,"name":"TERM\u00d3METRO INFRARROJO DE PISTOLA CERT -60 a 500 \u00b0C"}]},{"@type":"WebSite","@id":"https:\/\/capitalcientifica.com.mx\/tienda\/#website","url":"https:\/\/capitalcientifica.com.mx\/tienda\/","name":"Capital Cient&iacute;fica","description":"Equipo para laboratorio","potentialAction":[{"@type":"SearchAction","target":{"@type":"EntryPoint","urlTemplate":"https:\/\/capitalcientifica.com.mx\/tienda\/?s={search_term_string}"},"query-input":{"@type":"PropertyValueSpecification","valueRequired":true,"valueName":"search_term_string"}}],"inLanguage":"es"}]}},"_links":{"self":[{"href":"https:\/\/capitalcientifica.com.mx\/tienda\/wp-json\/wp\/v2\/product\/4849","targetHints":{"allow":["GET"]}}],"collection":[{"href":"https:\/\/capitalcientifica.com.mx\/tienda\/wp-json\/wp\/v2\/product"}],"about":[{"href":"https:\/\/capitalcientifica.com.mx\/tienda\/wp-json\/wp\/v2\/types\/product"}],"replies":[{"embeddable":true,"href":"https:\/\/capitalcientifica.com.mx\/tienda\/wp-json\/wp\/v2\/comments?post=4849"}],"wp:featuredmedia":[{"embeddable":true,"href":"https:\/\/capitalcientifica.com.mx\/tienda\/wp-json\/wp\/v2\/media\/4850"}],"wp:attachment":[{"href":"https:\/\/capitalcientifica.com.mx\/tienda\/wp-json\/wp\/v2\/media?parent=4849"}],"wp:term":[{"taxonomy":"product_cat","embeddable":true,"href":"https:\/\/capitalcientifica.com.mx\/tienda\/wp-json\/wp\/v2\/product_cat?post=4849"},{"taxonomy":"product_tag","embeddable":true,"href":"https:\/\/capitalcientifica.com.mx\/tienda\/wp-json\/wp\/v2\/product_tag?post=4849"}],"curies":[{"name":"wp","href":"https:\/\/api.w.org\/{rel}","templated":true}]}}