{"id":4833,"date":"2022-03-03T04:50:32","date_gmt":"2022-03-03T04:50:32","guid":{"rendered":"https:\/\/www.capitalcientifica.com.mx\/?post_type=product&#038;p=4833"},"modified":"2023-03-01T18:08:49","modified_gmt":"2023-03-01T18:08:49","slug":"reloj-digital-para-mesa-c-temperatura-no-catalogo-cc-5125","status":"publish","type":"product","link":"https:\/\/capitalcientifica.com.mx\/tienda\/product\/reloj-digital-para-mesa-c-temperatura-no-catalogo-cc-5125\/","title":{"rendered":"RELOJ DIGITAL PARA MESA C\/TEMPERATURA"},"content":{"rendered":"<p>***RELOJ DIGITAL PARA MESA C\/TEMPERATURA<\/p>\n<div class=\"product-id-stock\"><span class=\"product-id\"><span class=\"product-id-name\">No. Cat\u00e1logo<\/span>\u00a0<span class=\"product-id-value\">CC-5125<\/span><\/span><\/div>\n<div><\/div>\n<div>Reloj at\u00f3mico digital de radio se\u00f1al, ideal para registrar la recepci\u00f3n de muestras, anotar la hora exacta en que ocurri\u00f3 el evento, respaldar documentaci\u00f3n y proporcionar un est\u00e1ndar para otros relojes. Pantalla LCD con luz de fondo retroiluminada, muestra de forma simult\u00e1nea la hora en am\/pm o 24 horas, mes, fecha, d\u00eda de la semana, temperatura actual y humedad, adem\u00e1s de contar con alarma. El reloj se ajusta autom\u00e1ticamente para el horario de verano. Los d\u00edgitos se pueden ver desde una distancia de 3 metros. Incluye soporte para mesa.<\/div>\n","protected":false},"excerpt":{"rendered":"<p>***RELOJ DIGITAL PARA MESA C\/TEMPERATURA<\/p>\n<div class=\"product-id-stock\"><span class=\"product-id\"><span class=\"product-id-name\">No. Cat\u00e1logo<\/span>\u00a0<span class=\"product-id-value\">CC-5125<\/span><\/span><\/div>\n<div><\/div>\n<div>Reloj at\u00f3mico digital de radio se\u00f1al, ideal para registrar la recepci\u00f3n de muestras, anotar la hora exacta en que ocurri\u00f3 el evento, respaldar documentaci\u00f3n y proporcionar un est\u00e1ndar para otros relojes. Pantalla LCD con luz de fondo retroiluminada, muestra de forma simult\u00e1nea la hora en am\/pm o 24 horas, mes, fecha, d\u00eda de la semana, temperatura actual y humedad, adem\u00e1s de contar con alarma. El reloj se ajusta autom\u00e1ticamente para el horario de verano. Los d\u00edgitos se pueden ver desde una distancia de 3 metros. Incluye soporte para mesa.<\/div>\n","protected":false},"featured_media":4834,"comment_status":"open","ping_status":"closed","template":"","meta":{"_joinchat":[]},"product_cat":[134,130],"product_tag":[172,173,2370],"class_list":{"0":"post-4833","1":"product","2":"type-product","3":"status-publish","4":"has-post-thumbnail","6":"product_cat-relojes-de-mesa","7":"product_cat-traceable","8":"product_tag-equipo-de-laboratorio","9":"product_tag-equipo-para-laboratorio","10":"product_tag-reloj-digital-para-mesa-c-temperatura","12":"first","13":"instock","14":"shipping-taxable","15":"product-type-simple","16":"col-xs-6 col-sm-4","17":"col-md-3 col-lg-3","18":"un-4-cols"},"yoast_head":"<!-- This site is optimized with the Yoast SEO plugin v27.5 - https:\/\/yoast.com\/product\/yoast-seo-wordpress\/ -->\n<title>RELOJ DIGITAL PARA MESA C\/TEMPERATURA - Capital Cient&iacute;fica<\/title>\n<meta name=\"robots\" content=\"index, follow, max-snippet:-1, max-image-preview:large, max-video-preview:-1\" \/>\n<link rel=\"canonical\" href=\"https:\/\/capitalcientifica.com.mx\/tienda\/product\/reloj-digital-para-mesa-c-temperatura-no-catalogo-cc-5125\/\" \/>\n<meta property=\"og:locale\" content=\"es_ES\" \/>\n<meta property=\"og:type\" content=\"article\" \/>\n<meta property=\"og:title\" content=\"RELOJ DIGITAL PARA MESA C\/TEMPERATURA - Capital Cient&iacute;fica\" \/>\n<meta property=\"og:description\" content=\"***RELOJ DIGITAL PARA MESA C\/TEMPERATURA No. Cat\u00e1logo\u00a0CC-5125  Reloj at\u00f3mico digital de radio se\u00f1al, ideal para registrar la recepci\u00f3n de muestras, anotar la hora exacta en que ocurri\u00f3 el evento, respaldar documentaci\u00f3n y proporcionar un est\u00e1ndar para otros relojes. Pantalla LCD con luz de fondo retroiluminada, muestra de forma simult\u00e1nea la hora en am\/pm o 24 horas, mes, fecha, d\u00eda de la semana, temperatura actual y humedad, adem\u00e1s de contar con alarma. El reloj se ajusta autom\u00e1ticamente para el horario de verano. Los d\u00edgitos se pueden ver desde una distancia de 3 metros. Incluye soporte para mesa.\" \/>\n<meta property=\"og:url\" content=\"https:\/\/capitalcientifica.com.mx\/tienda\/product\/reloj-digital-para-mesa-c-temperatura-no-catalogo-cc-5125\/\" \/>\n<meta property=\"og:site_name\" content=\"Capital Cient&iacute;fica\" \/>\n<meta property=\"article:modified_time\" content=\"2023-03-01T18:08:49+00:00\" \/>\n<meta property=\"og:image\" content=\"https:\/\/capitalcientifica.com.mx\/tienda\/wp-content\/uploads\/2022\/03\/cc-5125_0.png\" \/>\n\t<meta property=\"og:image:width\" content=\"400\" \/>\n\t<meta property=\"og:image:height\" content=\"374\" \/>\n\t<meta property=\"og:image:type\" content=\"image\/png\" \/>\n<meta name=\"twitter:card\" content=\"summary_large_image\" \/>\n<meta name=\"twitter:label1\" content=\"Tiempo de lectura\" \/>\n\t<meta name=\"twitter:data1\" content=\"1 minuto\" \/>\n<script type=\"application\/ld+json\" class=\"yoast-schema-graph\">{\"@context\":\"https:\\\/\\\/schema.org\",\"@graph\":[{\"@type\":\"WebPage\",\"@id\":\"https:\\\/\\\/capitalcientifica.com.mx\\\/tienda\\\/product\\\/reloj-digital-para-mesa-c-temperatura-no-catalogo-cc-5125\\\/\",\"url\":\"https:\\\/\\\/capitalcientifica.com.mx\\\/tienda\\\/product\\\/reloj-digital-para-mesa-c-temperatura-no-catalogo-cc-5125\\\/\",\"name\":\"RELOJ DIGITAL PARA MESA C\\\/TEMPERATURA - Capital Cient&iacute;fica\",\"isPartOf\":{\"@id\":\"https:\\\/\\\/capitalcientifica.com.mx\\\/tienda\\\/#website\"},\"primaryImageOfPage\":{\"@id\":\"https:\\\/\\\/capitalcientifica.com.mx\\\/tienda\\\/product\\\/reloj-digital-para-mesa-c-temperatura-no-catalogo-cc-5125\\\/#primaryimage\"},\"image\":{\"@id\":\"https:\\\/\\\/capitalcientifica.com.mx\\\/tienda\\\/product\\\/reloj-digital-para-mesa-c-temperatura-no-catalogo-cc-5125\\\/#primaryimage\"},\"thumbnailUrl\":\"https:\\\/\\\/capitalcientifica.com.mx\\\/tienda\\\/wp-content\\\/uploads\\\/2022\\\/03\\\/cc-5125_0.png\",\"datePublished\":\"2022-03-03T04:50:32+00:00\",\"dateModified\":\"2023-03-01T18:08:49+00:00\",\"breadcrumb\":{\"@id\":\"https:\\\/\\\/capitalcientifica.com.mx\\\/tienda\\\/product\\\/reloj-digital-para-mesa-c-temperatura-no-catalogo-cc-5125\\\/#breadcrumb\"},\"inLanguage\":\"es\",\"potentialAction\":[{\"@type\":\"ReadAction\",\"target\":[\"https:\\\/\\\/capitalcientifica.com.mx\\\/tienda\\\/product\\\/reloj-digital-para-mesa-c-temperatura-no-catalogo-cc-5125\\\/\"]}]},{\"@type\":\"ImageObject\",\"inLanguage\":\"es\",\"@id\":\"https:\\\/\\\/capitalcientifica.com.mx\\\/tienda\\\/product\\\/reloj-digital-para-mesa-c-temperatura-no-catalogo-cc-5125\\\/#primaryimage\",\"url\":\"https:\\\/\\\/capitalcientifica.com.mx\\\/tienda\\\/wp-content\\\/uploads\\\/2022\\\/03\\\/cc-5125_0.png\",\"contentUrl\":\"https:\\\/\\\/capitalcientifica.com.mx\\\/tienda\\\/wp-content\\\/uploads\\\/2022\\\/03\\\/cc-5125_0.png\",\"width\":400,\"height\":374},{\"@type\":\"BreadcrumbList\",\"@id\":\"https:\\\/\\\/capitalcientifica.com.mx\\\/tienda\\\/product\\\/reloj-digital-para-mesa-c-temperatura-no-catalogo-cc-5125\\\/#breadcrumb\",\"itemListElement\":[{\"@type\":\"ListItem\",\"position\":1,\"name\":\"Portada\",\"item\":\"https:\\\/\\\/capitalcientifica.com.mx\\\/tienda\\\/\"},{\"@type\":\"ListItem\",\"position\":2,\"name\":\"Shop\",\"item\":\"https:\\\/\\\/capitalcientifica.com.mx\\\/tienda\\\/shop\\\/\"},{\"@type\":\"ListItem\",\"position\":3,\"name\":\"RELOJ DIGITAL PARA MESA C\\\/TEMPERATURA\"}]},{\"@type\":\"WebSite\",\"@id\":\"https:\\\/\\\/capitalcientifica.com.mx\\\/tienda\\\/#website\",\"url\":\"https:\\\/\\\/capitalcientifica.com.mx\\\/tienda\\\/\",\"name\":\"Capital Cient&iacute;fica\",\"description\":\"Equipo para laboratorio\",\"potentialAction\":[{\"@type\":\"SearchAction\",\"target\":{\"@type\":\"EntryPoint\",\"urlTemplate\":\"https:\\\/\\\/capitalcientifica.com.mx\\\/tienda\\\/?s={search_term_string}\"},\"query-input\":{\"@type\":\"PropertyValueSpecification\",\"valueRequired\":true,\"valueName\":\"search_term_string\"}}],\"inLanguage\":\"es\"}]}<\/script>\n<!-- \/ Yoast SEO plugin. -->","yoast_head_json":{"title":"RELOJ DIGITAL PARA MESA C\/TEMPERATURA - Capital Cient&iacute;fica","robots":{"index":"index","follow":"follow","max-snippet":"max-snippet:-1","max-image-preview":"max-image-preview:large","max-video-preview":"max-video-preview:-1"},"canonical":"https:\/\/capitalcientifica.com.mx\/tienda\/product\/reloj-digital-para-mesa-c-temperatura-no-catalogo-cc-5125\/","og_locale":"es_ES","og_type":"article","og_title":"RELOJ DIGITAL PARA MESA C\/TEMPERATURA - Capital Cient&iacute;fica","og_description":"***RELOJ DIGITAL PARA MESA C\/TEMPERATURA No. Cat\u00e1logo\u00a0CC-5125  Reloj at\u00f3mico digital de radio se\u00f1al, ideal para registrar la recepci\u00f3n de muestras, anotar la hora exacta en que ocurri\u00f3 el evento, respaldar documentaci\u00f3n y proporcionar un est\u00e1ndar para otros relojes. Pantalla LCD con luz de fondo retroiluminada, muestra de forma simult\u00e1nea la hora en am\/pm o 24 horas, mes, fecha, d\u00eda de la semana, temperatura actual y humedad, adem\u00e1s de contar con alarma. El reloj se ajusta autom\u00e1ticamente para el horario de verano. Los d\u00edgitos se pueden ver desde una distancia de 3 metros. Incluye soporte para mesa.","og_url":"https:\/\/capitalcientifica.com.mx\/tienda\/product\/reloj-digital-para-mesa-c-temperatura-no-catalogo-cc-5125\/","og_site_name":"Capital Cient&iacute;fica","article_modified_time":"2023-03-01T18:08:49+00:00","og_image":[{"width":400,"height":374,"url":"https:\/\/capitalcientifica.com.mx\/tienda\/wp-content\/uploads\/2022\/03\/cc-5125_0.png","type":"image\/png"}],"twitter_card":"summary_large_image","twitter_misc":{"Tiempo de lectura":"1 minuto"},"schema":{"@context":"https:\/\/schema.org","@graph":[{"@type":"WebPage","@id":"https:\/\/capitalcientifica.com.mx\/tienda\/product\/reloj-digital-para-mesa-c-temperatura-no-catalogo-cc-5125\/","url":"https:\/\/capitalcientifica.com.mx\/tienda\/product\/reloj-digital-para-mesa-c-temperatura-no-catalogo-cc-5125\/","name":"RELOJ DIGITAL PARA MESA C\/TEMPERATURA - Capital Cient&iacute;fica","isPartOf":{"@id":"https:\/\/capitalcientifica.com.mx\/tienda\/#website"},"primaryImageOfPage":{"@id":"https:\/\/capitalcientifica.com.mx\/tienda\/product\/reloj-digital-para-mesa-c-temperatura-no-catalogo-cc-5125\/#primaryimage"},"image":{"@id":"https:\/\/capitalcientifica.com.mx\/tienda\/product\/reloj-digital-para-mesa-c-temperatura-no-catalogo-cc-5125\/#primaryimage"},"thumbnailUrl":"https:\/\/capitalcientifica.com.mx\/tienda\/wp-content\/uploads\/2022\/03\/cc-5125_0.png","datePublished":"2022-03-03T04:50:32+00:00","dateModified":"2023-03-01T18:08:49+00:00","breadcrumb":{"@id":"https:\/\/capitalcientifica.com.mx\/tienda\/product\/reloj-digital-para-mesa-c-temperatura-no-catalogo-cc-5125\/#breadcrumb"},"inLanguage":"es","potentialAction":[{"@type":"ReadAction","target":["https:\/\/capitalcientifica.com.mx\/tienda\/product\/reloj-digital-para-mesa-c-temperatura-no-catalogo-cc-5125\/"]}]},{"@type":"ImageObject","inLanguage":"es","@id":"https:\/\/capitalcientifica.com.mx\/tienda\/product\/reloj-digital-para-mesa-c-temperatura-no-catalogo-cc-5125\/#primaryimage","url":"https:\/\/capitalcientifica.com.mx\/tienda\/wp-content\/uploads\/2022\/03\/cc-5125_0.png","contentUrl":"https:\/\/capitalcientifica.com.mx\/tienda\/wp-content\/uploads\/2022\/03\/cc-5125_0.png","width":400,"height":374},{"@type":"BreadcrumbList","@id":"https:\/\/capitalcientifica.com.mx\/tienda\/product\/reloj-digital-para-mesa-c-temperatura-no-catalogo-cc-5125\/#breadcrumb","itemListElement":[{"@type":"ListItem","position":1,"name":"Portada","item":"https:\/\/capitalcientifica.com.mx\/tienda\/"},{"@type":"ListItem","position":2,"name":"Shop","item":"https:\/\/capitalcientifica.com.mx\/tienda\/shop\/"},{"@type":"ListItem","position":3,"name":"RELOJ DIGITAL PARA MESA C\/TEMPERATURA"}]},{"@type":"WebSite","@id":"https:\/\/capitalcientifica.com.mx\/tienda\/#website","url":"https:\/\/capitalcientifica.com.mx\/tienda\/","name":"Capital Cient&iacute;fica","description":"Equipo para laboratorio","potentialAction":[{"@type":"SearchAction","target":{"@type":"EntryPoint","urlTemplate":"https:\/\/capitalcientifica.com.mx\/tienda\/?s={search_term_string}"},"query-input":{"@type":"PropertyValueSpecification","valueRequired":true,"valueName":"search_term_string"}}],"inLanguage":"es"}]}},"_links":{"self":[{"href":"https:\/\/capitalcientifica.com.mx\/tienda\/wp-json\/wp\/v2\/product\/4833","targetHints":{"allow":["GET"]}}],"collection":[{"href":"https:\/\/capitalcientifica.com.mx\/tienda\/wp-json\/wp\/v2\/product"}],"about":[{"href":"https:\/\/capitalcientifica.com.mx\/tienda\/wp-json\/wp\/v2\/types\/product"}],"replies":[{"embeddable":true,"href":"https:\/\/capitalcientifica.com.mx\/tienda\/wp-json\/wp\/v2\/comments?post=4833"}],"wp:featuredmedia":[{"embeddable":true,"href":"https:\/\/capitalcientifica.com.mx\/tienda\/wp-json\/wp\/v2\/media\/4834"}],"wp:attachment":[{"href":"https:\/\/capitalcientifica.com.mx\/tienda\/wp-json\/wp\/v2\/media?parent=4833"}],"wp:term":[{"taxonomy":"product_cat","embeddable":true,"href":"https:\/\/capitalcientifica.com.mx\/tienda\/wp-json\/wp\/v2\/product_cat?post=4833"},{"taxonomy":"product_tag","embeddable":true,"href":"https:\/\/capitalcientifica.com.mx\/tienda\/wp-json\/wp\/v2\/product_tag?post=4833"}],"curies":[{"name":"wp","href":"https:\/\/api.w.org\/{rel}","templated":true}]}}