{"id":4824,"date":"2022-03-03T04:40:08","date_gmt":"2022-03-03T04:40:08","guid":{"rendered":"https:\/\/www.capitalcientifica.com.mx\/?post_type=product&#038;p=4824"},"modified":"2023-03-01T18:08:19","modified_gmt":"2023-03-01T18:08:19","slug":"reloj-digital-12-24-hrs-no-catalogo-cc-1072","status":"publish","type":"product","link":"https:\/\/capitalcientifica.com.mx\/tienda\/product\/reloj-digital-12-24-hrs-no-catalogo-cc-1072\/","title":{"rendered":"RELOJ DIGITAL 12\/24 HRS"},"content":{"rendered":"<p>RELOJ DIGITAL 12\/24 HRS<\/p>\n<div class=\"product-id-stock\"><span class=\"product-id\"><span class=\"product-id-name\">No. Cat\u00e1logo<\/span>\u00a0<span class=\"product-id-value\">CC-1072<\/span><\/span><\/div>\n<div><\/div>\n<div>Reloj digital con pantalla triple LCD de d\u00edgitos grandes que muestra simult\u00e1neamente la hora en am\/pm o 24 horas, mes, fecha, d\u00eda de la semana y temperatura actual adem\u00e1s de tener alarma. Los d\u00edgitos se pueden ver desde una distancia de 10.5 metros. Incluye montaje para la pared.<\/div>\n","protected":false},"excerpt":{"rendered":"<p>RELOJ DIGITAL 12\/24 HRS<\/p>\n<div class=\"product-id-stock\"><span class=\"product-id\"><span class=\"product-id-name\">No. Cat\u00e1logo<\/span>\u00a0<span class=\"product-id-value\">CC-1072<\/span><\/span><\/div>\n<div><\/div>\n<div>Reloj digital con pantalla triple LCD de d\u00edgitos grandes que muestra simult\u00e1neamente la hora en am\/pm o 24 horas, mes, fecha, d\u00eda de la semana y temperatura actual adem\u00e1s de tener alarma. Los d\u00edgitos se pueden ver desde una distancia de 10.5 metros. Incluye montaje para la pared.<\/div>\n","protected":false},"featured_media":4825,"comment_status":"open","ping_status":"closed","template":"","meta":{"_joinchat":[]},"product_cat":[134,130],"product_tag":[172,173,2367],"class_list":{"0":"post-4824","1":"product","2":"type-product","3":"status-publish","4":"has-post-thumbnail","6":"product_cat-relojes-de-mesa","7":"product_cat-traceable","8":"product_tag-equipo-de-laboratorio","9":"product_tag-equipo-para-laboratorio","10":"product_tag-reloj-digital-12-24-hrs","12":"first","13":"instock","14":"shipping-taxable","15":"product-type-simple","16":"col-xs-6 col-sm-4","17":"col-md-3 col-lg-3","18":"un-4-cols"},"yoast_head":"<!-- This site is optimized with the Yoast SEO plugin v27.5 - https:\/\/yoast.com\/product\/yoast-seo-wordpress\/ -->\n<title>RELOJ DIGITAL 12\/24 HRS - Capital Cient&iacute;fica<\/title>\n<meta name=\"robots\" content=\"index, follow, max-snippet:-1, max-image-preview:large, max-video-preview:-1\" \/>\n<link rel=\"canonical\" href=\"https:\/\/capitalcientifica.com.mx\/tienda\/product\/reloj-digital-12-24-hrs-no-catalogo-cc-1072\/\" \/>\n<meta property=\"og:locale\" content=\"es_ES\" \/>\n<meta property=\"og:type\" content=\"article\" \/>\n<meta property=\"og:title\" content=\"RELOJ DIGITAL 12\/24 HRS - Capital Cient&iacute;fica\" \/>\n<meta property=\"og:description\" content=\"RELOJ DIGITAL 12\/24 HRS No. Cat\u00e1logo\u00a0CC-1072  Reloj digital con pantalla triple LCD de d\u00edgitos grandes que muestra simult\u00e1neamente la hora en am\/pm o 24 horas, mes, fecha, d\u00eda de la semana y temperatura actual adem\u00e1s de tener alarma. Los d\u00edgitos se pueden ver desde una distancia de 10.5 metros. Incluye montaje para la pared.\" \/>\n<meta property=\"og:url\" content=\"https:\/\/capitalcientifica.com.mx\/tienda\/product\/reloj-digital-12-24-hrs-no-catalogo-cc-1072\/\" \/>\n<meta property=\"og:site_name\" content=\"Capital Cient&iacute;fica\" \/>\n<meta property=\"article:modified_time\" content=\"2023-03-01T18:08:19+00:00\" \/>\n<meta property=\"og:image\" content=\"https:\/\/capitalcientifica.com.mx\/tienda\/wp-content\/uploads\/2022\/03\/cc-1072_0.png\" \/>\n\t<meta property=\"og:image:width\" content=\"400\" \/>\n\t<meta property=\"og:image:height\" content=\"379\" \/>\n\t<meta property=\"og:image:type\" content=\"image\/png\" \/>\n<meta name=\"twitter:card\" content=\"summary_large_image\" \/>\n<script type=\"application\/ld+json\" class=\"yoast-schema-graph\">{\"@context\":\"https:\\\/\\\/schema.org\",\"@graph\":[{\"@type\":\"WebPage\",\"@id\":\"https:\\\/\\\/capitalcientifica.com.mx\\\/tienda\\\/product\\\/reloj-digital-12-24-hrs-no-catalogo-cc-1072\\\/\",\"url\":\"https:\\\/\\\/capitalcientifica.com.mx\\\/tienda\\\/product\\\/reloj-digital-12-24-hrs-no-catalogo-cc-1072\\\/\",\"name\":\"RELOJ DIGITAL 12\\\/24 HRS - Capital Cient&iacute;fica\",\"isPartOf\":{\"@id\":\"https:\\\/\\\/capitalcientifica.com.mx\\\/tienda\\\/#website\"},\"primaryImageOfPage\":{\"@id\":\"https:\\\/\\\/capitalcientifica.com.mx\\\/tienda\\\/product\\\/reloj-digital-12-24-hrs-no-catalogo-cc-1072\\\/#primaryimage\"},\"image\":{\"@id\":\"https:\\\/\\\/capitalcientifica.com.mx\\\/tienda\\\/product\\\/reloj-digital-12-24-hrs-no-catalogo-cc-1072\\\/#primaryimage\"},\"thumbnailUrl\":\"https:\\\/\\\/capitalcientifica.com.mx\\\/tienda\\\/wp-content\\\/uploads\\\/2022\\\/03\\\/cc-1072_0.png\",\"datePublished\":\"2022-03-03T04:40:08+00:00\",\"dateModified\":\"2023-03-01T18:08:19+00:00\",\"breadcrumb\":{\"@id\":\"https:\\\/\\\/capitalcientifica.com.mx\\\/tienda\\\/product\\\/reloj-digital-12-24-hrs-no-catalogo-cc-1072\\\/#breadcrumb\"},\"inLanguage\":\"es\",\"potentialAction\":[{\"@type\":\"ReadAction\",\"target\":[\"https:\\\/\\\/capitalcientifica.com.mx\\\/tienda\\\/product\\\/reloj-digital-12-24-hrs-no-catalogo-cc-1072\\\/\"]}]},{\"@type\":\"ImageObject\",\"inLanguage\":\"es\",\"@id\":\"https:\\\/\\\/capitalcientifica.com.mx\\\/tienda\\\/product\\\/reloj-digital-12-24-hrs-no-catalogo-cc-1072\\\/#primaryimage\",\"url\":\"https:\\\/\\\/capitalcientifica.com.mx\\\/tienda\\\/wp-content\\\/uploads\\\/2022\\\/03\\\/cc-1072_0.png\",\"contentUrl\":\"https:\\\/\\\/capitalcientifica.com.mx\\\/tienda\\\/wp-content\\\/uploads\\\/2022\\\/03\\\/cc-1072_0.png\",\"width\":400,\"height\":379},{\"@type\":\"BreadcrumbList\",\"@id\":\"https:\\\/\\\/capitalcientifica.com.mx\\\/tienda\\\/product\\\/reloj-digital-12-24-hrs-no-catalogo-cc-1072\\\/#breadcrumb\",\"itemListElement\":[{\"@type\":\"ListItem\",\"position\":1,\"name\":\"Portada\",\"item\":\"https:\\\/\\\/capitalcientifica.com.mx\\\/tienda\\\/\"},{\"@type\":\"ListItem\",\"position\":2,\"name\":\"Shop\",\"item\":\"https:\\\/\\\/capitalcientifica.com.mx\\\/tienda\\\/shop\\\/\"},{\"@type\":\"ListItem\",\"position\":3,\"name\":\"RELOJ DIGITAL 12\\\/24 HRS\"}]},{\"@type\":\"WebSite\",\"@id\":\"https:\\\/\\\/capitalcientifica.com.mx\\\/tienda\\\/#website\",\"url\":\"https:\\\/\\\/capitalcientifica.com.mx\\\/tienda\\\/\",\"name\":\"Capital Cient&iacute;fica\",\"description\":\"Equipo para laboratorio\",\"potentialAction\":[{\"@type\":\"SearchAction\",\"target\":{\"@type\":\"EntryPoint\",\"urlTemplate\":\"https:\\\/\\\/capitalcientifica.com.mx\\\/tienda\\\/?s={search_term_string}\"},\"query-input\":{\"@type\":\"PropertyValueSpecification\",\"valueRequired\":true,\"valueName\":\"search_term_string\"}}],\"inLanguage\":\"es\"}]}<\/script>\n<!-- \/ Yoast SEO plugin. -->","yoast_head_json":{"title":"RELOJ DIGITAL 12\/24 HRS - Capital Cient&iacute;fica","robots":{"index":"index","follow":"follow","max-snippet":"max-snippet:-1","max-image-preview":"max-image-preview:large","max-video-preview":"max-video-preview:-1"},"canonical":"https:\/\/capitalcientifica.com.mx\/tienda\/product\/reloj-digital-12-24-hrs-no-catalogo-cc-1072\/","og_locale":"es_ES","og_type":"article","og_title":"RELOJ DIGITAL 12\/24 HRS - Capital Cient&iacute;fica","og_description":"RELOJ DIGITAL 12\/24 HRS No. Cat\u00e1logo\u00a0CC-1072  Reloj digital con pantalla triple LCD de d\u00edgitos grandes que muestra simult\u00e1neamente la hora en am\/pm o 24 horas, mes, fecha, d\u00eda de la semana y temperatura actual adem\u00e1s de tener alarma. Los d\u00edgitos se pueden ver desde una distancia de 10.5 metros. Incluye montaje para la pared.","og_url":"https:\/\/capitalcientifica.com.mx\/tienda\/product\/reloj-digital-12-24-hrs-no-catalogo-cc-1072\/","og_site_name":"Capital Cient&iacute;fica","article_modified_time":"2023-03-01T18:08:19+00:00","og_image":[{"width":400,"height":379,"url":"https:\/\/capitalcientifica.com.mx\/tienda\/wp-content\/uploads\/2022\/03\/cc-1072_0.png","type":"image\/png"}],"twitter_card":"summary_large_image","schema":{"@context":"https:\/\/schema.org","@graph":[{"@type":"WebPage","@id":"https:\/\/capitalcientifica.com.mx\/tienda\/product\/reloj-digital-12-24-hrs-no-catalogo-cc-1072\/","url":"https:\/\/capitalcientifica.com.mx\/tienda\/product\/reloj-digital-12-24-hrs-no-catalogo-cc-1072\/","name":"RELOJ DIGITAL 12\/24 HRS - Capital Cient&iacute;fica","isPartOf":{"@id":"https:\/\/capitalcientifica.com.mx\/tienda\/#website"},"primaryImageOfPage":{"@id":"https:\/\/capitalcientifica.com.mx\/tienda\/product\/reloj-digital-12-24-hrs-no-catalogo-cc-1072\/#primaryimage"},"image":{"@id":"https:\/\/capitalcientifica.com.mx\/tienda\/product\/reloj-digital-12-24-hrs-no-catalogo-cc-1072\/#primaryimage"},"thumbnailUrl":"https:\/\/capitalcientifica.com.mx\/tienda\/wp-content\/uploads\/2022\/03\/cc-1072_0.png","datePublished":"2022-03-03T04:40:08+00:00","dateModified":"2023-03-01T18:08:19+00:00","breadcrumb":{"@id":"https:\/\/capitalcientifica.com.mx\/tienda\/product\/reloj-digital-12-24-hrs-no-catalogo-cc-1072\/#breadcrumb"},"inLanguage":"es","potentialAction":[{"@type":"ReadAction","target":["https:\/\/capitalcientifica.com.mx\/tienda\/product\/reloj-digital-12-24-hrs-no-catalogo-cc-1072\/"]}]},{"@type":"ImageObject","inLanguage":"es","@id":"https:\/\/capitalcientifica.com.mx\/tienda\/product\/reloj-digital-12-24-hrs-no-catalogo-cc-1072\/#primaryimage","url":"https:\/\/capitalcientifica.com.mx\/tienda\/wp-content\/uploads\/2022\/03\/cc-1072_0.png","contentUrl":"https:\/\/capitalcientifica.com.mx\/tienda\/wp-content\/uploads\/2022\/03\/cc-1072_0.png","width":400,"height":379},{"@type":"BreadcrumbList","@id":"https:\/\/capitalcientifica.com.mx\/tienda\/product\/reloj-digital-12-24-hrs-no-catalogo-cc-1072\/#breadcrumb","itemListElement":[{"@type":"ListItem","position":1,"name":"Portada","item":"https:\/\/capitalcientifica.com.mx\/tienda\/"},{"@type":"ListItem","position":2,"name":"Shop","item":"https:\/\/capitalcientifica.com.mx\/tienda\/shop\/"},{"@type":"ListItem","position":3,"name":"RELOJ DIGITAL 12\/24 HRS"}]},{"@type":"WebSite","@id":"https:\/\/capitalcientifica.com.mx\/tienda\/#website","url":"https:\/\/capitalcientifica.com.mx\/tienda\/","name":"Capital Cient&iacute;fica","description":"Equipo para laboratorio","potentialAction":[{"@type":"SearchAction","target":{"@type":"EntryPoint","urlTemplate":"https:\/\/capitalcientifica.com.mx\/tienda\/?s={search_term_string}"},"query-input":{"@type":"PropertyValueSpecification","valueRequired":true,"valueName":"search_term_string"}}],"inLanguage":"es"}]}},"_links":{"self":[{"href":"https:\/\/capitalcientifica.com.mx\/tienda\/wp-json\/wp\/v2\/product\/4824","targetHints":{"allow":["GET"]}}],"collection":[{"href":"https:\/\/capitalcientifica.com.mx\/tienda\/wp-json\/wp\/v2\/product"}],"about":[{"href":"https:\/\/capitalcientifica.com.mx\/tienda\/wp-json\/wp\/v2\/types\/product"}],"replies":[{"embeddable":true,"href":"https:\/\/capitalcientifica.com.mx\/tienda\/wp-json\/wp\/v2\/comments?post=4824"}],"wp:featuredmedia":[{"embeddable":true,"href":"https:\/\/capitalcientifica.com.mx\/tienda\/wp-json\/wp\/v2\/media\/4825"}],"wp:attachment":[{"href":"https:\/\/capitalcientifica.com.mx\/tienda\/wp-json\/wp\/v2\/media?parent=4824"}],"wp:term":[{"taxonomy":"product_cat","embeddable":true,"href":"https:\/\/capitalcientifica.com.mx\/tienda\/wp-json\/wp\/v2\/product_cat?post=4824"},{"taxonomy":"product_tag","embeddable":true,"href":"https:\/\/capitalcientifica.com.mx\/tienda\/wp-json\/wp\/v2\/product_tag?post=4824"}],"curies":[{"name":"wp","href":"https:\/\/api.w.org\/{rel}","templated":true}]}}