{"id":4749,"date":"2022-02-27T17:51:12","date_gmt":"2022-02-27T17:51:12","guid":{"rendered":"https:\/\/www.capitalcientifica.com.mx\/?post_type=product&#038;p=4749"},"modified":"2023-02-14T21:02:56","modified_gmt":"2023-02-14T21:02:56","slug":"cronometro-digital-certificado-ascend-descend-no-catalogo-cc-1025","status":"publish","type":"product","link":"https:\/\/capitalcientifica.com.mx\/tienda\/product\/cronometro-digital-certificado-ascend-descend-no-catalogo-cc-1025\/","title":{"rendered":"CRON\u00d3METRO DIGITAL CERTIFICADO ASCEND\/DESCEND"},"content":{"rendered":"<p>CRON\u00d3METRO DIGITAL CERTIFICADO ASCEND\/DESCEND<\/p>\n<div class=\"product-id-stock\"><span class=\"product-id\"><span class=\"product-id-name\">No. Cat\u00e1logo<\/span>\u00a0<span class=\"product-id-value\">CC-1025<\/span><\/span><\/div>\n<div><\/div>\n<div>Los cron\u00f3metros Control Company son una referencia en los procesos de medici\u00f3n de tiempo, tambi\u00e9n conocidos como relojes de mano que sobresalen por su precisi\u00f3n para medir un rango de tiempo. Son utilizados en el laboratorio, la industria, investigaciones precisas y en una variedad de procesos. Dependiendo la aplicaci\u00f3n hay una gama completa de opciones. Todos los modelos cuentan con certificado trazable a NIST.<\/div>\n","protected":false},"excerpt":{"rendered":"<p>CRON\u00d3METRO DIGITAL CERTIFICADO ASCEND\/DESCEND<\/p>\n<div class=\"product-id-stock\"><span class=\"product-id\"><span class=\"product-id-name\">No. Cat\u00e1logo<\/span>\u00a0<span class=\"product-id-value\">CC-1025<\/span><\/span><\/div>\n<div><\/div>\n<div>Los cron\u00f3metros Control Company son una referencia en los procesos de medici\u00f3n de tiempo, tambi\u00e9n conocidos como relojes de mano que sobresalen por su precisi\u00f3n para medir un rango de tiempo. Son utilizados en el laboratorio, la industria, investigaciones precisas y en una variedad de procesos. Dependiendo la aplicaci\u00f3n hay una gama completa de opciones. Todos los modelos cuentan con certificado trazable a NIST.<\/div>\n","protected":false},"featured_media":4750,"comment_status":"open","ping_status":"closed","template":"","meta":{"_joinchat":[]},"product_cat":[131,130],"product_tag":[813,172,173],"class_list":{"0":"post-4749","1":"product","2":"type-product","3":"status-publish","4":"has-post-thumbnail","6":"product_cat-cronometros","7":"product_cat-traceable","8":"product_tag-cronometro-digital-certificado-ascend-descend","9":"product_tag-equipo-de-laboratorio","10":"product_tag-equipo-para-laboratorio","12":"first","13":"instock","14":"shipping-taxable","15":"product-type-simple","16":"col-xs-6 col-sm-4","17":"col-md-3 col-lg-3","18":"un-4-cols"},"yoast_head":"<!-- This site is optimized with the Yoast SEO plugin v27.2 - https:\/\/yoast.com\/product\/yoast-seo-wordpress\/ -->\n<title>CRON\u00d3METRO DIGITAL CERTIFICADO ASCEND\/DESCEND - Capital Cient&iacute;fica<\/title>\n<meta name=\"robots\" content=\"index, follow, max-snippet:-1, max-image-preview:large, max-video-preview:-1\" \/>\n<link rel=\"canonical\" href=\"https:\/\/capitalcientifica.com.mx\/tienda\/product\/cronometro-digital-certificado-ascend-descend-no-catalogo-cc-1025\/\" \/>\n<meta property=\"og:locale\" content=\"es_ES\" \/>\n<meta property=\"og:type\" content=\"article\" \/>\n<meta property=\"og:title\" content=\"CRON\u00d3METRO DIGITAL CERTIFICADO ASCEND\/DESCEND - Capital Cient&iacute;fica\" \/>\n<meta property=\"og:description\" content=\"CRON\u00d3METRO DIGITAL CERTIFICADO ASCEND\/DESCEND No. Cat\u00e1logo\u00a0CC-1025  Los cron\u00f3metros Control Company son una referencia en los procesos de medici\u00f3n de tiempo, tambi\u00e9n conocidos como relojes de mano que sobresalen por su precisi\u00f3n para medir un rango de tiempo. Son utilizados en el laboratorio, la industria, investigaciones precisas y en una variedad de procesos. Dependiendo la aplicaci\u00f3n hay una gama completa de opciones. Todos los modelos cuentan con certificado trazable a NIST.\" \/>\n<meta property=\"og:url\" content=\"https:\/\/capitalcientifica.com.mx\/tienda\/product\/cronometro-digital-certificado-ascend-descend-no-catalogo-cc-1025\/\" \/>\n<meta property=\"og:site_name\" content=\"Capital Cient&iacute;fica\" \/>\n<meta property=\"article:modified_time\" content=\"2023-02-14T21:02:56+00:00\" \/>\n<meta property=\"og:image\" content=\"https:\/\/capitalcientifica.com.mx\/tienda\/wp-content\/uploads\/2022\/02\/cc-1025_0.png\" \/>\n\t<meta property=\"og:image:width\" content=\"84\" \/>\n\t<meta property=\"og:image:height\" content=\"84\" \/>\n\t<meta property=\"og:image:type\" content=\"image\/png\" \/>\n<meta name=\"twitter:card\" content=\"summary_large_image\" \/>\n<script type=\"application\/ld+json\" class=\"yoast-schema-graph\">{\"@context\":\"https:\/\/schema.org\",\"@graph\":[{\"@type\":\"WebPage\",\"@id\":\"https:\/\/capitalcientifica.com.mx\/tienda\/product\/cronometro-digital-certificado-ascend-descend-no-catalogo-cc-1025\/\",\"url\":\"https:\/\/capitalcientifica.com.mx\/tienda\/product\/cronometro-digital-certificado-ascend-descend-no-catalogo-cc-1025\/\",\"name\":\"CRON\u00d3METRO DIGITAL CERTIFICADO ASCEND\/DESCEND - Capital Cient&iacute;fica\",\"isPartOf\":{\"@id\":\"https:\/\/capitalcientifica.com.mx\/tienda\/#website\"},\"primaryImageOfPage\":{\"@id\":\"https:\/\/capitalcientifica.com.mx\/tienda\/product\/cronometro-digital-certificado-ascend-descend-no-catalogo-cc-1025\/#primaryimage\"},\"image\":{\"@id\":\"https:\/\/capitalcientifica.com.mx\/tienda\/product\/cronometro-digital-certificado-ascend-descend-no-catalogo-cc-1025\/#primaryimage\"},\"thumbnailUrl\":\"https:\/\/capitalcientifica.com.mx\/tienda\/wp-content\/uploads\/2022\/02\/cc-1025_0.png\",\"datePublished\":\"2022-02-27T17:51:12+00:00\",\"dateModified\":\"2023-02-14T21:02:56+00:00\",\"breadcrumb\":{\"@id\":\"https:\/\/capitalcientifica.com.mx\/tienda\/product\/cronometro-digital-certificado-ascend-descend-no-catalogo-cc-1025\/#breadcrumb\"},\"inLanguage\":\"es\",\"potentialAction\":[{\"@type\":\"ReadAction\",\"target\":[\"https:\/\/capitalcientifica.com.mx\/tienda\/product\/cronometro-digital-certificado-ascend-descend-no-catalogo-cc-1025\/\"]}]},{\"@type\":\"ImageObject\",\"inLanguage\":\"es\",\"@id\":\"https:\/\/capitalcientifica.com.mx\/tienda\/product\/cronometro-digital-certificado-ascend-descend-no-catalogo-cc-1025\/#primaryimage\",\"url\":\"https:\/\/capitalcientifica.com.mx\/tienda\/wp-content\/uploads\/2022\/02\/cc-1025_0.png\",\"contentUrl\":\"https:\/\/capitalcientifica.com.mx\/tienda\/wp-content\/uploads\/2022\/02\/cc-1025_0.png\",\"width\":84,\"height\":84},{\"@type\":\"BreadcrumbList\",\"@id\":\"https:\/\/capitalcientifica.com.mx\/tienda\/product\/cronometro-digital-certificado-ascend-descend-no-catalogo-cc-1025\/#breadcrumb\",\"itemListElement\":[{\"@type\":\"ListItem\",\"position\":1,\"name\":\"Portada\",\"item\":\"https:\/\/capitalcientifica.com.mx\/tienda\/\"},{\"@type\":\"ListItem\",\"position\":2,\"name\":\"Shop\",\"item\":\"https:\/\/capitalcientifica.com.mx\/tienda\/shop\/\"},{\"@type\":\"ListItem\",\"position\":3,\"name\":\"CRON\u00d3METRO DIGITAL CERTIFICADO ASCEND\/DESCEND\"}]},{\"@type\":\"WebSite\",\"@id\":\"https:\/\/capitalcientifica.com.mx\/tienda\/#website\",\"url\":\"https:\/\/capitalcientifica.com.mx\/tienda\/\",\"name\":\"Capital Cient&iacute;fica\",\"description\":\"Equipo para laboratorio\",\"potentialAction\":[{\"@type\":\"SearchAction\",\"target\":{\"@type\":\"EntryPoint\",\"urlTemplate\":\"https:\/\/capitalcientifica.com.mx\/tienda\/?s={search_term_string}\"},\"query-input\":{\"@type\":\"PropertyValueSpecification\",\"valueRequired\":true,\"valueName\":\"search_term_string\"}}],\"inLanguage\":\"es\"}]}<\/script>\n<!-- \/ Yoast SEO plugin. -->","yoast_head_json":{"title":"CRON\u00d3METRO DIGITAL CERTIFICADO ASCEND\/DESCEND - Capital Cient&iacute;fica","robots":{"index":"index","follow":"follow","max-snippet":"max-snippet:-1","max-image-preview":"max-image-preview:large","max-video-preview":"max-video-preview:-1"},"canonical":"https:\/\/capitalcientifica.com.mx\/tienda\/product\/cronometro-digital-certificado-ascend-descend-no-catalogo-cc-1025\/","og_locale":"es_ES","og_type":"article","og_title":"CRON\u00d3METRO DIGITAL CERTIFICADO ASCEND\/DESCEND - Capital Cient&iacute;fica","og_description":"CRON\u00d3METRO DIGITAL CERTIFICADO ASCEND\/DESCEND No. Cat\u00e1logo\u00a0CC-1025  Los cron\u00f3metros Control Company son una referencia en los procesos de medici\u00f3n de tiempo, tambi\u00e9n conocidos como relojes de mano que sobresalen por su precisi\u00f3n para medir un rango de tiempo. Son utilizados en el laboratorio, la industria, investigaciones precisas y en una variedad de procesos. Dependiendo la aplicaci\u00f3n hay una gama completa de opciones. Todos los modelos cuentan con certificado trazable a NIST.","og_url":"https:\/\/capitalcientifica.com.mx\/tienda\/product\/cronometro-digital-certificado-ascend-descend-no-catalogo-cc-1025\/","og_site_name":"Capital Cient&iacute;fica","article_modified_time":"2023-02-14T21:02:56+00:00","og_image":[{"width":84,"height":84,"url":"https:\/\/capitalcientifica.com.mx\/tienda\/wp-content\/uploads\/2022\/02\/cc-1025_0.png","type":"image\/png"}],"twitter_card":"summary_large_image","schema":{"@context":"https:\/\/schema.org","@graph":[{"@type":"WebPage","@id":"https:\/\/capitalcientifica.com.mx\/tienda\/product\/cronometro-digital-certificado-ascend-descend-no-catalogo-cc-1025\/","url":"https:\/\/capitalcientifica.com.mx\/tienda\/product\/cronometro-digital-certificado-ascend-descend-no-catalogo-cc-1025\/","name":"CRON\u00d3METRO DIGITAL CERTIFICADO ASCEND\/DESCEND - Capital Cient&iacute;fica","isPartOf":{"@id":"https:\/\/capitalcientifica.com.mx\/tienda\/#website"},"primaryImageOfPage":{"@id":"https:\/\/capitalcientifica.com.mx\/tienda\/product\/cronometro-digital-certificado-ascend-descend-no-catalogo-cc-1025\/#primaryimage"},"image":{"@id":"https:\/\/capitalcientifica.com.mx\/tienda\/product\/cronometro-digital-certificado-ascend-descend-no-catalogo-cc-1025\/#primaryimage"},"thumbnailUrl":"https:\/\/capitalcientifica.com.mx\/tienda\/wp-content\/uploads\/2022\/02\/cc-1025_0.png","datePublished":"2022-02-27T17:51:12+00:00","dateModified":"2023-02-14T21:02:56+00:00","breadcrumb":{"@id":"https:\/\/capitalcientifica.com.mx\/tienda\/product\/cronometro-digital-certificado-ascend-descend-no-catalogo-cc-1025\/#breadcrumb"},"inLanguage":"es","potentialAction":[{"@type":"ReadAction","target":["https:\/\/capitalcientifica.com.mx\/tienda\/product\/cronometro-digital-certificado-ascend-descend-no-catalogo-cc-1025\/"]}]},{"@type":"ImageObject","inLanguage":"es","@id":"https:\/\/capitalcientifica.com.mx\/tienda\/product\/cronometro-digital-certificado-ascend-descend-no-catalogo-cc-1025\/#primaryimage","url":"https:\/\/capitalcientifica.com.mx\/tienda\/wp-content\/uploads\/2022\/02\/cc-1025_0.png","contentUrl":"https:\/\/capitalcientifica.com.mx\/tienda\/wp-content\/uploads\/2022\/02\/cc-1025_0.png","width":84,"height":84},{"@type":"BreadcrumbList","@id":"https:\/\/capitalcientifica.com.mx\/tienda\/product\/cronometro-digital-certificado-ascend-descend-no-catalogo-cc-1025\/#breadcrumb","itemListElement":[{"@type":"ListItem","position":1,"name":"Portada","item":"https:\/\/capitalcientifica.com.mx\/tienda\/"},{"@type":"ListItem","position":2,"name":"Shop","item":"https:\/\/capitalcientifica.com.mx\/tienda\/shop\/"},{"@type":"ListItem","position":3,"name":"CRON\u00d3METRO DIGITAL CERTIFICADO ASCEND\/DESCEND"}]},{"@type":"WebSite","@id":"https:\/\/capitalcientifica.com.mx\/tienda\/#website","url":"https:\/\/capitalcientifica.com.mx\/tienda\/","name":"Capital Cient&iacute;fica","description":"Equipo para laboratorio","potentialAction":[{"@type":"SearchAction","target":{"@type":"EntryPoint","urlTemplate":"https:\/\/capitalcientifica.com.mx\/tienda\/?s={search_term_string}"},"query-input":{"@type":"PropertyValueSpecification","valueRequired":true,"valueName":"search_term_string"}}],"inLanguage":"es"}]}},"_links":{"self":[{"href":"https:\/\/capitalcientifica.com.mx\/tienda\/wp-json\/wp\/v2\/product\/4749","targetHints":{"allow":["GET"]}}],"collection":[{"href":"https:\/\/capitalcientifica.com.mx\/tienda\/wp-json\/wp\/v2\/product"}],"about":[{"href":"https:\/\/capitalcientifica.com.mx\/tienda\/wp-json\/wp\/v2\/types\/product"}],"replies":[{"embeddable":true,"href":"https:\/\/capitalcientifica.com.mx\/tienda\/wp-json\/wp\/v2\/comments?post=4749"}],"wp:featuredmedia":[{"embeddable":true,"href":"https:\/\/capitalcientifica.com.mx\/tienda\/wp-json\/wp\/v2\/media\/4750"}],"wp:attachment":[{"href":"https:\/\/capitalcientifica.com.mx\/tienda\/wp-json\/wp\/v2\/media?parent=4749"}],"wp:term":[{"taxonomy":"product_cat","embeddable":true,"href":"https:\/\/capitalcientifica.com.mx\/tienda\/wp-json\/wp\/v2\/product_cat?post=4749"},{"taxonomy":"product_tag","embeddable":true,"href":"https:\/\/capitalcientifica.com.mx\/tienda\/wp-json\/wp\/v2\/product_tag?post=4749"}],"curies":[{"name":"wp","href":"https:\/\/api.w.org\/{rel}","templated":true}]}}