{"id":4563,"date":"2022-02-25T01:59:17","date_gmt":"2022-02-25T01:59:17","guid":{"rendered":"https:\/\/www.capitalcientifica.com.mx\/?post_type=product&#038;p=4563"},"modified":"2023-02-28T20:01:11","modified_gmt":"2023-02-28T20:01:11","slug":"papel-filtro-cualitativo-grado-2-de-125-mm-no-catalogo-wha-1002-125","status":"publish","type":"product","link":"https:\/\/capitalcientifica.com.mx\/tienda\/product\/papel-filtro-cualitativo-grado-2-de-125-mm-no-catalogo-wha-1002-125\/","title":{"rendered":"PAPEL FILTRO CUALITATIVO GRADO 2 DE 125 MM"},"content":{"rendered":"<p>PAPEL FILTRO CUALITATIVO GRADO 2 DE 125 MM<\/p>\n<div class=\"product-id-stock\"><span class=\"product-id\"><span class=\"product-id-name\">No. Cat\u00e1logo<\/span>\u00a0<span class=\"product-id-value\">WHA-1002-125<\/span><\/span><\/div>\n<div><\/div>\n<div>El papel filtro de celulosa es utilizado en t\u00e9cnicas anal\u00edticas cualitativas para determinar e identificar materiales. Se fabrica a partir de algod\u00f3n tratado de alta calidad; alcanza un contenido en celulosa alfa del 98%. Estos filtros de celulosa se usan en aplicaciones generales de filtraci\u00f3n con una retenci\u00f3n de part\u00edculas tan baja como 2.5 \u03bcm.<\/div>\n","protected":false},"excerpt":{"rendered":"<p>PAPEL FILTRO CUALITATIVO GRADO 2 DE 125 MM<\/p>\n<div class=\"product-id-stock\"><span class=\"product-id\"><span class=\"product-id-name\">No. Cat\u00e1logo<\/span>\u00a0<span class=\"product-id-value\">WHA-1002-125<\/span><\/span><\/div>\n<div><\/div>\n<div>El papel filtro de celulosa es utilizado en t\u00e9cnicas anal\u00edticas cualitativas para determinar e identificar materiales. Se fabrica a partir de algod\u00f3n tratado de alta calidad; alcanza un contenido en celulosa alfa del 98%. Estos filtros de celulosa se usan en aplicaciones generales de filtraci\u00f3n con una retenci\u00f3n de part\u00edculas tan baja como 2.5 \u03bcm.<\/div>\n","protected":false},"featured_media":4547,"comment_status":"open","ping_status":"closed","template":"","meta":{"_joinchat":[]},"product_cat":[127,129],"product_tag":[172,173,1962],"class_list":{"0":"post-4563","1":"product","2":"type-product","3":"status-publish","4":"has-post-thumbnail","6":"product_cat-filtracion-2","7":"product_cat-papeles-filtro","8":"product_tag-equipo-de-laboratorio","9":"product_tag-equipo-para-laboratorio","10":"product_tag-papel-filtro-cualitativo-grado-2-de-125-mm","12":"first","13":"instock","14":"shipping-taxable","15":"product-type-simple","16":"col-xs-6 col-sm-4","17":"col-md-3 col-lg-3","18":"un-4-cols"},"yoast_head":"<!-- This site is optimized with the Yoast SEO plugin v27.2 - https:\/\/yoast.com\/product\/yoast-seo-wordpress\/ -->\n<title>PAPEL FILTRO CUALITATIVO GRADO 2 DE 125 MM - Capital Cient&iacute;fica<\/title>\n<meta name=\"robots\" content=\"index, follow, max-snippet:-1, max-image-preview:large, max-video-preview:-1\" \/>\n<link rel=\"canonical\" href=\"https:\/\/capitalcientifica.com.mx\/tienda\/product\/papel-filtro-cualitativo-grado-2-de-125-mm-no-catalogo-wha-1002-125\/\" \/>\n<meta property=\"og:locale\" content=\"es_ES\" \/>\n<meta property=\"og:type\" content=\"article\" \/>\n<meta property=\"og:title\" content=\"PAPEL FILTRO CUALITATIVO GRADO 2 DE 125 MM - Capital Cient&iacute;fica\" \/>\n<meta property=\"og:description\" content=\"PAPEL FILTRO CUALITATIVO GRADO 2 DE 125 MM No. Cat\u00e1logo\u00a0WHA-1002-125  El papel filtro de celulosa es utilizado en t\u00e9cnicas anal\u00edticas cualitativas para determinar e identificar materiales. Se fabrica a partir de algod\u00f3n tratado de alta calidad; alcanza un contenido en celulosa alfa del 98%. Estos filtros de celulosa se usan en aplicaciones generales de filtraci\u00f3n con una retenci\u00f3n de part\u00edculas tan baja como 2.5 \u03bcm.\" \/>\n<meta property=\"og:url\" content=\"https:\/\/capitalcientifica.com.mx\/tienda\/product\/papel-filtro-cualitativo-grado-2-de-125-mm-no-catalogo-wha-1002-125\/\" \/>\n<meta property=\"og:site_name\" content=\"Capital Cient&iacute;fica\" \/>\n<meta property=\"article:modified_time\" content=\"2023-02-28T20:01:11+00:00\" \/>\n<meta property=\"og:image\" content=\"https:\/\/capitalcientifica.com.mx\/tienda\/wp-content\/uploads\/2022\/02\/wha-1001-042_0.png\" \/>\n\t<meta property=\"og:image:width\" content=\"84\" \/>\n\t<meta property=\"og:image:height\" content=\"60\" \/>\n\t<meta property=\"og:image:type\" content=\"image\/png\" \/>\n<meta name=\"twitter:card\" content=\"summary_large_image\" \/>\n<script type=\"application\/ld+json\" class=\"yoast-schema-graph\">{\"@context\":\"https:\/\/schema.org\",\"@graph\":[{\"@type\":\"WebPage\",\"@id\":\"https:\/\/capitalcientifica.com.mx\/tienda\/product\/papel-filtro-cualitativo-grado-2-de-125-mm-no-catalogo-wha-1002-125\/\",\"url\":\"https:\/\/capitalcientifica.com.mx\/tienda\/product\/papel-filtro-cualitativo-grado-2-de-125-mm-no-catalogo-wha-1002-125\/\",\"name\":\"PAPEL FILTRO CUALITATIVO GRADO 2 DE 125 MM - Capital Cient&iacute;fica\",\"isPartOf\":{\"@id\":\"https:\/\/capitalcientifica.com.mx\/tienda\/#website\"},\"primaryImageOfPage\":{\"@id\":\"https:\/\/capitalcientifica.com.mx\/tienda\/product\/papel-filtro-cualitativo-grado-2-de-125-mm-no-catalogo-wha-1002-125\/#primaryimage\"},\"image\":{\"@id\":\"https:\/\/capitalcientifica.com.mx\/tienda\/product\/papel-filtro-cualitativo-grado-2-de-125-mm-no-catalogo-wha-1002-125\/#primaryimage\"},\"thumbnailUrl\":\"https:\/\/capitalcientifica.com.mx\/tienda\/wp-content\/uploads\/2022\/02\/wha-1001-042_0.png\",\"datePublished\":\"2022-02-25T01:59:17+00:00\",\"dateModified\":\"2023-02-28T20:01:11+00:00\",\"breadcrumb\":{\"@id\":\"https:\/\/capitalcientifica.com.mx\/tienda\/product\/papel-filtro-cualitativo-grado-2-de-125-mm-no-catalogo-wha-1002-125\/#breadcrumb\"},\"inLanguage\":\"es\",\"potentialAction\":[{\"@type\":\"ReadAction\",\"target\":[\"https:\/\/capitalcientifica.com.mx\/tienda\/product\/papel-filtro-cualitativo-grado-2-de-125-mm-no-catalogo-wha-1002-125\/\"]}]},{\"@type\":\"ImageObject\",\"inLanguage\":\"es\",\"@id\":\"https:\/\/capitalcientifica.com.mx\/tienda\/product\/papel-filtro-cualitativo-grado-2-de-125-mm-no-catalogo-wha-1002-125\/#primaryimage\",\"url\":\"https:\/\/capitalcientifica.com.mx\/tienda\/wp-content\/uploads\/2022\/02\/wha-1001-042_0.png\",\"contentUrl\":\"https:\/\/capitalcientifica.com.mx\/tienda\/wp-content\/uploads\/2022\/02\/wha-1001-042_0.png\",\"width\":84,\"height\":60},{\"@type\":\"BreadcrumbList\",\"@id\":\"https:\/\/capitalcientifica.com.mx\/tienda\/product\/papel-filtro-cualitativo-grado-2-de-125-mm-no-catalogo-wha-1002-125\/#breadcrumb\",\"itemListElement\":[{\"@type\":\"ListItem\",\"position\":1,\"name\":\"Portada\",\"item\":\"https:\/\/capitalcientifica.com.mx\/tienda\/\"},{\"@type\":\"ListItem\",\"position\":2,\"name\":\"Shop\",\"item\":\"https:\/\/capitalcientifica.com.mx\/tienda\/shop\/\"},{\"@type\":\"ListItem\",\"position\":3,\"name\":\"PAPEL FILTRO CUALITATIVO GRADO 2 DE 125 MM\"}]},{\"@type\":\"WebSite\",\"@id\":\"https:\/\/capitalcientifica.com.mx\/tienda\/#website\",\"url\":\"https:\/\/capitalcientifica.com.mx\/tienda\/\",\"name\":\"Capital Cient&iacute;fica\",\"description\":\"Equipo para laboratorio\",\"potentialAction\":[{\"@type\":\"SearchAction\",\"target\":{\"@type\":\"EntryPoint\",\"urlTemplate\":\"https:\/\/capitalcientifica.com.mx\/tienda\/?s={search_term_string}\"},\"query-input\":{\"@type\":\"PropertyValueSpecification\",\"valueRequired\":true,\"valueName\":\"search_term_string\"}}],\"inLanguage\":\"es\"}]}<\/script>\n<!-- \/ Yoast SEO plugin. -->","yoast_head_json":{"title":"PAPEL FILTRO CUALITATIVO GRADO 2 DE 125 MM - Capital Cient&iacute;fica","robots":{"index":"index","follow":"follow","max-snippet":"max-snippet:-1","max-image-preview":"max-image-preview:large","max-video-preview":"max-video-preview:-1"},"canonical":"https:\/\/capitalcientifica.com.mx\/tienda\/product\/papel-filtro-cualitativo-grado-2-de-125-mm-no-catalogo-wha-1002-125\/","og_locale":"es_ES","og_type":"article","og_title":"PAPEL FILTRO CUALITATIVO GRADO 2 DE 125 MM - Capital Cient&iacute;fica","og_description":"PAPEL FILTRO CUALITATIVO GRADO 2 DE 125 MM No. Cat\u00e1logo\u00a0WHA-1002-125  El papel filtro de celulosa es utilizado en t\u00e9cnicas anal\u00edticas cualitativas para determinar e identificar materiales. Se fabrica a partir de algod\u00f3n tratado de alta calidad; alcanza un contenido en celulosa alfa del 98%. Estos filtros de celulosa se usan en aplicaciones generales de filtraci\u00f3n con una retenci\u00f3n de part\u00edculas tan baja como 2.5 \u03bcm.","og_url":"https:\/\/capitalcientifica.com.mx\/tienda\/product\/papel-filtro-cualitativo-grado-2-de-125-mm-no-catalogo-wha-1002-125\/","og_site_name":"Capital Cient&iacute;fica","article_modified_time":"2023-02-28T20:01:11+00:00","og_image":[{"width":84,"height":60,"url":"https:\/\/capitalcientifica.com.mx\/tienda\/wp-content\/uploads\/2022\/02\/wha-1001-042_0.png","type":"image\/png"}],"twitter_card":"summary_large_image","schema":{"@context":"https:\/\/schema.org","@graph":[{"@type":"WebPage","@id":"https:\/\/capitalcientifica.com.mx\/tienda\/product\/papel-filtro-cualitativo-grado-2-de-125-mm-no-catalogo-wha-1002-125\/","url":"https:\/\/capitalcientifica.com.mx\/tienda\/product\/papel-filtro-cualitativo-grado-2-de-125-mm-no-catalogo-wha-1002-125\/","name":"PAPEL FILTRO CUALITATIVO GRADO 2 DE 125 MM - Capital Cient&iacute;fica","isPartOf":{"@id":"https:\/\/capitalcientifica.com.mx\/tienda\/#website"},"primaryImageOfPage":{"@id":"https:\/\/capitalcientifica.com.mx\/tienda\/product\/papel-filtro-cualitativo-grado-2-de-125-mm-no-catalogo-wha-1002-125\/#primaryimage"},"image":{"@id":"https:\/\/capitalcientifica.com.mx\/tienda\/product\/papel-filtro-cualitativo-grado-2-de-125-mm-no-catalogo-wha-1002-125\/#primaryimage"},"thumbnailUrl":"https:\/\/capitalcientifica.com.mx\/tienda\/wp-content\/uploads\/2022\/02\/wha-1001-042_0.png","datePublished":"2022-02-25T01:59:17+00:00","dateModified":"2023-02-28T20:01:11+00:00","breadcrumb":{"@id":"https:\/\/capitalcientifica.com.mx\/tienda\/product\/papel-filtro-cualitativo-grado-2-de-125-mm-no-catalogo-wha-1002-125\/#breadcrumb"},"inLanguage":"es","potentialAction":[{"@type":"ReadAction","target":["https:\/\/capitalcientifica.com.mx\/tienda\/product\/papel-filtro-cualitativo-grado-2-de-125-mm-no-catalogo-wha-1002-125\/"]}]},{"@type":"ImageObject","inLanguage":"es","@id":"https:\/\/capitalcientifica.com.mx\/tienda\/product\/papel-filtro-cualitativo-grado-2-de-125-mm-no-catalogo-wha-1002-125\/#primaryimage","url":"https:\/\/capitalcientifica.com.mx\/tienda\/wp-content\/uploads\/2022\/02\/wha-1001-042_0.png","contentUrl":"https:\/\/capitalcientifica.com.mx\/tienda\/wp-content\/uploads\/2022\/02\/wha-1001-042_0.png","width":84,"height":60},{"@type":"BreadcrumbList","@id":"https:\/\/capitalcientifica.com.mx\/tienda\/product\/papel-filtro-cualitativo-grado-2-de-125-mm-no-catalogo-wha-1002-125\/#breadcrumb","itemListElement":[{"@type":"ListItem","position":1,"name":"Portada","item":"https:\/\/capitalcientifica.com.mx\/tienda\/"},{"@type":"ListItem","position":2,"name":"Shop","item":"https:\/\/capitalcientifica.com.mx\/tienda\/shop\/"},{"@type":"ListItem","position":3,"name":"PAPEL FILTRO CUALITATIVO GRADO 2 DE 125 MM"}]},{"@type":"WebSite","@id":"https:\/\/capitalcientifica.com.mx\/tienda\/#website","url":"https:\/\/capitalcientifica.com.mx\/tienda\/","name":"Capital Cient&iacute;fica","description":"Equipo para laboratorio","potentialAction":[{"@type":"SearchAction","target":{"@type":"EntryPoint","urlTemplate":"https:\/\/capitalcientifica.com.mx\/tienda\/?s={search_term_string}"},"query-input":{"@type":"PropertyValueSpecification","valueRequired":true,"valueName":"search_term_string"}}],"inLanguage":"es"}]}},"_links":{"self":[{"href":"https:\/\/capitalcientifica.com.mx\/tienda\/wp-json\/wp\/v2\/product\/4563","targetHints":{"allow":["GET"]}}],"collection":[{"href":"https:\/\/capitalcientifica.com.mx\/tienda\/wp-json\/wp\/v2\/product"}],"about":[{"href":"https:\/\/capitalcientifica.com.mx\/tienda\/wp-json\/wp\/v2\/types\/product"}],"replies":[{"embeddable":true,"href":"https:\/\/capitalcientifica.com.mx\/tienda\/wp-json\/wp\/v2\/comments?post=4563"}],"wp:featuredmedia":[{"embeddable":true,"href":"https:\/\/capitalcientifica.com.mx\/tienda\/wp-json\/wp\/v2\/media\/4547"}],"wp:attachment":[{"href":"https:\/\/capitalcientifica.com.mx\/tienda\/wp-json\/wp\/v2\/media?parent=4563"}],"wp:term":[{"taxonomy":"product_cat","embeddable":true,"href":"https:\/\/capitalcientifica.com.mx\/tienda\/wp-json\/wp\/v2\/product_cat?post=4563"},{"taxonomy":"product_tag","embeddable":true,"href":"https:\/\/capitalcientifica.com.mx\/tienda\/wp-json\/wp\/v2\/product_tag?post=4563"}],"curies":[{"name":"wp","href":"https:\/\/api.w.org\/{rel}","templated":true}]}}