{"id":4359,"date":"2022-02-21T18:54:45","date_gmt":"2022-02-21T18:54:45","guid":{"rendered":"https:\/\/www.capitalcientifica.com.mx\/?post_type=product&#038;p=4359"},"modified":"2023-02-14T17:50:36","modified_gmt":"2023-02-14T17:50:36","slug":"bolsa-para-autoclave-610x810-mm-no-catalogo-hs-1002c","status":"publish","type":"product","link":"https:\/\/capitalcientifica.com.mx\/tienda\/product\/bolsa-para-autoclave-610x810-mm-no-catalogo-hs-1002c\/","title":{"rendered":"BOLSA PARA AUTOCLAVE 610&#215;810 MM"},"content":{"rendered":"<p>BOLSA PARA AUTOCLAVE 610&#215;810 MM<\/p>\n<div class=\"product-id-stock\"><span class=\"product-id\"><span class=\"product-id-name\">No. Cat\u00e1logo<\/span>\u00a0<span class=\"product-id-value\">HS-1002C<\/span><\/span><\/div>\n<div><\/div>\n<div>Bolsa para autoclave transparente en polipropileno con espesor de 2 mm. Tiene informaci\u00f3n impresa de peligro biol\u00f3gico en azul, costuras laterales reforzadas para sujetar con seguridad los art\u00edculos y panel frontal de escritura. Autoclavable a 121 \u00b0C y desechable.<\/div>\n","protected":false},"excerpt":{"rendered":"<p>BOLSA PARA AUTOCLAVE 610&#215;810 MM<\/p>\n<div class=\"product-id-stock\"><span class=\"product-id\"><span class=\"product-id-name\">No. Cat\u00e1logo<\/span>\u00a0<span class=\"product-id-value\">HS-1002C<\/span><\/span><\/div>\n<div><\/div>\n<div>Bolsa para autoclave transparente en polipropileno con espesor de 2 mm. Tiene informaci\u00f3n impresa de peligro biol\u00f3gico en azul, costuras laterales reforzadas para sujetar con seguridad los art\u00edculos y panel frontal de escritura. Autoclavable a 121 \u00b0C y desechable.<\/div>\n","protected":false},"featured_media":4357,"comment_status":"open","ping_status":"closed","template":"","meta":{"_joinchat":[]},"product_cat":[41,126],"product_tag":[580,172,173],"class_list":{"0":"post-4359","1":"product","2":"type-product","3":"status-publish","4":"has-post-thumbnail","6":"product_cat-heathrow-scientific","7":"product_cat-otros-heathrow-scientific","8":"product_tag-bolsa-para-autoclave-610x810-mm","9":"product_tag-equipo-de-laboratorio","10":"product_tag-equipo-para-laboratorio","12":"first","13":"instock","14":"shipping-taxable","15":"product-type-simple","16":"col-xs-6 col-sm-4","17":"col-md-3 col-lg-3","18":"un-4-cols"},"yoast_head":"<!-- This site is optimized with the Yoast SEO plugin v27.2 - https:\/\/yoast.com\/product\/yoast-seo-wordpress\/ -->\n<title>BOLSA PARA AUTOCLAVE 610x810 MM - Capital Cient&iacute;fica<\/title>\n<meta name=\"robots\" content=\"index, follow, max-snippet:-1, max-image-preview:large, max-video-preview:-1\" \/>\n<link rel=\"canonical\" href=\"https:\/\/capitalcientifica.com.mx\/tienda\/product\/bolsa-para-autoclave-610x810-mm-no-catalogo-hs-1002c\/\" \/>\n<meta property=\"og:locale\" content=\"es_ES\" \/>\n<meta property=\"og:type\" content=\"article\" \/>\n<meta property=\"og:title\" content=\"BOLSA PARA AUTOCLAVE 610x810 MM - Capital Cient&iacute;fica\" \/>\n<meta property=\"og:description\" content=\"BOLSA PARA AUTOCLAVE 610x810 MM No. Cat\u00e1logo\u00a0HS-1002C  Bolsa para autoclave transparente en polipropileno con espesor de 2 mm. Tiene informaci\u00f3n impresa de peligro biol\u00f3gico en azul, costuras laterales reforzadas para sujetar con seguridad los art\u00edculos y panel frontal de escritura. Autoclavable a 121 \u00b0C y desechable.\" \/>\n<meta property=\"og:url\" content=\"https:\/\/capitalcientifica.com.mx\/tienda\/product\/bolsa-para-autoclave-610x810-mm-no-catalogo-hs-1002c\/\" \/>\n<meta property=\"og:site_name\" content=\"Capital Cient&iacute;fica\" \/>\n<meta property=\"article:modified_time\" content=\"2023-02-14T17:50:36+00:00\" \/>\n<meta property=\"og:image\" content=\"https:\/\/capitalcientifica.com.mx\/tienda\/wp-content\/uploads\/2022\/02\/hs-1002a_0.png\" \/>\n\t<meta property=\"og:image:width\" content=\"79\" \/>\n\t<meta property=\"og:image:height\" content=\"84\" \/>\n\t<meta property=\"og:image:type\" content=\"image\/png\" \/>\n<meta name=\"twitter:card\" content=\"summary_large_image\" \/>\n<script type=\"application\/ld+json\" class=\"yoast-schema-graph\">{\"@context\":\"https:\/\/schema.org\",\"@graph\":[{\"@type\":\"WebPage\",\"@id\":\"https:\/\/capitalcientifica.com.mx\/tienda\/product\/bolsa-para-autoclave-610x810-mm-no-catalogo-hs-1002c\/\",\"url\":\"https:\/\/capitalcientifica.com.mx\/tienda\/product\/bolsa-para-autoclave-610x810-mm-no-catalogo-hs-1002c\/\",\"name\":\"BOLSA PARA AUTOCLAVE 610x810 MM - Capital Cient&iacute;fica\",\"isPartOf\":{\"@id\":\"https:\/\/capitalcientifica.com.mx\/tienda\/#website\"},\"primaryImageOfPage\":{\"@id\":\"https:\/\/capitalcientifica.com.mx\/tienda\/product\/bolsa-para-autoclave-610x810-mm-no-catalogo-hs-1002c\/#primaryimage\"},\"image\":{\"@id\":\"https:\/\/capitalcientifica.com.mx\/tienda\/product\/bolsa-para-autoclave-610x810-mm-no-catalogo-hs-1002c\/#primaryimage\"},\"thumbnailUrl\":\"https:\/\/capitalcientifica.com.mx\/tienda\/wp-content\/uploads\/2022\/02\/hs-1002a_0.png\",\"datePublished\":\"2022-02-21T18:54:45+00:00\",\"dateModified\":\"2023-02-14T17:50:36+00:00\",\"breadcrumb\":{\"@id\":\"https:\/\/capitalcientifica.com.mx\/tienda\/product\/bolsa-para-autoclave-610x810-mm-no-catalogo-hs-1002c\/#breadcrumb\"},\"inLanguage\":\"es\",\"potentialAction\":[{\"@type\":\"ReadAction\",\"target\":[\"https:\/\/capitalcientifica.com.mx\/tienda\/product\/bolsa-para-autoclave-610x810-mm-no-catalogo-hs-1002c\/\"]}]},{\"@type\":\"ImageObject\",\"inLanguage\":\"es\",\"@id\":\"https:\/\/capitalcientifica.com.mx\/tienda\/product\/bolsa-para-autoclave-610x810-mm-no-catalogo-hs-1002c\/#primaryimage\",\"url\":\"https:\/\/capitalcientifica.com.mx\/tienda\/wp-content\/uploads\/2022\/02\/hs-1002a_0.png\",\"contentUrl\":\"https:\/\/capitalcientifica.com.mx\/tienda\/wp-content\/uploads\/2022\/02\/hs-1002a_0.png\",\"width\":79,\"height\":84},{\"@type\":\"BreadcrumbList\",\"@id\":\"https:\/\/capitalcientifica.com.mx\/tienda\/product\/bolsa-para-autoclave-610x810-mm-no-catalogo-hs-1002c\/#breadcrumb\",\"itemListElement\":[{\"@type\":\"ListItem\",\"position\":1,\"name\":\"Portada\",\"item\":\"https:\/\/capitalcientifica.com.mx\/tienda\/\"},{\"@type\":\"ListItem\",\"position\":2,\"name\":\"Shop\",\"item\":\"https:\/\/capitalcientifica.com.mx\/tienda\/shop\/\"},{\"@type\":\"ListItem\",\"position\":3,\"name\":\"BOLSA PARA AUTOCLAVE 610&#215;810 MM\"}]},{\"@type\":\"WebSite\",\"@id\":\"https:\/\/capitalcientifica.com.mx\/tienda\/#website\",\"url\":\"https:\/\/capitalcientifica.com.mx\/tienda\/\",\"name\":\"Capital Cient&iacute;fica\",\"description\":\"Equipo para laboratorio\",\"potentialAction\":[{\"@type\":\"SearchAction\",\"target\":{\"@type\":\"EntryPoint\",\"urlTemplate\":\"https:\/\/capitalcientifica.com.mx\/tienda\/?s={search_term_string}\"},\"query-input\":{\"@type\":\"PropertyValueSpecification\",\"valueRequired\":true,\"valueName\":\"search_term_string\"}}],\"inLanguage\":\"es\"}]}<\/script>\n<!-- \/ Yoast SEO plugin. -->","yoast_head_json":{"title":"BOLSA PARA AUTOCLAVE 610x810 MM - Capital Cient&iacute;fica","robots":{"index":"index","follow":"follow","max-snippet":"max-snippet:-1","max-image-preview":"max-image-preview:large","max-video-preview":"max-video-preview:-1"},"canonical":"https:\/\/capitalcientifica.com.mx\/tienda\/product\/bolsa-para-autoclave-610x810-mm-no-catalogo-hs-1002c\/","og_locale":"es_ES","og_type":"article","og_title":"BOLSA PARA AUTOCLAVE 610x810 MM - Capital Cient&iacute;fica","og_description":"BOLSA PARA AUTOCLAVE 610x810 MM No. Cat\u00e1logo\u00a0HS-1002C  Bolsa para autoclave transparente en polipropileno con espesor de 2 mm. Tiene informaci\u00f3n impresa de peligro biol\u00f3gico en azul, costuras laterales reforzadas para sujetar con seguridad los art\u00edculos y panel frontal de escritura. Autoclavable a 121 \u00b0C y desechable.","og_url":"https:\/\/capitalcientifica.com.mx\/tienda\/product\/bolsa-para-autoclave-610x810-mm-no-catalogo-hs-1002c\/","og_site_name":"Capital Cient&iacute;fica","article_modified_time":"2023-02-14T17:50:36+00:00","og_image":[{"width":79,"height":84,"url":"https:\/\/capitalcientifica.com.mx\/tienda\/wp-content\/uploads\/2022\/02\/hs-1002a_0.png","type":"image\/png"}],"twitter_card":"summary_large_image","schema":{"@context":"https:\/\/schema.org","@graph":[{"@type":"WebPage","@id":"https:\/\/capitalcientifica.com.mx\/tienda\/product\/bolsa-para-autoclave-610x810-mm-no-catalogo-hs-1002c\/","url":"https:\/\/capitalcientifica.com.mx\/tienda\/product\/bolsa-para-autoclave-610x810-mm-no-catalogo-hs-1002c\/","name":"BOLSA PARA AUTOCLAVE 610x810 MM - Capital Cient&iacute;fica","isPartOf":{"@id":"https:\/\/capitalcientifica.com.mx\/tienda\/#website"},"primaryImageOfPage":{"@id":"https:\/\/capitalcientifica.com.mx\/tienda\/product\/bolsa-para-autoclave-610x810-mm-no-catalogo-hs-1002c\/#primaryimage"},"image":{"@id":"https:\/\/capitalcientifica.com.mx\/tienda\/product\/bolsa-para-autoclave-610x810-mm-no-catalogo-hs-1002c\/#primaryimage"},"thumbnailUrl":"https:\/\/capitalcientifica.com.mx\/tienda\/wp-content\/uploads\/2022\/02\/hs-1002a_0.png","datePublished":"2022-02-21T18:54:45+00:00","dateModified":"2023-02-14T17:50:36+00:00","breadcrumb":{"@id":"https:\/\/capitalcientifica.com.mx\/tienda\/product\/bolsa-para-autoclave-610x810-mm-no-catalogo-hs-1002c\/#breadcrumb"},"inLanguage":"es","potentialAction":[{"@type":"ReadAction","target":["https:\/\/capitalcientifica.com.mx\/tienda\/product\/bolsa-para-autoclave-610x810-mm-no-catalogo-hs-1002c\/"]}]},{"@type":"ImageObject","inLanguage":"es","@id":"https:\/\/capitalcientifica.com.mx\/tienda\/product\/bolsa-para-autoclave-610x810-mm-no-catalogo-hs-1002c\/#primaryimage","url":"https:\/\/capitalcientifica.com.mx\/tienda\/wp-content\/uploads\/2022\/02\/hs-1002a_0.png","contentUrl":"https:\/\/capitalcientifica.com.mx\/tienda\/wp-content\/uploads\/2022\/02\/hs-1002a_0.png","width":79,"height":84},{"@type":"BreadcrumbList","@id":"https:\/\/capitalcientifica.com.mx\/tienda\/product\/bolsa-para-autoclave-610x810-mm-no-catalogo-hs-1002c\/#breadcrumb","itemListElement":[{"@type":"ListItem","position":1,"name":"Portada","item":"https:\/\/capitalcientifica.com.mx\/tienda\/"},{"@type":"ListItem","position":2,"name":"Shop","item":"https:\/\/capitalcientifica.com.mx\/tienda\/shop\/"},{"@type":"ListItem","position":3,"name":"BOLSA PARA AUTOCLAVE 610&#215;810 MM"}]},{"@type":"WebSite","@id":"https:\/\/capitalcientifica.com.mx\/tienda\/#website","url":"https:\/\/capitalcientifica.com.mx\/tienda\/","name":"Capital Cient&iacute;fica","description":"Equipo para laboratorio","potentialAction":[{"@type":"SearchAction","target":{"@type":"EntryPoint","urlTemplate":"https:\/\/capitalcientifica.com.mx\/tienda\/?s={search_term_string}"},"query-input":{"@type":"PropertyValueSpecification","valueRequired":true,"valueName":"search_term_string"}}],"inLanguage":"es"}]}},"_links":{"self":[{"href":"https:\/\/capitalcientifica.com.mx\/tienda\/wp-json\/wp\/v2\/product\/4359","targetHints":{"allow":["GET"]}}],"collection":[{"href":"https:\/\/capitalcientifica.com.mx\/tienda\/wp-json\/wp\/v2\/product"}],"about":[{"href":"https:\/\/capitalcientifica.com.mx\/tienda\/wp-json\/wp\/v2\/types\/product"}],"replies":[{"embeddable":true,"href":"https:\/\/capitalcientifica.com.mx\/tienda\/wp-json\/wp\/v2\/comments?post=4359"}],"wp:featuredmedia":[{"embeddable":true,"href":"https:\/\/capitalcientifica.com.mx\/tienda\/wp-json\/wp\/v2\/media\/4357"}],"wp:attachment":[{"href":"https:\/\/capitalcientifica.com.mx\/tienda\/wp-json\/wp\/v2\/media?parent=4359"}],"wp:term":[{"taxonomy":"product_cat","embeddable":true,"href":"https:\/\/capitalcientifica.com.mx\/tienda\/wp-json\/wp\/v2\/product_cat?post=4359"},{"taxonomy":"product_tag","embeddable":true,"href":"https:\/\/capitalcientifica.com.mx\/tienda\/wp-json\/wp\/v2\/product_tag?post=4359"}],"curies":[{"name":"wp","href":"https:\/\/api.w.org\/{rel}","templated":true}]}}