{"id":4344,"date":"2022-02-21T05:40:18","date_gmt":"2022-02-21T05:40:18","guid":{"rendered":"https:\/\/www.capitalcientifica.com.mx\/?post_type=product&#038;p=4344"},"modified":"2023-02-28T19:37:10","modified_gmt":"2023-02-28T19:37:10","slug":"organizador-dispensador-de-consumib-p-mesa-no-catalogo-hs-23412-2","status":"publish","type":"product","link":"https:\/\/capitalcientifica.com.mx\/tienda\/product\/organizador-dispensador-de-consumib-p-mesa-no-catalogo-hs-23412-2\/","title":{"rendered":"ORGANIZADOR DISPENSADOR DE CONSUMIB. P\/MESA"},"content":{"rendered":"<p>ORGANIZADOR DISPENSADOR DE CONSUMIB. P\/MESA<\/p>\n<div class=\"product-id-stock\"><span class=\"product-id\"><span class=\"product-id-name\">No. Cat\u00e1logo<\/span>\u00a0<span class=\"product-id-value\">HS-23412<\/span><\/span><\/div>\n<div><\/div>\n<div>Organizador para almacenaje de consumibles diversos, dise\u00f1o ergon\u00f3mico, de pl\u00e1stico trasl\u00facido con colores llamativos. La tapa de gran abertura en \u00e1ngulo, permanece abierta cuando se inclina hacia atr\u00e1s. Puede manipularse con las manos enguantadas. Tiene patas de goma antideslizante y orificios preperforados para montaje en pared. El organizador de color verde incluye un separador extra\u00edble.<\/div>\n","protected":false},"excerpt":{"rendered":"<p>ORGANIZADOR DISPENSADOR DE CONSUMIB. P\/MESA<\/p>\n<div class=\"product-id-stock\"><span class=\"product-id\"><span class=\"product-id-name\">No. Cat\u00e1logo<\/span>\u00a0<span class=\"product-id-value\">HS-23412<\/span><\/span><\/div>\n<div><\/div>\n<div>Organizador para almacenaje de consumibles diversos, dise\u00f1o ergon\u00f3mico, de pl\u00e1stico trasl\u00facido con colores llamativos. La tapa de gran abertura en \u00e1ngulo, permanece abierta cuando se inclina hacia atr\u00e1s. Puede manipularse con las manos enguantadas. Tiene patas de goma antideslizante y orificios preperforados para montaje en pared. El organizador de color verde incluye un separador extra\u00edble.<\/div>\n","protected":false},"featured_media":4318,"comment_status":"open","ping_status":"closed","template":"","meta":{"_joinchat":[]},"product_cat":[41,125],"product_tag":[172,173,1890],"class_list":{"0":"post-4344","1":"product","2":"type-product","3":"status-publish","4":"has-post-thumbnail","6":"product_cat-heathrow-scientific","7":"product_cat-organizadores","8":"product_tag-equipo-de-laboratorio","9":"product_tag-equipo-para-laboratorio","10":"product_tag-organizador-dispensador-de-consumib-p-mesa","12":"first","13":"instock","14":"shipping-taxable","15":"product-type-simple","16":"col-xs-6 col-sm-4","17":"col-md-3 col-lg-3","18":"un-4-cols"},"yoast_head":"<!-- This site is optimized with the Yoast SEO plugin v27.2 - https:\/\/yoast.com\/product\/yoast-seo-wordpress\/ -->\n<title>ORGANIZADOR DISPENSADOR DE CONSUMIB. P\/MESA - Capital Cient&iacute;fica<\/title>\n<meta name=\"robots\" content=\"index, follow, max-snippet:-1, max-image-preview:large, max-video-preview:-1\" \/>\n<link rel=\"canonical\" href=\"https:\/\/capitalcientifica.com.mx\/tienda\/product\/organizador-dispensador-de-consumib-p-mesa-no-catalogo-hs-23412-2\/\" \/>\n<meta property=\"og:locale\" content=\"es_ES\" \/>\n<meta property=\"og:type\" content=\"article\" \/>\n<meta property=\"og:title\" content=\"ORGANIZADOR DISPENSADOR DE CONSUMIB. P\/MESA - Capital Cient&iacute;fica\" \/>\n<meta property=\"og:description\" content=\"ORGANIZADOR DISPENSADOR DE CONSUMIB. P\/MESA No. Cat\u00e1logo\u00a0HS-23412  Organizador para almacenaje de consumibles diversos, dise\u00f1o ergon\u00f3mico, de pl\u00e1stico trasl\u00facido con colores llamativos. La tapa de gran abertura en \u00e1ngulo, permanece abierta cuando se inclina hacia atr\u00e1s. Puede manipularse con las manos enguantadas. Tiene patas de goma antideslizante y orificios preperforados para montaje en pared. El organizador de color verde incluye un separador extra\u00edble.\" \/>\n<meta property=\"og:url\" content=\"https:\/\/capitalcientifica.com.mx\/tienda\/product\/organizador-dispensador-de-consumib-p-mesa-no-catalogo-hs-23412-2\/\" \/>\n<meta property=\"og:site_name\" content=\"Capital Cient&iacute;fica\" \/>\n<meta property=\"article:modified_time\" content=\"2023-02-28T19:37:10+00:00\" \/>\n<meta property=\"og:image\" content=\"https:\/\/capitalcientifica.com.mx\/tienda\/wp-content\/uploads\/2022\/02\/hs-23411_0.png\" \/>\n\t<meta property=\"og:image:width\" content=\"84\" \/>\n\t<meta property=\"og:image:height\" content=\"43\" \/>\n\t<meta property=\"og:image:type\" content=\"image\/png\" \/>\n<meta name=\"twitter:card\" content=\"summary_large_image\" \/>\n<script type=\"application\/ld+json\" class=\"yoast-schema-graph\">{\"@context\":\"https:\/\/schema.org\",\"@graph\":[{\"@type\":\"WebPage\",\"@id\":\"https:\/\/capitalcientifica.com.mx\/tienda\/product\/organizador-dispensador-de-consumib-p-mesa-no-catalogo-hs-23412-2\/\",\"url\":\"https:\/\/capitalcientifica.com.mx\/tienda\/product\/organizador-dispensador-de-consumib-p-mesa-no-catalogo-hs-23412-2\/\",\"name\":\"ORGANIZADOR DISPENSADOR DE CONSUMIB. P\/MESA - Capital Cient&iacute;fica\",\"isPartOf\":{\"@id\":\"https:\/\/capitalcientifica.com.mx\/tienda\/#website\"},\"primaryImageOfPage\":{\"@id\":\"https:\/\/capitalcientifica.com.mx\/tienda\/product\/organizador-dispensador-de-consumib-p-mesa-no-catalogo-hs-23412-2\/#primaryimage\"},\"image\":{\"@id\":\"https:\/\/capitalcientifica.com.mx\/tienda\/product\/organizador-dispensador-de-consumib-p-mesa-no-catalogo-hs-23412-2\/#primaryimage\"},\"thumbnailUrl\":\"https:\/\/capitalcientifica.com.mx\/tienda\/wp-content\/uploads\/2022\/02\/hs-23411_0.png\",\"datePublished\":\"2022-02-21T05:40:18+00:00\",\"dateModified\":\"2023-02-28T19:37:10+00:00\",\"breadcrumb\":{\"@id\":\"https:\/\/capitalcientifica.com.mx\/tienda\/product\/organizador-dispensador-de-consumib-p-mesa-no-catalogo-hs-23412-2\/#breadcrumb\"},\"inLanguage\":\"es\",\"potentialAction\":[{\"@type\":\"ReadAction\",\"target\":[\"https:\/\/capitalcientifica.com.mx\/tienda\/product\/organizador-dispensador-de-consumib-p-mesa-no-catalogo-hs-23412-2\/\"]}]},{\"@type\":\"ImageObject\",\"inLanguage\":\"es\",\"@id\":\"https:\/\/capitalcientifica.com.mx\/tienda\/product\/organizador-dispensador-de-consumib-p-mesa-no-catalogo-hs-23412-2\/#primaryimage\",\"url\":\"https:\/\/capitalcientifica.com.mx\/tienda\/wp-content\/uploads\/2022\/02\/hs-23411_0.png\",\"contentUrl\":\"https:\/\/capitalcientifica.com.mx\/tienda\/wp-content\/uploads\/2022\/02\/hs-23411_0.png\",\"width\":84,\"height\":43},{\"@type\":\"BreadcrumbList\",\"@id\":\"https:\/\/capitalcientifica.com.mx\/tienda\/product\/organizador-dispensador-de-consumib-p-mesa-no-catalogo-hs-23412-2\/#breadcrumb\",\"itemListElement\":[{\"@type\":\"ListItem\",\"position\":1,\"name\":\"Portada\",\"item\":\"https:\/\/capitalcientifica.com.mx\/tienda\/\"},{\"@type\":\"ListItem\",\"position\":2,\"name\":\"Shop\",\"item\":\"https:\/\/capitalcientifica.com.mx\/tienda\/shop\/\"},{\"@type\":\"ListItem\",\"position\":3,\"name\":\"ORGANIZADOR DISPENSADOR DE CONSUMIB. P\/MESA\"}]},{\"@type\":\"WebSite\",\"@id\":\"https:\/\/capitalcientifica.com.mx\/tienda\/#website\",\"url\":\"https:\/\/capitalcientifica.com.mx\/tienda\/\",\"name\":\"Capital Cient&iacute;fica\",\"description\":\"Equipo para laboratorio\",\"potentialAction\":[{\"@type\":\"SearchAction\",\"target\":{\"@type\":\"EntryPoint\",\"urlTemplate\":\"https:\/\/capitalcientifica.com.mx\/tienda\/?s={search_term_string}\"},\"query-input\":{\"@type\":\"PropertyValueSpecification\",\"valueRequired\":true,\"valueName\":\"search_term_string\"}}],\"inLanguage\":\"es\"}]}<\/script>\n<!-- \/ Yoast SEO plugin. -->","yoast_head_json":{"title":"ORGANIZADOR DISPENSADOR DE CONSUMIB. P\/MESA - Capital Cient&iacute;fica","robots":{"index":"index","follow":"follow","max-snippet":"max-snippet:-1","max-image-preview":"max-image-preview:large","max-video-preview":"max-video-preview:-1"},"canonical":"https:\/\/capitalcientifica.com.mx\/tienda\/product\/organizador-dispensador-de-consumib-p-mesa-no-catalogo-hs-23412-2\/","og_locale":"es_ES","og_type":"article","og_title":"ORGANIZADOR DISPENSADOR DE CONSUMIB. P\/MESA - Capital Cient&iacute;fica","og_description":"ORGANIZADOR DISPENSADOR DE CONSUMIB. P\/MESA No. Cat\u00e1logo\u00a0HS-23412  Organizador para almacenaje de consumibles diversos, dise\u00f1o ergon\u00f3mico, de pl\u00e1stico trasl\u00facido con colores llamativos. La tapa de gran abertura en \u00e1ngulo, permanece abierta cuando se inclina hacia atr\u00e1s. Puede manipularse con las manos enguantadas. Tiene patas de goma antideslizante y orificios preperforados para montaje en pared. El organizador de color verde incluye un separador extra\u00edble.","og_url":"https:\/\/capitalcientifica.com.mx\/tienda\/product\/organizador-dispensador-de-consumib-p-mesa-no-catalogo-hs-23412-2\/","og_site_name":"Capital Cient&iacute;fica","article_modified_time":"2023-02-28T19:37:10+00:00","og_image":[{"width":84,"height":43,"url":"https:\/\/capitalcientifica.com.mx\/tienda\/wp-content\/uploads\/2022\/02\/hs-23411_0.png","type":"image\/png"}],"twitter_card":"summary_large_image","schema":{"@context":"https:\/\/schema.org","@graph":[{"@type":"WebPage","@id":"https:\/\/capitalcientifica.com.mx\/tienda\/product\/organizador-dispensador-de-consumib-p-mesa-no-catalogo-hs-23412-2\/","url":"https:\/\/capitalcientifica.com.mx\/tienda\/product\/organizador-dispensador-de-consumib-p-mesa-no-catalogo-hs-23412-2\/","name":"ORGANIZADOR DISPENSADOR DE CONSUMIB. P\/MESA - Capital Cient&iacute;fica","isPartOf":{"@id":"https:\/\/capitalcientifica.com.mx\/tienda\/#website"},"primaryImageOfPage":{"@id":"https:\/\/capitalcientifica.com.mx\/tienda\/product\/organizador-dispensador-de-consumib-p-mesa-no-catalogo-hs-23412-2\/#primaryimage"},"image":{"@id":"https:\/\/capitalcientifica.com.mx\/tienda\/product\/organizador-dispensador-de-consumib-p-mesa-no-catalogo-hs-23412-2\/#primaryimage"},"thumbnailUrl":"https:\/\/capitalcientifica.com.mx\/tienda\/wp-content\/uploads\/2022\/02\/hs-23411_0.png","datePublished":"2022-02-21T05:40:18+00:00","dateModified":"2023-02-28T19:37:10+00:00","breadcrumb":{"@id":"https:\/\/capitalcientifica.com.mx\/tienda\/product\/organizador-dispensador-de-consumib-p-mesa-no-catalogo-hs-23412-2\/#breadcrumb"},"inLanguage":"es","potentialAction":[{"@type":"ReadAction","target":["https:\/\/capitalcientifica.com.mx\/tienda\/product\/organizador-dispensador-de-consumib-p-mesa-no-catalogo-hs-23412-2\/"]}]},{"@type":"ImageObject","inLanguage":"es","@id":"https:\/\/capitalcientifica.com.mx\/tienda\/product\/organizador-dispensador-de-consumib-p-mesa-no-catalogo-hs-23412-2\/#primaryimage","url":"https:\/\/capitalcientifica.com.mx\/tienda\/wp-content\/uploads\/2022\/02\/hs-23411_0.png","contentUrl":"https:\/\/capitalcientifica.com.mx\/tienda\/wp-content\/uploads\/2022\/02\/hs-23411_0.png","width":84,"height":43},{"@type":"BreadcrumbList","@id":"https:\/\/capitalcientifica.com.mx\/tienda\/product\/organizador-dispensador-de-consumib-p-mesa-no-catalogo-hs-23412-2\/#breadcrumb","itemListElement":[{"@type":"ListItem","position":1,"name":"Portada","item":"https:\/\/capitalcientifica.com.mx\/tienda\/"},{"@type":"ListItem","position":2,"name":"Shop","item":"https:\/\/capitalcientifica.com.mx\/tienda\/shop\/"},{"@type":"ListItem","position":3,"name":"ORGANIZADOR DISPENSADOR DE CONSUMIB. P\/MESA"}]},{"@type":"WebSite","@id":"https:\/\/capitalcientifica.com.mx\/tienda\/#website","url":"https:\/\/capitalcientifica.com.mx\/tienda\/","name":"Capital Cient&iacute;fica","description":"Equipo para laboratorio","potentialAction":[{"@type":"SearchAction","target":{"@type":"EntryPoint","urlTemplate":"https:\/\/capitalcientifica.com.mx\/tienda\/?s={search_term_string}"},"query-input":{"@type":"PropertyValueSpecification","valueRequired":true,"valueName":"search_term_string"}}],"inLanguage":"es"}]}},"_links":{"self":[{"href":"https:\/\/capitalcientifica.com.mx\/tienda\/wp-json\/wp\/v2\/product\/4344","targetHints":{"allow":["GET"]}}],"collection":[{"href":"https:\/\/capitalcientifica.com.mx\/tienda\/wp-json\/wp\/v2\/product"}],"about":[{"href":"https:\/\/capitalcientifica.com.mx\/tienda\/wp-json\/wp\/v2\/types\/product"}],"replies":[{"embeddable":true,"href":"https:\/\/capitalcientifica.com.mx\/tienda\/wp-json\/wp\/v2\/comments?post=4344"}],"wp:featuredmedia":[{"embeddable":true,"href":"https:\/\/capitalcientifica.com.mx\/tienda\/wp-json\/wp\/v2\/media\/4318"}],"wp:attachment":[{"href":"https:\/\/capitalcientifica.com.mx\/tienda\/wp-json\/wp\/v2\/media?parent=4344"}],"wp:term":[{"taxonomy":"product_cat","embeddable":true,"href":"https:\/\/capitalcientifica.com.mx\/tienda\/wp-json\/wp\/v2\/product_cat?post=4344"},{"taxonomy":"product_tag","embeddable":true,"href":"https:\/\/capitalcientifica.com.mx\/tienda\/wp-json\/wp\/v2\/product_tag?post=4344"}],"curies":[{"name":"wp","href":"https:\/\/api.w.org\/{rel}","templated":true}]}}