{"id":4307,"date":"2022-02-21T04:49:14","date_gmt":"2022-02-21T04:49:14","guid":{"rendered":"https:\/\/www.capitalcientifica.com.mx\/?post_type=product&#038;p=4307"},"modified":"2023-03-03T17:58:38","modified_gmt":"2023-03-03T17:58:38","slug":"soporte-de-plastico-p-pipetas-horizontal-modular-no-catalogo-hs-20615m-2","status":"publish","type":"product","link":"https:\/\/capitalcientifica.com.mx\/tienda\/product\/soporte-de-plastico-p-pipetas-horizontal-modular-no-catalogo-hs-20615m-2\/","title":{"rendered":"SOPORTE DE PL\u00c1STICO P\/PIPETAS HORIZONTAL MODULAR"},"content":{"rendered":"<p>SOPORTE DE PL\u00c1STICO P\/PIPETAS HORIZONTAL MODULAR<\/p>\n<div class=\"product-id-stock\"><span class=\"product-id\"><span class=\"product-id-name\">No. Cat\u00e1logo<\/span>\u00a0<span class=\"product-id-value\">HS-20615M<\/span><\/span><\/div>\n<div><\/div>\n<div>Soporte horizontal modular para pipetas modelo CARGO en pl\u00e1stico trasl\u00facido, es un excelente organizador para satisfacer las necesidades en el laboratorio. Los m\u00f3dulos se pueden configurar juntos de forma horizontal o vertical, puede armar la configuraci\u00f3n deseada con un solo clic o usarlos como soporte individual.<\/div>\n","protected":false},"excerpt":{"rendered":"<p>SOPORTE DE PL\u00c1STICO P\/PIPETAS HORIZONTAL MODULAR<\/p>\n<div class=\"product-id-stock\"><span class=\"product-id\"><span class=\"product-id-name\">No. Cat\u00e1logo<\/span>\u00a0<span class=\"product-id-value\">HS-20615M<\/span><\/span><\/div>\n<div><\/div>\n<div>Soporte horizontal modular para pipetas modelo CARGO en pl\u00e1stico trasl\u00facido, es un excelente organizador para satisfacer las necesidades en el laboratorio. Los m\u00f3dulos se pueden configurar juntos de forma horizontal o vertical, puede armar la configuraci\u00f3n deseada con un solo clic o usarlos como soporte individual.<\/div>\n","protected":false},"featured_media":4308,"comment_status":"open","ping_status":"closed","template":"","meta":{"_joinchat":[]},"product_cat":[124,41],"product_tag":[172,173,2595],"class_list":{"0":"post-4307","1":"product","2":"type-product","3":"status-publish","4":"has-post-thumbnail","6":"product_cat-almacenamiento","7":"product_cat-heathrow-scientific","8":"product_tag-equipo-de-laboratorio","9":"product_tag-equipo-para-laboratorio","10":"product_tag-soporte-de-plastico-p-pipetas-horizontal-modular","12":"first","13":"instock","14":"shipping-taxable","15":"product-type-simple","16":"col-xs-6 col-sm-4","17":"col-md-3 col-lg-3","18":"un-4-cols"},"yoast_head":"<!-- This site is optimized with the Yoast SEO plugin v27.2 - https:\/\/yoast.com\/product\/yoast-seo-wordpress\/ -->\n<title>SOPORTE DE PL\u00c1STICO P\/PIPETAS HORIZONTAL MODULAR - Capital Cient&iacute;fica<\/title>\n<meta name=\"robots\" content=\"index, follow, max-snippet:-1, max-image-preview:large, max-video-preview:-1\" \/>\n<link rel=\"canonical\" href=\"https:\/\/capitalcientifica.com.mx\/tienda\/product\/soporte-de-plastico-p-pipetas-horizontal-modular-no-catalogo-hs-20615m-2\/\" \/>\n<meta property=\"og:locale\" content=\"es_ES\" \/>\n<meta property=\"og:type\" content=\"article\" \/>\n<meta property=\"og:title\" content=\"SOPORTE DE PL\u00c1STICO P\/PIPETAS HORIZONTAL MODULAR - Capital Cient&iacute;fica\" \/>\n<meta property=\"og:description\" content=\"SOPORTE DE PL\u00c1STICO P\/PIPETAS HORIZONTAL MODULAR No. Cat\u00e1logo\u00a0HS-20615M  Soporte horizontal modular para pipetas modelo CARGO en pl\u00e1stico trasl\u00facido, es un excelente organizador para satisfacer las necesidades en el laboratorio. Los m\u00f3dulos se pueden configurar juntos de forma horizontal o vertical, puede armar la configuraci\u00f3n deseada con un solo clic o usarlos como soporte individual.\" \/>\n<meta property=\"og:url\" content=\"https:\/\/capitalcientifica.com.mx\/tienda\/product\/soporte-de-plastico-p-pipetas-horizontal-modular-no-catalogo-hs-20615m-2\/\" \/>\n<meta property=\"og:site_name\" content=\"Capital Cient&iacute;fica\" \/>\n<meta property=\"article:modified_time\" content=\"2023-03-03T17:58:38+00:00\" \/>\n<meta property=\"og:image\" content=\"https:\/\/capitalcientifica.com.mx\/tienda\/wp-content\/uploads\/2022\/02\/hs-20615m_0-1.png\" \/>\n\t<meta property=\"og:image:width\" content=\"84\" \/>\n\t<meta property=\"og:image:height\" content=\"56\" \/>\n\t<meta property=\"og:image:type\" content=\"image\/png\" \/>\n<meta name=\"twitter:card\" content=\"summary_large_image\" \/>\n<script type=\"application\/ld+json\" class=\"yoast-schema-graph\">{\"@context\":\"https:\/\/schema.org\",\"@graph\":[{\"@type\":\"WebPage\",\"@id\":\"https:\/\/capitalcientifica.com.mx\/tienda\/product\/soporte-de-plastico-p-pipetas-horizontal-modular-no-catalogo-hs-20615m-2\/\",\"url\":\"https:\/\/capitalcientifica.com.mx\/tienda\/product\/soporte-de-plastico-p-pipetas-horizontal-modular-no-catalogo-hs-20615m-2\/\",\"name\":\"SOPORTE DE PL\u00c1STICO P\/PIPETAS HORIZONTAL MODULAR - Capital Cient&iacute;fica\",\"isPartOf\":{\"@id\":\"https:\/\/capitalcientifica.com.mx\/tienda\/#website\"},\"primaryImageOfPage\":{\"@id\":\"https:\/\/capitalcientifica.com.mx\/tienda\/product\/soporte-de-plastico-p-pipetas-horizontal-modular-no-catalogo-hs-20615m-2\/#primaryimage\"},\"image\":{\"@id\":\"https:\/\/capitalcientifica.com.mx\/tienda\/product\/soporte-de-plastico-p-pipetas-horizontal-modular-no-catalogo-hs-20615m-2\/#primaryimage\"},\"thumbnailUrl\":\"https:\/\/capitalcientifica.com.mx\/tienda\/wp-content\/uploads\/2022\/02\/hs-20615m_0-1.png\",\"datePublished\":\"2022-02-21T04:49:14+00:00\",\"dateModified\":\"2023-03-03T17:58:38+00:00\",\"breadcrumb\":{\"@id\":\"https:\/\/capitalcientifica.com.mx\/tienda\/product\/soporte-de-plastico-p-pipetas-horizontal-modular-no-catalogo-hs-20615m-2\/#breadcrumb\"},\"inLanguage\":\"es\",\"potentialAction\":[{\"@type\":\"ReadAction\",\"target\":[\"https:\/\/capitalcientifica.com.mx\/tienda\/product\/soporte-de-plastico-p-pipetas-horizontal-modular-no-catalogo-hs-20615m-2\/\"]}]},{\"@type\":\"ImageObject\",\"inLanguage\":\"es\",\"@id\":\"https:\/\/capitalcientifica.com.mx\/tienda\/product\/soporte-de-plastico-p-pipetas-horizontal-modular-no-catalogo-hs-20615m-2\/#primaryimage\",\"url\":\"https:\/\/capitalcientifica.com.mx\/tienda\/wp-content\/uploads\/2022\/02\/hs-20615m_0-1.png\",\"contentUrl\":\"https:\/\/capitalcientifica.com.mx\/tienda\/wp-content\/uploads\/2022\/02\/hs-20615m_0-1.png\",\"width\":84,\"height\":56},{\"@type\":\"BreadcrumbList\",\"@id\":\"https:\/\/capitalcientifica.com.mx\/tienda\/product\/soporte-de-plastico-p-pipetas-horizontal-modular-no-catalogo-hs-20615m-2\/#breadcrumb\",\"itemListElement\":[{\"@type\":\"ListItem\",\"position\":1,\"name\":\"Portada\",\"item\":\"https:\/\/capitalcientifica.com.mx\/tienda\/\"},{\"@type\":\"ListItem\",\"position\":2,\"name\":\"Shop\",\"item\":\"https:\/\/capitalcientifica.com.mx\/tienda\/shop\/\"},{\"@type\":\"ListItem\",\"position\":3,\"name\":\"SOPORTE DE PL\u00c1STICO P\/PIPETAS HORIZONTAL MODULAR\"}]},{\"@type\":\"WebSite\",\"@id\":\"https:\/\/capitalcientifica.com.mx\/tienda\/#website\",\"url\":\"https:\/\/capitalcientifica.com.mx\/tienda\/\",\"name\":\"Capital Cient&iacute;fica\",\"description\":\"Equipo para laboratorio\",\"potentialAction\":[{\"@type\":\"SearchAction\",\"target\":{\"@type\":\"EntryPoint\",\"urlTemplate\":\"https:\/\/capitalcientifica.com.mx\/tienda\/?s={search_term_string}\"},\"query-input\":{\"@type\":\"PropertyValueSpecification\",\"valueRequired\":true,\"valueName\":\"search_term_string\"}}],\"inLanguage\":\"es\"}]}<\/script>\n<!-- \/ Yoast SEO plugin. -->","yoast_head_json":{"title":"SOPORTE DE PL\u00c1STICO P\/PIPETAS HORIZONTAL MODULAR - Capital Cient&iacute;fica","robots":{"index":"index","follow":"follow","max-snippet":"max-snippet:-1","max-image-preview":"max-image-preview:large","max-video-preview":"max-video-preview:-1"},"canonical":"https:\/\/capitalcientifica.com.mx\/tienda\/product\/soporte-de-plastico-p-pipetas-horizontal-modular-no-catalogo-hs-20615m-2\/","og_locale":"es_ES","og_type":"article","og_title":"SOPORTE DE PL\u00c1STICO P\/PIPETAS HORIZONTAL MODULAR - Capital Cient&iacute;fica","og_description":"SOPORTE DE PL\u00c1STICO P\/PIPETAS HORIZONTAL MODULAR No. Cat\u00e1logo\u00a0HS-20615M  Soporte horizontal modular para pipetas modelo CARGO en pl\u00e1stico trasl\u00facido, es un excelente organizador para satisfacer las necesidades en el laboratorio. Los m\u00f3dulos se pueden configurar juntos de forma horizontal o vertical, puede armar la configuraci\u00f3n deseada con un solo clic o usarlos como soporte individual.","og_url":"https:\/\/capitalcientifica.com.mx\/tienda\/product\/soporte-de-plastico-p-pipetas-horizontal-modular-no-catalogo-hs-20615m-2\/","og_site_name":"Capital Cient&iacute;fica","article_modified_time":"2023-03-03T17:58:38+00:00","og_image":[{"width":84,"height":56,"url":"https:\/\/capitalcientifica.com.mx\/tienda\/wp-content\/uploads\/2022\/02\/hs-20615m_0-1.png","type":"image\/png"}],"twitter_card":"summary_large_image","schema":{"@context":"https:\/\/schema.org","@graph":[{"@type":"WebPage","@id":"https:\/\/capitalcientifica.com.mx\/tienda\/product\/soporte-de-plastico-p-pipetas-horizontal-modular-no-catalogo-hs-20615m-2\/","url":"https:\/\/capitalcientifica.com.mx\/tienda\/product\/soporte-de-plastico-p-pipetas-horizontal-modular-no-catalogo-hs-20615m-2\/","name":"SOPORTE DE PL\u00c1STICO P\/PIPETAS HORIZONTAL MODULAR - Capital Cient&iacute;fica","isPartOf":{"@id":"https:\/\/capitalcientifica.com.mx\/tienda\/#website"},"primaryImageOfPage":{"@id":"https:\/\/capitalcientifica.com.mx\/tienda\/product\/soporte-de-plastico-p-pipetas-horizontal-modular-no-catalogo-hs-20615m-2\/#primaryimage"},"image":{"@id":"https:\/\/capitalcientifica.com.mx\/tienda\/product\/soporte-de-plastico-p-pipetas-horizontal-modular-no-catalogo-hs-20615m-2\/#primaryimage"},"thumbnailUrl":"https:\/\/capitalcientifica.com.mx\/tienda\/wp-content\/uploads\/2022\/02\/hs-20615m_0-1.png","datePublished":"2022-02-21T04:49:14+00:00","dateModified":"2023-03-03T17:58:38+00:00","breadcrumb":{"@id":"https:\/\/capitalcientifica.com.mx\/tienda\/product\/soporte-de-plastico-p-pipetas-horizontal-modular-no-catalogo-hs-20615m-2\/#breadcrumb"},"inLanguage":"es","potentialAction":[{"@type":"ReadAction","target":["https:\/\/capitalcientifica.com.mx\/tienda\/product\/soporte-de-plastico-p-pipetas-horizontal-modular-no-catalogo-hs-20615m-2\/"]}]},{"@type":"ImageObject","inLanguage":"es","@id":"https:\/\/capitalcientifica.com.mx\/tienda\/product\/soporte-de-plastico-p-pipetas-horizontal-modular-no-catalogo-hs-20615m-2\/#primaryimage","url":"https:\/\/capitalcientifica.com.mx\/tienda\/wp-content\/uploads\/2022\/02\/hs-20615m_0-1.png","contentUrl":"https:\/\/capitalcientifica.com.mx\/tienda\/wp-content\/uploads\/2022\/02\/hs-20615m_0-1.png","width":84,"height":56},{"@type":"BreadcrumbList","@id":"https:\/\/capitalcientifica.com.mx\/tienda\/product\/soporte-de-plastico-p-pipetas-horizontal-modular-no-catalogo-hs-20615m-2\/#breadcrumb","itemListElement":[{"@type":"ListItem","position":1,"name":"Portada","item":"https:\/\/capitalcientifica.com.mx\/tienda\/"},{"@type":"ListItem","position":2,"name":"Shop","item":"https:\/\/capitalcientifica.com.mx\/tienda\/shop\/"},{"@type":"ListItem","position":3,"name":"SOPORTE DE PL\u00c1STICO P\/PIPETAS HORIZONTAL MODULAR"}]},{"@type":"WebSite","@id":"https:\/\/capitalcientifica.com.mx\/tienda\/#website","url":"https:\/\/capitalcientifica.com.mx\/tienda\/","name":"Capital Cient&iacute;fica","description":"Equipo para laboratorio","potentialAction":[{"@type":"SearchAction","target":{"@type":"EntryPoint","urlTemplate":"https:\/\/capitalcientifica.com.mx\/tienda\/?s={search_term_string}"},"query-input":{"@type":"PropertyValueSpecification","valueRequired":true,"valueName":"search_term_string"}}],"inLanguage":"es"}]}},"_links":{"self":[{"href":"https:\/\/capitalcientifica.com.mx\/tienda\/wp-json\/wp\/v2\/product\/4307","targetHints":{"allow":["GET"]}}],"collection":[{"href":"https:\/\/capitalcientifica.com.mx\/tienda\/wp-json\/wp\/v2\/product"}],"about":[{"href":"https:\/\/capitalcientifica.com.mx\/tienda\/wp-json\/wp\/v2\/types\/product"}],"replies":[{"embeddable":true,"href":"https:\/\/capitalcientifica.com.mx\/tienda\/wp-json\/wp\/v2\/comments?post=4307"}],"wp:featuredmedia":[{"embeddable":true,"href":"https:\/\/capitalcientifica.com.mx\/tienda\/wp-json\/wp\/v2\/media\/4308"}],"wp:attachment":[{"href":"https:\/\/capitalcientifica.com.mx\/tienda\/wp-json\/wp\/v2\/media?parent=4307"}],"wp:term":[{"taxonomy":"product_cat","embeddable":true,"href":"https:\/\/capitalcientifica.com.mx\/tienda\/wp-json\/wp\/v2\/product_cat?post=4307"},{"taxonomy":"product_tag","embeddable":true,"href":"https:\/\/capitalcientifica.com.mx\/tienda\/wp-json\/wp\/v2\/product_tag?post=4307"}],"curies":[{"name":"wp","href":"https:\/\/api.w.org\/{rel}","templated":true}]}}