{"id":4303,"date":"2022-02-21T04:47:10","date_gmt":"2022-02-21T04:47:10","guid":{"rendered":"https:\/\/www.capitalcientifica.com.mx\/?post_type=product&#038;p=4303"},"modified":"2023-03-03T17:51:19","modified_gmt":"2023-03-03T17:51:19","slug":"soporte-de-abs-azul-p-pipetas-horizontal-no-catalogo-hs-20612m-2","status":"publish","type":"product","link":"https:\/\/capitalcientifica.com.mx\/tienda\/product\/soporte-de-abs-azul-p-pipetas-horizontal-no-catalogo-hs-20612m-2\/","title":{"rendered":"SOPORTE DE ABS AZUL P\/PIPETAS HORIZONTAL"},"content":{"rendered":"<p>SOPORTE DE ABS AZUL P\/PIPETAS HORIZONTAL<\/p>\n<div class=\"product-id-stock\"><span class=\"product-id\"><span class=\"product-id-name\">No. Cat\u00e1logo<\/span>\u00a0<span class=\"product-id-value\">HS-20612M<\/span><\/span><\/div>\n<div><\/div>\n<div>Soporte para pipetas en pl\u00e1stico ABS o acr\u00edlico, protege y organiza pipetas de vidrio y pl\u00e1stico. Viene con cuatro compartimentos en \u00e1ngulo para contener pipetas de 0.1 a 50 mL.<\/p>\n<p>La versi\u00f3n de acr\u00edlico de alta resistencia proporciona una visi\u00f3n clara desde cualquier \u00e1ngulo. La versi\u00f3n de pl\u00e1stico ABS magnetizado tiene imanes fuertes en ambos lados y se monta de manera segura en la mayor\u00eda de las superficies met\u00e1licas.<\/p><\/div>\n","protected":false},"excerpt":{"rendered":"<p>SOPORTE DE ABS AZUL P\/PIPETAS HORIZONTAL<\/p>\n<div class=\"product-id-stock\"><span class=\"product-id\"><span class=\"product-id-name\">No. Cat\u00e1logo<\/span>\u00a0<span class=\"product-id-value\">HS-20612M<\/span><\/span><\/div>\n<div><\/div>\n<div>Soporte para pipetas en pl\u00e1stico ABS o acr\u00edlico, protege y organiza pipetas de vidrio y pl\u00e1stico. Viene con cuatro compartimentos en \u00e1ngulo para contener pipetas de 0.1 a 50 mL.<\/p>\n<p>La versi\u00f3n de acr\u00edlico de alta resistencia proporciona una visi\u00f3n clara desde cualquier \u00e1ngulo. La versi\u00f3n de pl\u00e1stico ABS magnetizado tiene imanes fuertes en ambos lados y se monta de manera segura en la mayor\u00eda de las superficies met\u00e1licas.<\/p><\/div>\n","protected":false},"featured_media":4304,"comment_status":"open","ping_status":"closed","template":"","meta":{"_joinchat":[]},"product_cat":[124,41],"product_tag":[172,173,2579],"class_list":{"0":"post-4303","1":"product","2":"type-product","3":"status-publish","4":"has-post-thumbnail","6":"product_cat-almacenamiento","7":"product_cat-heathrow-scientific","8":"product_tag-equipo-de-laboratorio","9":"product_tag-equipo-para-laboratorio","10":"product_tag-soporte-de-abs-azul-p-pipetas-horizontal","12":"first","13":"instock","14":"shipping-taxable","15":"product-type-simple","16":"col-xs-6 col-sm-4","17":"col-md-3 col-lg-3","18":"un-4-cols"},"yoast_head":"<!-- This site is optimized with the Yoast SEO plugin v27.2 - https:\/\/yoast.com\/product\/yoast-seo-wordpress\/ -->\n<title>SOPORTE DE ABS AZUL P\/PIPETAS HORIZONTAL - Capital Cient&iacute;fica<\/title>\n<meta name=\"robots\" content=\"index, follow, max-snippet:-1, max-image-preview:large, max-video-preview:-1\" \/>\n<link rel=\"canonical\" href=\"https:\/\/capitalcientifica.com.mx\/tienda\/product\/soporte-de-abs-azul-p-pipetas-horizontal-no-catalogo-hs-20612m-2\/\" \/>\n<meta property=\"og:locale\" content=\"es_ES\" \/>\n<meta property=\"og:type\" content=\"article\" \/>\n<meta property=\"og:title\" content=\"SOPORTE DE ABS AZUL P\/PIPETAS HORIZONTAL - Capital Cient&iacute;fica\" \/>\n<meta property=\"og:description\" content=\"SOPORTE DE ABS AZUL P\/PIPETAS HORIZONTAL No. Cat\u00e1logo\u00a0HS-20612M  Soporte para pipetas en pl\u00e1stico ABS o acr\u00edlico, protege y organiza pipetas de vidrio y pl\u00e1stico. Viene con cuatro compartimentos en \u00e1ngulo para contener pipetas de 0.1 a 50 mL.  La versi\u00f3n de acr\u00edlico de alta resistencia proporciona una visi\u00f3n clara desde cualquier \u00e1ngulo. La versi\u00f3n de pl\u00e1stico ABS magnetizado tiene imanes fuertes en ambos lados y se monta de manera segura en la mayor\u00eda de las superficies met\u00e1licas.\" \/>\n<meta property=\"og:url\" content=\"https:\/\/capitalcientifica.com.mx\/tienda\/product\/soporte-de-abs-azul-p-pipetas-horizontal-no-catalogo-hs-20612m-2\/\" \/>\n<meta property=\"og:site_name\" content=\"Capital Cient&iacute;fica\" \/>\n<meta property=\"article:modified_time\" content=\"2023-03-03T17:51:19+00:00\" \/>\n<meta property=\"og:image\" content=\"https:\/\/capitalcientifica.com.mx\/tienda\/wp-content\/uploads\/2022\/02\/hs-20612m_0-1.jpeg\" \/>\n\t<meta property=\"og:image:width\" content=\"84\" \/>\n\t<meta property=\"og:image:height\" content=\"84\" \/>\n\t<meta property=\"og:image:type\" content=\"image\/jpeg\" \/>\n<meta name=\"twitter:card\" content=\"summary_large_image\" \/>\n<script type=\"application\/ld+json\" class=\"yoast-schema-graph\">{\"@context\":\"https:\/\/schema.org\",\"@graph\":[{\"@type\":\"WebPage\",\"@id\":\"https:\/\/capitalcientifica.com.mx\/tienda\/product\/soporte-de-abs-azul-p-pipetas-horizontal-no-catalogo-hs-20612m-2\/\",\"url\":\"https:\/\/capitalcientifica.com.mx\/tienda\/product\/soporte-de-abs-azul-p-pipetas-horizontal-no-catalogo-hs-20612m-2\/\",\"name\":\"SOPORTE DE ABS AZUL P\/PIPETAS HORIZONTAL - Capital Cient&iacute;fica\",\"isPartOf\":{\"@id\":\"https:\/\/capitalcientifica.com.mx\/tienda\/#website\"},\"primaryImageOfPage\":{\"@id\":\"https:\/\/capitalcientifica.com.mx\/tienda\/product\/soporte-de-abs-azul-p-pipetas-horizontal-no-catalogo-hs-20612m-2\/#primaryimage\"},\"image\":{\"@id\":\"https:\/\/capitalcientifica.com.mx\/tienda\/product\/soporte-de-abs-azul-p-pipetas-horizontal-no-catalogo-hs-20612m-2\/#primaryimage\"},\"thumbnailUrl\":\"https:\/\/capitalcientifica.com.mx\/tienda\/wp-content\/uploads\/2022\/02\/hs-20612m_0-1.jpeg\",\"datePublished\":\"2022-02-21T04:47:10+00:00\",\"dateModified\":\"2023-03-03T17:51:19+00:00\",\"breadcrumb\":{\"@id\":\"https:\/\/capitalcientifica.com.mx\/tienda\/product\/soporte-de-abs-azul-p-pipetas-horizontal-no-catalogo-hs-20612m-2\/#breadcrumb\"},\"inLanguage\":\"es\",\"potentialAction\":[{\"@type\":\"ReadAction\",\"target\":[\"https:\/\/capitalcientifica.com.mx\/tienda\/product\/soporte-de-abs-azul-p-pipetas-horizontal-no-catalogo-hs-20612m-2\/\"]}]},{\"@type\":\"ImageObject\",\"inLanguage\":\"es\",\"@id\":\"https:\/\/capitalcientifica.com.mx\/tienda\/product\/soporte-de-abs-azul-p-pipetas-horizontal-no-catalogo-hs-20612m-2\/#primaryimage\",\"url\":\"https:\/\/capitalcientifica.com.mx\/tienda\/wp-content\/uploads\/2022\/02\/hs-20612m_0-1.jpeg\",\"contentUrl\":\"https:\/\/capitalcientifica.com.mx\/tienda\/wp-content\/uploads\/2022\/02\/hs-20612m_0-1.jpeg\",\"width\":84,\"height\":84},{\"@type\":\"BreadcrumbList\",\"@id\":\"https:\/\/capitalcientifica.com.mx\/tienda\/product\/soporte-de-abs-azul-p-pipetas-horizontal-no-catalogo-hs-20612m-2\/#breadcrumb\",\"itemListElement\":[{\"@type\":\"ListItem\",\"position\":1,\"name\":\"Portada\",\"item\":\"https:\/\/capitalcientifica.com.mx\/tienda\/\"},{\"@type\":\"ListItem\",\"position\":2,\"name\":\"Shop\",\"item\":\"https:\/\/capitalcientifica.com.mx\/tienda\/shop\/\"},{\"@type\":\"ListItem\",\"position\":3,\"name\":\"SOPORTE DE ABS AZUL P\/PIPETAS HORIZONTAL\"}]},{\"@type\":\"WebSite\",\"@id\":\"https:\/\/capitalcientifica.com.mx\/tienda\/#website\",\"url\":\"https:\/\/capitalcientifica.com.mx\/tienda\/\",\"name\":\"Capital Cient&iacute;fica\",\"description\":\"Equipo para laboratorio\",\"potentialAction\":[{\"@type\":\"SearchAction\",\"target\":{\"@type\":\"EntryPoint\",\"urlTemplate\":\"https:\/\/capitalcientifica.com.mx\/tienda\/?s={search_term_string}\"},\"query-input\":{\"@type\":\"PropertyValueSpecification\",\"valueRequired\":true,\"valueName\":\"search_term_string\"}}],\"inLanguage\":\"es\"}]}<\/script>\n<!-- \/ Yoast SEO plugin. -->","yoast_head_json":{"title":"SOPORTE DE ABS AZUL P\/PIPETAS HORIZONTAL - Capital Cient&iacute;fica","robots":{"index":"index","follow":"follow","max-snippet":"max-snippet:-1","max-image-preview":"max-image-preview:large","max-video-preview":"max-video-preview:-1"},"canonical":"https:\/\/capitalcientifica.com.mx\/tienda\/product\/soporte-de-abs-azul-p-pipetas-horizontal-no-catalogo-hs-20612m-2\/","og_locale":"es_ES","og_type":"article","og_title":"SOPORTE DE ABS AZUL P\/PIPETAS HORIZONTAL - Capital Cient&iacute;fica","og_description":"SOPORTE DE ABS AZUL P\/PIPETAS HORIZONTAL No. Cat\u00e1logo\u00a0HS-20612M  Soporte para pipetas en pl\u00e1stico ABS o acr\u00edlico, protege y organiza pipetas de vidrio y pl\u00e1stico. Viene con cuatro compartimentos en \u00e1ngulo para contener pipetas de 0.1 a 50 mL.  La versi\u00f3n de acr\u00edlico de alta resistencia proporciona una visi\u00f3n clara desde cualquier \u00e1ngulo. La versi\u00f3n de pl\u00e1stico ABS magnetizado tiene imanes fuertes en ambos lados y se monta de manera segura en la mayor\u00eda de las superficies met\u00e1licas.","og_url":"https:\/\/capitalcientifica.com.mx\/tienda\/product\/soporte-de-abs-azul-p-pipetas-horizontal-no-catalogo-hs-20612m-2\/","og_site_name":"Capital Cient&iacute;fica","article_modified_time":"2023-03-03T17:51:19+00:00","og_image":[{"width":84,"height":84,"url":"https:\/\/capitalcientifica.com.mx\/tienda\/wp-content\/uploads\/2022\/02\/hs-20612m_0-1.jpeg","type":"image\/jpeg"}],"twitter_card":"summary_large_image","schema":{"@context":"https:\/\/schema.org","@graph":[{"@type":"WebPage","@id":"https:\/\/capitalcientifica.com.mx\/tienda\/product\/soporte-de-abs-azul-p-pipetas-horizontal-no-catalogo-hs-20612m-2\/","url":"https:\/\/capitalcientifica.com.mx\/tienda\/product\/soporte-de-abs-azul-p-pipetas-horizontal-no-catalogo-hs-20612m-2\/","name":"SOPORTE DE ABS AZUL P\/PIPETAS HORIZONTAL - Capital Cient&iacute;fica","isPartOf":{"@id":"https:\/\/capitalcientifica.com.mx\/tienda\/#website"},"primaryImageOfPage":{"@id":"https:\/\/capitalcientifica.com.mx\/tienda\/product\/soporte-de-abs-azul-p-pipetas-horizontal-no-catalogo-hs-20612m-2\/#primaryimage"},"image":{"@id":"https:\/\/capitalcientifica.com.mx\/tienda\/product\/soporte-de-abs-azul-p-pipetas-horizontal-no-catalogo-hs-20612m-2\/#primaryimage"},"thumbnailUrl":"https:\/\/capitalcientifica.com.mx\/tienda\/wp-content\/uploads\/2022\/02\/hs-20612m_0-1.jpeg","datePublished":"2022-02-21T04:47:10+00:00","dateModified":"2023-03-03T17:51:19+00:00","breadcrumb":{"@id":"https:\/\/capitalcientifica.com.mx\/tienda\/product\/soporte-de-abs-azul-p-pipetas-horizontal-no-catalogo-hs-20612m-2\/#breadcrumb"},"inLanguage":"es","potentialAction":[{"@type":"ReadAction","target":["https:\/\/capitalcientifica.com.mx\/tienda\/product\/soporte-de-abs-azul-p-pipetas-horizontal-no-catalogo-hs-20612m-2\/"]}]},{"@type":"ImageObject","inLanguage":"es","@id":"https:\/\/capitalcientifica.com.mx\/tienda\/product\/soporte-de-abs-azul-p-pipetas-horizontal-no-catalogo-hs-20612m-2\/#primaryimage","url":"https:\/\/capitalcientifica.com.mx\/tienda\/wp-content\/uploads\/2022\/02\/hs-20612m_0-1.jpeg","contentUrl":"https:\/\/capitalcientifica.com.mx\/tienda\/wp-content\/uploads\/2022\/02\/hs-20612m_0-1.jpeg","width":84,"height":84},{"@type":"BreadcrumbList","@id":"https:\/\/capitalcientifica.com.mx\/tienda\/product\/soporte-de-abs-azul-p-pipetas-horizontal-no-catalogo-hs-20612m-2\/#breadcrumb","itemListElement":[{"@type":"ListItem","position":1,"name":"Portada","item":"https:\/\/capitalcientifica.com.mx\/tienda\/"},{"@type":"ListItem","position":2,"name":"Shop","item":"https:\/\/capitalcientifica.com.mx\/tienda\/shop\/"},{"@type":"ListItem","position":3,"name":"SOPORTE DE ABS AZUL P\/PIPETAS HORIZONTAL"}]},{"@type":"WebSite","@id":"https:\/\/capitalcientifica.com.mx\/tienda\/#website","url":"https:\/\/capitalcientifica.com.mx\/tienda\/","name":"Capital Cient&iacute;fica","description":"Equipo para laboratorio","potentialAction":[{"@type":"SearchAction","target":{"@type":"EntryPoint","urlTemplate":"https:\/\/capitalcientifica.com.mx\/tienda\/?s={search_term_string}"},"query-input":{"@type":"PropertyValueSpecification","valueRequired":true,"valueName":"search_term_string"}}],"inLanguage":"es"}]}},"_links":{"self":[{"href":"https:\/\/capitalcientifica.com.mx\/tienda\/wp-json\/wp\/v2\/product\/4303","targetHints":{"allow":["GET"]}}],"collection":[{"href":"https:\/\/capitalcientifica.com.mx\/tienda\/wp-json\/wp\/v2\/product"}],"about":[{"href":"https:\/\/capitalcientifica.com.mx\/tienda\/wp-json\/wp\/v2\/types\/product"}],"replies":[{"embeddable":true,"href":"https:\/\/capitalcientifica.com.mx\/tienda\/wp-json\/wp\/v2\/comments?post=4303"}],"wp:featuredmedia":[{"embeddable":true,"href":"https:\/\/capitalcientifica.com.mx\/tienda\/wp-json\/wp\/v2\/media\/4304"}],"wp:attachment":[{"href":"https:\/\/capitalcientifica.com.mx\/tienda\/wp-json\/wp\/v2\/media?parent=4303"}],"wp:term":[{"taxonomy":"product_cat","embeddable":true,"href":"https:\/\/capitalcientifica.com.mx\/tienda\/wp-json\/wp\/v2\/product_cat?post=4303"},{"taxonomy":"product_tag","embeddable":true,"href":"https:\/\/capitalcientifica.com.mx\/tienda\/wp-json\/wp\/v2\/product_tag?post=4303"}],"curies":[{"name":"wp","href":"https:\/\/api.w.org\/{rel}","templated":true}]}}