{"id":4271,"date":"2022-02-21T04:09:07","date_gmt":"2022-02-21T04:09:07","guid":{"rendered":"https:\/\/www.capitalcientifica.com.mx\/?post_type=product&#038;p=4271"},"modified":"2023-02-14T20:00:38","modified_gmt":"2023-02-14T20:00:38","slug":"caja-recolectora-para-toma-de-muestras-con-asa-no-catalogo-hs-120261","status":"publish","type":"product","link":"https:\/\/capitalcientifica.com.mx\/tienda\/product\/caja-recolectora-para-toma-de-muestras-con-asa-no-catalogo-hs-120261\/","title":{"rendered":"CAJA RECOLECTORA PARA TOMA DE MUESTRAS CON ASA"},"content":{"rendered":"<p>CAJA RECOLECTORA PARA TOMA DE MUESTRAS CON ASA<\/p>\n<div class=\"product-id-stock\"><span class=\"product-id\"><span class=\"product-id-name\">No. Cat\u00e1logo<\/span>\u00a0<span class=\"product-id-value\">HS-120261<\/span><\/span><\/div>\n<div><\/div>\n<div>Caja recolectora para toma de muestras de sangre, en pl\u00e1stico ABS, para transporte, ligera, para f\u00e1cil organizaci\u00f3n, espaciosa, robusta y f\u00e1cil de limpiar. Personalice los compartimentos con separadores configurables, asa con mango de agarre c\u00f3modo para soportar hasta 10 kg, asa extra\u00edble para f\u00e1cil almacenamiento. Incluye gradilla para 60 tubos de 17 mm.<\/div>\n","protected":false},"excerpt":{"rendered":"<p>CAJA RECOLECTORA PARA TOMA DE MUESTRAS CON ASA<\/p>\n<div class=\"product-id-stock\"><span class=\"product-id\"><span class=\"product-id-name\">No. Cat\u00e1logo<\/span>\u00a0<span class=\"product-id-value\">HS-120261<\/span><\/span><\/div>\n<div><\/div>\n<div>Caja recolectora para toma de muestras de sangre, en pl\u00e1stico ABS, para transporte, ligera, para f\u00e1cil organizaci\u00f3n, espaciosa, robusta y f\u00e1cil de limpiar. Personalice los compartimentos con separadores configurables, asa con mango de agarre c\u00f3modo para soportar hasta 10 kg, asa extra\u00edble para f\u00e1cil almacenamiento. Incluye gradilla para 60 tubos de 17 mm.<\/div>\n","protected":false},"featured_media":4272,"comment_status":"open","ping_status":"closed","template":"","meta":{"_joinchat":[]},"product_cat":[41,123],"product_tag":[675,172,173],"class_list":{"0":"post-4271","1":"product","2":"type-product","3":"status-publish","4":"has-post-thumbnail","6":"product_cat-heathrow-scientific","7":"product_cat-muestreo","8":"product_tag-caja-recolectora-para-toma-de-muestras-con-asa","9":"product_tag-equipo-de-laboratorio","10":"product_tag-equipo-para-laboratorio","12":"first","13":"instock","14":"shipping-taxable","15":"product-type-simple","16":"col-xs-6 col-sm-4","17":"col-md-3 col-lg-3","18":"un-4-cols"},"yoast_head":"<!-- This site is optimized with the Yoast SEO plugin v27.2 - https:\/\/yoast.com\/product\/yoast-seo-wordpress\/ -->\n<title>CAJA RECOLECTORA PARA TOMA DE MUESTRAS CON ASA - Capital Cient&iacute;fica<\/title>\n<meta name=\"robots\" content=\"index, follow, max-snippet:-1, max-image-preview:large, max-video-preview:-1\" \/>\n<link rel=\"canonical\" href=\"https:\/\/capitalcientifica.com.mx\/tienda\/product\/caja-recolectora-para-toma-de-muestras-con-asa-no-catalogo-hs-120261\/\" \/>\n<meta property=\"og:locale\" content=\"es_ES\" \/>\n<meta property=\"og:type\" content=\"article\" \/>\n<meta property=\"og:title\" content=\"CAJA RECOLECTORA PARA TOMA DE MUESTRAS CON ASA - Capital Cient&iacute;fica\" \/>\n<meta property=\"og:description\" content=\"CAJA RECOLECTORA PARA TOMA DE MUESTRAS CON ASA No. Cat\u00e1logo\u00a0HS-120261  Caja recolectora para toma de muestras de sangre, en pl\u00e1stico ABS, para transporte, ligera, para f\u00e1cil organizaci\u00f3n, espaciosa, robusta y f\u00e1cil de limpiar. Personalice los compartimentos con separadores configurables, asa con mango de agarre c\u00f3modo para soportar hasta 10 kg, asa extra\u00edble para f\u00e1cil almacenamiento. Incluye gradilla para 60 tubos de 17 mm.\" \/>\n<meta property=\"og:url\" content=\"https:\/\/capitalcientifica.com.mx\/tienda\/product\/caja-recolectora-para-toma-de-muestras-con-asa-no-catalogo-hs-120261\/\" \/>\n<meta property=\"og:site_name\" content=\"Capital Cient&iacute;fica\" \/>\n<meta property=\"article:modified_time\" content=\"2023-02-14T20:00:38+00:00\" \/>\n<meta property=\"og:image\" content=\"https:\/\/capitalcientifica.com.mx\/tienda\/wp-content\/uploads\/2022\/02\/hs-120261_0.png\" \/>\n\t<meta property=\"og:image:width\" content=\"84\" \/>\n\t<meta property=\"og:image:height\" content=\"62\" \/>\n\t<meta property=\"og:image:type\" content=\"image\/png\" \/>\n<meta name=\"twitter:card\" content=\"summary_large_image\" \/>\n<script type=\"application\/ld+json\" class=\"yoast-schema-graph\">{\"@context\":\"https:\/\/schema.org\",\"@graph\":[{\"@type\":\"WebPage\",\"@id\":\"https:\/\/capitalcientifica.com.mx\/tienda\/product\/caja-recolectora-para-toma-de-muestras-con-asa-no-catalogo-hs-120261\/\",\"url\":\"https:\/\/capitalcientifica.com.mx\/tienda\/product\/caja-recolectora-para-toma-de-muestras-con-asa-no-catalogo-hs-120261\/\",\"name\":\"CAJA RECOLECTORA PARA TOMA DE MUESTRAS CON ASA - Capital Cient&iacute;fica\",\"isPartOf\":{\"@id\":\"https:\/\/capitalcientifica.com.mx\/tienda\/#website\"},\"primaryImageOfPage\":{\"@id\":\"https:\/\/capitalcientifica.com.mx\/tienda\/product\/caja-recolectora-para-toma-de-muestras-con-asa-no-catalogo-hs-120261\/#primaryimage\"},\"image\":{\"@id\":\"https:\/\/capitalcientifica.com.mx\/tienda\/product\/caja-recolectora-para-toma-de-muestras-con-asa-no-catalogo-hs-120261\/#primaryimage\"},\"thumbnailUrl\":\"https:\/\/capitalcientifica.com.mx\/tienda\/wp-content\/uploads\/2022\/02\/hs-120261_0.png\",\"datePublished\":\"2022-02-21T04:09:07+00:00\",\"dateModified\":\"2023-02-14T20:00:38+00:00\",\"breadcrumb\":{\"@id\":\"https:\/\/capitalcientifica.com.mx\/tienda\/product\/caja-recolectora-para-toma-de-muestras-con-asa-no-catalogo-hs-120261\/#breadcrumb\"},\"inLanguage\":\"es\",\"potentialAction\":[{\"@type\":\"ReadAction\",\"target\":[\"https:\/\/capitalcientifica.com.mx\/tienda\/product\/caja-recolectora-para-toma-de-muestras-con-asa-no-catalogo-hs-120261\/\"]}]},{\"@type\":\"ImageObject\",\"inLanguage\":\"es\",\"@id\":\"https:\/\/capitalcientifica.com.mx\/tienda\/product\/caja-recolectora-para-toma-de-muestras-con-asa-no-catalogo-hs-120261\/#primaryimage\",\"url\":\"https:\/\/capitalcientifica.com.mx\/tienda\/wp-content\/uploads\/2022\/02\/hs-120261_0.png\",\"contentUrl\":\"https:\/\/capitalcientifica.com.mx\/tienda\/wp-content\/uploads\/2022\/02\/hs-120261_0.png\",\"width\":84,\"height\":62},{\"@type\":\"BreadcrumbList\",\"@id\":\"https:\/\/capitalcientifica.com.mx\/tienda\/product\/caja-recolectora-para-toma-de-muestras-con-asa-no-catalogo-hs-120261\/#breadcrumb\",\"itemListElement\":[{\"@type\":\"ListItem\",\"position\":1,\"name\":\"Portada\",\"item\":\"https:\/\/capitalcientifica.com.mx\/tienda\/\"},{\"@type\":\"ListItem\",\"position\":2,\"name\":\"Shop\",\"item\":\"https:\/\/capitalcientifica.com.mx\/tienda\/shop\/\"},{\"@type\":\"ListItem\",\"position\":3,\"name\":\"CAJA RECOLECTORA PARA TOMA DE MUESTRAS CON ASA\"}]},{\"@type\":\"WebSite\",\"@id\":\"https:\/\/capitalcientifica.com.mx\/tienda\/#website\",\"url\":\"https:\/\/capitalcientifica.com.mx\/tienda\/\",\"name\":\"Capital Cient&iacute;fica\",\"description\":\"Equipo para laboratorio\",\"potentialAction\":[{\"@type\":\"SearchAction\",\"target\":{\"@type\":\"EntryPoint\",\"urlTemplate\":\"https:\/\/capitalcientifica.com.mx\/tienda\/?s={search_term_string}\"},\"query-input\":{\"@type\":\"PropertyValueSpecification\",\"valueRequired\":true,\"valueName\":\"search_term_string\"}}],\"inLanguage\":\"es\"}]}<\/script>\n<!-- \/ Yoast SEO plugin. -->","yoast_head_json":{"title":"CAJA RECOLECTORA PARA TOMA DE MUESTRAS CON ASA - Capital Cient&iacute;fica","robots":{"index":"index","follow":"follow","max-snippet":"max-snippet:-1","max-image-preview":"max-image-preview:large","max-video-preview":"max-video-preview:-1"},"canonical":"https:\/\/capitalcientifica.com.mx\/tienda\/product\/caja-recolectora-para-toma-de-muestras-con-asa-no-catalogo-hs-120261\/","og_locale":"es_ES","og_type":"article","og_title":"CAJA RECOLECTORA PARA TOMA DE MUESTRAS CON ASA - Capital Cient&iacute;fica","og_description":"CAJA RECOLECTORA PARA TOMA DE MUESTRAS CON ASA No. Cat\u00e1logo\u00a0HS-120261  Caja recolectora para toma de muestras de sangre, en pl\u00e1stico ABS, para transporte, ligera, para f\u00e1cil organizaci\u00f3n, espaciosa, robusta y f\u00e1cil de limpiar. Personalice los compartimentos con separadores configurables, asa con mango de agarre c\u00f3modo para soportar hasta 10 kg, asa extra\u00edble para f\u00e1cil almacenamiento. Incluye gradilla para 60 tubos de 17 mm.","og_url":"https:\/\/capitalcientifica.com.mx\/tienda\/product\/caja-recolectora-para-toma-de-muestras-con-asa-no-catalogo-hs-120261\/","og_site_name":"Capital Cient&iacute;fica","article_modified_time":"2023-02-14T20:00:38+00:00","og_image":[{"width":84,"height":62,"url":"https:\/\/capitalcientifica.com.mx\/tienda\/wp-content\/uploads\/2022\/02\/hs-120261_0.png","type":"image\/png"}],"twitter_card":"summary_large_image","schema":{"@context":"https:\/\/schema.org","@graph":[{"@type":"WebPage","@id":"https:\/\/capitalcientifica.com.mx\/tienda\/product\/caja-recolectora-para-toma-de-muestras-con-asa-no-catalogo-hs-120261\/","url":"https:\/\/capitalcientifica.com.mx\/tienda\/product\/caja-recolectora-para-toma-de-muestras-con-asa-no-catalogo-hs-120261\/","name":"CAJA RECOLECTORA PARA TOMA DE MUESTRAS CON ASA - Capital Cient&iacute;fica","isPartOf":{"@id":"https:\/\/capitalcientifica.com.mx\/tienda\/#website"},"primaryImageOfPage":{"@id":"https:\/\/capitalcientifica.com.mx\/tienda\/product\/caja-recolectora-para-toma-de-muestras-con-asa-no-catalogo-hs-120261\/#primaryimage"},"image":{"@id":"https:\/\/capitalcientifica.com.mx\/tienda\/product\/caja-recolectora-para-toma-de-muestras-con-asa-no-catalogo-hs-120261\/#primaryimage"},"thumbnailUrl":"https:\/\/capitalcientifica.com.mx\/tienda\/wp-content\/uploads\/2022\/02\/hs-120261_0.png","datePublished":"2022-02-21T04:09:07+00:00","dateModified":"2023-02-14T20:00:38+00:00","breadcrumb":{"@id":"https:\/\/capitalcientifica.com.mx\/tienda\/product\/caja-recolectora-para-toma-de-muestras-con-asa-no-catalogo-hs-120261\/#breadcrumb"},"inLanguage":"es","potentialAction":[{"@type":"ReadAction","target":["https:\/\/capitalcientifica.com.mx\/tienda\/product\/caja-recolectora-para-toma-de-muestras-con-asa-no-catalogo-hs-120261\/"]}]},{"@type":"ImageObject","inLanguage":"es","@id":"https:\/\/capitalcientifica.com.mx\/tienda\/product\/caja-recolectora-para-toma-de-muestras-con-asa-no-catalogo-hs-120261\/#primaryimage","url":"https:\/\/capitalcientifica.com.mx\/tienda\/wp-content\/uploads\/2022\/02\/hs-120261_0.png","contentUrl":"https:\/\/capitalcientifica.com.mx\/tienda\/wp-content\/uploads\/2022\/02\/hs-120261_0.png","width":84,"height":62},{"@type":"BreadcrumbList","@id":"https:\/\/capitalcientifica.com.mx\/tienda\/product\/caja-recolectora-para-toma-de-muestras-con-asa-no-catalogo-hs-120261\/#breadcrumb","itemListElement":[{"@type":"ListItem","position":1,"name":"Portada","item":"https:\/\/capitalcientifica.com.mx\/tienda\/"},{"@type":"ListItem","position":2,"name":"Shop","item":"https:\/\/capitalcientifica.com.mx\/tienda\/shop\/"},{"@type":"ListItem","position":3,"name":"CAJA RECOLECTORA PARA TOMA DE MUESTRAS CON ASA"}]},{"@type":"WebSite","@id":"https:\/\/capitalcientifica.com.mx\/tienda\/#website","url":"https:\/\/capitalcientifica.com.mx\/tienda\/","name":"Capital Cient&iacute;fica","description":"Equipo para laboratorio","potentialAction":[{"@type":"SearchAction","target":{"@type":"EntryPoint","urlTemplate":"https:\/\/capitalcientifica.com.mx\/tienda\/?s={search_term_string}"},"query-input":{"@type":"PropertyValueSpecification","valueRequired":true,"valueName":"search_term_string"}}],"inLanguage":"es"}]}},"_links":{"self":[{"href":"https:\/\/capitalcientifica.com.mx\/tienda\/wp-json\/wp\/v2\/product\/4271","targetHints":{"allow":["GET"]}}],"collection":[{"href":"https:\/\/capitalcientifica.com.mx\/tienda\/wp-json\/wp\/v2\/product"}],"about":[{"href":"https:\/\/capitalcientifica.com.mx\/tienda\/wp-json\/wp\/v2\/types\/product"}],"replies":[{"embeddable":true,"href":"https:\/\/capitalcientifica.com.mx\/tienda\/wp-json\/wp\/v2\/comments?post=4271"}],"wp:featuredmedia":[{"embeddable":true,"href":"https:\/\/capitalcientifica.com.mx\/tienda\/wp-json\/wp\/v2\/media\/4272"}],"wp:attachment":[{"href":"https:\/\/capitalcientifica.com.mx\/tienda\/wp-json\/wp\/v2\/media?parent=4271"}],"wp:term":[{"taxonomy":"product_cat","embeddable":true,"href":"https:\/\/capitalcientifica.com.mx\/tienda\/wp-json\/wp\/v2\/product_cat?post=4271"},{"taxonomy":"product_tag","embeddable":true,"href":"https:\/\/capitalcientifica.com.mx\/tienda\/wp-json\/wp\/v2\/product_tag?post=4271"}],"curies":[{"name":"wp","href":"https:\/\/api.w.org\/{rel}","templated":true}]}}