{"id":4226,"date":"2022-02-21T01:53:53","date_gmt":"2022-02-21T01:53:53","guid":{"rendered":"https:\/\/www.capitalcientifica.com.mx\/?post_type=product&#038;p=4226"},"modified":"2023-03-03T18:05:04","modified_gmt":"2023-03-03T18:05:04","slug":"succionador-de-3-vias-en-caucho-azul-no-catalogo-hs-20632c","status":"publish","type":"product","link":"https:\/\/capitalcientifica.com.mx\/tienda\/product\/succionador-de-3-vias-en-caucho-azul-no-catalogo-hs-20632c\/","title":{"rendered":"SUCCIONADOR DE 3 V\u00cdAS EN CAUCHO AZUL"},"content":{"rendered":"<p>SUCCIONADOR DE 3 V\u00cdAS EN CAUCHO AZUL<\/p>\n<div class=\"product-id-stock\"><span class=\"product-id\"><span class=\"product-id-name\">No. Cat\u00e1logo<\/span>\u00a0<span class=\"product-id-value\">HS-20632C<\/span><\/span><\/div>\n<div><\/div>\n<div>Succionador de tres v\u00edas en hule o caucho natural para rellenar pipetas y puede operase con una mano. Controla la evacuaci\u00f3n de aire, la absorci\u00f3n y la distribuci\u00f3n de l\u00edquido con las tres v\u00e1lvulas, cada una de las cuales contiene una esfera de acero inoxidable resistente a los productos qu\u00edmicos. Compatible con pipetas de tama\u00f1o est\u00e1ndar, no contiene carb\u00f3n negro y no mancha.<\/div>\n","protected":false},"excerpt":{"rendered":"<p>SUCCIONADOR DE 3 V\u00cdAS EN CAUCHO AZUL<\/p>\n<div class=\"product-id-stock\"><span class=\"product-id\"><span class=\"product-id-name\">No. Cat\u00e1logo<\/span>\u00a0<span class=\"product-id-value\">HS-20632C<\/span><\/span><\/div>\n<div><\/div>\n<div>Succionador de tres v\u00edas en hule o caucho natural para rellenar pipetas y puede operase con una mano. Controla la evacuaci\u00f3n de aire, la absorci\u00f3n y la distribuci\u00f3n de l\u00edquido con las tres v\u00e1lvulas, cada una de las cuales contiene una esfera de acero inoxidable resistente a los productos qu\u00edmicos. Compatible con pipetas de tama\u00f1o est\u00e1ndar, no contiene carb\u00f3n negro y no mancha.<\/div>\n","protected":false},"featured_media":4224,"comment_status":"open","ping_status":"closed","template":"","meta":{"_joinchat":[]},"product_cat":[41,122],"product_tag":[172,173,2610],"class_list":{"0":"post-4226","1":"product","2":"type-product","3":"status-publish","4":"has-post-thumbnail","6":"product_cat-heathrow-scientific","7":"product_cat-pipeteo","8":"product_tag-equipo-de-laboratorio","9":"product_tag-equipo-para-laboratorio","10":"product_tag-succionador-de-3-vias-en-caucho-azul","12":"first","13":"instock","14":"shipping-taxable","15":"product-type-simple","16":"col-xs-6 col-sm-4","17":"col-md-3 col-lg-3","18":"un-4-cols"},"yoast_head":"<!-- This site is optimized with the Yoast SEO plugin v27.2 - https:\/\/yoast.com\/product\/yoast-seo-wordpress\/ -->\n<title>SUCCIONADOR DE 3 V\u00cdAS EN CAUCHO AZUL - Capital Cient&iacute;fica<\/title>\n<meta name=\"robots\" content=\"index, follow, max-snippet:-1, max-image-preview:large, max-video-preview:-1\" \/>\n<link rel=\"canonical\" href=\"https:\/\/capitalcientifica.com.mx\/tienda\/product\/succionador-de-3-vias-en-caucho-azul-no-catalogo-hs-20632c\/\" \/>\n<meta property=\"og:locale\" content=\"es_ES\" \/>\n<meta property=\"og:type\" content=\"article\" \/>\n<meta property=\"og:title\" content=\"SUCCIONADOR DE 3 V\u00cdAS EN CAUCHO AZUL - Capital Cient&iacute;fica\" \/>\n<meta property=\"og:description\" content=\"SUCCIONADOR DE 3 V\u00cdAS EN CAUCHO AZUL No. Cat\u00e1logo\u00a0HS-20632C  Succionador de tres v\u00edas en hule o caucho natural para rellenar pipetas y puede operase con una mano. Controla la evacuaci\u00f3n de aire, la absorci\u00f3n y la distribuci\u00f3n de l\u00edquido con las tres v\u00e1lvulas, cada una de las cuales contiene una esfera de acero inoxidable resistente a los productos qu\u00edmicos. Compatible con pipetas de tama\u00f1o est\u00e1ndar, no contiene carb\u00f3n negro y no mancha.\" \/>\n<meta property=\"og:url\" content=\"https:\/\/capitalcientifica.com.mx\/tienda\/product\/succionador-de-3-vias-en-caucho-azul-no-catalogo-hs-20632c\/\" \/>\n<meta property=\"og:site_name\" content=\"Capital Cient&iacute;fica\" \/>\n<meta property=\"article:modified_time\" content=\"2023-03-03T18:05:04+00:00\" \/>\n<meta property=\"og:image\" content=\"https:\/\/capitalcientifica.com.mx\/tienda\/wp-content\/uploads\/2022\/02\/hs-20632a_0.png\" \/>\n\t<meta property=\"og:image:width\" content=\"84\" \/>\n\t<meta property=\"og:image:height\" content=\"63\" \/>\n\t<meta property=\"og:image:type\" content=\"image\/png\" \/>\n<meta name=\"twitter:card\" content=\"summary_large_image\" \/>\n<script type=\"application\/ld+json\" class=\"yoast-schema-graph\">{\"@context\":\"https:\/\/schema.org\",\"@graph\":[{\"@type\":\"WebPage\",\"@id\":\"https:\/\/capitalcientifica.com.mx\/tienda\/product\/succionador-de-3-vias-en-caucho-azul-no-catalogo-hs-20632c\/\",\"url\":\"https:\/\/capitalcientifica.com.mx\/tienda\/product\/succionador-de-3-vias-en-caucho-azul-no-catalogo-hs-20632c\/\",\"name\":\"SUCCIONADOR DE 3 V\u00cdAS EN CAUCHO AZUL - Capital Cient&iacute;fica\",\"isPartOf\":{\"@id\":\"https:\/\/capitalcientifica.com.mx\/tienda\/#website\"},\"primaryImageOfPage\":{\"@id\":\"https:\/\/capitalcientifica.com.mx\/tienda\/product\/succionador-de-3-vias-en-caucho-azul-no-catalogo-hs-20632c\/#primaryimage\"},\"image\":{\"@id\":\"https:\/\/capitalcientifica.com.mx\/tienda\/product\/succionador-de-3-vias-en-caucho-azul-no-catalogo-hs-20632c\/#primaryimage\"},\"thumbnailUrl\":\"https:\/\/capitalcientifica.com.mx\/tienda\/wp-content\/uploads\/2022\/02\/hs-20632a_0.png\",\"datePublished\":\"2022-02-21T01:53:53+00:00\",\"dateModified\":\"2023-03-03T18:05:04+00:00\",\"breadcrumb\":{\"@id\":\"https:\/\/capitalcientifica.com.mx\/tienda\/product\/succionador-de-3-vias-en-caucho-azul-no-catalogo-hs-20632c\/#breadcrumb\"},\"inLanguage\":\"es\",\"potentialAction\":[{\"@type\":\"ReadAction\",\"target\":[\"https:\/\/capitalcientifica.com.mx\/tienda\/product\/succionador-de-3-vias-en-caucho-azul-no-catalogo-hs-20632c\/\"]}]},{\"@type\":\"ImageObject\",\"inLanguage\":\"es\",\"@id\":\"https:\/\/capitalcientifica.com.mx\/tienda\/product\/succionador-de-3-vias-en-caucho-azul-no-catalogo-hs-20632c\/#primaryimage\",\"url\":\"https:\/\/capitalcientifica.com.mx\/tienda\/wp-content\/uploads\/2022\/02\/hs-20632a_0.png\",\"contentUrl\":\"https:\/\/capitalcientifica.com.mx\/tienda\/wp-content\/uploads\/2022\/02\/hs-20632a_0.png\",\"width\":84,\"height\":63},{\"@type\":\"BreadcrumbList\",\"@id\":\"https:\/\/capitalcientifica.com.mx\/tienda\/product\/succionador-de-3-vias-en-caucho-azul-no-catalogo-hs-20632c\/#breadcrumb\",\"itemListElement\":[{\"@type\":\"ListItem\",\"position\":1,\"name\":\"Portada\",\"item\":\"https:\/\/capitalcientifica.com.mx\/tienda\/\"},{\"@type\":\"ListItem\",\"position\":2,\"name\":\"Shop\",\"item\":\"https:\/\/capitalcientifica.com.mx\/tienda\/shop\/\"},{\"@type\":\"ListItem\",\"position\":3,\"name\":\"SUCCIONADOR DE 3 V\u00cdAS EN CAUCHO AZUL\"}]},{\"@type\":\"WebSite\",\"@id\":\"https:\/\/capitalcientifica.com.mx\/tienda\/#website\",\"url\":\"https:\/\/capitalcientifica.com.mx\/tienda\/\",\"name\":\"Capital Cient&iacute;fica\",\"description\":\"Equipo para laboratorio\",\"potentialAction\":[{\"@type\":\"SearchAction\",\"target\":{\"@type\":\"EntryPoint\",\"urlTemplate\":\"https:\/\/capitalcientifica.com.mx\/tienda\/?s={search_term_string}\"},\"query-input\":{\"@type\":\"PropertyValueSpecification\",\"valueRequired\":true,\"valueName\":\"search_term_string\"}}],\"inLanguage\":\"es\"}]}<\/script>\n<!-- \/ Yoast SEO plugin. -->","yoast_head_json":{"title":"SUCCIONADOR DE 3 V\u00cdAS EN CAUCHO AZUL - Capital Cient&iacute;fica","robots":{"index":"index","follow":"follow","max-snippet":"max-snippet:-1","max-image-preview":"max-image-preview:large","max-video-preview":"max-video-preview:-1"},"canonical":"https:\/\/capitalcientifica.com.mx\/tienda\/product\/succionador-de-3-vias-en-caucho-azul-no-catalogo-hs-20632c\/","og_locale":"es_ES","og_type":"article","og_title":"SUCCIONADOR DE 3 V\u00cdAS EN CAUCHO AZUL - Capital Cient&iacute;fica","og_description":"SUCCIONADOR DE 3 V\u00cdAS EN CAUCHO AZUL No. Cat\u00e1logo\u00a0HS-20632C  Succionador de tres v\u00edas en hule o caucho natural para rellenar pipetas y puede operase con una mano. Controla la evacuaci\u00f3n de aire, la absorci\u00f3n y la distribuci\u00f3n de l\u00edquido con las tres v\u00e1lvulas, cada una de las cuales contiene una esfera de acero inoxidable resistente a los productos qu\u00edmicos. Compatible con pipetas de tama\u00f1o est\u00e1ndar, no contiene carb\u00f3n negro y no mancha.","og_url":"https:\/\/capitalcientifica.com.mx\/tienda\/product\/succionador-de-3-vias-en-caucho-azul-no-catalogo-hs-20632c\/","og_site_name":"Capital Cient&iacute;fica","article_modified_time":"2023-03-03T18:05:04+00:00","og_image":[{"width":84,"height":63,"url":"https:\/\/capitalcientifica.com.mx\/tienda\/wp-content\/uploads\/2022\/02\/hs-20632a_0.png","type":"image\/png"}],"twitter_card":"summary_large_image","schema":{"@context":"https:\/\/schema.org","@graph":[{"@type":"WebPage","@id":"https:\/\/capitalcientifica.com.mx\/tienda\/product\/succionador-de-3-vias-en-caucho-azul-no-catalogo-hs-20632c\/","url":"https:\/\/capitalcientifica.com.mx\/tienda\/product\/succionador-de-3-vias-en-caucho-azul-no-catalogo-hs-20632c\/","name":"SUCCIONADOR DE 3 V\u00cdAS EN CAUCHO AZUL - Capital Cient&iacute;fica","isPartOf":{"@id":"https:\/\/capitalcientifica.com.mx\/tienda\/#website"},"primaryImageOfPage":{"@id":"https:\/\/capitalcientifica.com.mx\/tienda\/product\/succionador-de-3-vias-en-caucho-azul-no-catalogo-hs-20632c\/#primaryimage"},"image":{"@id":"https:\/\/capitalcientifica.com.mx\/tienda\/product\/succionador-de-3-vias-en-caucho-azul-no-catalogo-hs-20632c\/#primaryimage"},"thumbnailUrl":"https:\/\/capitalcientifica.com.mx\/tienda\/wp-content\/uploads\/2022\/02\/hs-20632a_0.png","datePublished":"2022-02-21T01:53:53+00:00","dateModified":"2023-03-03T18:05:04+00:00","breadcrumb":{"@id":"https:\/\/capitalcientifica.com.mx\/tienda\/product\/succionador-de-3-vias-en-caucho-azul-no-catalogo-hs-20632c\/#breadcrumb"},"inLanguage":"es","potentialAction":[{"@type":"ReadAction","target":["https:\/\/capitalcientifica.com.mx\/tienda\/product\/succionador-de-3-vias-en-caucho-azul-no-catalogo-hs-20632c\/"]}]},{"@type":"ImageObject","inLanguage":"es","@id":"https:\/\/capitalcientifica.com.mx\/tienda\/product\/succionador-de-3-vias-en-caucho-azul-no-catalogo-hs-20632c\/#primaryimage","url":"https:\/\/capitalcientifica.com.mx\/tienda\/wp-content\/uploads\/2022\/02\/hs-20632a_0.png","contentUrl":"https:\/\/capitalcientifica.com.mx\/tienda\/wp-content\/uploads\/2022\/02\/hs-20632a_0.png","width":84,"height":63},{"@type":"BreadcrumbList","@id":"https:\/\/capitalcientifica.com.mx\/tienda\/product\/succionador-de-3-vias-en-caucho-azul-no-catalogo-hs-20632c\/#breadcrumb","itemListElement":[{"@type":"ListItem","position":1,"name":"Portada","item":"https:\/\/capitalcientifica.com.mx\/tienda\/"},{"@type":"ListItem","position":2,"name":"Shop","item":"https:\/\/capitalcientifica.com.mx\/tienda\/shop\/"},{"@type":"ListItem","position":3,"name":"SUCCIONADOR DE 3 V\u00cdAS EN CAUCHO AZUL"}]},{"@type":"WebSite","@id":"https:\/\/capitalcientifica.com.mx\/tienda\/#website","url":"https:\/\/capitalcientifica.com.mx\/tienda\/","name":"Capital Cient&iacute;fica","description":"Equipo para laboratorio","potentialAction":[{"@type":"SearchAction","target":{"@type":"EntryPoint","urlTemplate":"https:\/\/capitalcientifica.com.mx\/tienda\/?s={search_term_string}"},"query-input":{"@type":"PropertyValueSpecification","valueRequired":true,"valueName":"search_term_string"}}],"inLanguage":"es"}]}},"_links":{"self":[{"href":"https:\/\/capitalcientifica.com.mx\/tienda\/wp-json\/wp\/v2\/product\/4226","targetHints":{"allow":["GET"]}}],"collection":[{"href":"https:\/\/capitalcientifica.com.mx\/tienda\/wp-json\/wp\/v2\/product"}],"about":[{"href":"https:\/\/capitalcientifica.com.mx\/tienda\/wp-json\/wp\/v2\/types\/product"}],"replies":[{"embeddable":true,"href":"https:\/\/capitalcientifica.com.mx\/tienda\/wp-json\/wp\/v2\/comments?post=4226"}],"wp:featuredmedia":[{"embeddable":true,"href":"https:\/\/capitalcientifica.com.mx\/tienda\/wp-json\/wp\/v2\/media\/4224"}],"wp:attachment":[{"href":"https:\/\/capitalcientifica.com.mx\/tienda\/wp-json\/wp\/v2\/media?parent=4226"}],"wp:term":[{"taxonomy":"product_cat","embeddable":true,"href":"https:\/\/capitalcientifica.com.mx\/tienda\/wp-json\/wp\/v2\/product_cat?post=4226"},{"taxonomy":"product_tag","embeddable":true,"href":"https:\/\/capitalcientifica.com.mx\/tienda\/wp-json\/wp\/v2\/product_tag?post=4226"}],"curies":[{"name":"wp","href":"https:\/\/api.w.org\/{rel}","templated":true}]}}