{"id":4133,"date":"2022-02-20T23:42:32","date_gmt":"2022-02-20T23:42:32","guid":{"rendered":"https:\/\/www.capitalcientifica.com.mx\/?post_type=product&#038;p=4133"},"modified":"2023-02-13T21:07:06","modified_gmt":"2023-02-13T21:07:06","slug":"asa-bacteriologica-de-plastico-abs-esteril-1ul-no-catalogo-hs-81121b","status":"publish","type":"product","link":"https:\/\/capitalcientifica.com.mx\/tienda\/product\/asa-bacteriologica-de-plastico-abs-esteril-1ul-no-catalogo-hs-81121b\/","title":{"rendered":"ASA BACTERIOLOGICA DE PLASTICO (ABS) ESTERIL 1ul"},"content":{"rendered":"<p>ASA BACTERIOLOGICA DE PLASTICO (ABS) ESTERIL 1ul<\/p>\n<div class=\"product-id-stock\"><span class=\"product-id\"><span class=\"product-id-name\">No. Cat\u00e1logo<\/span>\u00a0<span class=\"product-id-value\">HS-81121B<\/span><\/span><\/div>\n<div><\/div>\n<div>Asa y aguja de inoculaci\u00f3n de pl\u00e1stico est\u00e9ril desechable, es la combinaci\u00f3n para poder expandir, recolectar colonias o transferir cultivos bacteriol\u00f3gicos sin riesgo de contaminaci\u00f3n. El extremo del asa se utiliza para el sembrado en gel y el extremo de la aguja se usa para remover colonias. Viene en paquetes de 20 piezas est\u00e9riles.<\/div>\n","protected":false},"excerpt":{"rendered":"<p>ASA BACTERIOLOGICA DE PLASTICO (ABS) ESTERIL 1ul<\/p>\n<div class=\"product-id-stock\"><span class=\"product-id\"><span class=\"product-id-name\">No. Cat\u00e1logo<\/span>\u00a0<span class=\"product-id-value\">HS-81121B<\/span><\/span><\/div>\n<div><\/div>\n<div>Asa y aguja de inoculaci\u00f3n de pl\u00e1stico est\u00e9ril desechable, es la combinaci\u00f3n para poder expandir, recolectar colonias o transferir cultivos bacteriol\u00f3gicos sin riesgo de contaminaci\u00f3n. El extremo del asa se utiliza para el sembrado en gel y el extremo de la aguja se usa para remover colonias. Viene en paquetes de 20 piezas est\u00e9riles.<\/div>\n","protected":false},"featured_media":4132,"comment_status":"open","ping_status":"closed","template":"","meta":{"_joinchat":[]},"product_cat":[41,121],"product_tag":[417,172,173],"class_list":{"0":"post-4133","1":"product","2":"type-product","3":"status-publish","4":"has-post-thumbnail","6":"product_cat-heathrow-scientific","7":"product_cat-microbiologia","8":"product_tag-asa-bacteriologica-de-plastico-abs-esteril-1ul","9":"product_tag-equipo-de-laboratorio","10":"product_tag-equipo-para-laboratorio","12":"first","13":"instock","14":"shipping-taxable","15":"product-type-simple","16":"col-xs-6 col-sm-4","17":"col-md-3 col-lg-3","18":"un-4-cols"},"yoast_head":"<!-- This site is optimized with the Yoast SEO plugin v27.2 - https:\/\/yoast.com\/product\/yoast-seo-wordpress\/ -->\n<title>ASA BACTERIOLOGICA DE PLASTICO (ABS) ESTERIL 1ul - Capital Cient&iacute;fica<\/title>\n<meta name=\"robots\" content=\"index, follow, max-snippet:-1, max-image-preview:large, max-video-preview:-1\" \/>\n<link rel=\"canonical\" href=\"https:\/\/capitalcientifica.com.mx\/tienda\/product\/asa-bacteriologica-de-plastico-abs-esteril-1ul-no-catalogo-hs-81121b\/\" \/>\n<meta property=\"og:locale\" content=\"es_ES\" \/>\n<meta property=\"og:type\" content=\"article\" \/>\n<meta property=\"og:title\" content=\"ASA BACTERIOLOGICA DE PLASTICO (ABS) ESTERIL 1ul - Capital Cient&iacute;fica\" \/>\n<meta property=\"og:description\" content=\"ASA BACTERIOLOGICA DE PLASTICO (ABS) ESTERIL 1ul No. Cat\u00e1logo\u00a0HS-81121B  Asa y aguja de inoculaci\u00f3n de pl\u00e1stico est\u00e9ril desechable, es la combinaci\u00f3n para poder expandir, recolectar colonias o transferir cultivos bacteriol\u00f3gicos sin riesgo de contaminaci\u00f3n. El extremo del asa se utiliza para el sembrado en gel y el extremo de la aguja se usa para remover colonias. Viene en paquetes de 20 piezas est\u00e9riles.\" \/>\n<meta property=\"og:url\" content=\"https:\/\/capitalcientifica.com.mx\/tienda\/product\/asa-bacteriologica-de-plastico-abs-esteril-1ul-no-catalogo-hs-81121b\/\" \/>\n<meta property=\"og:site_name\" content=\"Capital Cient&iacute;fica\" \/>\n<meta property=\"article:modified_time\" content=\"2023-02-13T21:07:06+00:00\" \/>\n<meta property=\"og:image\" content=\"https:\/\/capitalcientifica.com.mx\/tienda\/wp-content\/uploads\/2022\/02\/hs-81121a_0.png\" \/>\n\t<meta property=\"og:image:width\" content=\"84\" \/>\n\t<meta property=\"og:image:height\" content=\"23\" \/>\n\t<meta property=\"og:image:type\" content=\"image\/png\" \/>\n<meta name=\"twitter:card\" content=\"summary_large_image\" \/>\n<script type=\"application\/ld+json\" class=\"yoast-schema-graph\">{\"@context\":\"https:\/\/schema.org\",\"@graph\":[{\"@type\":\"WebPage\",\"@id\":\"https:\/\/capitalcientifica.com.mx\/tienda\/product\/asa-bacteriologica-de-plastico-abs-esteril-1ul-no-catalogo-hs-81121b\/\",\"url\":\"https:\/\/capitalcientifica.com.mx\/tienda\/product\/asa-bacteriologica-de-plastico-abs-esteril-1ul-no-catalogo-hs-81121b\/\",\"name\":\"ASA BACTERIOLOGICA DE PLASTICO (ABS) ESTERIL 1ul - Capital Cient&iacute;fica\",\"isPartOf\":{\"@id\":\"https:\/\/capitalcientifica.com.mx\/tienda\/#website\"},\"primaryImageOfPage\":{\"@id\":\"https:\/\/capitalcientifica.com.mx\/tienda\/product\/asa-bacteriologica-de-plastico-abs-esteril-1ul-no-catalogo-hs-81121b\/#primaryimage\"},\"image\":{\"@id\":\"https:\/\/capitalcientifica.com.mx\/tienda\/product\/asa-bacteriologica-de-plastico-abs-esteril-1ul-no-catalogo-hs-81121b\/#primaryimage\"},\"thumbnailUrl\":\"https:\/\/capitalcientifica.com.mx\/tienda\/wp-content\/uploads\/2022\/02\/hs-81121a_0.png\",\"datePublished\":\"2022-02-20T23:42:32+00:00\",\"dateModified\":\"2023-02-13T21:07:06+00:00\",\"breadcrumb\":{\"@id\":\"https:\/\/capitalcientifica.com.mx\/tienda\/product\/asa-bacteriologica-de-plastico-abs-esteril-1ul-no-catalogo-hs-81121b\/#breadcrumb\"},\"inLanguage\":\"es\",\"potentialAction\":[{\"@type\":\"ReadAction\",\"target\":[\"https:\/\/capitalcientifica.com.mx\/tienda\/product\/asa-bacteriologica-de-plastico-abs-esteril-1ul-no-catalogo-hs-81121b\/\"]}]},{\"@type\":\"ImageObject\",\"inLanguage\":\"es\",\"@id\":\"https:\/\/capitalcientifica.com.mx\/tienda\/product\/asa-bacteriologica-de-plastico-abs-esteril-1ul-no-catalogo-hs-81121b\/#primaryimage\",\"url\":\"https:\/\/capitalcientifica.com.mx\/tienda\/wp-content\/uploads\/2022\/02\/hs-81121a_0.png\",\"contentUrl\":\"https:\/\/capitalcientifica.com.mx\/tienda\/wp-content\/uploads\/2022\/02\/hs-81121a_0.png\",\"width\":84,\"height\":23},{\"@type\":\"BreadcrumbList\",\"@id\":\"https:\/\/capitalcientifica.com.mx\/tienda\/product\/asa-bacteriologica-de-plastico-abs-esteril-1ul-no-catalogo-hs-81121b\/#breadcrumb\",\"itemListElement\":[{\"@type\":\"ListItem\",\"position\":1,\"name\":\"Portada\",\"item\":\"https:\/\/capitalcientifica.com.mx\/tienda\/\"},{\"@type\":\"ListItem\",\"position\":2,\"name\":\"Shop\",\"item\":\"https:\/\/capitalcientifica.com.mx\/tienda\/shop\/\"},{\"@type\":\"ListItem\",\"position\":3,\"name\":\"ASA BACTERIOLOGICA DE PLASTICO (ABS) ESTERIL 1ul\"}]},{\"@type\":\"WebSite\",\"@id\":\"https:\/\/capitalcientifica.com.mx\/tienda\/#website\",\"url\":\"https:\/\/capitalcientifica.com.mx\/tienda\/\",\"name\":\"Capital Cient&iacute;fica\",\"description\":\"Equipo para laboratorio\",\"potentialAction\":[{\"@type\":\"SearchAction\",\"target\":{\"@type\":\"EntryPoint\",\"urlTemplate\":\"https:\/\/capitalcientifica.com.mx\/tienda\/?s={search_term_string}\"},\"query-input\":{\"@type\":\"PropertyValueSpecification\",\"valueRequired\":true,\"valueName\":\"search_term_string\"}}],\"inLanguage\":\"es\"}]}<\/script>\n<!-- \/ Yoast SEO plugin. -->","yoast_head_json":{"title":"ASA BACTERIOLOGICA DE PLASTICO (ABS) ESTERIL 1ul - Capital Cient&iacute;fica","robots":{"index":"index","follow":"follow","max-snippet":"max-snippet:-1","max-image-preview":"max-image-preview:large","max-video-preview":"max-video-preview:-1"},"canonical":"https:\/\/capitalcientifica.com.mx\/tienda\/product\/asa-bacteriologica-de-plastico-abs-esteril-1ul-no-catalogo-hs-81121b\/","og_locale":"es_ES","og_type":"article","og_title":"ASA BACTERIOLOGICA DE PLASTICO (ABS) ESTERIL 1ul - Capital Cient&iacute;fica","og_description":"ASA BACTERIOLOGICA DE PLASTICO (ABS) ESTERIL 1ul No. Cat\u00e1logo\u00a0HS-81121B  Asa y aguja de inoculaci\u00f3n de pl\u00e1stico est\u00e9ril desechable, es la combinaci\u00f3n para poder expandir, recolectar colonias o transferir cultivos bacteriol\u00f3gicos sin riesgo de contaminaci\u00f3n. El extremo del asa se utiliza para el sembrado en gel y el extremo de la aguja se usa para remover colonias. Viene en paquetes de 20 piezas est\u00e9riles.","og_url":"https:\/\/capitalcientifica.com.mx\/tienda\/product\/asa-bacteriologica-de-plastico-abs-esteril-1ul-no-catalogo-hs-81121b\/","og_site_name":"Capital Cient&iacute;fica","article_modified_time":"2023-02-13T21:07:06+00:00","og_image":[{"width":84,"height":23,"url":"https:\/\/capitalcientifica.com.mx\/tienda\/wp-content\/uploads\/2022\/02\/hs-81121a_0.png","type":"image\/png"}],"twitter_card":"summary_large_image","schema":{"@context":"https:\/\/schema.org","@graph":[{"@type":"WebPage","@id":"https:\/\/capitalcientifica.com.mx\/tienda\/product\/asa-bacteriologica-de-plastico-abs-esteril-1ul-no-catalogo-hs-81121b\/","url":"https:\/\/capitalcientifica.com.mx\/tienda\/product\/asa-bacteriologica-de-plastico-abs-esteril-1ul-no-catalogo-hs-81121b\/","name":"ASA BACTERIOLOGICA DE PLASTICO (ABS) ESTERIL 1ul - Capital Cient&iacute;fica","isPartOf":{"@id":"https:\/\/capitalcientifica.com.mx\/tienda\/#website"},"primaryImageOfPage":{"@id":"https:\/\/capitalcientifica.com.mx\/tienda\/product\/asa-bacteriologica-de-plastico-abs-esteril-1ul-no-catalogo-hs-81121b\/#primaryimage"},"image":{"@id":"https:\/\/capitalcientifica.com.mx\/tienda\/product\/asa-bacteriologica-de-plastico-abs-esteril-1ul-no-catalogo-hs-81121b\/#primaryimage"},"thumbnailUrl":"https:\/\/capitalcientifica.com.mx\/tienda\/wp-content\/uploads\/2022\/02\/hs-81121a_0.png","datePublished":"2022-02-20T23:42:32+00:00","dateModified":"2023-02-13T21:07:06+00:00","breadcrumb":{"@id":"https:\/\/capitalcientifica.com.mx\/tienda\/product\/asa-bacteriologica-de-plastico-abs-esteril-1ul-no-catalogo-hs-81121b\/#breadcrumb"},"inLanguage":"es","potentialAction":[{"@type":"ReadAction","target":["https:\/\/capitalcientifica.com.mx\/tienda\/product\/asa-bacteriologica-de-plastico-abs-esteril-1ul-no-catalogo-hs-81121b\/"]}]},{"@type":"ImageObject","inLanguage":"es","@id":"https:\/\/capitalcientifica.com.mx\/tienda\/product\/asa-bacteriologica-de-plastico-abs-esteril-1ul-no-catalogo-hs-81121b\/#primaryimage","url":"https:\/\/capitalcientifica.com.mx\/tienda\/wp-content\/uploads\/2022\/02\/hs-81121a_0.png","contentUrl":"https:\/\/capitalcientifica.com.mx\/tienda\/wp-content\/uploads\/2022\/02\/hs-81121a_0.png","width":84,"height":23},{"@type":"BreadcrumbList","@id":"https:\/\/capitalcientifica.com.mx\/tienda\/product\/asa-bacteriologica-de-plastico-abs-esteril-1ul-no-catalogo-hs-81121b\/#breadcrumb","itemListElement":[{"@type":"ListItem","position":1,"name":"Portada","item":"https:\/\/capitalcientifica.com.mx\/tienda\/"},{"@type":"ListItem","position":2,"name":"Shop","item":"https:\/\/capitalcientifica.com.mx\/tienda\/shop\/"},{"@type":"ListItem","position":3,"name":"ASA BACTERIOLOGICA DE PLASTICO (ABS) ESTERIL 1ul"}]},{"@type":"WebSite","@id":"https:\/\/capitalcientifica.com.mx\/tienda\/#website","url":"https:\/\/capitalcientifica.com.mx\/tienda\/","name":"Capital Cient&iacute;fica","description":"Equipo para laboratorio","potentialAction":[{"@type":"SearchAction","target":{"@type":"EntryPoint","urlTemplate":"https:\/\/capitalcientifica.com.mx\/tienda\/?s={search_term_string}"},"query-input":{"@type":"PropertyValueSpecification","valueRequired":true,"valueName":"search_term_string"}}],"inLanguage":"es"}]}},"_links":{"self":[{"href":"https:\/\/capitalcientifica.com.mx\/tienda\/wp-json\/wp\/v2\/product\/4133","targetHints":{"allow":["GET"]}}],"collection":[{"href":"https:\/\/capitalcientifica.com.mx\/tienda\/wp-json\/wp\/v2\/product"}],"about":[{"href":"https:\/\/capitalcientifica.com.mx\/tienda\/wp-json\/wp\/v2\/types\/product"}],"replies":[{"embeddable":true,"href":"https:\/\/capitalcientifica.com.mx\/tienda\/wp-json\/wp\/v2\/comments?post=4133"}],"wp:featuredmedia":[{"embeddable":true,"href":"https:\/\/capitalcientifica.com.mx\/tienda\/wp-json\/wp\/v2\/media\/4132"}],"wp:attachment":[{"href":"https:\/\/capitalcientifica.com.mx\/tienda\/wp-json\/wp\/v2\/media?parent=4133"}],"wp:term":[{"taxonomy":"product_cat","embeddable":true,"href":"https:\/\/capitalcientifica.com.mx\/tienda\/wp-json\/wp\/v2\/product_cat?post=4133"},{"taxonomy":"product_tag","embeddable":true,"href":"https:\/\/capitalcientifica.com.mx\/tienda\/wp-json\/wp\/v2\/product_tag?post=4133"}],"curies":[{"name":"wp","href":"https:\/\/api.w.org\/{rel}","templated":true}]}}