{"id":4118,"date":"2022-02-20T23:18:49","date_gmt":"2022-02-20T23:18:49","guid":{"rendered":"https:\/\/www.capitalcientifica.com.mx\/?post_type=product&#038;p=4118"},"modified":"2023-02-16T18:40:59","modified_gmt":"2023-02-16T18:40:59","slug":"gradilla-para-tubos-rota-rack-691232-lugares-no-catalogo-hs-29040b","status":"publish","type":"product","link":"https:\/\/capitalcientifica.com.mx\/tienda\/product\/gradilla-para-tubos-rota-rack-691232-lugares-no-catalogo-hs-29040b\/","title":{"rendered":"GRADILLA PARA TUBOS ROTA-RACK 6,9,12,32 LUGARES"},"content":{"rendered":"<p>GRADILLA PARA TUBOS ROTA-RACK 6,9,12,32 LUGARES<\/p>\n<div class=\"product-id-stock\"><span class=\"product-id\"><span class=\"product-id-name\">No. Cat\u00e1logo<\/span>\u00a0<span class=\"product-id-value\">HS-29040B<\/span><\/span><\/div>\n<div><\/div>\n<div>Gradilla rotatoria para tubos Rota- Rack, de 4 diferentes medidas de tubo, fabricada en polipropileno. Organ\u00edzate de forma divertida, gira cada m\u00f3dulo de forma independiente para configurar los tubos que necesitas, cada m\u00f3dulo tiene las cuatro medidas diferentes, con identificaci\u00f3n alfanum\u00e9rica y es autoclavable.<\/div>\n","protected":false},"excerpt":{"rendered":"<p>GRADILLA PARA TUBOS ROTA-RACK 6,9,12,32 LUGARES<\/p>\n<div class=\"product-id-stock\"><span class=\"product-id\"><span class=\"product-id-name\">No. Cat\u00e1logo<\/span>\u00a0<span class=\"product-id-value\">HS-29040B<\/span><\/span><\/div>\n<div><\/div>\n<div>Gradilla rotatoria para tubos Rota- Rack, de 4 diferentes medidas de tubo, fabricada en polipropileno. Organ\u00edzate de forma divertida, gira cada m\u00f3dulo de forma independiente para configurar los tubos que necesitas, cada m\u00f3dulo tiene las cuatro medidas diferentes, con identificaci\u00f3n alfanum\u00e9rica y es autoclavable.<\/div>\n","protected":false},"featured_media":4119,"comment_status":"open","ping_status":"closed","template":"","meta":{"_joinchat":[]},"product_cat":[120,41],"product_tag":[1165,1166,1164,172,173,1163],"class_list":{"0":"post-4118","1":"product","2":"type-product","3":"status-publish","4":"has-post-thumbnail","6":"product_cat-gradillas","7":"product_cat-heathrow-scientific","8":"product_tag-1165","9":"product_tag-32-lugares","10":"product_tag-1164","11":"product_tag-equipo-de-laboratorio","12":"product_tag-equipo-para-laboratorio","13":"product_tag-gradilla-para-tubos-rota-rack-6","15":"first","16":"instock","17":"shipping-taxable","18":"product-type-simple","19":"col-xs-6 col-sm-4","20":"col-md-3 col-lg-3","21":"un-4-cols"},"yoast_head":"<!-- This site is optimized with the Yoast SEO plugin v27.2 - https:\/\/yoast.com\/product\/yoast-seo-wordpress\/ -->\n<title>GRADILLA PARA TUBOS ROTA-RACK 6,9,12,32 LUGARES - Capital Cient&iacute;fica<\/title>\n<meta name=\"robots\" content=\"index, follow, max-snippet:-1, max-image-preview:large, max-video-preview:-1\" \/>\n<link rel=\"canonical\" href=\"https:\/\/capitalcientifica.com.mx\/tienda\/product\/gradilla-para-tubos-rota-rack-691232-lugares-no-catalogo-hs-29040b\/\" \/>\n<meta property=\"og:locale\" content=\"es_ES\" \/>\n<meta property=\"og:type\" content=\"article\" \/>\n<meta property=\"og:title\" content=\"GRADILLA PARA TUBOS ROTA-RACK 6,9,12,32 LUGARES - Capital Cient&iacute;fica\" \/>\n<meta property=\"og:description\" content=\"GRADILLA PARA TUBOS ROTA-RACK 6,9,12,32 LUGARES No. Cat\u00e1logo\u00a0HS-29040B  Gradilla rotatoria para tubos Rota- Rack, de 4 diferentes medidas de tubo, fabricada en polipropileno. Organ\u00edzate de forma divertida, gira cada m\u00f3dulo de forma independiente para configurar los tubos que necesitas, cada m\u00f3dulo tiene las cuatro medidas diferentes, con identificaci\u00f3n alfanum\u00e9rica y es autoclavable.\" \/>\n<meta property=\"og:url\" content=\"https:\/\/capitalcientifica.com.mx\/tienda\/product\/gradilla-para-tubos-rota-rack-691232-lugares-no-catalogo-hs-29040b\/\" \/>\n<meta property=\"og:site_name\" content=\"Capital Cient&iacute;fica\" \/>\n<meta property=\"article:modified_time\" content=\"2023-02-16T18:40:59+00:00\" \/>\n<meta property=\"og:image\" content=\"https:\/\/capitalcientifica.com.mx\/tienda\/wp-content\/uploads\/2022\/02\/hs-29040b_0.png\" \/>\n\t<meta property=\"og:image:width\" content=\"84\" \/>\n\t<meta property=\"og:image:height\" content=\"71\" \/>\n\t<meta property=\"og:image:type\" content=\"image\/png\" \/>\n<meta name=\"twitter:card\" content=\"summary_large_image\" \/>\n<script type=\"application\/ld+json\" class=\"yoast-schema-graph\">{\"@context\":\"https:\/\/schema.org\",\"@graph\":[{\"@type\":\"WebPage\",\"@id\":\"https:\/\/capitalcientifica.com.mx\/tienda\/product\/gradilla-para-tubos-rota-rack-691232-lugares-no-catalogo-hs-29040b\/\",\"url\":\"https:\/\/capitalcientifica.com.mx\/tienda\/product\/gradilla-para-tubos-rota-rack-691232-lugares-no-catalogo-hs-29040b\/\",\"name\":\"GRADILLA PARA TUBOS ROTA-RACK 6,9,12,32 LUGARES - Capital Cient&iacute;fica\",\"isPartOf\":{\"@id\":\"https:\/\/capitalcientifica.com.mx\/tienda\/#website\"},\"primaryImageOfPage\":{\"@id\":\"https:\/\/capitalcientifica.com.mx\/tienda\/product\/gradilla-para-tubos-rota-rack-691232-lugares-no-catalogo-hs-29040b\/#primaryimage\"},\"image\":{\"@id\":\"https:\/\/capitalcientifica.com.mx\/tienda\/product\/gradilla-para-tubos-rota-rack-691232-lugares-no-catalogo-hs-29040b\/#primaryimage\"},\"thumbnailUrl\":\"https:\/\/capitalcientifica.com.mx\/tienda\/wp-content\/uploads\/2022\/02\/hs-29040b_0.png\",\"datePublished\":\"2022-02-20T23:18:49+00:00\",\"dateModified\":\"2023-02-16T18:40:59+00:00\",\"breadcrumb\":{\"@id\":\"https:\/\/capitalcientifica.com.mx\/tienda\/product\/gradilla-para-tubos-rota-rack-691232-lugares-no-catalogo-hs-29040b\/#breadcrumb\"},\"inLanguage\":\"es\",\"potentialAction\":[{\"@type\":\"ReadAction\",\"target\":[\"https:\/\/capitalcientifica.com.mx\/tienda\/product\/gradilla-para-tubos-rota-rack-691232-lugares-no-catalogo-hs-29040b\/\"]}]},{\"@type\":\"ImageObject\",\"inLanguage\":\"es\",\"@id\":\"https:\/\/capitalcientifica.com.mx\/tienda\/product\/gradilla-para-tubos-rota-rack-691232-lugares-no-catalogo-hs-29040b\/#primaryimage\",\"url\":\"https:\/\/capitalcientifica.com.mx\/tienda\/wp-content\/uploads\/2022\/02\/hs-29040b_0.png\",\"contentUrl\":\"https:\/\/capitalcientifica.com.mx\/tienda\/wp-content\/uploads\/2022\/02\/hs-29040b_0.png\",\"width\":84,\"height\":71},{\"@type\":\"BreadcrumbList\",\"@id\":\"https:\/\/capitalcientifica.com.mx\/tienda\/product\/gradilla-para-tubos-rota-rack-691232-lugares-no-catalogo-hs-29040b\/#breadcrumb\",\"itemListElement\":[{\"@type\":\"ListItem\",\"position\":1,\"name\":\"Portada\",\"item\":\"https:\/\/capitalcientifica.com.mx\/tienda\/\"},{\"@type\":\"ListItem\",\"position\":2,\"name\":\"Shop\",\"item\":\"https:\/\/capitalcientifica.com.mx\/tienda\/shop\/\"},{\"@type\":\"ListItem\",\"position\":3,\"name\":\"GRADILLA PARA TUBOS ROTA-RACK 6,9,12,32 LUGARES\"}]},{\"@type\":\"WebSite\",\"@id\":\"https:\/\/capitalcientifica.com.mx\/tienda\/#website\",\"url\":\"https:\/\/capitalcientifica.com.mx\/tienda\/\",\"name\":\"Capital Cient&iacute;fica\",\"description\":\"Equipo para laboratorio\",\"potentialAction\":[{\"@type\":\"SearchAction\",\"target\":{\"@type\":\"EntryPoint\",\"urlTemplate\":\"https:\/\/capitalcientifica.com.mx\/tienda\/?s={search_term_string}\"},\"query-input\":{\"@type\":\"PropertyValueSpecification\",\"valueRequired\":true,\"valueName\":\"search_term_string\"}}],\"inLanguage\":\"es\"}]}<\/script>\n<!-- \/ Yoast SEO plugin. -->","yoast_head_json":{"title":"GRADILLA PARA TUBOS ROTA-RACK 6,9,12,32 LUGARES - Capital Cient&iacute;fica","robots":{"index":"index","follow":"follow","max-snippet":"max-snippet:-1","max-image-preview":"max-image-preview:large","max-video-preview":"max-video-preview:-1"},"canonical":"https:\/\/capitalcientifica.com.mx\/tienda\/product\/gradilla-para-tubos-rota-rack-691232-lugares-no-catalogo-hs-29040b\/","og_locale":"es_ES","og_type":"article","og_title":"GRADILLA PARA TUBOS ROTA-RACK 6,9,12,32 LUGARES - Capital Cient&iacute;fica","og_description":"GRADILLA PARA TUBOS ROTA-RACK 6,9,12,32 LUGARES No. Cat\u00e1logo\u00a0HS-29040B  Gradilla rotatoria para tubos Rota- Rack, de 4 diferentes medidas de tubo, fabricada en polipropileno. Organ\u00edzate de forma divertida, gira cada m\u00f3dulo de forma independiente para configurar los tubos que necesitas, cada m\u00f3dulo tiene las cuatro medidas diferentes, con identificaci\u00f3n alfanum\u00e9rica y es autoclavable.","og_url":"https:\/\/capitalcientifica.com.mx\/tienda\/product\/gradilla-para-tubos-rota-rack-691232-lugares-no-catalogo-hs-29040b\/","og_site_name":"Capital Cient&iacute;fica","article_modified_time":"2023-02-16T18:40:59+00:00","og_image":[{"width":84,"height":71,"url":"https:\/\/capitalcientifica.com.mx\/tienda\/wp-content\/uploads\/2022\/02\/hs-29040b_0.png","type":"image\/png"}],"twitter_card":"summary_large_image","schema":{"@context":"https:\/\/schema.org","@graph":[{"@type":"WebPage","@id":"https:\/\/capitalcientifica.com.mx\/tienda\/product\/gradilla-para-tubos-rota-rack-691232-lugares-no-catalogo-hs-29040b\/","url":"https:\/\/capitalcientifica.com.mx\/tienda\/product\/gradilla-para-tubos-rota-rack-691232-lugares-no-catalogo-hs-29040b\/","name":"GRADILLA PARA TUBOS ROTA-RACK 6,9,12,32 LUGARES - Capital Cient&iacute;fica","isPartOf":{"@id":"https:\/\/capitalcientifica.com.mx\/tienda\/#website"},"primaryImageOfPage":{"@id":"https:\/\/capitalcientifica.com.mx\/tienda\/product\/gradilla-para-tubos-rota-rack-691232-lugares-no-catalogo-hs-29040b\/#primaryimage"},"image":{"@id":"https:\/\/capitalcientifica.com.mx\/tienda\/product\/gradilla-para-tubos-rota-rack-691232-lugares-no-catalogo-hs-29040b\/#primaryimage"},"thumbnailUrl":"https:\/\/capitalcientifica.com.mx\/tienda\/wp-content\/uploads\/2022\/02\/hs-29040b_0.png","datePublished":"2022-02-20T23:18:49+00:00","dateModified":"2023-02-16T18:40:59+00:00","breadcrumb":{"@id":"https:\/\/capitalcientifica.com.mx\/tienda\/product\/gradilla-para-tubos-rota-rack-691232-lugares-no-catalogo-hs-29040b\/#breadcrumb"},"inLanguage":"es","potentialAction":[{"@type":"ReadAction","target":["https:\/\/capitalcientifica.com.mx\/tienda\/product\/gradilla-para-tubos-rota-rack-691232-lugares-no-catalogo-hs-29040b\/"]}]},{"@type":"ImageObject","inLanguage":"es","@id":"https:\/\/capitalcientifica.com.mx\/tienda\/product\/gradilla-para-tubos-rota-rack-691232-lugares-no-catalogo-hs-29040b\/#primaryimage","url":"https:\/\/capitalcientifica.com.mx\/tienda\/wp-content\/uploads\/2022\/02\/hs-29040b_0.png","contentUrl":"https:\/\/capitalcientifica.com.mx\/tienda\/wp-content\/uploads\/2022\/02\/hs-29040b_0.png","width":84,"height":71},{"@type":"BreadcrumbList","@id":"https:\/\/capitalcientifica.com.mx\/tienda\/product\/gradilla-para-tubos-rota-rack-691232-lugares-no-catalogo-hs-29040b\/#breadcrumb","itemListElement":[{"@type":"ListItem","position":1,"name":"Portada","item":"https:\/\/capitalcientifica.com.mx\/tienda\/"},{"@type":"ListItem","position":2,"name":"Shop","item":"https:\/\/capitalcientifica.com.mx\/tienda\/shop\/"},{"@type":"ListItem","position":3,"name":"GRADILLA PARA TUBOS ROTA-RACK 6,9,12,32 LUGARES"}]},{"@type":"WebSite","@id":"https:\/\/capitalcientifica.com.mx\/tienda\/#website","url":"https:\/\/capitalcientifica.com.mx\/tienda\/","name":"Capital Cient&iacute;fica","description":"Equipo para laboratorio","potentialAction":[{"@type":"SearchAction","target":{"@type":"EntryPoint","urlTemplate":"https:\/\/capitalcientifica.com.mx\/tienda\/?s={search_term_string}"},"query-input":{"@type":"PropertyValueSpecification","valueRequired":true,"valueName":"search_term_string"}}],"inLanguage":"es"}]}},"_links":{"self":[{"href":"https:\/\/capitalcientifica.com.mx\/tienda\/wp-json\/wp\/v2\/product\/4118","targetHints":{"allow":["GET"]}}],"collection":[{"href":"https:\/\/capitalcientifica.com.mx\/tienda\/wp-json\/wp\/v2\/product"}],"about":[{"href":"https:\/\/capitalcientifica.com.mx\/tienda\/wp-json\/wp\/v2\/types\/product"}],"replies":[{"embeddable":true,"href":"https:\/\/capitalcientifica.com.mx\/tienda\/wp-json\/wp\/v2\/comments?post=4118"}],"wp:featuredmedia":[{"embeddable":true,"href":"https:\/\/capitalcientifica.com.mx\/tienda\/wp-json\/wp\/v2\/media\/4119"}],"wp:attachment":[{"href":"https:\/\/capitalcientifica.com.mx\/tienda\/wp-json\/wp\/v2\/media?parent=4118"}],"wp:term":[{"taxonomy":"product_cat","embeddable":true,"href":"https:\/\/capitalcientifica.com.mx\/tienda\/wp-json\/wp\/v2\/product_cat?post=4118"},{"taxonomy":"product_tag","embeddable":true,"href":"https:\/\/capitalcientifica.com.mx\/tienda\/wp-json\/wp\/v2\/product_tag?post=4118"}],"curies":[{"name":"wp","href":"https:\/\/api.w.org\/{rel}","templated":true}]}}