{"id":4088,"date":"2022-02-20T22:36:40","date_gmt":"2022-02-20T22:36:40","guid":{"rendered":"https:\/\/www.capitalcientifica.com.mx\/?post_type=product&#038;p=4088"},"modified":"2023-02-16T18:35:10","modified_gmt":"2023-02-16T18:35:10","slug":"gradilla-para-tubos-onerack-72-lugares-13-mm-verde-no-catalogo-hs-27551c","status":"publish","type":"product","link":"https:\/\/capitalcientifica.com.mx\/tienda\/product\/gradilla-para-tubos-onerack-72-lugares-13-mm-verde-no-catalogo-hs-27551c\/","title":{"rendered":"GRADILLA PARA TUBOS ONERACK 72 LUGARES 13 MM VERDE"},"content":{"rendered":"<p>GRADILLA PARA TUBOS ONERACK 72 LUGARES 13 MM VERDE<\/p>\n<div class=\"product-id-stock\"><span class=\"product-id\"><span class=\"product-id-name\">No. Cat\u00e1logo<\/span>\u00a0<span class=\"product-id-value\">HS-27551C<\/span><\/span><\/div>\n<div><\/div>\n<div>Gradilla para tubos OneRack tama\u00f1o completo en polipropileno, moldeado en una sola pieza por lo que no se requiere ensamble. Ofrece buena resistencia qu\u00edmica y t\u00e9rmica (0 a 110 \u00b0C).<\/p>\n<p>Abertura \u00fanica en forma de l\u00e1grima para una mejor retenci\u00f3n de los tubos, coordenadas moldeadas para la orientaci\u00f3n del tubo, dise\u00f1o estable para uso en ba\u00f1os mar\u00eda, \u00e1rea de rotulaci\u00f3n plana para una identificaci\u00f3n m\u00e1s f\u00e1cil. Disponible en varios colores.<\/p><\/div>\n","protected":false},"excerpt":{"rendered":"<p>GRADILLA PARA TUBOS ONERACK 72 LUGARES 13 MM VERDE<\/p>\n<div class=\"product-id-stock\"><span class=\"product-id\"><span class=\"product-id-name\">No. Cat\u00e1logo<\/span>\u00a0<span class=\"product-id-value\">HS-27551C<\/span><\/span><\/div>\n<div><\/div>\n<div>Gradilla para tubos OneRack tama\u00f1o completo en polipropileno, moldeado en una sola pieza por lo que no se requiere ensamble. Ofrece buena resistencia qu\u00edmica y t\u00e9rmica (0 a 110 \u00b0C).<\/p>\n<p>Abertura \u00fanica en forma de l\u00e1grima para una mejor retenci\u00f3n de los tubos, coordenadas moldeadas para la orientaci\u00f3n del tubo, dise\u00f1o estable para uso en ba\u00f1os mar\u00eda, \u00e1rea de rotulaci\u00f3n plana para una identificaci\u00f3n m\u00e1s f\u00e1cil. Disponible en varios colores.<\/p><\/div>\n","protected":false},"featured_media":4065,"comment_status":"open","ping_status":"closed","template":"","meta":{"_joinchat":[]},"product_cat":[120,41],"product_tag":[172,173,1146],"class_list":{"0":"post-4088","1":"product","2":"type-product","3":"status-publish","4":"has-post-thumbnail","6":"product_cat-gradillas","7":"product_cat-heathrow-scientific","8":"product_tag-equipo-de-laboratorio","9":"product_tag-equipo-para-laboratorio","10":"product_tag-gradilla-para-tubos-onerack-72-lugares-13-mm-verde","12":"first","13":"instock","14":"shipping-taxable","15":"product-type-simple","16":"col-xs-6 col-sm-4","17":"col-md-3 col-lg-3","18":"un-4-cols"},"yoast_head":"<!-- This site is optimized with the Yoast SEO plugin v27.2 - https:\/\/yoast.com\/product\/yoast-seo-wordpress\/ -->\n<title>GRADILLA PARA TUBOS ONERACK 72 LUGARES 13 MM VERDE - Capital Cient&iacute;fica<\/title>\n<meta name=\"robots\" content=\"index, follow, max-snippet:-1, max-image-preview:large, max-video-preview:-1\" \/>\n<link rel=\"canonical\" href=\"https:\/\/capitalcientifica.com.mx\/tienda\/product\/gradilla-para-tubos-onerack-72-lugares-13-mm-verde-no-catalogo-hs-27551c\/\" \/>\n<meta property=\"og:locale\" content=\"es_ES\" \/>\n<meta property=\"og:type\" content=\"article\" \/>\n<meta property=\"og:title\" content=\"GRADILLA PARA TUBOS ONERACK 72 LUGARES 13 MM VERDE - Capital Cient&iacute;fica\" \/>\n<meta property=\"og:description\" content=\"GRADILLA PARA TUBOS ONERACK 72 LUGARES 13 MM VERDE No. Cat\u00e1logo\u00a0HS-27551C  Gradilla para tubos OneRack tama\u00f1o completo en polipropileno, moldeado en una sola pieza por lo que no se requiere ensamble. Ofrece buena resistencia qu\u00edmica y t\u00e9rmica (0 a 110 \u00b0C).  Abertura \u00fanica en forma de l\u00e1grima para una mejor retenci\u00f3n de los tubos, coordenadas moldeadas para la orientaci\u00f3n del tubo, dise\u00f1o estable para uso en ba\u00f1os mar\u00eda, \u00e1rea de rotulaci\u00f3n plana para una identificaci\u00f3n m\u00e1s f\u00e1cil. Disponible en varios colores.\" \/>\n<meta property=\"og:url\" content=\"https:\/\/capitalcientifica.com.mx\/tienda\/product\/gradilla-para-tubos-onerack-72-lugares-13-mm-verde-no-catalogo-hs-27551c\/\" \/>\n<meta property=\"og:site_name\" content=\"Capital Cient&iacute;fica\" \/>\n<meta property=\"article:modified_time\" content=\"2023-02-16T18:35:10+00:00\" \/>\n<meta property=\"og:image\" content=\"https:\/\/capitalcientifica.com.mx\/tienda\/wp-content\/uploads\/2022\/02\/hs-27512c_0.jpeg\" \/>\n\t<meta property=\"og:image:width\" content=\"84\" \/>\n\t<meta property=\"og:image:height\" content=\"50\" \/>\n\t<meta property=\"og:image:type\" content=\"image\/jpeg\" \/>\n<meta name=\"twitter:card\" content=\"summary_large_image\" \/>\n<script type=\"application\/ld+json\" class=\"yoast-schema-graph\">{\"@context\":\"https:\/\/schema.org\",\"@graph\":[{\"@type\":\"WebPage\",\"@id\":\"https:\/\/capitalcientifica.com.mx\/tienda\/product\/gradilla-para-tubos-onerack-72-lugares-13-mm-verde-no-catalogo-hs-27551c\/\",\"url\":\"https:\/\/capitalcientifica.com.mx\/tienda\/product\/gradilla-para-tubos-onerack-72-lugares-13-mm-verde-no-catalogo-hs-27551c\/\",\"name\":\"GRADILLA PARA TUBOS ONERACK 72 LUGARES 13 MM VERDE - Capital Cient&iacute;fica\",\"isPartOf\":{\"@id\":\"https:\/\/capitalcientifica.com.mx\/tienda\/#website\"},\"primaryImageOfPage\":{\"@id\":\"https:\/\/capitalcientifica.com.mx\/tienda\/product\/gradilla-para-tubos-onerack-72-lugares-13-mm-verde-no-catalogo-hs-27551c\/#primaryimage\"},\"image\":{\"@id\":\"https:\/\/capitalcientifica.com.mx\/tienda\/product\/gradilla-para-tubos-onerack-72-lugares-13-mm-verde-no-catalogo-hs-27551c\/#primaryimage\"},\"thumbnailUrl\":\"https:\/\/capitalcientifica.com.mx\/tienda\/wp-content\/uploads\/2022\/02\/hs-27512c_0.jpeg\",\"datePublished\":\"2022-02-20T22:36:40+00:00\",\"dateModified\":\"2023-02-16T18:35:10+00:00\",\"breadcrumb\":{\"@id\":\"https:\/\/capitalcientifica.com.mx\/tienda\/product\/gradilla-para-tubos-onerack-72-lugares-13-mm-verde-no-catalogo-hs-27551c\/#breadcrumb\"},\"inLanguage\":\"es\",\"potentialAction\":[{\"@type\":\"ReadAction\",\"target\":[\"https:\/\/capitalcientifica.com.mx\/tienda\/product\/gradilla-para-tubos-onerack-72-lugares-13-mm-verde-no-catalogo-hs-27551c\/\"]}]},{\"@type\":\"ImageObject\",\"inLanguage\":\"es\",\"@id\":\"https:\/\/capitalcientifica.com.mx\/tienda\/product\/gradilla-para-tubos-onerack-72-lugares-13-mm-verde-no-catalogo-hs-27551c\/#primaryimage\",\"url\":\"https:\/\/capitalcientifica.com.mx\/tienda\/wp-content\/uploads\/2022\/02\/hs-27512c_0.jpeg\",\"contentUrl\":\"https:\/\/capitalcientifica.com.mx\/tienda\/wp-content\/uploads\/2022\/02\/hs-27512c_0.jpeg\",\"width\":84,\"height\":50},{\"@type\":\"BreadcrumbList\",\"@id\":\"https:\/\/capitalcientifica.com.mx\/tienda\/product\/gradilla-para-tubos-onerack-72-lugares-13-mm-verde-no-catalogo-hs-27551c\/#breadcrumb\",\"itemListElement\":[{\"@type\":\"ListItem\",\"position\":1,\"name\":\"Portada\",\"item\":\"https:\/\/capitalcientifica.com.mx\/tienda\/\"},{\"@type\":\"ListItem\",\"position\":2,\"name\":\"Shop\",\"item\":\"https:\/\/capitalcientifica.com.mx\/tienda\/shop\/\"},{\"@type\":\"ListItem\",\"position\":3,\"name\":\"GRADILLA PARA TUBOS ONERACK 72 LUGARES 13 MM VERDE\"}]},{\"@type\":\"WebSite\",\"@id\":\"https:\/\/capitalcientifica.com.mx\/tienda\/#website\",\"url\":\"https:\/\/capitalcientifica.com.mx\/tienda\/\",\"name\":\"Capital Cient&iacute;fica\",\"description\":\"Equipo para laboratorio\",\"potentialAction\":[{\"@type\":\"SearchAction\",\"target\":{\"@type\":\"EntryPoint\",\"urlTemplate\":\"https:\/\/capitalcientifica.com.mx\/tienda\/?s={search_term_string}\"},\"query-input\":{\"@type\":\"PropertyValueSpecification\",\"valueRequired\":true,\"valueName\":\"search_term_string\"}}],\"inLanguage\":\"es\"}]}<\/script>\n<!-- \/ Yoast SEO plugin. -->","yoast_head_json":{"title":"GRADILLA PARA TUBOS ONERACK 72 LUGARES 13 MM VERDE - Capital Cient&iacute;fica","robots":{"index":"index","follow":"follow","max-snippet":"max-snippet:-1","max-image-preview":"max-image-preview:large","max-video-preview":"max-video-preview:-1"},"canonical":"https:\/\/capitalcientifica.com.mx\/tienda\/product\/gradilla-para-tubos-onerack-72-lugares-13-mm-verde-no-catalogo-hs-27551c\/","og_locale":"es_ES","og_type":"article","og_title":"GRADILLA PARA TUBOS ONERACK 72 LUGARES 13 MM VERDE - Capital Cient&iacute;fica","og_description":"GRADILLA PARA TUBOS ONERACK 72 LUGARES 13 MM VERDE No. Cat\u00e1logo\u00a0HS-27551C  Gradilla para tubos OneRack tama\u00f1o completo en polipropileno, moldeado en una sola pieza por lo que no se requiere ensamble. Ofrece buena resistencia qu\u00edmica y t\u00e9rmica (0 a 110 \u00b0C).  Abertura \u00fanica en forma de l\u00e1grima para una mejor retenci\u00f3n de los tubos, coordenadas moldeadas para la orientaci\u00f3n del tubo, dise\u00f1o estable para uso en ba\u00f1os mar\u00eda, \u00e1rea de rotulaci\u00f3n plana para una identificaci\u00f3n m\u00e1s f\u00e1cil. Disponible en varios colores.","og_url":"https:\/\/capitalcientifica.com.mx\/tienda\/product\/gradilla-para-tubos-onerack-72-lugares-13-mm-verde-no-catalogo-hs-27551c\/","og_site_name":"Capital Cient&iacute;fica","article_modified_time":"2023-02-16T18:35:10+00:00","og_image":[{"width":84,"height":50,"url":"https:\/\/capitalcientifica.com.mx\/tienda\/wp-content\/uploads\/2022\/02\/hs-27512c_0.jpeg","type":"image\/jpeg"}],"twitter_card":"summary_large_image","schema":{"@context":"https:\/\/schema.org","@graph":[{"@type":"WebPage","@id":"https:\/\/capitalcientifica.com.mx\/tienda\/product\/gradilla-para-tubos-onerack-72-lugares-13-mm-verde-no-catalogo-hs-27551c\/","url":"https:\/\/capitalcientifica.com.mx\/tienda\/product\/gradilla-para-tubos-onerack-72-lugares-13-mm-verde-no-catalogo-hs-27551c\/","name":"GRADILLA PARA TUBOS ONERACK 72 LUGARES 13 MM VERDE - Capital Cient&iacute;fica","isPartOf":{"@id":"https:\/\/capitalcientifica.com.mx\/tienda\/#website"},"primaryImageOfPage":{"@id":"https:\/\/capitalcientifica.com.mx\/tienda\/product\/gradilla-para-tubos-onerack-72-lugares-13-mm-verde-no-catalogo-hs-27551c\/#primaryimage"},"image":{"@id":"https:\/\/capitalcientifica.com.mx\/tienda\/product\/gradilla-para-tubos-onerack-72-lugares-13-mm-verde-no-catalogo-hs-27551c\/#primaryimage"},"thumbnailUrl":"https:\/\/capitalcientifica.com.mx\/tienda\/wp-content\/uploads\/2022\/02\/hs-27512c_0.jpeg","datePublished":"2022-02-20T22:36:40+00:00","dateModified":"2023-02-16T18:35:10+00:00","breadcrumb":{"@id":"https:\/\/capitalcientifica.com.mx\/tienda\/product\/gradilla-para-tubos-onerack-72-lugares-13-mm-verde-no-catalogo-hs-27551c\/#breadcrumb"},"inLanguage":"es","potentialAction":[{"@type":"ReadAction","target":["https:\/\/capitalcientifica.com.mx\/tienda\/product\/gradilla-para-tubos-onerack-72-lugares-13-mm-verde-no-catalogo-hs-27551c\/"]}]},{"@type":"ImageObject","inLanguage":"es","@id":"https:\/\/capitalcientifica.com.mx\/tienda\/product\/gradilla-para-tubos-onerack-72-lugares-13-mm-verde-no-catalogo-hs-27551c\/#primaryimage","url":"https:\/\/capitalcientifica.com.mx\/tienda\/wp-content\/uploads\/2022\/02\/hs-27512c_0.jpeg","contentUrl":"https:\/\/capitalcientifica.com.mx\/tienda\/wp-content\/uploads\/2022\/02\/hs-27512c_0.jpeg","width":84,"height":50},{"@type":"BreadcrumbList","@id":"https:\/\/capitalcientifica.com.mx\/tienda\/product\/gradilla-para-tubos-onerack-72-lugares-13-mm-verde-no-catalogo-hs-27551c\/#breadcrumb","itemListElement":[{"@type":"ListItem","position":1,"name":"Portada","item":"https:\/\/capitalcientifica.com.mx\/tienda\/"},{"@type":"ListItem","position":2,"name":"Shop","item":"https:\/\/capitalcientifica.com.mx\/tienda\/shop\/"},{"@type":"ListItem","position":3,"name":"GRADILLA PARA TUBOS ONERACK 72 LUGARES 13 MM VERDE"}]},{"@type":"WebSite","@id":"https:\/\/capitalcientifica.com.mx\/tienda\/#website","url":"https:\/\/capitalcientifica.com.mx\/tienda\/","name":"Capital Cient&iacute;fica","description":"Equipo para laboratorio","potentialAction":[{"@type":"SearchAction","target":{"@type":"EntryPoint","urlTemplate":"https:\/\/capitalcientifica.com.mx\/tienda\/?s={search_term_string}"},"query-input":{"@type":"PropertyValueSpecification","valueRequired":true,"valueName":"search_term_string"}}],"inLanguage":"es"}]}},"_links":{"self":[{"href":"https:\/\/capitalcientifica.com.mx\/tienda\/wp-json\/wp\/v2\/product\/4088","targetHints":{"allow":["GET"]}}],"collection":[{"href":"https:\/\/capitalcientifica.com.mx\/tienda\/wp-json\/wp\/v2\/product"}],"about":[{"href":"https:\/\/capitalcientifica.com.mx\/tienda\/wp-json\/wp\/v2\/types\/product"}],"replies":[{"embeddable":true,"href":"https:\/\/capitalcientifica.com.mx\/tienda\/wp-json\/wp\/v2\/comments?post=4088"}],"wp:featuredmedia":[{"embeddable":true,"href":"https:\/\/capitalcientifica.com.mx\/tienda\/wp-json\/wp\/v2\/media\/4065"}],"wp:attachment":[{"href":"https:\/\/capitalcientifica.com.mx\/tienda\/wp-json\/wp\/v2\/media?parent=4088"}],"wp:term":[{"taxonomy":"product_cat","embeddable":true,"href":"https:\/\/capitalcientifica.com.mx\/tienda\/wp-json\/wp\/v2\/product_cat?post=4088"},{"taxonomy":"product_tag","embeddable":true,"href":"https:\/\/capitalcientifica.com.mx\/tienda\/wp-json\/wp\/v2\/product_tag?post=4088"}],"curies":[{"name":"wp","href":"https:\/\/api.w.org\/{rel}","templated":true}]}}