{"id":4032,"date":"2022-02-20T21:22:02","date_gmt":"2022-02-20T21:22:02","guid":{"rendered":"https:\/\/www.capitalcientifica.com.mx\/?post_type=product&#038;p=4032"},"modified":"2023-02-16T18:11:32","modified_gmt":"2023-02-16T18:11:32","slug":"gradilla-para-tubos-ajustable-universal-morada-no-catalogo-hs-24330a","status":"publish","type":"product","link":"https:\/\/capitalcientifica.com.mx\/tienda\/product\/gradilla-para-tubos-ajustable-universal-morada-no-catalogo-hs-24330a\/","title":{"rendered":"GRADILLA PARA TUBOS AJUSTABLE UNIVERSAL MORADA"},"content":{"rendered":"<p>GRADILLA PARA TUBOS AJUSTABLE UNIVERSAL MORADA<\/p>\n<div class=\"product-id-stock\"><span class=\"product-id\"><span class=\"product-id-name\">No. Cat\u00e1logo<\/span>\u00a0<span class=\"product-id-value\">HS-24330A<\/span><\/span><\/div>\n<div><\/div>\n<div>Gradilla para tubos universales, ideal para sujetar una amplia gama de tubos, puede cambiar r\u00e1pidamente el tama\u00f1o de los tubos abriendo el orificio girando la perilla.<\/p>\n<p>Hecha en polipropileno, asas laterales de agarre para f\u00e1cil transportaci\u00f3n, con capacidad de verter l\u00edquidos sin que los tubos se suelten de la gradilla y con identificaci\u00f3n alfanum\u00e9rica. No recomendable para uso en autoclave.<\/p><\/div>\n","protected":false},"excerpt":{"rendered":"<p>GRADILLA PARA TUBOS AJUSTABLE UNIVERSAL MORADA<\/p>\n<div class=\"product-id-stock\"><span class=\"product-id\"><span class=\"product-id-name\">No. Cat\u00e1logo<\/span>\u00a0<span class=\"product-id-value\">HS-24330A<\/span><\/span><\/div>\n<div><\/div>\n<div>Gradilla para tubos universales, ideal para sujetar una amplia gama de tubos, puede cambiar r\u00e1pidamente el tama\u00f1o de los tubos abriendo el orificio girando la perilla.<\/p>\n<p>Hecha en polipropileno, asas laterales de agarre para f\u00e1cil transportaci\u00f3n, con capacidad de verter l\u00edquidos sin que los tubos se suelten de la gradilla y con identificaci\u00f3n alfanum\u00e9rica. No recomendable para uso en autoclave.<\/p><\/div>\n","protected":false},"featured_media":4033,"comment_status":"open","ping_status":"closed","template":"","meta":{"_joinchat":[]},"product_cat":[120,41],"product_tag":[172,173,1096],"class_list":{"0":"post-4032","1":"product","2":"type-product","3":"status-publish","4":"has-post-thumbnail","6":"product_cat-gradillas","7":"product_cat-heathrow-scientific","8":"product_tag-equipo-de-laboratorio","9":"product_tag-equipo-para-laboratorio","10":"product_tag-gradilla-para-tubos-ajustable-universal-morada","12":"first","13":"instock","14":"shipping-taxable","15":"product-type-simple","16":"col-xs-6 col-sm-4","17":"col-md-3 col-lg-3","18":"un-4-cols"},"yoast_head":"<!-- This site is optimized with the Yoast SEO plugin v27.2 - https:\/\/yoast.com\/product\/yoast-seo-wordpress\/ -->\n<title>GRADILLA PARA TUBOS AJUSTABLE UNIVERSAL MORADA - Capital Cient&iacute;fica<\/title>\n<meta name=\"robots\" content=\"index, follow, max-snippet:-1, max-image-preview:large, max-video-preview:-1\" \/>\n<link rel=\"canonical\" href=\"https:\/\/capitalcientifica.com.mx\/tienda\/product\/gradilla-para-tubos-ajustable-universal-morada-no-catalogo-hs-24330a\/\" \/>\n<meta property=\"og:locale\" content=\"es_ES\" \/>\n<meta property=\"og:type\" content=\"article\" \/>\n<meta property=\"og:title\" content=\"GRADILLA PARA TUBOS AJUSTABLE UNIVERSAL MORADA - Capital Cient&iacute;fica\" \/>\n<meta property=\"og:description\" content=\"GRADILLA PARA TUBOS AJUSTABLE UNIVERSAL MORADA No. Cat\u00e1logo\u00a0HS-24330A  Gradilla para tubos universales, ideal para sujetar una amplia gama de tubos, puede cambiar r\u00e1pidamente el tama\u00f1o de los tubos abriendo el orificio girando la perilla.  Hecha en polipropileno, asas laterales de agarre para f\u00e1cil transportaci\u00f3n, con capacidad de verter l\u00edquidos sin que los tubos se suelten de la gradilla y con identificaci\u00f3n alfanum\u00e9rica. No recomendable para uso en autoclave.\" \/>\n<meta property=\"og:url\" content=\"https:\/\/capitalcientifica.com.mx\/tienda\/product\/gradilla-para-tubos-ajustable-universal-morada-no-catalogo-hs-24330a\/\" \/>\n<meta property=\"og:site_name\" content=\"Capital Cient&iacute;fica\" \/>\n<meta property=\"article:modified_time\" content=\"2023-02-16T18:11:32+00:00\" \/>\n<meta property=\"og:image\" content=\"https:\/\/capitalcientifica.com.mx\/tienda\/wp-content\/uploads\/2022\/02\/hs-24330a_0.png\" \/>\n\t<meta property=\"og:image:width\" content=\"84\" \/>\n\t<meta property=\"og:image:height\" content=\"69\" \/>\n\t<meta property=\"og:image:type\" content=\"image\/png\" \/>\n<meta name=\"twitter:card\" content=\"summary_large_image\" \/>\n<script type=\"application\/ld+json\" class=\"yoast-schema-graph\">{\"@context\":\"https:\/\/schema.org\",\"@graph\":[{\"@type\":\"WebPage\",\"@id\":\"https:\/\/capitalcientifica.com.mx\/tienda\/product\/gradilla-para-tubos-ajustable-universal-morada-no-catalogo-hs-24330a\/\",\"url\":\"https:\/\/capitalcientifica.com.mx\/tienda\/product\/gradilla-para-tubos-ajustable-universal-morada-no-catalogo-hs-24330a\/\",\"name\":\"GRADILLA PARA TUBOS AJUSTABLE UNIVERSAL MORADA - Capital Cient&iacute;fica\",\"isPartOf\":{\"@id\":\"https:\/\/capitalcientifica.com.mx\/tienda\/#website\"},\"primaryImageOfPage\":{\"@id\":\"https:\/\/capitalcientifica.com.mx\/tienda\/product\/gradilla-para-tubos-ajustable-universal-morada-no-catalogo-hs-24330a\/#primaryimage\"},\"image\":{\"@id\":\"https:\/\/capitalcientifica.com.mx\/tienda\/product\/gradilla-para-tubos-ajustable-universal-morada-no-catalogo-hs-24330a\/#primaryimage\"},\"thumbnailUrl\":\"https:\/\/capitalcientifica.com.mx\/tienda\/wp-content\/uploads\/2022\/02\/hs-24330a_0.png\",\"datePublished\":\"2022-02-20T21:22:02+00:00\",\"dateModified\":\"2023-02-16T18:11:32+00:00\",\"breadcrumb\":{\"@id\":\"https:\/\/capitalcientifica.com.mx\/tienda\/product\/gradilla-para-tubos-ajustable-universal-morada-no-catalogo-hs-24330a\/#breadcrumb\"},\"inLanguage\":\"es\",\"potentialAction\":[{\"@type\":\"ReadAction\",\"target\":[\"https:\/\/capitalcientifica.com.mx\/tienda\/product\/gradilla-para-tubos-ajustable-universal-morada-no-catalogo-hs-24330a\/\"]}]},{\"@type\":\"ImageObject\",\"inLanguage\":\"es\",\"@id\":\"https:\/\/capitalcientifica.com.mx\/tienda\/product\/gradilla-para-tubos-ajustable-universal-morada-no-catalogo-hs-24330a\/#primaryimage\",\"url\":\"https:\/\/capitalcientifica.com.mx\/tienda\/wp-content\/uploads\/2022\/02\/hs-24330a_0.png\",\"contentUrl\":\"https:\/\/capitalcientifica.com.mx\/tienda\/wp-content\/uploads\/2022\/02\/hs-24330a_0.png\",\"width\":84,\"height\":69},{\"@type\":\"BreadcrumbList\",\"@id\":\"https:\/\/capitalcientifica.com.mx\/tienda\/product\/gradilla-para-tubos-ajustable-universal-morada-no-catalogo-hs-24330a\/#breadcrumb\",\"itemListElement\":[{\"@type\":\"ListItem\",\"position\":1,\"name\":\"Portada\",\"item\":\"https:\/\/capitalcientifica.com.mx\/tienda\/\"},{\"@type\":\"ListItem\",\"position\":2,\"name\":\"Shop\",\"item\":\"https:\/\/capitalcientifica.com.mx\/tienda\/shop\/\"},{\"@type\":\"ListItem\",\"position\":3,\"name\":\"GRADILLA PARA TUBOS AJUSTABLE UNIVERSAL MORADA\"}]},{\"@type\":\"WebSite\",\"@id\":\"https:\/\/capitalcientifica.com.mx\/tienda\/#website\",\"url\":\"https:\/\/capitalcientifica.com.mx\/tienda\/\",\"name\":\"Capital Cient&iacute;fica\",\"description\":\"Equipo para laboratorio\",\"potentialAction\":[{\"@type\":\"SearchAction\",\"target\":{\"@type\":\"EntryPoint\",\"urlTemplate\":\"https:\/\/capitalcientifica.com.mx\/tienda\/?s={search_term_string}\"},\"query-input\":{\"@type\":\"PropertyValueSpecification\",\"valueRequired\":true,\"valueName\":\"search_term_string\"}}],\"inLanguage\":\"es\"}]}<\/script>\n<!-- \/ Yoast SEO plugin. -->","yoast_head_json":{"title":"GRADILLA PARA TUBOS AJUSTABLE UNIVERSAL MORADA - Capital Cient&iacute;fica","robots":{"index":"index","follow":"follow","max-snippet":"max-snippet:-1","max-image-preview":"max-image-preview:large","max-video-preview":"max-video-preview:-1"},"canonical":"https:\/\/capitalcientifica.com.mx\/tienda\/product\/gradilla-para-tubos-ajustable-universal-morada-no-catalogo-hs-24330a\/","og_locale":"es_ES","og_type":"article","og_title":"GRADILLA PARA TUBOS AJUSTABLE UNIVERSAL MORADA - Capital Cient&iacute;fica","og_description":"GRADILLA PARA TUBOS AJUSTABLE UNIVERSAL MORADA No. Cat\u00e1logo\u00a0HS-24330A  Gradilla para tubos universales, ideal para sujetar una amplia gama de tubos, puede cambiar r\u00e1pidamente el tama\u00f1o de los tubos abriendo el orificio girando la perilla.  Hecha en polipropileno, asas laterales de agarre para f\u00e1cil transportaci\u00f3n, con capacidad de verter l\u00edquidos sin que los tubos se suelten de la gradilla y con identificaci\u00f3n alfanum\u00e9rica. No recomendable para uso en autoclave.","og_url":"https:\/\/capitalcientifica.com.mx\/tienda\/product\/gradilla-para-tubos-ajustable-universal-morada-no-catalogo-hs-24330a\/","og_site_name":"Capital Cient&iacute;fica","article_modified_time":"2023-02-16T18:11:32+00:00","og_image":[{"width":84,"height":69,"url":"https:\/\/capitalcientifica.com.mx\/tienda\/wp-content\/uploads\/2022\/02\/hs-24330a_0.png","type":"image\/png"}],"twitter_card":"summary_large_image","schema":{"@context":"https:\/\/schema.org","@graph":[{"@type":"WebPage","@id":"https:\/\/capitalcientifica.com.mx\/tienda\/product\/gradilla-para-tubos-ajustable-universal-morada-no-catalogo-hs-24330a\/","url":"https:\/\/capitalcientifica.com.mx\/tienda\/product\/gradilla-para-tubos-ajustable-universal-morada-no-catalogo-hs-24330a\/","name":"GRADILLA PARA TUBOS AJUSTABLE UNIVERSAL MORADA - Capital Cient&iacute;fica","isPartOf":{"@id":"https:\/\/capitalcientifica.com.mx\/tienda\/#website"},"primaryImageOfPage":{"@id":"https:\/\/capitalcientifica.com.mx\/tienda\/product\/gradilla-para-tubos-ajustable-universal-morada-no-catalogo-hs-24330a\/#primaryimage"},"image":{"@id":"https:\/\/capitalcientifica.com.mx\/tienda\/product\/gradilla-para-tubos-ajustable-universal-morada-no-catalogo-hs-24330a\/#primaryimage"},"thumbnailUrl":"https:\/\/capitalcientifica.com.mx\/tienda\/wp-content\/uploads\/2022\/02\/hs-24330a_0.png","datePublished":"2022-02-20T21:22:02+00:00","dateModified":"2023-02-16T18:11:32+00:00","breadcrumb":{"@id":"https:\/\/capitalcientifica.com.mx\/tienda\/product\/gradilla-para-tubos-ajustable-universal-morada-no-catalogo-hs-24330a\/#breadcrumb"},"inLanguage":"es","potentialAction":[{"@type":"ReadAction","target":["https:\/\/capitalcientifica.com.mx\/tienda\/product\/gradilla-para-tubos-ajustable-universal-morada-no-catalogo-hs-24330a\/"]}]},{"@type":"ImageObject","inLanguage":"es","@id":"https:\/\/capitalcientifica.com.mx\/tienda\/product\/gradilla-para-tubos-ajustable-universal-morada-no-catalogo-hs-24330a\/#primaryimage","url":"https:\/\/capitalcientifica.com.mx\/tienda\/wp-content\/uploads\/2022\/02\/hs-24330a_0.png","contentUrl":"https:\/\/capitalcientifica.com.mx\/tienda\/wp-content\/uploads\/2022\/02\/hs-24330a_0.png","width":84,"height":69},{"@type":"BreadcrumbList","@id":"https:\/\/capitalcientifica.com.mx\/tienda\/product\/gradilla-para-tubos-ajustable-universal-morada-no-catalogo-hs-24330a\/#breadcrumb","itemListElement":[{"@type":"ListItem","position":1,"name":"Portada","item":"https:\/\/capitalcientifica.com.mx\/tienda\/"},{"@type":"ListItem","position":2,"name":"Shop","item":"https:\/\/capitalcientifica.com.mx\/tienda\/shop\/"},{"@type":"ListItem","position":3,"name":"GRADILLA PARA TUBOS AJUSTABLE UNIVERSAL MORADA"}]},{"@type":"WebSite","@id":"https:\/\/capitalcientifica.com.mx\/tienda\/#website","url":"https:\/\/capitalcientifica.com.mx\/tienda\/","name":"Capital Cient&iacute;fica","description":"Equipo para laboratorio","potentialAction":[{"@type":"SearchAction","target":{"@type":"EntryPoint","urlTemplate":"https:\/\/capitalcientifica.com.mx\/tienda\/?s={search_term_string}"},"query-input":{"@type":"PropertyValueSpecification","valueRequired":true,"valueName":"search_term_string"}}],"inLanguage":"es"}]}},"_links":{"self":[{"href":"https:\/\/capitalcientifica.com.mx\/tienda\/wp-json\/wp\/v2\/product\/4032","targetHints":{"allow":["GET"]}}],"collection":[{"href":"https:\/\/capitalcientifica.com.mx\/tienda\/wp-json\/wp\/v2\/product"}],"about":[{"href":"https:\/\/capitalcientifica.com.mx\/tienda\/wp-json\/wp\/v2\/types\/product"}],"replies":[{"embeddable":true,"href":"https:\/\/capitalcientifica.com.mx\/tienda\/wp-json\/wp\/v2\/comments?post=4032"}],"wp:featuredmedia":[{"embeddable":true,"href":"https:\/\/capitalcientifica.com.mx\/tienda\/wp-json\/wp\/v2\/media\/4033"}],"wp:attachment":[{"href":"https:\/\/capitalcientifica.com.mx\/tienda\/wp-json\/wp\/v2\/media?parent=4032"}],"wp:term":[{"taxonomy":"product_cat","embeddable":true,"href":"https:\/\/capitalcientifica.com.mx\/tienda\/wp-json\/wp\/v2\/product_cat?post=4032"},{"taxonomy":"product_tag","embeddable":true,"href":"https:\/\/capitalcientifica.com.mx\/tienda\/wp-json\/wp\/v2\/product_tag?post=4032"}],"curies":[{"name":"wp","href":"https:\/\/api.w.org\/{rel}","templated":true}]}}