{"id":3789,"date":"2022-02-09T21:57:40","date_gmt":"2022-02-09T21:57:40","guid":{"rendered":"https:\/\/www.capitalcientifica.com.mx\/?post_type=product&#038;p=3789"},"modified":"2023-04-04T20:34:06","modified_gmt":"2023-04-04T20:34:06","slug":"visosimetro-varnish-fondo-plano-y-3-lineas-no-catalogo-kx-46463-1075","status":"publish","type":"product","link":"https:\/\/capitalcientifica.com.mx\/tienda\/product\/visosimetro-varnish-fondo-plano-y-3-lineas-no-catalogo-kx-46463-1075\/","title":{"rendered":"VISOS\u00cdMETRO VARNISH FONDO PLANO Y 3 L\u00cdNEAS"},"content":{"rendered":"<p>VISOS\u00cdMETRO VARNISH FONDO PLANO Y 3 L\u00cdNEAS<\/p>\n<div class=\"product-id-stock\"><span class=\"product-id\"><span class=\"product-id-name\">No. Cat\u00e1logo<\/span>\u00a0<span class=\"product-id-value\">KX-46463-1075<\/span><\/span><\/div>\n<div><\/div>\n<div><span>Viscos\u00edmetro Varnish en vidrio de borosilicato, utilizado para pruebas de control aproximado, donde se hace una comparaci\u00f3n de las burbujas para limitar la muestra a una viscosidad conocida.\u00a0<\/span><span>La viscosidad se determina midiendo el tiempo que tarda una burbuja de aire en pasar entre las dos marcas espaciadas del viscos\u00edmetro.\u00a0<\/span><span>El viscos\u00edmetro de burbuja es de fondo plano y tiene l\u00edneas marcadas con esmalte duradero a 27 mm, 100 mm y 108 mm desde el fondo exterior.\u00a0<\/span><span>Referencia ASTM D1545.<\/span><\/div>\n","protected":false},"excerpt":{"rendered":"<p>VISOS\u00cdMETRO VARNISH FONDO PLANO Y 3 L\u00cdNEAS<\/p>\n<div class=\"product-id-stock\"><span class=\"product-id\"><span class=\"product-id-name\">No. Cat\u00e1logo<\/span>\u00a0<span class=\"product-id-value\">KX-46463-1075<\/span><\/span><\/div>\n<div><\/div>\n<div><span>Viscos\u00edmetro Varnish en vidrio de borosilicato, utilizado para pruebas de control aproximado, donde se hace una comparaci\u00f3n de las burbujas para limitar la muestra a una viscosidad conocida.\u00a0<\/span><span>La viscosidad se determina midiendo el tiempo que tarda una burbuja de aire en pasar entre las dos marcas espaciadas del viscos\u00edmetro.\u00a0<\/span><span>El viscos\u00edmetro de burbuja es de fondo plano y tiene l\u00edneas marcadas con esmalte duradero a 27 mm, 100 mm y 108 mm desde el fondo exterior.\u00a0<\/span><span>Referencia ASTM D1545.<\/span><\/div>\n","protected":false},"featured_media":3792,"comment_status":"open","ping_status":"closed","template":"","meta":{"_joinchat":[]},"product_cat":[104,118],"product_tag":[172,173,2951],"class_list":{"0":"post-3789","1":"product","2":"type-product","3":"status-publish","4":"has-post-thumbnail","6":"product_cat-kimax","7":"product_cat-otros","8":"product_tag-equipo-de-laboratorio","9":"product_tag-equipo-para-laboratorio","10":"product_tag-visosimetro-varnish-fondo-plano-y-3-lineas","12":"first","13":"instock","14":"shipping-taxable","15":"product-type-simple","16":"col-xs-6 col-sm-4","17":"col-md-3 col-lg-3","18":"un-4-cols"},"yoast_head":"<!-- This site is optimized with the Yoast SEO plugin v27.2 - https:\/\/yoast.com\/product\/yoast-seo-wordpress\/ -->\n<title>VISOS\u00cdMETRO VARNISH FONDO PLANO Y 3 L\u00cdNEAS - Capital Cient&iacute;fica<\/title>\n<meta name=\"robots\" content=\"index, follow, max-snippet:-1, max-image-preview:large, max-video-preview:-1\" \/>\n<link rel=\"canonical\" href=\"https:\/\/capitalcientifica.com.mx\/tienda\/product\/visosimetro-varnish-fondo-plano-y-3-lineas-no-catalogo-kx-46463-1075\/\" \/>\n<meta property=\"og:locale\" content=\"es_ES\" \/>\n<meta property=\"og:type\" content=\"article\" \/>\n<meta property=\"og:title\" content=\"VISOS\u00cdMETRO VARNISH FONDO PLANO Y 3 L\u00cdNEAS - Capital Cient&iacute;fica\" \/>\n<meta property=\"og:description\" content=\"VISOS\u00cdMETRO VARNISH FONDO PLANO Y 3 L\u00cdNEAS No. Cat\u00e1logo\u00a0KX-46463-1075  Viscos\u00edmetro Varnish en vidrio de borosilicato, utilizado para pruebas de control aproximado, donde se hace una comparaci\u00f3n de las burbujas para limitar la muestra a una viscosidad conocida.\u00a0La viscosidad se determina midiendo el tiempo que tarda una burbuja de aire en pasar entre las dos marcas espaciadas del viscos\u00edmetro.\u00a0El viscos\u00edmetro de burbuja es de fondo plano y tiene l\u00edneas marcadas con esmalte duradero a 27 mm, 100 mm y 108 mm desde el fondo exterior.\u00a0Referencia ASTM D1545.\" \/>\n<meta property=\"og:url\" content=\"https:\/\/capitalcientifica.com.mx\/tienda\/product\/visosimetro-varnish-fondo-plano-y-3-lineas-no-catalogo-kx-46463-1075\/\" \/>\n<meta property=\"og:site_name\" content=\"Capital Cient&iacute;fica\" \/>\n<meta property=\"article:modified_time\" content=\"2023-04-04T20:34:06+00:00\" \/>\n<meta property=\"og:image\" content=\"https:\/\/capitalcientifica.com.mx\/tienda\/wp-content\/uploads\/2022\/02\/kx-46463-1075_0-1.png\" \/>\n\t<meta property=\"og:image:width\" content=\"84\" \/>\n\t<meta property=\"og:image:height\" content=\"84\" \/>\n\t<meta property=\"og:image:type\" content=\"image\/png\" \/>\n<meta name=\"twitter:card\" content=\"summary_large_image\" \/>\n<script type=\"application\/ld+json\" class=\"yoast-schema-graph\">{\"@context\":\"https:\/\/schema.org\",\"@graph\":[{\"@type\":\"WebPage\",\"@id\":\"https:\/\/capitalcientifica.com.mx\/tienda\/product\/visosimetro-varnish-fondo-plano-y-3-lineas-no-catalogo-kx-46463-1075\/\",\"url\":\"https:\/\/capitalcientifica.com.mx\/tienda\/product\/visosimetro-varnish-fondo-plano-y-3-lineas-no-catalogo-kx-46463-1075\/\",\"name\":\"VISOS\u00cdMETRO VARNISH FONDO PLANO Y 3 L\u00cdNEAS - Capital Cient&iacute;fica\",\"isPartOf\":{\"@id\":\"https:\/\/capitalcientifica.com.mx\/tienda\/#website\"},\"primaryImageOfPage\":{\"@id\":\"https:\/\/capitalcientifica.com.mx\/tienda\/product\/visosimetro-varnish-fondo-plano-y-3-lineas-no-catalogo-kx-46463-1075\/#primaryimage\"},\"image\":{\"@id\":\"https:\/\/capitalcientifica.com.mx\/tienda\/product\/visosimetro-varnish-fondo-plano-y-3-lineas-no-catalogo-kx-46463-1075\/#primaryimage\"},\"thumbnailUrl\":\"https:\/\/capitalcientifica.com.mx\/tienda\/wp-content\/uploads\/2022\/02\/kx-46463-1075_0-1.png\",\"datePublished\":\"2022-02-09T21:57:40+00:00\",\"dateModified\":\"2023-04-04T20:34:06+00:00\",\"breadcrumb\":{\"@id\":\"https:\/\/capitalcientifica.com.mx\/tienda\/product\/visosimetro-varnish-fondo-plano-y-3-lineas-no-catalogo-kx-46463-1075\/#breadcrumb\"},\"inLanguage\":\"es\",\"potentialAction\":[{\"@type\":\"ReadAction\",\"target\":[\"https:\/\/capitalcientifica.com.mx\/tienda\/product\/visosimetro-varnish-fondo-plano-y-3-lineas-no-catalogo-kx-46463-1075\/\"]}]},{\"@type\":\"ImageObject\",\"inLanguage\":\"es\",\"@id\":\"https:\/\/capitalcientifica.com.mx\/tienda\/product\/visosimetro-varnish-fondo-plano-y-3-lineas-no-catalogo-kx-46463-1075\/#primaryimage\",\"url\":\"https:\/\/capitalcientifica.com.mx\/tienda\/wp-content\/uploads\/2022\/02\/kx-46463-1075_0-1.png\",\"contentUrl\":\"https:\/\/capitalcientifica.com.mx\/tienda\/wp-content\/uploads\/2022\/02\/kx-46463-1075_0-1.png\",\"width\":84,\"height\":84},{\"@type\":\"BreadcrumbList\",\"@id\":\"https:\/\/capitalcientifica.com.mx\/tienda\/product\/visosimetro-varnish-fondo-plano-y-3-lineas-no-catalogo-kx-46463-1075\/#breadcrumb\",\"itemListElement\":[{\"@type\":\"ListItem\",\"position\":1,\"name\":\"Portada\",\"item\":\"https:\/\/capitalcientifica.com.mx\/tienda\/\"},{\"@type\":\"ListItem\",\"position\":2,\"name\":\"Shop\",\"item\":\"https:\/\/capitalcientifica.com.mx\/tienda\/shop\/\"},{\"@type\":\"ListItem\",\"position\":3,\"name\":\"VISOS\u00cdMETRO VARNISH FONDO PLANO Y 3 L\u00cdNEAS\"}]},{\"@type\":\"WebSite\",\"@id\":\"https:\/\/capitalcientifica.com.mx\/tienda\/#website\",\"url\":\"https:\/\/capitalcientifica.com.mx\/tienda\/\",\"name\":\"Capital Cient&iacute;fica\",\"description\":\"Equipo para laboratorio\",\"potentialAction\":[{\"@type\":\"SearchAction\",\"target\":{\"@type\":\"EntryPoint\",\"urlTemplate\":\"https:\/\/capitalcientifica.com.mx\/tienda\/?s={search_term_string}\"},\"query-input\":{\"@type\":\"PropertyValueSpecification\",\"valueRequired\":true,\"valueName\":\"search_term_string\"}}],\"inLanguage\":\"es\"}]}<\/script>\n<!-- \/ Yoast SEO plugin. -->","yoast_head_json":{"title":"VISOS\u00cdMETRO VARNISH FONDO PLANO Y 3 L\u00cdNEAS - Capital Cient&iacute;fica","robots":{"index":"index","follow":"follow","max-snippet":"max-snippet:-1","max-image-preview":"max-image-preview:large","max-video-preview":"max-video-preview:-1"},"canonical":"https:\/\/capitalcientifica.com.mx\/tienda\/product\/visosimetro-varnish-fondo-plano-y-3-lineas-no-catalogo-kx-46463-1075\/","og_locale":"es_ES","og_type":"article","og_title":"VISOS\u00cdMETRO VARNISH FONDO PLANO Y 3 L\u00cdNEAS - Capital Cient&iacute;fica","og_description":"VISOS\u00cdMETRO VARNISH FONDO PLANO Y 3 L\u00cdNEAS No. Cat\u00e1logo\u00a0KX-46463-1075  Viscos\u00edmetro Varnish en vidrio de borosilicato, utilizado para pruebas de control aproximado, donde se hace una comparaci\u00f3n de las burbujas para limitar la muestra a una viscosidad conocida.\u00a0La viscosidad se determina midiendo el tiempo que tarda una burbuja de aire en pasar entre las dos marcas espaciadas del viscos\u00edmetro.\u00a0El viscos\u00edmetro de burbuja es de fondo plano y tiene l\u00edneas marcadas con esmalte duradero a 27 mm, 100 mm y 108 mm desde el fondo exterior.\u00a0Referencia ASTM D1545.","og_url":"https:\/\/capitalcientifica.com.mx\/tienda\/product\/visosimetro-varnish-fondo-plano-y-3-lineas-no-catalogo-kx-46463-1075\/","og_site_name":"Capital Cient&iacute;fica","article_modified_time":"2023-04-04T20:34:06+00:00","og_image":[{"width":84,"height":84,"url":"https:\/\/capitalcientifica.com.mx\/tienda\/wp-content\/uploads\/2022\/02\/kx-46463-1075_0-1.png","type":"image\/png"}],"twitter_card":"summary_large_image","schema":{"@context":"https:\/\/schema.org","@graph":[{"@type":"WebPage","@id":"https:\/\/capitalcientifica.com.mx\/tienda\/product\/visosimetro-varnish-fondo-plano-y-3-lineas-no-catalogo-kx-46463-1075\/","url":"https:\/\/capitalcientifica.com.mx\/tienda\/product\/visosimetro-varnish-fondo-plano-y-3-lineas-no-catalogo-kx-46463-1075\/","name":"VISOS\u00cdMETRO VARNISH FONDO PLANO Y 3 L\u00cdNEAS - Capital Cient&iacute;fica","isPartOf":{"@id":"https:\/\/capitalcientifica.com.mx\/tienda\/#website"},"primaryImageOfPage":{"@id":"https:\/\/capitalcientifica.com.mx\/tienda\/product\/visosimetro-varnish-fondo-plano-y-3-lineas-no-catalogo-kx-46463-1075\/#primaryimage"},"image":{"@id":"https:\/\/capitalcientifica.com.mx\/tienda\/product\/visosimetro-varnish-fondo-plano-y-3-lineas-no-catalogo-kx-46463-1075\/#primaryimage"},"thumbnailUrl":"https:\/\/capitalcientifica.com.mx\/tienda\/wp-content\/uploads\/2022\/02\/kx-46463-1075_0-1.png","datePublished":"2022-02-09T21:57:40+00:00","dateModified":"2023-04-04T20:34:06+00:00","breadcrumb":{"@id":"https:\/\/capitalcientifica.com.mx\/tienda\/product\/visosimetro-varnish-fondo-plano-y-3-lineas-no-catalogo-kx-46463-1075\/#breadcrumb"},"inLanguage":"es","potentialAction":[{"@type":"ReadAction","target":["https:\/\/capitalcientifica.com.mx\/tienda\/product\/visosimetro-varnish-fondo-plano-y-3-lineas-no-catalogo-kx-46463-1075\/"]}]},{"@type":"ImageObject","inLanguage":"es","@id":"https:\/\/capitalcientifica.com.mx\/tienda\/product\/visosimetro-varnish-fondo-plano-y-3-lineas-no-catalogo-kx-46463-1075\/#primaryimage","url":"https:\/\/capitalcientifica.com.mx\/tienda\/wp-content\/uploads\/2022\/02\/kx-46463-1075_0-1.png","contentUrl":"https:\/\/capitalcientifica.com.mx\/tienda\/wp-content\/uploads\/2022\/02\/kx-46463-1075_0-1.png","width":84,"height":84},{"@type":"BreadcrumbList","@id":"https:\/\/capitalcientifica.com.mx\/tienda\/product\/visosimetro-varnish-fondo-plano-y-3-lineas-no-catalogo-kx-46463-1075\/#breadcrumb","itemListElement":[{"@type":"ListItem","position":1,"name":"Portada","item":"https:\/\/capitalcientifica.com.mx\/tienda\/"},{"@type":"ListItem","position":2,"name":"Shop","item":"https:\/\/capitalcientifica.com.mx\/tienda\/shop\/"},{"@type":"ListItem","position":3,"name":"VISOS\u00cdMETRO VARNISH FONDO PLANO Y 3 L\u00cdNEAS"}]},{"@type":"WebSite","@id":"https:\/\/capitalcientifica.com.mx\/tienda\/#website","url":"https:\/\/capitalcientifica.com.mx\/tienda\/","name":"Capital Cient&iacute;fica","description":"Equipo para laboratorio","potentialAction":[{"@type":"SearchAction","target":{"@type":"EntryPoint","urlTemplate":"https:\/\/capitalcientifica.com.mx\/tienda\/?s={search_term_string}"},"query-input":{"@type":"PropertyValueSpecification","valueRequired":true,"valueName":"search_term_string"}}],"inLanguage":"es"}]}},"_links":{"self":[{"href":"https:\/\/capitalcientifica.com.mx\/tienda\/wp-json\/wp\/v2\/product\/3789","targetHints":{"allow":["GET"]}}],"collection":[{"href":"https:\/\/capitalcientifica.com.mx\/tienda\/wp-json\/wp\/v2\/product"}],"about":[{"href":"https:\/\/capitalcientifica.com.mx\/tienda\/wp-json\/wp\/v2\/types\/product"}],"replies":[{"embeddable":true,"href":"https:\/\/capitalcientifica.com.mx\/tienda\/wp-json\/wp\/v2\/comments?post=3789"}],"wp:featuredmedia":[{"embeddable":true,"href":"https:\/\/capitalcientifica.com.mx\/tienda\/wp-json\/wp\/v2\/media\/3792"}],"wp:attachment":[{"href":"https:\/\/capitalcientifica.com.mx\/tienda\/wp-json\/wp\/v2\/media?parent=3789"}],"wp:term":[{"taxonomy":"product_cat","embeddable":true,"href":"https:\/\/capitalcientifica.com.mx\/tienda\/wp-json\/wp\/v2\/product_cat?post=3789"},{"taxonomy":"product_tag","embeddable":true,"href":"https:\/\/capitalcientifica.com.mx\/tienda\/wp-json\/wp\/v2\/product_tag?post=3789"}],"curies":[{"name":"wp","href":"https:\/\/api.w.org\/{rel}","templated":true}]}}