{"id":3721,"date":"2022-02-09T20:55:54","date_gmt":"2022-02-09T20:55:54","guid":{"rendered":"https:\/\/www.capitalcientifica.com.mx\/?post_type=product&#038;p=3721"},"modified":"2023-02-14T20:52:12","modified_gmt":"2023-02-14T20:52:12","slug":"condensador-oeste-200-mm-14-20-no-catalogo-kx-18185-1420","status":"publish","type":"product","link":"https:\/\/capitalcientifica.com.mx\/tienda\/product\/condensador-oeste-200-mm-14-20-no-catalogo-kx-18185-1420\/","title":{"rendered":"CONDENSADOR OESTE 200 MM 14\/20"},"content":{"rendered":"<p><span>CONDENSADOR OESTE 200 MM 14\/20<\/span><\/p>\n<div class=\"product-id-stock\"><span class=\"product-id\"><span class=\"product-id-name\"><span>N\u00ba Cat\u00e1logo\u00a0<\/span><\/span><span class=\"product-id-value\"><span>KX-18185-1420<\/span><\/span><\/span><\/div>\n<div><\/div>\n<div><span>Condensador tipo West con juntas y punta de goteo en vidrio de borosilicato, de una sola pieza sellada con junta Ts externa est\u00e1ndar en la entrada y junta Ts interna en la salida.\u00a0<\/span><span>La entrada en sesgo evita atrapar los condensados.\u00a0<\/span><span>El espacio anular estrecho del dise\u00f1o West proporciona alta eficiencia de enfriamiento debido al mayor caudal del medio refrigerante, el tubo interno tiene una pared liviana con una chaqueta de di\u00e1metro peque\u00f1o para mantener un espacio m\u00ednimo entre la chaqueta y el tubo.\u00a0<\/span><span>Conexiones para manguera que aceptan tubos flexibles de 8 mm de di\u00e1metro.<\/span><\/div>\n","protected":false},"excerpt":{"rendered":"<p><span>CONDENSADOR OESTE 200 MM 14\/20<\/span><\/p>\n<div class=\"product-id-stock\"><span class=\"product-id\"><span class=\"product-id-name\"><span>N\u00ba Cat\u00e1logo\u00a0<\/span><\/span><span class=\"product-id-value\"><span>KX-18185-1420<\/span><\/span><\/span><\/div>\n<div><\/div>\n<div><span>Condensador tipo West con juntas y punta de goteo en vidrio de borosilicato, de una sola pieza sellada con junta Ts externa est\u00e1ndar en la entrada y junta Ts interna en la salida.\u00a0<\/span><span>La entrada en sesgo evita atrapar los condensados.\u00a0<\/span><span>El espacio anular estrecho del dise\u00f1o West proporciona alta eficiencia de enfriamiento debido al mayor caudal del medio refrigerante, el tubo interno tiene una pared liviana con una chaqueta de di\u00e1metro peque\u00f1o para mantener un espacio m\u00ednimo entre la chaqueta y el tubo.\u00a0<\/span><span>Conexiones para manguera que aceptan tubos flexibles de 8 mm de di\u00e1metro.<\/span><\/div>\n","protected":false},"featured_media":3722,"comment_status":"open","ping_status":"closed","template":"","meta":{"_joinchat":[]},"product_cat":[104,118],"product_tag":[787,172,173],"class_list":{"0":"post-3721","1":"product","2":"type-product","3":"status-publish","4":"has-post-thumbnail","6":"product_cat-kimax","7":"product_cat-otros","8":"product_tag-condensador-oeste-200-mm-14-20","9":"product_tag-equipo-de-laboratorio","10":"product_tag-equipo-para-laboratorio","12":"first","13":"instock","14":"shipping-taxable","15":"product-type-simple","16":"col-xs-6 col-sm-4","17":"col-md-3 col-lg-3","18":"un-4-cols"},"yoast_head":"<!-- This site is optimized with the Yoast SEO plugin v27.2 - https:\/\/yoast.com\/product\/yoast-seo-wordpress\/ -->\n<title>CONDENSADOR OESTE 200 MM 14\/20 - Capital Cient&iacute;fica<\/title>\n<meta name=\"robots\" content=\"index, follow, max-snippet:-1, max-image-preview:large, max-video-preview:-1\" \/>\n<link rel=\"canonical\" href=\"https:\/\/capitalcientifica.com.mx\/tienda\/product\/condensador-oeste-200-mm-14-20-no-catalogo-kx-18185-1420\/\" \/>\n<meta property=\"og:locale\" content=\"es_ES\" \/>\n<meta property=\"og:type\" content=\"article\" \/>\n<meta property=\"og:title\" content=\"CONDENSADOR OESTE 200 MM 14\/20 - Capital Cient&iacute;fica\" \/>\n<meta property=\"og:description\" content=\"CONDENSADOR OESTE 200 MM 14\/20 N\u00ba Cat\u00e1logo\u00a0KX-18185-1420  Condensador tipo West con juntas y punta de goteo en vidrio de borosilicato, de una sola pieza sellada con junta Ts externa est\u00e1ndar en la entrada y junta Ts interna en la salida.\u00a0La entrada en sesgo evita atrapar los condensados.\u00a0El espacio anular estrecho del dise\u00f1o West proporciona alta eficiencia de enfriamiento debido al mayor caudal del medio refrigerante, el tubo interno tiene una pared liviana con una chaqueta de di\u00e1metro peque\u00f1o para mantener un espacio m\u00ednimo entre la chaqueta y el tubo.\u00a0Conexiones para manguera que aceptan tubos flexibles de 8 mm de di\u00e1metro.\" \/>\n<meta property=\"og:url\" content=\"https:\/\/capitalcientifica.com.mx\/tienda\/product\/condensador-oeste-200-mm-14-20-no-catalogo-kx-18185-1420\/\" \/>\n<meta property=\"og:site_name\" content=\"Capital Cient&iacute;fica\" \/>\n<meta property=\"article:modified_time\" content=\"2023-02-14T20:52:12+00:00\" \/>\n<meta property=\"og:image\" content=\"https:\/\/capitalcientifica.com.mx\/tienda\/wp-content\/uploads\/2022\/02\/kx-18185-1420_0.png\" \/>\n\t<meta property=\"og:image:width\" content=\"23\" \/>\n\t<meta property=\"og:image:height\" content=\"84\" \/>\n\t<meta property=\"og:image:type\" content=\"image\/png\" \/>\n<meta name=\"twitter:card\" content=\"summary_large_image\" \/>\n<meta name=\"twitter:label1\" content=\"Tiempo de lectura\" \/>\n\t<meta name=\"twitter:data1\" content=\"1 minuto\" \/>\n<script type=\"application\/ld+json\" class=\"yoast-schema-graph\">{\"@context\":\"https:\/\/schema.org\",\"@graph\":[{\"@type\":\"WebPage\",\"@id\":\"https:\/\/capitalcientifica.com.mx\/tienda\/product\/condensador-oeste-200-mm-14-20-no-catalogo-kx-18185-1420\/\",\"url\":\"https:\/\/capitalcientifica.com.mx\/tienda\/product\/condensador-oeste-200-mm-14-20-no-catalogo-kx-18185-1420\/\",\"name\":\"CONDENSADOR OESTE 200 MM 14\/20 - Capital Cient&iacute;fica\",\"isPartOf\":{\"@id\":\"https:\/\/capitalcientifica.com.mx\/tienda\/#website\"},\"primaryImageOfPage\":{\"@id\":\"https:\/\/capitalcientifica.com.mx\/tienda\/product\/condensador-oeste-200-mm-14-20-no-catalogo-kx-18185-1420\/#primaryimage\"},\"image\":{\"@id\":\"https:\/\/capitalcientifica.com.mx\/tienda\/product\/condensador-oeste-200-mm-14-20-no-catalogo-kx-18185-1420\/#primaryimage\"},\"thumbnailUrl\":\"https:\/\/capitalcientifica.com.mx\/tienda\/wp-content\/uploads\/2022\/02\/kx-18185-1420_0.png\",\"datePublished\":\"2022-02-09T20:55:54+00:00\",\"dateModified\":\"2023-02-14T20:52:12+00:00\",\"breadcrumb\":{\"@id\":\"https:\/\/capitalcientifica.com.mx\/tienda\/product\/condensador-oeste-200-mm-14-20-no-catalogo-kx-18185-1420\/#breadcrumb\"},\"inLanguage\":\"es\",\"potentialAction\":[{\"@type\":\"ReadAction\",\"target\":[\"https:\/\/capitalcientifica.com.mx\/tienda\/product\/condensador-oeste-200-mm-14-20-no-catalogo-kx-18185-1420\/\"]}]},{\"@type\":\"ImageObject\",\"inLanguage\":\"es\",\"@id\":\"https:\/\/capitalcientifica.com.mx\/tienda\/product\/condensador-oeste-200-mm-14-20-no-catalogo-kx-18185-1420\/#primaryimage\",\"url\":\"https:\/\/capitalcientifica.com.mx\/tienda\/wp-content\/uploads\/2022\/02\/kx-18185-1420_0.png\",\"contentUrl\":\"https:\/\/capitalcientifica.com.mx\/tienda\/wp-content\/uploads\/2022\/02\/kx-18185-1420_0.png\",\"width\":23,\"height\":84},{\"@type\":\"BreadcrumbList\",\"@id\":\"https:\/\/capitalcientifica.com.mx\/tienda\/product\/condensador-oeste-200-mm-14-20-no-catalogo-kx-18185-1420\/#breadcrumb\",\"itemListElement\":[{\"@type\":\"ListItem\",\"position\":1,\"name\":\"Portada\",\"item\":\"https:\/\/capitalcientifica.com.mx\/tienda\/\"},{\"@type\":\"ListItem\",\"position\":2,\"name\":\"Shop\",\"item\":\"https:\/\/capitalcientifica.com.mx\/tienda\/shop\/\"},{\"@type\":\"ListItem\",\"position\":3,\"name\":\"CONDENSADOR OESTE 200 MM 14\/20\"}]},{\"@type\":\"WebSite\",\"@id\":\"https:\/\/capitalcientifica.com.mx\/tienda\/#website\",\"url\":\"https:\/\/capitalcientifica.com.mx\/tienda\/\",\"name\":\"Capital Cient&iacute;fica\",\"description\":\"Equipo para laboratorio\",\"potentialAction\":[{\"@type\":\"SearchAction\",\"target\":{\"@type\":\"EntryPoint\",\"urlTemplate\":\"https:\/\/capitalcientifica.com.mx\/tienda\/?s={search_term_string}\"},\"query-input\":{\"@type\":\"PropertyValueSpecification\",\"valueRequired\":true,\"valueName\":\"search_term_string\"}}],\"inLanguage\":\"es\"}]}<\/script>\n<!-- \/ Yoast SEO plugin. -->","yoast_head_json":{"title":"CONDENSADOR OESTE 200 MM 14\/20 - Capital Cient&iacute;fica","robots":{"index":"index","follow":"follow","max-snippet":"max-snippet:-1","max-image-preview":"max-image-preview:large","max-video-preview":"max-video-preview:-1"},"canonical":"https:\/\/capitalcientifica.com.mx\/tienda\/product\/condensador-oeste-200-mm-14-20-no-catalogo-kx-18185-1420\/","og_locale":"es_ES","og_type":"article","og_title":"CONDENSADOR OESTE 200 MM 14\/20 - Capital Cient&iacute;fica","og_description":"CONDENSADOR OESTE 200 MM 14\/20 N\u00ba Cat\u00e1logo\u00a0KX-18185-1420  Condensador tipo West con juntas y punta de goteo en vidrio de borosilicato, de una sola pieza sellada con junta Ts externa est\u00e1ndar en la entrada y junta Ts interna en la salida.\u00a0La entrada en sesgo evita atrapar los condensados.\u00a0El espacio anular estrecho del dise\u00f1o West proporciona alta eficiencia de enfriamiento debido al mayor caudal del medio refrigerante, el tubo interno tiene una pared liviana con una chaqueta de di\u00e1metro peque\u00f1o para mantener un espacio m\u00ednimo entre la chaqueta y el tubo.\u00a0Conexiones para manguera que aceptan tubos flexibles de 8 mm de di\u00e1metro.","og_url":"https:\/\/capitalcientifica.com.mx\/tienda\/product\/condensador-oeste-200-mm-14-20-no-catalogo-kx-18185-1420\/","og_site_name":"Capital Cient&iacute;fica","article_modified_time":"2023-02-14T20:52:12+00:00","og_image":[{"width":23,"height":84,"url":"https:\/\/capitalcientifica.com.mx\/tienda\/wp-content\/uploads\/2022\/02\/kx-18185-1420_0.png","type":"image\/png"}],"twitter_card":"summary_large_image","twitter_misc":{"Tiempo de lectura":"1 minuto"},"schema":{"@context":"https:\/\/schema.org","@graph":[{"@type":"WebPage","@id":"https:\/\/capitalcientifica.com.mx\/tienda\/product\/condensador-oeste-200-mm-14-20-no-catalogo-kx-18185-1420\/","url":"https:\/\/capitalcientifica.com.mx\/tienda\/product\/condensador-oeste-200-mm-14-20-no-catalogo-kx-18185-1420\/","name":"CONDENSADOR OESTE 200 MM 14\/20 - Capital Cient&iacute;fica","isPartOf":{"@id":"https:\/\/capitalcientifica.com.mx\/tienda\/#website"},"primaryImageOfPage":{"@id":"https:\/\/capitalcientifica.com.mx\/tienda\/product\/condensador-oeste-200-mm-14-20-no-catalogo-kx-18185-1420\/#primaryimage"},"image":{"@id":"https:\/\/capitalcientifica.com.mx\/tienda\/product\/condensador-oeste-200-mm-14-20-no-catalogo-kx-18185-1420\/#primaryimage"},"thumbnailUrl":"https:\/\/capitalcientifica.com.mx\/tienda\/wp-content\/uploads\/2022\/02\/kx-18185-1420_0.png","datePublished":"2022-02-09T20:55:54+00:00","dateModified":"2023-02-14T20:52:12+00:00","breadcrumb":{"@id":"https:\/\/capitalcientifica.com.mx\/tienda\/product\/condensador-oeste-200-mm-14-20-no-catalogo-kx-18185-1420\/#breadcrumb"},"inLanguage":"es","potentialAction":[{"@type":"ReadAction","target":["https:\/\/capitalcientifica.com.mx\/tienda\/product\/condensador-oeste-200-mm-14-20-no-catalogo-kx-18185-1420\/"]}]},{"@type":"ImageObject","inLanguage":"es","@id":"https:\/\/capitalcientifica.com.mx\/tienda\/product\/condensador-oeste-200-mm-14-20-no-catalogo-kx-18185-1420\/#primaryimage","url":"https:\/\/capitalcientifica.com.mx\/tienda\/wp-content\/uploads\/2022\/02\/kx-18185-1420_0.png","contentUrl":"https:\/\/capitalcientifica.com.mx\/tienda\/wp-content\/uploads\/2022\/02\/kx-18185-1420_0.png","width":23,"height":84},{"@type":"BreadcrumbList","@id":"https:\/\/capitalcientifica.com.mx\/tienda\/product\/condensador-oeste-200-mm-14-20-no-catalogo-kx-18185-1420\/#breadcrumb","itemListElement":[{"@type":"ListItem","position":1,"name":"Portada","item":"https:\/\/capitalcientifica.com.mx\/tienda\/"},{"@type":"ListItem","position":2,"name":"Shop","item":"https:\/\/capitalcientifica.com.mx\/tienda\/shop\/"},{"@type":"ListItem","position":3,"name":"CONDENSADOR OESTE 200 MM 14\/20"}]},{"@type":"WebSite","@id":"https:\/\/capitalcientifica.com.mx\/tienda\/#website","url":"https:\/\/capitalcientifica.com.mx\/tienda\/","name":"Capital Cient&iacute;fica","description":"Equipo para laboratorio","potentialAction":[{"@type":"SearchAction","target":{"@type":"EntryPoint","urlTemplate":"https:\/\/capitalcientifica.com.mx\/tienda\/?s={search_term_string}"},"query-input":{"@type":"PropertyValueSpecification","valueRequired":true,"valueName":"search_term_string"}}],"inLanguage":"es"}]}},"_links":{"self":[{"href":"https:\/\/capitalcientifica.com.mx\/tienda\/wp-json\/wp\/v2\/product\/3721","targetHints":{"allow":["GET"]}}],"collection":[{"href":"https:\/\/capitalcientifica.com.mx\/tienda\/wp-json\/wp\/v2\/product"}],"about":[{"href":"https:\/\/capitalcientifica.com.mx\/tienda\/wp-json\/wp\/v2\/types\/product"}],"replies":[{"embeddable":true,"href":"https:\/\/capitalcientifica.com.mx\/tienda\/wp-json\/wp\/v2\/comments?post=3721"}],"wp:featuredmedia":[{"embeddable":true,"href":"https:\/\/capitalcientifica.com.mx\/tienda\/wp-json\/wp\/v2\/media\/3722"}],"wp:attachment":[{"href":"https:\/\/capitalcientifica.com.mx\/tienda\/wp-json\/wp\/v2\/media?parent=3721"}],"wp:term":[{"taxonomy":"product_cat","embeddable":true,"href":"https:\/\/capitalcientifica.com.mx\/tienda\/wp-json\/wp\/v2\/product_cat?post=3721"},{"taxonomy":"product_tag","embeddable":true,"href":"https:\/\/capitalcientifica.com.mx\/tienda\/wp-json\/wp\/v2\/product_tag?post=3721"}],"curies":[{"name":"wp","href":"https:\/\/api.w.org\/{rel}","templated":true}]}}