{"id":3713,"date":"2022-02-09T20:42:37","date_gmt":"2022-02-09T20:42:37","guid":{"rendered":"https:\/\/www.capitalcientifica.com.mx\/?post_type=product&#038;p=3713"},"modified":"2023-02-14T20:44:04","modified_gmt":"2023-02-14T20:44:04","slug":"columna-para-cromatografia-19-mm-con-tanque-ref-catalogo-kx-17810-19300","status":"publish","type":"product","link":"https:\/\/capitalcientifica.com.mx\/tienda\/product\/columna-para-cromatografia-19-mm-con-tanque-ref-catalogo-kx-17810-19300\/","title":{"rendered":"COLUMNA PARA CROMATOGRAF\u00cdA 19 mm CON TANQUE"},"content":{"rendered":"<p><span>COLUMNA PARA CROMATOGRAF\u00cdA 19 mm CON TANQUE<\/span><\/p>\n<div class=\"product-id-stock\"><span class=\"product-id\"><span class=\"product-id-name\"><span>Ref . Cat\u00e1logo\u00a0<\/span><\/span><span class=\"product-id-value\"><span>KX-17810-19300<\/span><\/span><\/span><\/div>\n<div><\/div>\n<div>Columna para cromatograf\u00eda desarmable con tanque esf\u00e9rico en la parte superior en vidrio de borosilicato, parte superior reforzada y extremo inferior moldeado, brinda resistencia adicional y ajuste herm\u00e9tico a prueba de fugas con llave de paso desmontable en PTFE y dep\u00f3sito de 250 mL en la parte superior de la columna.<\/div>\n","protected":false},"excerpt":{"rendered":"<p><span>COLUMNA PARA CROMATOGRAF\u00cdA 19 mm CON TANQUE<\/span><\/p>\n<div class=\"product-id-stock\"><span class=\"product-id\"><span class=\"product-id-name\"><span>Ref . Cat\u00e1logo\u00a0<\/span><\/span><span class=\"product-id-value\"><span>KX-17810-19300<\/span><\/span><\/span><\/div>\n<div><\/div>\n<div>Columna para cromatograf\u00eda desarmable con tanque esf\u00e9rico en la parte superior en vidrio de borosilicato, parte superior reforzada y extremo inferior moldeado, brinda resistencia adicional y ajuste herm\u00e9tico a prueba de fugas con llave de paso desmontable en PTFE y dep\u00f3sito de 250 mL en la parte superior de la columna.<\/div>\n","protected":false},"featured_media":3711,"comment_status":"open","ping_status":"closed","template":"","meta":{"_joinchat":[]},"product_cat":[104,118],"product_tag":[765,172,173],"class_list":{"0":"post-3713","1":"product","2":"type-product","3":"status-publish","4":"has-post-thumbnail","6":"product_cat-kimax","7":"product_cat-otros","8":"product_tag-columna-para-cromatografia-19-mm-con-tanque","9":"product_tag-equipo-de-laboratorio","10":"product_tag-equipo-para-laboratorio","12":"first","13":"instock","14":"shipping-taxable","15":"product-type-simple","16":"col-xs-6 col-sm-4","17":"col-md-3 col-lg-3","18":"un-4-cols"},"yoast_head":"<!-- This site is optimized with the Yoast SEO plugin v27.2 - https:\/\/yoast.com\/product\/yoast-seo-wordpress\/ -->\n<title>COLUMNA PARA CROMATOGRAF\u00cdA 19 mm CON TANQUE - Capital Cient&iacute;fica<\/title>\n<meta name=\"robots\" content=\"index, follow, max-snippet:-1, max-image-preview:large, max-video-preview:-1\" \/>\n<link rel=\"canonical\" href=\"https:\/\/capitalcientifica.com.mx\/tienda\/product\/columna-para-cromatografia-19-mm-con-tanque-ref-catalogo-kx-17810-19300\/\" \/>\n<meta property=\"og:locale\" content=\"es_ES\" \/>\n<meta property=\"og:type\" content=\"article\" \/>\n<meta property=\"og:title\" content=\"COLUMNA PARA CROMATOGRAF\u00cdA 19 mm CON TANQUE - Capital Cient&iacute;fica\" \/>\n<meta property=\"og:description\" content=\"COLUMNA PARA CROMATOGRAF\u00cdA 19 mm CON TANQUE Ref . Cat\u00e1logo\u00a0KX-17810-19300  Columna para cromatograf\u00eda desarmable con tanque esf\u00e9rico en la parte superior en vidrio de borosilicato, parte superior reforzada y extremo inferior moldeado, brinda resistencia adicional y ajuste herm\u00e9tico a prueba de fugas con llave de paso desmontable en PTFE y dep\u00f3sito de 250 mL en la parte superior de la columna.\" \/>\n<meta property=\"og:url\" content=\"https:\/\/capitalcientifica.com.mx\/tienda\/product\/columna-para-cromatografia-19-mm-con-tanque-ref-catalogo-kx-17810-19300\/\" \/>\n<meta property=\"og:site_name\" content=\"Capital Cient&iacute;fica\" \/>\n<meta property=\"article:modified_time\" content=\"2023-02-14T20:44:04+00:00\" \/>\n<meta property=\"og:image\" content=\"https:\/\/capitalcientifica.com.mx\/tienda\/wp-content\/uploads\/2022\/02\/kx-17810-11300_0.png\" \/>\n\t<meta property=\"og:image:width\" content=\"84\" \/>\n\t<meta property=\"og:image:height\" content=\"26\" \/>\n\t<meta property=\"og:image:type\" content=\"image\/png\" \/>\n<meta name=\"twitter:card\" content=\"summary_large_image\" \/>\n<script type=\"application\/ld+json\" class=\"yoast-schema-graph\">{\"@context\":\"https:\/\/schema.org\",\"@graph\":[{\"@type\":\"WebPage\",\"@id\":\"https:\/\/capitalcientifica.com.mx\/tienda\/product\/columna-para-cromatografia-19-mm-con-tanque-ref-catalogo-kx-17810-19300\/\",\"url\":\"https:\/\/capitalcientifica.com.mx\/tienda\/product\/columna-para-cromatografia-19-mm-con-tanque-ref-catalogo-kx-17810-19300\/\",\"name\":\"COLUMNA PARA CROMATOGRAF\u00cdA 19 mm CON TANQUE - Capital Cient&iacute;fica\",\"isPartOf\":{\"@id\":\"https:\/\/capitalcientifica.com.mx\/tienda\/#website\"},\"primaryImageOfPage\":{\"@id\":\"https:\/\/capitalcientifica.com.mx\/tienda\/product\/columna-para-cromatografia-19-mm-con-tanque-ref-catalogo-kx-17810-19300\/#primaryimage\"},\"image\":{\"@id\":\"https:\/\/capitalcientifica.com.mx\/tienda\/product\/columna-para-cromatografia-19-mm-con-tanque-ref-catalogo-kx-17810-19300\/#primaryimage\"},\"thumbnailUrl\":\"https:\/\/capitalcientifica.com.mx\/tienda\/wp-content\/uploads\/2022\/02\/kx-17810-11300_0.png\",\"datePublished\":\"2022-02-09T20:42:37+00:00\",\"dateModified\":\"2023-02-14T20:44:04+00:00\",\"breadcrumb\":{\"@id\":\"https:\/\/capitalcientifica.com.mx\/tienda\/product\/columna-para-cromatografia-19-mm-con-tanque-ref-catalogo-kx-17810-19300\/#breadcrumb\"},\"inLanguage\":\"es\",\"potentialAction\":[{\"@type\":\"ReadAction\",\"target\":[\"https:\/\/capitalcientifica.com.mx\/tienda\/product\/columna-para-cromatografia-19-mm-con-tanque-ref-catalogo-kx-17810-19300\/\"]}]},{\"@type\":\"ImageObject\",\"inLanguage\":\"es\",\"@id\":\"https:\/\/capitalcientifica.com.mx\/tienda\/product\/columna-para-cromatografia-19-mm-con-tanque-ref-catalogo-kx-17810-19300\/#primaryimage\",\"url\":\"https:\/\/capitalcientifica.com.mx\/tienda\/wp-content\/uploads\/2022\/02\/kx-17810-11300_0.png\",\"contentUrl\":\"https:\/\/capitalcientifica.com.mx\/tienda\/wp-content\/uploads\/2022\/02\/kx-17810-11300_0.png\",\"width\":84,\"height\":26},{\"@type\":\"BreadcrumbList\",\"@id\":\"https:\/\/capitalcientifica.com.mx\/tienda\/product\/columna-para-cromatografia-19-mm-con-tanque-ref-catalogo-kx-17810-19300\/#breadcrumb\",\"itemListElement\":[{\"@type\":\"ListItem\",\"position\":1,\"name\":\"Portada\",\"item\":\"https:\/\/capitalcientifica.com.mx\/tienda\/\"},{\"@type\":\"ListItem\",\"position\":2,\"name\":\"Shop\",\"item\":\"https:\/\/capitalcientifica.com.mx\/tienda\/shop\/\"},{\"@type\":\"ListItem\",\"position\":3,\"name\":\"COLUMNA PARA CROMATOGRAF\u00cdA 19 mm CON TANQUE\"}]},{\"@type\":\"WebSite\",\"@id\":\"https:\/\/capitalcientifica.com.mx\/tienda\/#website\",\"url\":\"https:\/\/capitalcientifica.com.mx\/tienda\/\",\"name\":\"Capital Cient&iacute;fica\",\"description\":\"Equipo para laboratorio\",\"potentialAction\":[{\"@type\":\"SearchAction\",\"target\":{\"@type\":\"EntryPoint\",\"urlTemplate\":\"https:\/\/capitalcientifica.com.mx\/tienda\/?s={search_term_string}\"},\"query-input\":{\"@type\":\"PropertyValueSpecification\",\"valueRequired\":true,\"valueName\":\"search_term_string\"}}],\"inLanguage\":\"es\"}]}<\/script>\n<!-- \/ Yoast SEO plugin. -->","yoast_head_json":{"title":"COLUMNA PARA CROMATOGRAF\u00cdA 19 mm CON TANQUE - Capital Cient&iacute;fica","robots":{"index":"index","follow":"follow","max-snippet":"max-snippet:-1","max-image-preview":"max-image-preview:large","max-video-preview":"max-video-preview:-1"},"canonical":"https:\/\/capitalcientifica.com.mx\/tienda\/product\/columna-para-cromatografia-19-mm-con-tanque-ref-catalogo-kx-17810-19300\/","og_locale":"es_ES","og_type":"article","og_title":"COLUMNA PARA CROMATOGRAF\u00cdA 19 mm CON TANQUE - Capital Cient&iacute;fica","og_description":"COLUMNA PARA CROMATOGRAF\u00cdA 19 mm CON TANQUE Ref . Cat\u00e1logo\u00a0KX-17810-19300  Columna para cromatograf\u00eda desarmable con tanque esf\u00e9rico en la parte superior en vidrio de borosilicato, parte superior reforzada y extremo inferior moldeado, brinda resistencia adicional y ajuste herm\u00e9tico a prueba de fugas con llave de paso desmontable en PTFE y dep\u00f3sito de 250 mL en la parte superior de la columna.","og_url":"https:\/\/capitalcientifica.com.mx\/tienda\/product\/columna-para-cromatografia-19-mm-con-tanque-ref-catalogo-kx-17810-19300\/","og_site_name":"Capital Cient&iacute;fica","article_modified_time":"2023-02-14T20:44:04+00:00","og_image":[{"width":84,"height":26,"url":"https:\/\/capitalcientifica.com.mx\/tienda\/wp-content\/uploads\/2022\/02\/kx-17810-11300_0.png","type":"image\/png"}],"twitter_card":"summary_large_image","schema":{"@context":"https:\/\/schema.org","@graph":[{"@type":"WebPage","@id":"https:\/\/capitalcientifica.com.mx\/tienda\/product\/columna-para-cromatografia-19-mm-con-tanque-ref-catalogo-kx-17810-19300\/","url":"https:\/\/capitalcientifica.com.mx\/tienda\/product\/columna-para-cromatografia-19-mm-con-tanque-ref-catalogo-kx-17810-19300\/","name":"COLUMNA PARA CROMATOGRAF\u00cdA 19 mm CON TANQUE - Capital Cient&iacute;fica","isPartOf":{"@id":"https:\/\/capitalcientifica.com.mx\/tienda\/#website"},"primaryImageOfPage":{"@id":"https:\/\/capitalcientifica.com.mx\/tienda\/product\/columna-para-cromatografia-19-mm-con-tanque-ref-catalogo-kx-17810-19300\/#primaryimage"},"image":{"@id":"https:\/\/capitalcientifica.com.mx\/tienda\/product\/columna-para-cromatografia-19-mm-con-tanque-ref-catalogo-kx-17810-19300\/#primaryimage"},"thumbnailUrl":"https:\/\/capitalcientifica.com.mx\/tienda\/wp-content\/uploads\/2022\/02\/kx-17810-11300_0.png","datePublished":"2022-02-09T20:42:37+00:00","dateModified":"2023-02-14T20:44:04+00:00","breadcrumb":{"@id":"https:\/\/capitalcientifica.com.mx\/tienda\/product\/columna-para-cromatografia-19-mm-con-tanque-ref-catalogo-kx-17810-19300\/#breadcrumb"},"inLanguage":"es","potentialAction":[{"@type":"ReadAction","target":["https:\/\/capitalcientifica.com.mx\/tienda\/product\/columna-para-cromatografia-19-mm-con-tanque-ref-catalogo-kx-17810-19300\/"]}]},{"@type":"ImageObject","inLanguage":"es","@id":"https:\/\/capitalcientifica.com.mx\/tienda\/product\/columna-para-cromatografia-19-mm-con-tanque-ref-catalogo-kx-17810-19300\/#primaryimage","url":"https:\/\/capitalcientifica.com.mx\/tienda\/wp-content\/uploads\/2022\/02\/kx-17810-11300_0.png","contentUrl":"https:\/\/capitalcientifica.com.mx\/tienda\/wp-content\/uploads\/2022\/02\/kx-17810-11300_0.png","width":84,"height":26},{"@type":"BreadcrumbList","@id":"https:\/\/capitalcientifica.com.mx\/tienda\/product\/columna-para-cromatografia-19-mm-con-tanque-ref-catalogo-kx-17810-19300\/#breadcrumb","itemListElement":[{"@type":"ListItem","position":1,"name":"Portada","item":"https:\/\/capitalcientifica.com.mx\/tienda\/"},{"@type":"ListItem","position":2,"name":"Shop","item":"https:\/\/capitalcientifica.com.mx\/tienda\/shop\/"},{"@type":"ListItem","position":3,"name":"COLUMNA PARA CROMATOGRAF\u00cdA 19 mm CON TANQUE"}]},{"@type":"WebSite","@id":"https:\/\/capitalcientifica.com.mx\/tienda\/#website","url":"https:\/\/capitalcientifica.com.mx\/tienda\/","name":"Capital Cient&iacute;fica","description":"Equipo para laboratorio","potentialAction":[{"@type":"SearchAction","target":{"@type":"EntryPoint","urlTemplate":"https:\/\/capitalcientifica.com.mx\/tienda\/?s={search_term_string}"},"query-input":{"@type":"PropertyValueSpecification","valueRequired":true,"valueName":"search_term_string"}}],"inLanguage":"es"}]}},"_links":{"self":[{"href":"https:\/\/capitalcientifica.com.mx\/tienda\/wp-json\/wp\/v2\/product\/3713","targetHints":{"allow":["GET"]}}],"collection":[{"href":"https:\/\/capitalcientifica.com.mx\/tienda\/wp-json\/wp\/v2\/product"}],"about":[{"href":"https:\/\/capitalcientifica.com.mx\/tienda\/wp-json\/wp\/v2\/types\/product"}],"replies":[{"embeddable":true,"href":"https:\/\/capitalcientifica.com.mx\/tienda\/wp-json\/wp\/v2\/comments?post=3713"}],"wp:featuredmedia":[{"embeddable":true,"href":"https:\/\/capitalcientifica.com.mx\/tienda\/wp-json\/wp\/v2\/media\/3711"}],"wp:attachment":[{"href":"https:\/\/capitalcientifica.com.mx\/tienda\/wp-json\/wp\/v2\/media?parent=3713"}],"wp:term":[{"taxonomy":"product_cat","embeddable":true,"href":"https:\/\/capitalcientifica.com.mx\/tienda\/wp-json\/wp\/v2\/product_cat?post=3713"},{"taxonomy":"product_tag","embeddable":true,"href":"https:\/\/capitalcientifica.com.mx\/tienda\/wp-json\/wp\/v2\/product_tag?post=3713"}],"curies":[{"name":"wp","href":"https:\/\/api.w.org\/{rel}","templated":true}]}}