{"id":3653,"date":"2022-02-09T19:46:48","date_gmt":"2022-02-09T19:46:48","guid":{"rendered":"https:\/\/www.capitalcientifica.com.mx\/?post_type=product&#038;p=3653"},"modified":"2023-02-24T17:53:07","modified_gmt":"2023-02-24T17:53:07","slug":"micro-vial-fondo-conico-amb-s-grad-abierto-0-3-ml-ref-catalogo-kx-60715-310","status":"publish","type":"product","link":"https:\/\/capitalcientifica.com.mx\/tienda\/product\/micro-vial-fondo-conico-amb-s-grad-abierto-0-3-ml-ref-catalogo-kx-60715-310\/","title":{"rendered":"MICRO VIAL FONDO C\u00d3NICO AMB S\/GRAD ABIERTO 0.3 ML"},"content":{"rendered":"<p><span>MICRO VIAL FONDO C\u00d3NICO AMB S\/GRAD ABIERTO 0.3 ML<\/span><\/p>\n<div class=\"product-id-stock\"><span class=\"product-id\"><span class=\"product-id-name\"><span>Ref . Cat\u00e1logo\u00a0<\/span><\/span><span class=\"product-id-value\"><span>KX-60715-310.<\/span><\/span><\/span><\/div>\n<div><\/div>\n<div>Micro-viales graduados y sin graduar con fondo c\u00f3nico interno en vidrio de borosilicato expansi\u00f3n 33 color claro y expansi\u00f3n 51 color \u00e1mbar. Base c\u00f3nica permite la recuperaci\u00f3n m\u00e1xima de la muestra. La tapa roscada s\u00f3lida o abierta y ensamblada con liner de revestimiento en PTFE o septo en silic\u00f3n (tapa abierta). Versi\u00f3n graduada para asegurar mediciones m\u00e1s precisas y dispensaci\u00f3n.<\/div>\n","protected":false},"excerpt":{"rendered":"<p><span>MICRO VIAL FONDO C\u00d3NICO AMB S\/GRAD ABIERTO 0.3 ML<\/span><\/p>\n<div class=\"product-id-stock\"><span class=\"product-id\"><span class=\"product-id-name\"><span>Ref . Cat\u00e1logo\u00a0<\/span><\/span><span class=\"product-id-value\"><span>KX-60715-310<\/span><\/span><\/span><\/div>\n<div><\/div>\n<div>Micro-viales graduados y sin graduar con fondo c\u00f3nico interno en vidrio de borosilicato expansi\u00f3n 33 color claro y expansi\u00f3n 51 color \u00e1mbar. Base c\u00f3nica permite la recuperaci\u00f3n m\u00e1xima de la muestra. La tapa roscada s\u00f3lida o abierta y ensamblada con liner de revestimiento en PTFE o septo en silic\u00f3n (tapa abierta). Versi\u00f3n graduada para asegurar mediciones m\u00e1s precisas y dispensaci\u00f3n.<\/div>\n","protected":false},"featured_media":3649,"comment_status":"open","ping_status":"closed","template":"","meta":{"_joinchat":[]},"product_cat":[117,104],"product_tag":[172,173,1787],"class_list":{"0":"post-3653","1":"product","2":"type-product","3":"status-publish","4":"has-post-thumbnail","6":"product_cat-frascos","7":"product_cat-kimax","8":"product_tag-equipo-de-laboratorio","9":"product_tag-equipo-para-laboratorio","10":"product_tag-micro-vial-fondo-conico-amb-s-grad-abierto-0-3-ml","12":"first","13":"instock","14":"shipping-taxable","15":"product-type-simple","16":"col-xs-6 col-sm-4","17":"col-md-3 col-lg-3","18":"un-4-cols"},"yoast_head":"<!-- This site is optimized with the Yoast SEO plugin v27.2 - https:\/\/yoast.com\/product\/yoast-seo-wordpress\/ -->\n<title>MICRO VIAL FONDO C\u00d3NICO AMB S\/GRAD ABIERTO 0.3 ML - Capital Cient&iacute;fica<\/title>\n<meta name=\"robots\" content=\"index, follow, max-snippet:-1, max-image-preview:large, max-video-preview:-1\" \/>\n<link rel=\"canonical\" href=\"https:\/\/capitalcientifica.com.mx\/tienda\/product\/micro-vial-fondo-conico-amb-s-grad-abierto-0-3-ml-ref-catalogo-kx-60715-310\/\" \/>\n<meta property=\"og:locale\" content=\"es_ES\" \/>\n<meta property=\"og:type\" content=\"article\" \/>\n<meta property=\"og:title\" content=\"MICRO VIAL FONDO C\u00d3NICO AMB S\/GRAD ABIERTO 0.3 ML - Capital Cient&iacute;fica\" \/>\n<meta property=\"og:description\" content=\"MICRO VIAL FONDO C\u00d3NICO AMB S\/GRAD ABIERTO 0.3 ML Ref . Cat\u00e1logo\u00a0KX-60715-310  Micro-viales graduados y sin graduar con fondo c\u00f3nico interno en vidrio de borosilicato expansi\u00f3n 33 color claro y expansi\u00f3n 51 color \u00e1mbar. Base c\u00f3nica permite la recuperaci\u00f3n m\u00e1xima de la muestra. La tapa roscada s\u00f3lida o abierta y ensamblada con liner de revestimiento en PTFE o septo en silic\u00f3n (tapa abierta). Versi\u00f3n graduada para asegurar mediciones m\u00e1s precisas y dispensaci\u00f3n.\" \/>\n<meta property=\"og:url\" content=\"https:\/\/capitalcientifica.com.mx\/tienda\/product\/micro-vial-fondo-conico-amb-s-grad-abierto-0-3-ml-ref-catalogo-kx-60715-310\/\" \/>\n<meta property=\"og:site_name\" content=\"Capital Cient&iacute;fica\" \/>\n<meta property=\"article:modified_time\" content=\"2023-02-24T17:53:07+00:00\" \/>\n<meta property=\"og:image\" content=\"https:\/\/capitalcientifica.com.mx\/tienda\/wp-content\/uploads\/2022\/02\/kx-60715-1_0.png\" \/>\n\t<meta property=\"og:image:width\" content=\"58\" \/>\n\t<meta property=\"og:image:height\" content=\"84\" \/>\n\t<meta property=\"og:image:type\" content=\"image\/png\" \/>\n<meta name=\"twitter:card\" content=\"summary_large_image\" \/>\n<script type=\"application\/ld+json\" class=\"yoast-schema-graph\">{\"@context\":\"https:\/\/schema.org\",\"@graph\":[{\"@type\":\"WebPage\",\"@id\":\"https:\/\/capitalcientifica.com.mx\/tienda\/product\/micro-vial-fondo-conico-amb-s-grad-abierto-0-3-ml-ref-catalogo-kx-60715-310\/\",\"url\":\"https:\/\/capitalcientifica.com.mx\/tienda\/product\/micro-vial-fondo-conico-amb-s-grad-abierto-0-3-ml-ref-catalogo-kx-60715-310\/\",\"name\":\"MICRO VIAL FONDO C\u00d3NICO AMB S\/GRAD ABIERTO 0.3 ML - Capital Cient&iacute;fica\",\"isPartOf\":{\"@id\":\"https:\/\/capitalcientifica.com.mx\/tienda\/#website\"},\"primaryImageOfPage\":{\"@id\":\"https:\/\/capitalcientifica.com.mx\/tienda\/product\/micro-vial-fondo-conico-amb-s-grad-abierto-0-3-ml-ref-catalogo-kx-60715-310\/#primaryimage\"},\"image\":{\"@id\":\"https:\/\/capitalcientifica.com.mx\/tienda\/product\/micro-vial-fondo-conico-amb-s-grad-abierto-0-3-ml-ref-catalogo-kx-60715-310\/#primaryimage\"},\"thumbnailUrl\":\"https:\/\/capitalcientifica.com.mx\/tienda\/wp-content\/uploads\/2022\/02\/kx-60715-1_0.png\",\"datePublished\":\"2022-02-09T19:46:48+00:00\",\"dateModified\":\"2023-02-24T17:53:07+00:00\",\"breadcrumb\":{\"@id\":\"https:\/\/capitalcientifica.com.mx\/tienda\/product\/micro-vial-fondo-conico-amb-s-grad-abierto-0-3-ml-ref-catalogo-kx-60715-310\/#breadcrumb\"},\"inLanguage\":\"es\",\"potentialAction\":[{\"@type\":\"ReadAction\",\"target\":[\"https:\/\/capitalcientifica.com.mx\/tienda\/product\/micro-vial-fondo-conico-amb-s-grad-abierto-0-3-ml-ref-catalogo-kx-60715-310\/\"]}]},{\"@type\":\"ImageObject\",\"inLanguage\":\"es\",\"@id\":\"https:\/\/capitalcientifica.com.mx\/tienda\/product\/micro-vial-fondo-conico-amb-s-grad-abierto-0-3-ml-ref-catalogo-kx-60715-310\/#primaryimage\",\"url\":\"https:\/\/capitalcientifica.com.mx\/tienda\/wp-content\/uploads\/2022\/02\/kx-60715-1_0.png\",\"contentUrl\":\"https:\/\/capitalcientifica.com.mx\/tienda\/wp-content\/uploads\/2022\/02\/kx-60715-1_0.png\",\"width\":58,\"height\":84},{\"@type\":\"BreadcrumbList\",\"@id\":\"https:\/\/capitalcientifica.com.mx\/tienda\/product\/micro-vial-fondo-conico-amb-s-grad-abierto-0-3-ml-ref-catalogo-kx-60715-310\/#breadcrumb\",\"itemListElement\":[{\"@type\":\"ListItem\",\"position\":1,\"name\":\"Portada\",\"item\":\"https:\/\/capitalcientifica.com.mx\/tienda\/\"},{\"@type\":\"ListItem\",\"position\":2,\"name\":\"Shop\",\"item\":\"https:\/\/capitalcientifica.com.mx\/tienda\/shop\/\"},{\"@type\":\"ListItem\",\"position\":3,\"name\":\"MICRO VIAL FONDO C\u00d3NICO AMB S\/GRAD ABIERTO 0.3 ML\"}]},{\"@type\":\"WebSite\",\"@id\":\"https:\/\/capitalcientifica.com.mx\/tienda\/#website\",\"url\":\"https:\/\/capitalcientifica.com.mx\/tienda\/\",\"name\":\"Capital Cient&iacute;fica\",\"description\":\"Equipo para laboratorio\",\"potentialAction\":[{\"@type\":\"SearchAction\",\"target\":{\"@type\":\"EntryPoint\",\"urlTemplate\":\"https:\/\/capitalcientifica.com.mx\/tienda\/?s={search_term_string}\"},\"query-input\":{\"@type\":\"PropertyValueSpecification\",\"valueRequired\":true,\"valueName\":\"search_term_string\"}}],\"inLanguage\":\"es\"}]}<\/script>\n<!-- \/ Yoast SEO plugin. -->","yoast_head_json":{"title":"MICRO VIAL FONDO C\u00d3NICO AMB S\/GRAD ABIERTO 0.3 ML - Capital Cient&iacute;fica","robots":{"index":"index","follow":"follow","max-snippet":"max-snippet:-1","max-image-preview":"max-image-preview:large","max-video-preview":"max-video-preview:-1"},"canonical":"https:\/\/capitalcientifica.com.mx\/tienda\/product\/micro-vial-fondo-conico-amb-s-grad-abierto-0-3-ml-ref-catalogo-kx-60715-310\/","og_locale":"es_ES","og_type":"article","og_title":"MICRO VIAL FONDO C\u00d3NICO AMB S\/GRAD ABIERTO 0.3 ML - Capital Cient&iacute;fica","og_description":"MICRO VIAL FONDO C\u00d3NICO AMB S\/GRAD ABIERTO 0.3 ML Ref . Cat\u00e1logo\u00a0KX-60715-310  Micro-viales graduados y sin graduar con fondo c\u00f3nico interno en vidrio de borosilicato expansi\u00f3n 33 color claro y expansi\u00f3n 51 color \u00e1mbar. Base c\u00f3nica permite la recuperaci\u00f3n m\u00e1xima de la muestra. La tapa roscada s\u00f3lida o abierta y ensamblada con liner de revestimiento en PTFE o septo en silic\u00f3n (tapa abierta). Versi\u00f3n graduada para asegurar mediciones m\u00e1s precisas y dispensaci\u00f3n.","og_url":"https:\/\/capitalcientifica.com.mx\/tienda\/product\/micro-vial-fondo-conico-amb-s-grad-abierto-0-3-ml-ref-catalogo-kx-60715-310\/","og_site_name":"Capital Cient&iacute;fica","article_modified_time":"2023-02-24T17:53:07+00:00","og_image":[{"width":58,"height":84,"url":"https:\/\/capitalcientifica.com.mx\/tienda\/wp-content\/uploads\/2022\/02\/kx-60715-1_0.png","type":"image\/png"}],"twitter_card":"summary_large_image","schema":{"@context":"https:\/\/schema.org","@graph":[{"@type":"WebPage","@id":"https:\/\/capitalcientifica.com.mx\/tienda\/product\/micro-vial-fondo-conico-amb-s-grad-abierto-0-3-ml-ref-catalogo-kx-60715-310\/","url":"https:\/\/capitalcientifica.com.mx\/tienda\/product\/micro-vial-fondo-conico-amb-s-grad-abierto-0-3-ml-ref-catalogo-kx-60715-310\/","name":"MICRO VIAL FONDO C\u00d3NICO AMB S\/GRAD ABIERTO 0.3 ML - Capital Cient&iacute;fica","isPartOf":{"@id":"https:\/\/capitalcientifica.com.mx\/tienda\/#website"},"primaryImageOfPage":{"@id":"https:\/\/capitalcientifica.com.mx\/tienda\/product\/micro-vial-fondo-conico-amb-s-grad-abierto-0-3-ml-ref-catalogo-kx-60715-310\/#primaryimage"},"image":{"@id":"https:\/\/capitalcientifica.com.mx\/tienda\/product\/micro-vial-fondo-conico-amb-s-grad-abierto-0-3-ml-ref-catalogo-kx-60715-310\/#primaryimage"},"thumbnailUrl":"https:\/\/capitalcientifica.com.mx\/tienda\/wp-content\/uploads\/2022\/02\/kx-60715-1_0.png","datePublished":"2022-02-09T19:46:48+00:00","dateModified":"2023-02-24T17:53:07+00:00","breadcrumb":{"@id":"https:\/\/capitalcientifica.com.mx\/tienda\/product\/micro-vial-fondo-conico-amb-s-grad-abierto-0-3-ml-ref-catalogo-kx-60715-310\/#breadcrumb"},"inLanguage":"es","potentialAction":[{"@type":"ReadAction","target":["https:\/\/capitalcientifica.com.mx\/tienda\/product\/micro-vial-fondo-conico-amb-s-grad-abierto-0-3-ml-ref-catalogo-kx-60715-310\/"]}]},{"@type":"ImageObject","inLanguage":"es","@id":"https:\/\/capitalcientifica.com.mx\/tienda\/product\/micro-vial-fondo-conico-amb-s-grad-abierto-0-3-ml-ref-catalogo-kx-60715-310\/#primaryimage","url":"https:\/\/capitalcientifica.com.mx\/tienda\/wp-content\/uploads\/2022\/02\/kx-60715-1_0.png","contentUrl":"https:\/\/capitalcientifica.com.mx\/tienda\/wp-content\/uploads\/2022\/02\/kx-60715-1_0.png","width":58,"height":84},{"@type":"BreadcrumbList","@id":"https:\/\/capitalcientifica.com.mx\/tienda\/product\/micro-vial-fondo-conico-amb-s-grad-abierto-0-3-ml-ref-catalogo-kx-60715-310\/#breadcrumb","itemListElement":[{"@type":"ListItem","position":1,"name":"Portada","item":"https:\/\/capitalcientifica.com.mx\/tienda\/"},{"@type":"ListItem","position":2,"name":"Shop","item":"https:\/\/capitalcientifica.com.mx\/tienda\/shop\/"},{"@type":"ListItem","position":3,"name":"MICRO VIAL FONDO C\u00d3NICO AMB S\/GRAD ABIERTO 0.3 ML"}]},{"@type":"WebSite","@id":"https:\/\/capitalcientifica.com.mx\/tienda\/#website","url":"https:\/\/capitalcientifica.com.mx\/tienda\/","name":"Capital Cient&iacute;fica","description":"Equipo para laboratorio","potentialAction":[{"@type":"SearchAction","target":{"@type":"EntryPoint","urlTemplate":"https:\/\/capitalcientifica.com.mx\/tienda\/?s={search_term_string}"},"query-input":{"@type":"PropertyValueSpecification","valueRequired":true,"valueName":"search_term_string"}}],"inLanguage":"es"}]}},"_links":{"self":[{"href":"https:\/\/capitalcientifica.com.mx\/tienda\/wp-json\/wp\/v2\/product\/3653","targetHints":{"allow":["GET"]}}],"collection":[{"href":"https:\/\/capitalcientifica.com.mx\/tienda\/wp-json\/wp\/v2\/product"}],"about":[{"href":"https:\/\/capitalcientifica.com.mx\/tienda\/wp-json\/wp\/v2\/types\/product"}],"replies":[{"embeddable":true,"href":"https:\/\/capitalcientifica.com.mx\/tienda\/wp-json\/wp\/v2\/comments?post=3653"}],"wp:featuredmedia":[{"embeddable":true,"href":"https:\/\/capitalcientifica.com.mx\/tienda\/wp-json\/wp\/v2\/media\/3649"}],"wp:attachment":[{"href":"https:\/\/capitalcientifica.com.mx\/tienda\/wp-json\/wp\/v2\/media?parent=3653"}],"wp:term":[{"taxonomy":"product_cat","embeddable":true,"href":"https:\/\/capitalcientifica.com.mx\/tienda\/wp-json\/wp\/v2\/product_cat?post=3653"},{"taxonomy":"product_tag","embeddable":true,"href":"https:\/\/capitalcientifica.com.mx\/tienda\/wp-json\/wp\/v2\/product_tag?post=3653"}],"curies":[{"name":"wp","href":"https:\/\/api.w.org\/{rel}","templated":true}]}}