{"id":3446,"date":"2022-02-09T04:44:55","date_gmt":"2022-02-09T04:44:55","guid":{"rendered":"https:\/\/www.capitalcientifica.com.mx\/?post_type=product&#038;p=3446"},"modified":"2023-02-28T21:10:59","modified_gmt":"2023-02-28T21:10:59","slug":"pipeta-mohr-clase-a-ser-cert-5-ml-ref-catalogo-kx-37025-5-3","status":"publish","type":"product","link":"https:\/\/capitalcientifica.com.mx\/tienda\/product\/pipeta-mohr-clase-a-ser-cert-5-ml-ref-catalogo-kx-37025-5-3\/","title":{"rendered":"PIPETA MOHR CLASE A SER-CERT 5 ML"},"content":{"rendered":"<p><span>PIPETA MOHR CLASE A SER-CERT 5 ML<\/span><\/p>\n<div class=\"product-id-stock\"><span class=\"product-id\"><span class=\"product-id-name\"><span>Ref . Cat\u00e1logo\u00a0<\/span><\/span><span class=\"product-id-value\"><span>KX-37025-5<\/span><\/span><\/span><\/div>\n<div><\/div>\n<div><span>Pipeta Mohr clase A seriada y certificada en vidrio de borosilicato, utilizada para trabajos de laboratorio qu\u00edmico.\u00a0La abertura de la punta es m\u00e1s peque\u00f1a de lo que normalmente se desea para operaciones de laboratorio cl\u00ednico.\u00a0Viene con n\u00famero de serie individual que corresponde al certificado de precisi\u00f3n, escala permanente en color marr\u00f3n y c\u00f3digo de color.\u00a0Calibrada para entregar TD y cumple las especificaciones para ASTM E1293 para clase A.<\/span><\/div>\n","protected":false},"excerpt":{"rendered":"<p><span>PIPETA MOHR CLASE A SER-CERT 5 ML<\/span><\/p>\n<div class=\"product-id-stock\"><span class=\"product-id\"><span class=\"product-id-name\"><span>Ref . Cat\u00e1logo\u00a0<\/span><\/span><span class=\"product-id-value\"><span>KX-37025-5.<\/span><\/span><\/span><\/div>\n<div><\/div>\n<div><span>Pipeta Mohr clase A seriada y certificada en vidrio de borosilicato, utilizada para trabajos de laboratorio qu\u00edmico.\u00a0La abertura de la punta es m\u00e1s peque\u00f1a de lo que normalmente se desea para operaciones de laboratorio cl\u00ednico.\u00a0Viene con n\u00famero de serie individual que corresponde al certificado de precisi\u00f3n, escala permanente en color marr\u00f3n y c\u00f3digo de color.\u00a0Calibrada para entregar TD y cumple las especificaciones para ASTM E1293 para clase A.<\/span><\/div>\n","protected":false},"featured_media":3441,"comment_status":"open","ping_status":"closed","template":"","meta":{"_joinchat":[]},"product_cat":[104,116],"product_tag":[172,173,2124],"class_list":{"0":"post-3446","1":"product","2":"type-product","3":"status-publish","4":"has-post-thumbnail","6":"product_cat-kimax","7":"product_cat-pipetas-kimax","8":"product_tag-equipo-de-laboratorio","9":"product_tag-equipo-para-laboratorio","10":"product_tag-pipeta-mohr-clase-a-ser-cert-5-ml","12":"first","13":"instock","14":"shipping-taxable","15":"product-type-simple","16":"col-xs-6 col-sm-4","17":"col-md-3 col-lg-3","18":"un-4-cols"},"yoast_head":"<!-- This site is optimized with the Yoast SEO plugin v27.2 - https:\/\/yoast.com\/product\/yoast-seo-wordpress\/ -->\n<title>PIPETA MOHR CLASE A SER-CERT 5 ML - Capital Cient&iacute;fica<\/title>\n<meta name=\"robots\" content=\"index, follow, max-snippet:-1, max-image-preview:large, max-video-preview:-1\" \/>\n<link rel=\"canonical\" href=\"https:\/\/capitalcientifica.com.mx\/tienda\/product\/pipeta-mohr-clase-a-ser-cert-5-ml-ref-catalogo-kx-37025-5-3\/\" \/>\n<meta property=\"og:locale\" content=\"es_ES\" \/>\n<meta property=\"og:type\" content=\"article\" \/>\n<meta property=\"og:title\" content=\"PIPETA MOHR CLASE A SER-CERT 5 ML - Capital Cient&iacute;fica\" \/>\n<meta property=\"og:description\" content=\"PIPETA MOHR CLASE A SER-CERT 5 ML Ref . Cat\u00e1logo\u00a0KX-37025-5.  Pipeta Mohr clase A seriada y certificada en vidrio de borosilicato, utilizada para trabajos de laboratorio qu\u00edmico.\u00a0La abertura de la punta es m\u00e1s peque\u00f1a de lo que normalmente se desea para operaciones de laboratorio cl\u00ednico.\u00a0Viene con n\u00famero de serie individual que corresponde al certificado de precisi\u00f3n, escala permanente en color marr\u00f3n y c\u00f3digo de color.\u00a0Calibrada para entregar TD y cumple las especificaciones para ASTM E1293 para clase A.\" \/>\n<meta property=\"og:url\" content=\"https:\/\/capitalcientifica.com.mx\/tienda\/product\/pipeta-mohr-clase-a-ser-cert-5-ml-ref-catalogo-kx-37025-5-3\/\" \/>\n<meta property=\"og:site_name\" content=\"Capital Cient&iacute;fica\" \/>\n<meta property=\"article:modified_time\" content=\"2023-02-28T21:10:59+00:00\" \/>\n<meta property=\"og:image\" content=\"https:\/\/capitalcientifica.com.mx\/tienda\/wp-content\/uploads\/2022\/02\/kx-37025-10_0-2.png\" \/>\n\t<meta property=\"og:image:width\" content=\"56\" \/>\n\t<meta property=\"og:image:height\" content=\"84\" \/>\n\t<meta property=\"og:image:type\" content=\"image\/png\" \/>\n<meta name=\"twitter:card\" content=\"summary_large_image\" \/>\n<script type=\"application\/ld+json\" class=\"yoast-schema-graph\">{\"@context\":\"https:\/\/schema.org\",\"@graph\":[{\"@type\":\"WebPage\",\"@id\":\"https:\/\/capitalcientifica.com.mx\/tienda\/product\/pipeta-mohr-clase-a-ser-cert-5-ml-ref-catalogo-kx-37025-5-3\/\",\"url\":\"https:\/\/capitalcientifica.com.mx\/tienda\/product\/pipeta-mohr-clase-a-ser-cert-5-ml-ref-catalogo-kx-37025-5-3\/\",\"name\":\"PIPETA MOHR CLASE A SER-CERT 5 ML - Capital Cient&iacute;fica\",\"isPartOf\":{\"@id\":\"https:\/\/capitalcientifica.com.mx\/tienda\/#website\"},\"primaryImageOfPage\":{\"@id\":\"https:\/\/capitalcientifica.com.mx\/tienda\/product\/pipeta-mohr-clase-a-ser-cert-5-ml-ref-catalogo-kx-37025-5-3\/#primaryimage\"},\"image\":{\"@id\":\"https:\/\/capitalcientifica.com.mx\/tienda\/product\/pipeta-mohr-clase-a-ser-cert-5-ml-ref-catalogo-kx-37025-5-3\/#primaryimage\"},\"thumbnailUrl\":\"https:\/\/capitalcientifica.com.mx\/tienda\/wp-content\/uploads\/2022\/02\/kx-37025-10_0-2.png\",\"datePublished\":\"2022-02-09T04:44:55+00:00\",\"dateModified\":\"2023-02-28T21:10:59+00:00\",\"breadcrumb\":{\"@id\":\"https:\/\/capitalcientifica.com.mx\/tienda\/product\/pipeta-mohr-clase-a-ser-cert-5-ml-ref-catalogo-kx-37025-5-3\/#breadcrumb\"},\"inLanguage\":\"es\",\"potentialAction\":[{\"@type\":\"ReadAction\",\"target\":[\"https:\/\/capitalcientifica.com.mx\/tienda\/product\/pipeta-mohr-clase-a-ser-cert-5-ml-ref-catalogo-kx-37025-5-3\/\"]}]},{\"@type\":\"ImageObject\",\"inLanguage\":\"es\",\"@id\":\"https:\/\/capitalcientifica.com.mx\/tienda\/product\/pipeta-mohr-clase-a-ser-cert-5-ml-ref-catalogo-kx-37025-5-3\/#primaryimage\",\"url\":\"https:\/\/capitalcientifica.com.mx\/tienda\/wp-content\/uploads\/2022\/02\/kx-37025-10_0-2.png\",\"contentUrl\":\"https:\/\/capitalcientifica.com.mx\/tienda\/wp-content\/uploads\/2022\/02\/kx-37025-10_0-2.png\",\"width\":56,\"height\":84},{\"@type\":\"BreadcrumbList\",\"@id\":\"https:\/\/capitalcientifica.com.mx\/tienda\/product\/pipeta-mohr-clase-a-ser-cert-5-ml-ref-catalogo-kx-37025-5-3\/#breadcrumb\",\"itemListElement\":[{\"@type\":\"ListItem\",\"position\":1,\"name\":\"Portada\",\"item\":\"https:\/\/capitalcientifica.com.mx\/tienda\/\"},{\"@type\":\"ListItem\",\"position\":2,\"name\":\"Shop\",\"item\":\"https:\/\/capitalcientifica.com.mx\/tienda\/shop\/\"},{\"@type\":\"ListItem\",\"position\":3,\"name\":\"PIPETA MOHR CLASE A SER-CERT 5 ML\"}]},{\"@type\":\"WebSite\",\"@id\":\"https:\/\/capitalcientifica.com.mx\/tienda\/#website\",\"url\":\"https:\/\/capitalcientifica.com.mx\/tienda\/\",\"name\":\"Capital Cient&iacute;fica\",\"description\":\"Equipo para laboratorio\",\"potentialAction\":[{\"@type\":\"SearchAction\",\"target\":{\"@type\":\"EntryPoint\",\"urlTemplate\":\"https:\/\/capitalcientifica.com.mx\/tienda\/?s={search_term_string}\"},\"query-input\":{\"@type\":\"PropertyValueSpecification\",\"valueRequired\":true,\"valueName\":\"search_term_string\"}}],\"inLanguage\":\"es\"}]}<\/script>\n<!-- \/ Yoast SEO plugin. -->","yoast_head_json":{"title":"PIPETA MOHR CLASE A SER-CERT 5 ML - Capital Cient&iacute;fica","robots":{"index":"index","follow":"follow","max-snippet":"max-snippet:-1","max-image-preview":"max-image-preview:large","max-video-preview":"max-video-preview:-1"},"canonical":"https:\/\/capitalcientifica.com.mx\/tienda\/product\/pipeta-mohr-clase-a-ser-cert-5-ml-ref-catalogo-kx-37025-5-3\/","og_locale":"es_ES","og_type":"article","og_title":"PIPETA MOHR CLASE A SER-CERT 5 ML - Capital Cient&iacute;fica","og_description":"PIPETA MOHR CLASE A SER-CERT 5 ML Ref . Cat\u00e1logo\u00a0KX-37025-5.  Pipeta Mohr clase A seriada y certificada en vidrio de borosilicato, utilizada para trabajos de laboratorio qu\u00edmico.\u00a0La abertura de la punta es m\u00e1s peque\u00f1a de lo que normalmente se desea para operaciones de laboratorio cl\u00ednico.\u00a0Viene con n\u00famero de serie individual que corresponde al certificado de precisi\u00f3n, escala permanente en color marr\u00f3n y c\u00f3digo de color.\u00a0Calibrada para entregar TD y cumple las especificaciones para ASTM E1293 para clase A.","og_url":"https:\/\/capitalcientifica.com.mx\/tienda\/product\/pipeta-mohr-clase-a-ser-cert-5-ml-ref-catalogo-kx-37025-5-3\/","og_site_name":"Capital Cient&iacute;fica","article_modified_time":"2023-02-28T21:10:59+00:00","og_image":[{"width":56,"height":84,"url":"https:\/\/capitalcientifica.com.mx\/tienda\/wp-content\/uploads\/2022\/02\/kx-37025-10_0-2.png","type":"image\/png"}],"twitter_card":"summary_large_image","schema":{"@context":"https:\/\/schema.org","@graph":[{"@type":"WebPage","@id":"https:\/\/capitalcientifica.com.mx\/tienda\/product\/pipeta-mohr-clase-a-ser-cert-5-ml-ref-catalogo-kx-37025-5-3\/","url":"https:\/\/capitalcientifica.com.mx\/tienda\/product\/pipeta-mohr-clase-a-ser-cert-5-ml-ref-catalogo-kx-37025-5-3\/","name":"PIPETA MOHR CLASE A SER-CERT 5 ML - Capital Cient&iacute;fica","isPartOf":{"@id":"https:\/\/capitalcientifica.com.mx\/tienda\/#website"},"primaryImageOfPage":{"@id":"https:\/\/capitalcientifica.com.mx\/tienda\/product\/pipeta-mohr-clase-a-ser-cert-5-ml-ref-catalogo-kx-37025-5-3\/#primaryimage"},"image":{"@id":"https:\/\/capitalcientifica.com.mx\/tienda\/product\/pipeta-mohr-clase-a-ser-cert-5-ml-ref-catalogo-kx-37025-5-3\/#primaryimage"},"thumbnailUrl":"https:\/\/capitalcientifica.com.mx\/tienda\/wp-content\/uploads\/2022\/02\/kx-37025-10_0-2.png","datePublished":"2022-02-09T04:44:55+00:00","dateModified":"2023-02-28T21:10:59+00:00","breadcrumb":{"@id":"https:\/\/capitalcientifica.com.mx\/tienda\/product\/pipeta-mohr-clase-a-ser-cert-5-ml-ref-catalogo-kx-37025-5-3\/#breadcrumb"},"inLanguage":"es","potentialAction":[{"@type":"ReadAction","target":["https:\/\/capitalcientifica.com.mx\/tienda\/product\/pipeta-mohr-clase-a-ser-cert-5-ml-ref-catalogo-kx-37025-5-3\/"]}]},{"@type":"ImageObject","inLanguage":"es","@id":"https:\/\/capitalcientifica.com.mx\/tienda\/product\/pipeta-mohr-clase-a-ser-cert-5-ml-ref-catalogo-kx-37025-5-3\/#primaryimage","url":"https:\/\/capitalcientifica.com.mx\/tienda\/wp-content\/uploads\/2022\/02\/kx-37025-10_0-2.png","contentUrl":"https:\/\/capitalcientifica.com.mx\/tienda\/wp-content\/uploads\/2022\/02\/kx-37025-10_0-2.png","width":56,"height":84},{"@type":"BreadcrumbList","@id":"https:\/\/capitalcientifica.com.mx\/tienda\/product\/pipeta-mohr-clase-a-ser-cert-5-ml-ref-catalogo-kx-37025-5-3\/#breadcrumb","itemListElement":[{"@type":"ListItem","position":1,"name":"Portada","item":"https:\/\/capitalcientifica.com.mx\/tienda\/"},{"@type":"ListItem","position":2,"name":"Shop","item":"https:\/\/capitalcientifica.com.mx\/tienda\/shop\/"},{"@type":"ListItem","position":3,"name":"PIPETA MOHR CLASE A SER-CERT 5 ML"}]},{"@type":"WebSite","@id":"https:\/\/capitalcientifica.com.mx\/tienda\/#website","url":"https:\/\/capitalcientifica.com.mx\/tienda\/","name":"Capital Cient&iacute;fica","description":"Equipo para laboratorio","potentialAction":[{"@type":"SearchAction","target":{"@type":"EntryPoint","urlTemplate":"https:\/\/capitalcientifica.com.mx\/tienda\/?s={search_term_string}"},"query-input":{"@type":"PropertyValueSpecification","valueRequired":true,"valueName":"search_term_string"}}],"inLanguage":"es"}]}},"_links":{"self":[{"href":"https:\/\/capitalcientifica.com.mx\/tienda\/wp-json\/wp\/v2\/product\/3446","targetHints":{"allow":["GET"]}}],"collection":[{"href":"https:\/\/capitalcientifica.com.mx\/tienda\/wp-json\/wp\/v2\/product"}],"about":[{"href":"https:\/\/capitalcientifica.com.mx\/tienda\/wp-json\/wp\/v2\/types\/product"}],"replies":[{"embeddable":true,"href":"https:\/\/capitalcientifica.com.mx\/tienda\/wp-json\/wp\/v2\/comments?post=3446"}],"wp:featuredmedia":[{"embeddable":true,"href":"https:\/\/capitalcientifica.com.mx\/tienda\/wp-json\/wp\/v2\/media\/3441"}],"wp:attachment":[{"href":"https:\/\/capitalcientifica.com.mx\/tienda\/wp-json\/wp\/v2\/media?parent=3446"}],"wp:term":[{"taxonomy":"product_cat","embeddable":true,"href":"https:\/\/capitalcientifica.com.mx\/tienda\/wp-json\/wp\/v2\/product_cat?post=3446"},{"taxonomy":"product_tag","embeddable":true,"href":"https:\/\/capitalcientifica.com.mx\/tienda\/wp-json\/wp\/v2\/product_tag?post=3446"}],"curies":[{"name":"wp","href":"https:\/\/api.w.org\/{rel}","templated":true}]}}