{"id":3296,"date":"2022-02-08T22:41:23","date_gmt":"2022-02-08T22:41:23","guid":{"rendered":"https:\/\/www.capitalcientifica.com.mx\/?post_type=product&#038;p=3296"},"modified":"2023-04-04T18:05:52","modified_gmt":"2023-04-04T18:05:52","slug":"tubo-nessler-forma-baja-100-ml-x-pza-no-catalogo-kx-45310-100","status":"publish","type":"product","link":"https:\/\/capitalcientifica.com.mx\/tienda\/product\/tubo-nessler-forma-baja-100-ml-x-pza-no-catalogo-kx-45310-100\/","title":{"rendered":"TUBO NESSLER FORMA BAJA 100 ML X PZA"},"content":{"rendered":"<p>TUBO NESSLER FORMA BAJA 100 ML X PZA<\/p>\n<div class=\"product-id-stock\"><span class=\"product-id\"><span class=\"product-id-name\">No. Cat\u00e1logo<\/span>\u00a0<span class=\"product-id-value\">KX-45310-100<\/span><\/span><\/div>\n<div><\/div>\n<div><span>Tubo Nessler forma baja para comparaci\u00f3n de color en vidrio de borosilicato, ideal para la comparaci\u00f3n de colores.\u00a0<\/span><span>Fondo sin sombras que transmite luz sin distorsi\u00f3n.\u00a0<\/span><span>Anillo graduado en esmalte duradero.\u00a0<\/span><span>Cat\u00e1logo 45310A viene en juego de 6 piezas donde la graduaci\u00f3n de los 6 tubos no debe variar con m\u00e1s de 3 mm entre los tubos del set.<\/span><\/div>\n","protected":false},"excerpt":{"rendered":"<p>TUBO NESSLER FORMA BAJA 100 ML X PZA<\/p>\n<div class=\"product-id-stock\"><span class=\"product-id\"><span class=\"product-id-name\">No. Cat\u00e1logo<\/span>\u00a0<span class=\"product-id-value\">KX-45310-100<\/span><\/span><\/div>\n<div><\/div>\n<div><span>Tubo Nessler forma baja para comparaci\u00f3n de color en vidrio de borosilicato, ideal para la comparaci\u00f3n de colores.\u00a0<\/span><span>Fondo sin sombras que transmite luz sin distorsi\u00f3n.\u00a0<\/span><span>Anillo graduado en esmalte duradero.\u00a0<\/span><span>Cat\u00e1logo 45310A viene en juego de 6 piezas donde la graduaci\u00f3n de los 6 tubos no debe variar con m\u00e1s de 3 mm entre los tubos del set.<\/span><\/div>\n","protected":false},"featured_media":3297,"comment_status":"open","ping_status":"closed","template":"","meta":{"_joinchat":[]},"product_cat":[104,113],"product_tag":[172,173,2791],"class_list":{"0":"post-3296","1":"product","2":"type-product","3":"status-publish","4":"has-post-thumbnail","6":"product_cat-kimax","7":"product_cat-tubos","8":"product_tag-equipo-de-laboratorio","9":"product_tag-equipo-para-laboratorio","10":"product_tag-tubo-nessler-forma-baja-100-ml-x-pza","12":"first","13":"instock","14":"shipping-taxable","15":"product-type-simple","16":"col-xs-6 col-sm-4","17":"col-md-3 col-lg-3","18":"un-4-cols"},"yoast_head":"<!-- This site is optimized with the Yoast SEO plugin v27.2 - https:\/\/yoast.com\/product\/yoast-seo-wordpress\/ -->\n<title>TUBO NESSLER FORMA BAJA 100 ML X PZA - Capital Cient&iacute;fica<\/title>\n<meta name=\"robots\" content=\"index, follow, max-snippet:-1, max-image-preview:large, max-video-preview:-1\" \/>\n<link rel=\"canonical\" href=\"https:\/\/capitalcientifica.com.mx\/tienda\/product\/tubo-nessler-forma-baja-100-ml-x-pza-no-catalogo-kx-45310-100\/\" \/>\n<meta property=\"og:locale\" content=\"es_ES\" \/>\n<meta property=\"og:type\" content=\"article\" \/>\n<meta property=\"og:title\" content=\"TUBO NESSLER FORMA BAJA 100 ML X PZA - Capital Cient&iacute;fica\" \/>\n<meta property=\"og:description\" content=\"TUBO NESSLER FORMA BAJA 100 ML X PZA No. Cat\u00e1logo\u00a0KX-45310-100  Tubo Nessler forma baja para comparaci\u00f3n de color en vidrio de borosilicato, ideal para la comparaci\u00f3n de colores.\u00a0Fondo sin sombras que transmite luz sin distorsi\u00f3n.\u00a0Anillo graduado en esmalte duradero.\u00a0Cat\u00e1logo 45310A viene en juego de 6 piezas donde la graduaci\u00f3n de los 6 tubos no debe variar con m\u00e1s de 3 mm entre los tubos del set.\" \/>\n<meta property=\"og:url\" content=\"https:\/\/capitalcientifica.com.mx\/tienda\/product\/tubo-nessler-forma-baja-100-ml-x-pza-no-catalogo-kx-45310-100\/\" \/>\n<meta property=\"og:site_name\" content=\"Capital Cient&iacute;fica\" \/>\n<meta property=\"article:modified_time\" content=\"2023-04-04T18:05:52+00:00\" \/>\n<meta property=\"og:image\" content=\"https:\/\/capitalcientifica.com.mx\/tienda\/wp-content\/uploads\/2022\/02\/kx-45310-100_0.png\" \/>\n\t<meta property=\"og:image:width\" content=\"49\" \/>\n\t<meta property=\"og:image:height\" content=\"84\" \/>\n\t<meta property=\"og:image:type\" content=\"image\/png\" \/>\n<meta name=\"twitter:card\" content=\"summary_large_image\" \/>\n<script type=\"application\/ld+json\" class=\"yoast-schema-graph\">{\"@context\":\"https:\/\/schema.org\",\"@graph\":[{\"@type\":\"WebPage\",\"@id\":\"https:\/\/capitalcientifica.com.mx\/tienda\/product\/tubo-nessler-forma-baja-100-ml-x-pza-no-catalogo-kx-45310-100\/\",\"url\":\"https:\/\/capitalcientifica.com.mx\/tienda\/product\/tubo-nessler-forma-baja-100-ml-x-pza-no-catalogo-kx-45310-100\/\",\"name\":\"TUBO NESSLER FORMA BAJA 100 ML X PZA - Capital Cient&iacute;fica\",\"isPartOf\":{\"@id\":\"https:\/\/capitalcientifica.com.mx\/tienda\/#website\"},\"primaryImageOfPage\":{\"@id\":\"https:\/\/capitalcientifica.com.mx\/tienda\/product\/tubo-nessler-forma-baja-100-ml-x-pza-no-catalogo-kx-45310-100\/#primaryimage\"},\"image\":{\"@id\":\"https:\/\/capitalcientifica.com.mx\/tienda\/product\/tubo-nessler-forma-baja-100-ml-x-pza-no-catalogo-kx-45310-100\/#primaryimage\"},\"thumbnailUrl\":\"https:\/\/capitalcientifica.com.mx\/tienda\/wp-content\/uploads\/2022\/02\/kx-45310-100_0.png\",\"datePublished\":\"2022-02-08T22:41:23+00:00\",\"dateModified\":\"2023-04-04T18:05:52+00:00\",\"breadcrumb\":{\"@id\":\"https:\/\/capitalcientifica.com.mx\/tienda\/product\/tubo-nessler-forma-baja-100-ml-x-pza-no-catalogo-kx-45310-100\/#breadcrumb\"},\"inLanguage\":\"es\",\"potentialAction\":[{\"@type\":\"ReadAction\",\"target\":[\"https:\/\/capitalcientifica.com.mx\/tienda\/product\/tubo-nessler-forma-baja-100-ml-x-pza-no-catalogo-kx-45310-100\/\"]}]},{\"@type\":\"ImageObject\",\"inLanguage\":\"es\",\"@id\":\"https:\/\/capitalcientifica.com.mx\/tienda\/product\/tubo-nessler-forma-baja-100-ml-x-pza-no-catalogo-kx-45310-100\/#primaryimage\",\"url\":\"https:\/\/capitalcientifica.com.mx\/tienda\/wp-content\/uploads\/2022\/02\/kx-45310-100_0.png\",\"contentUrl\":\"https:\/\/capitalcientifica.com.mx\/tienda\/wp-content\/uploads\/2022\/02\/kx-45310-100_0.png\",\"width\":49,\"height\":84},{\"@type\":\"BreadcrumbList\",\"@id\":\"https:\/\/capitalcientifica.com.mx\/tienda\/product\/tubo-nessler-forma-baja-100-ml-x-pza-no-catalogo-kx-45310-100\/#breadcrumb\",\"itemListElement\":[{\"@type\":\"ListItem\",\"position\":1,\"name\":\"Portada\",\"item\":\"https:\/\/capitalcientifica.com.mx\/tienda\/\"},{\"@type\":\"ListItem\",\"position\":2,\"name\":\"Shop\",\"item\":\"https:\/\/capitalcientifica.com.mx\/tienda\/shop\/\"},{\"@type\":\"ListItem\",\"position\":3,\"name\":\"TUBO NESSLER FORMA BAJA 100 ML X PZA\"}]},{\"@type\":\"WebSite\",\"@id\":\"https:\/\/capitalcientifica.com.mx\/tienda\/#website\",\"url\":\"https:\/\/capitalcientifica.com.mx\/tienda\/\",\"name\":\"Capital Cient&iacute;fica\",\"description\":\"Equipo para laboratorio\",\"potentialAction\":[{\"@type\":\"SearchAction\",\"target\":{\"@type\":\"EntryPoint\",\"urlTemplate\":\"https:\/\/capitalcientifica.com.mx\/tienda\/?s={search_term_string}\"},\"query-input\":{\"@type\":\"PropertyValueSpecification\",\"valueRequired\":true,\"valueName\":\"search_term_string\"}}],\"inLanguage\":\"es\"}]}<\/script>\n<!-- \/ Yoast SEO plugin. -->","yoast_head_json":{"title":"TUBO NESSLER FORMA BAJA 100 ML X PZA - Capital Cient&iacute;fica","robots":{"index":"index","follow":"follow","max-snippet":"max-snippet:-1","max-image-preview":"max-image-preview:large","max-video-preview":"max-video-preview:-1"},"canonical":"https:\/\/capitalcientifica.com.mx\/tienda\/product\/tubo-nessler-forma-baja-100-ml-x-pza-no-catalogo-kx-45310-100\/","og_locale":"es_ES","og_type":"article","og_title":"TUBO NESSLER FORMA BAJA 100 ML X PZA - Capital Cient&iacute;fica","og_description":"TUBO NESSLER FORMA BAJA 100 ML X PZA No. Cat\u00e1logo\u00a0KX-45310-100  Tubo Nessler forma baja para comparaci\u00f3n de color en vidrio de borosilicato, ideal para la comparaci\u00f3n de colores.\u00a0Fondo sin sombras que transmite luz sin distorsi\u00f3n.\u00a0Anillo graduado en esmalte duradero.\u00a0Cat\u00e1logo 45310A viene en juego de 6 piezas donde la graduaci\u00f3n de los 6 tubos no debe variar con m\u00e1s de 3 mm entre los tubos del set.","og_url":"https:\/\/capitalcientifica.com.mx\/tienda\/product\/tubo-nessler-forma-baja-100-ml-x-pza-no-catalogo-kx-45310-100\/","og_site_name":"Capital Cient&iacute;fica","article_modified_time":"2023-04-04T18:05:52+00:00","og_image":[{"width":49,"height":84,"url":"https:\/\/capitalcientifica.com.mx\/tienda\/wp-content\/uploads\/2022\/02\/kx-45310-100_0.png","type":"image\/png"}],"twitter_card":"summary_large_image","schema":{"@context":"https:\/\/schema.org","@graph":[{"@type":"WebPage","@id":"https:\/\/capitalcientifica.com.mx\/tienda\/product\/tubo-nessler-forma-baja-100-ml-x-pza-no-catalogo-kx-45310-100\/","url":"https:\/\/capitalcientifica.com.mx\/tienda\/product\/tubo-nessler-forma-baja-100-ml-x-pza-no-catalogo-kx-45310-100\/","name":"TUBO NESSLER FORMA BAJA 100 ML X PZA - Capital Cient&iacute;fica","isPartOf":{"@id":"https:\/\/capitalcientifica.com.mx\/tienda\/#website"},"primaryImageOfPage":{"@id":"https:\/\/capitalcientifica.com.mx\/tienda\/product\/tubo-nessler-forma-baja-100-ml-x-pza-no-catalogo-kx-45310-100\/#primaryimage"},"image":{"@id":"https:\/\/capitalcientifica.com.mx\/tienda\/product\/tubo-nessler-forma-baja-100-ml-x-pza-no-catalogo-kx-45310-100\/#primaryimage"},"thumbnailUrl":"https:\/\/capitalcientifica.com.mx\/tienda\/wp-content\/uploads\/2022\/02\/kx-45310-100_0.png","datePublished":"2022-02-08T22:41:23+00:00","dateModified":"2023-04-04T18:05:52+00:00","breadcrumb":{"@id":"https:\/\/capitalcientifica.com.mx\/tienda\/product\/tubo-nessler-forma-baja-100-ml-x-pza-no-catalogo-kx-45310-100\/#breadcrumb"},"inLanguage":"es","potentialAction":[{"@type":"ReadAction","target":["https:\/\/capitalcientifica.com.mx\/tienda\/product\/tubo-nessler-forma-baja-100-ml-x-pza-no-catalogo-kx-45310-100\/"]}]},{"@type":"ImageObject","inLanguage":"es","@id":"https:\/\/capitalcientifica.com.mx\/tienda\/product\/tubo-nessler-forma-baja-100-ml-x-pza-no-catalogo-kx-45310-100\/#primaryimage","url":"https:\/\/capitalcientifica.com.mx\/tienda\/wp-content\/uploads\/2022\/02\/kx-45310-100_0.png","contentUrl":"https:\/\/capitalcientifica.com.mx\/tienda\/wp-content\/uploads\/2022\/02\/kx-45310-100_0.png","width":49,"height":84},{"@type":"BreadcrumbList","@id":"https:\/\/capitalcientifica.com.mx\/tienda\/product\/tubo-nessler-forma-baja-100-ml-x-pza-no-catalogo-kx-45310-100\/#breadcrumb","itemListElement":[{"@type":"ListItem","position":1,"name":"Portada","item":"https:\/\/capitalcientifica.com.mx\/tienda\/"},{"@type":"ListItem","position":2,"name":"Shop","item":"https:\/\/capitalcientifica.com.mx\/tienda\/shop\/"},{"@type":"ListItem","position":3,"name":"TUBO NESSLER FORMA BAJA 100 ML X PZA"}]},{"@type":"WebSite","@id":"https:\/\/capitalcientifica.com.mx\/tienda\/#website","url":"https:\/\/capitalcientifica.com.mx\/tienda\/","name":"Capital Cient&iacute;fica","description":"Equipo para laboratorio","potentialAction":[{"@type":"SearchAction","target":{"@type":"EntryPoint","urlTemplate":"https:\/\/capitalcientifica.com.mx\/tienda\/?s={search_term_string}"},"query-input":{"@type":"PropertyValueSpecification","valueRequired":true,"valueName":"search_term_string"}}],"inLanguage":"es"}]}},"_links":{"self":[{"href":"https:\/\/capitalcientifica.com.mx\/tienda\/wp-json\/wp\/v2\/product\/3296","targetHints":{"allow":["GET"]}}],"collection":[{"href":"https:\/\/capitalcientifica.com.mx\/tienda\/wp-json\/wp\/v2\/product"}],"about":[{"href":"https:\/\/capitalcientifica.com.mx\/tienda\/wp-json\/wp\/v2\/types\/product"}],"replies":[{"embeddable":true,"href":"https:\/\/capitalcientifica.com.mx\/tienda\/wp-json\/wp\/v2\/comments?post=3296"}],"wp:featuredmedia":[{"embeddable":true,"href":"https:\/\/capitalcientifica.com.mx\/tienda\/wp-json\/wp\/v2\/media\/3297"}],"wp:attachment":[{"href":"https:\/\/capitalcientifica.com.mx\/tienda\/wp-json\/wp\/v2\/media?parent=3296"}],"wp:term":[{"taxonomy":"product_cat","embeddable":true,"href":"https:\/\/capitalcientifica.com.mx\/tienda\/wp-json\/wp\/v2\/product_cat?post=3296"},{"taxonomy":"product_tag","embeddable":true,"href":"https:\/\/capitalcientifica.com.mx\/tienda\/wp-json\/wp\/v2\/product_tag?post=3296"}],"curies":[{"name":"wp","href":"https:\/\/api.w.org\/{rel}","templated":true}]}}