{"id":3294,"date":"2022-02-08T22:40:10","date_gmt":"2022-02-08T22:40:10","guid":{"rendered":"https:\/\/www.capitalcientifica.com.mx\/?post_type=product&#038;p=3294"},"modified":"2023-03-03T18:53:48","modified_gmt":"2023-03-03T18:53:48","slug":"tubo-aocs-de-3-anillos-comparacion-de-color-19-mm-no-catalogo-kx-45290-154","status":"publish","type":"product","link":"https:\/\/capitalcientifica.com.mx\/tienda\/product\/tubo-aocs-de-3-anillos-comparacion-de-color-19-mm-no-catalogo-kx-45290-154\/","title":{"rendered":"TUBO AOCS DE 3 ANILLOS COMPARACI\u00d3N DE COLOR 19 MM"},"content":{"rendered":"<p><span>TUBO AOCS DE 3 ANILLOS COMPARACI\u00d3N DE COLOR 19 MM<\/span><\/p>\n<div class=\"product-id-stock\"><span class=\"product-id\"><span class=\"product-id-name\"><span>N\u00ba Cat\u00e1logo\u00a0<\/span><\/span><span class=\"product-id-value\"><span>KX-45290-154<\/span><\/span><\/span><\/div>\n<div><\/div>\n<div>Tubo AOCS para la comparaci\u00f3n de color en vidrio de borosilicato, se utiliza para determinar el color de los aceites vegetales refinados como los aceites de semilla de algod\u00f3n, ma\u00edz y soya. As\u00ed como los de sebo, grasas, \u00e1cidos grasos, etc. con tint\u00f3metros tipo Wesson (M\u00e9todo AOCS Cc 13b).<\/div>\n","protected":false},"excerpt":{"rendered":"<p><span>TUBO AOCS DE 3 ANILLOS COMPARACI\u00d3N DE COLOR 19 MM<\/span><\/p>\n<div class=\"product-id-stock\"><span class=\"product-id\"><span class=\"product-id-name\"><span>N\u00ba Cat\u00e1logo\u00a0<\/span><\/span><span class=\"product-id-value\"><span>KX-45290-154<\/span><\/span><\/span><\/div>\n<div><\/div>\n<div>Tubo AOCS para la comparaci\u00f3n de color en vidrio de borosilicato, se utiliza para determinar el color de los aceites vegetales refinados como los aceites de semilla de algod\u00f3n, ma\u00edz y soya. As\u00ed como los de sebo, grasas, \u00e1cidos grasos, etc. con tint\u00f3metros tipo Wesson (M\u00e9todo AOCS Cc 13b).<\/div>\n","protected":false},"featured_media":3295,"comment_status":"open","ping_status":"closed","template":"","meta":{"_joinchat":[]},"product_cat":[104,113],"product_tag":[172,173,2716],"class_list":{"0":"post-3294","1":"product","2":"type-product","3":"status-publish","4":"has-post-thumbnail","6":"product_cat-kimax","7":"product_cat-tubos","8":"product_tag-equipo-de-laboratorio","9":"product_tag-equipo-para-laboratorio","10":"product_tag-tubo-aocs-de-3-anillos-comparacion-de-color-19-mm","12":"first","13":"instock","14":"shipping-taxable","15":"product-type-simple","16":"col-xs-6 col-sm-4","17":"col-md-3 col-lg-3","18":"un-4-cols"},"yoast_head":"<!-- This site is optimized with the Yoast SEO plugin v27.2 - https:\/\/yoast.com\/product\/yoast-seo-wordpress\/ -->\n<title>TUBO AOCS DE 3 ANILLOS COMPARACI\u00d3N DE COLOR 19 MM - Capital Cient&iacute;fica<\/title>\n<meta name=\"robots\" content=\"index, follow, max-snippet:-1, max-image-preview:large, max-video-preview:-1\" \/>\n<link rel=\"canonical\" href=\"https:\/\/capitalcientifica.com.mx\/tienda\/product\/tubo-aocs-de-3-anillos-comparacion-de-color-19-mm-no-catalogo-kx-45290-154\/\" \/>\n<meta property=\"og:locale\" content=\"es_ES\" \/>\n<meta property=\"og:type\" content=\"article\" \/>\n<meta property=\"og:title\" content=\"TUBO AOCS DE 3 ANILLOS COMPARACI\u00d3N DE COLOR 19 MM - Capital Cient&iacute;fica\" \/>\n<meta property=\"og:description\" content=\"TUBO AOCS DE 3 ANILLOS COMPARACI\u00d3N DE COLOR 19 MM N\u00ba Cat\u00e1logo\u00a0KX-45290-154  Tubo AOCS para la comparaci\u00f3n de color en vidrio de borosilicato, se utiliza para determinar el color de los aceites vegetales refinados como los aceites de semilla de algod\u00f3n, ma\u00edz y soya. As\u00ed como los de sebo, grasas, \u00e1cidos grasos, etc. con tint\u00f3metros tipo Wesson (M\u00e9todo AOCS Cc 13b).\" \/>\n<meta property=\"og:url\" content=\"https:\/\/capitalcientifica.com.mx\/tienda\/product\/tubo-aocs-de-3-anillos-comparacion-de-color-19-mm-no-catalogo-kx-45290-154\/\" \/>\n<meta property=\"og:site_name\" content=\"Capital Cient&iacute;fica\" \/>\n<meta property=\"article:modified_time\" content=\"2023-03-03T18:53:48+00:00\" \/>\n<meta property=\"og:image\" content=\"https:\/\/capitalcientifica.com.mx\/tienda\/wp-content\/uploads\/2022\/02\/kx-45290-154_0.png\" \/>\n\t<meta property=\"og:image:width\" content=\"36\" \/>\n\t<meta property=\"og:image:height\" content=\"84\" \/>\n\t<meta property=\"og:image:type\" content=\"image\/png\" \/>\n<meta name=\"twitter:card\" content=\"summary_large_image\" \/>\n<script type=\"application\/ld+json\" class=\"yoast-schema-graph\">{\"@context\":\"https:\/\/schema.org\",\"@graph\":[{\"@type\":\"WebPage\",\"@id\":\"https:\/\/capitalcientifica.com.mx\/tienda\/product\/tubo-aocs-de-3-anillos-comparacion-de-color-19-mm-no-catalogo-kx-45290-154\/\",\"url\":\"https:\/\/capitalcientifica.com.mx\/tienda\/product\/tubo-aocs-de-3-anillos-comparacion-de-color-19-mm-no-catalogo-kx-45290-154\/\",\"name\":\"TUBO AOCS DE 3 ANILLOS COMPARACI\u00d3N DE COLOR 19 MM - Capital Cient&iacute;fica\",\"isPartOf\":{\"@id\":\"https:\/\/capitalcientifica.com.mx\/tienda\/#website\"},\"primaryImageOfPage\":{\"@id\":\"https:\/\/capitalcientifica.com.mx\/tienda\/product\/tubo-aocs-de-3-anillos-comparacion-de-color-19-mm-no-catalogo-kx-45290-154\/#primaryimage\"},\"image\":{\"@id\":\"https:\/\/capitalcientifica.com.mx\/tienda\/product\/tubo-aocs-de-3-anillos-comparacion-de-color-19-mm-no-catalogo-kx-45290-154\/#primaryimage\"},\"thumbnailUrl\":\"https:\/\/capitalcientifica.com.mx\/tienda\/wp-content\/uploads\/2022\/02\/kx-45290-154_0.png\",\"datePublished\":\"2022-02-08T22:40:10+00:00\",\"dateModified\":\"2023-03-03T18:53:48+00:00\",\"breadcrumb\":{\"@id\":\"https:\/\/capitalcientifica.com.mx\/tienda\/product\/tubo-aocs-de-3-anillos-comparacion-de-color-19-mm-no-catalogo-kx-45290-154\/#breadcrumb\"},\"inLanguage\":\"es\",\"potentialAction\":[{\"@type\":\"ReadAction\",\"target\":[\"https:\/\/capitalcientifica.com.mx\/tienda\/product\/tubo-aocs-de-3-anillos-comparacion-de-color-19-mm-no-catalogo-kx-45290-154\/\"]}]},{\"@type\":\"ImageObject\",\"inLanguage\":\"es\",\"@id\":\"https:\/\/capitalcientifica.com.mx\/tienda\/product\/tubo-aocs-de-3-anillos-comparacion-de-color-19-mm-no-catalogo-kx-45290-154\/#primaryimage\",\"url\":\"https:\/\/capitalcientifica.com.mx\/tienda\/wp-content\/uploads\/2022\/02\/kx-45290-154_0.png\",\"contentUrl\":\"https:\/\/capitalcientifica.com.mx\/tienda\/wp-content\/uploads\/2022\/02\/kx-45290-154_0.png\",\"width\":36,\"height\":84},{\"@type\":\"BreadcrumbList\",\"@id\":\"https:\/\/capitalcientifica.com.mx\/tienda\/product\/tubo-aocs-de-3-anillos-comparacion-de-color-19-mm-no-catalogo-kx-45290-154\/#breadcrumb\",\"itemListElement\":[{\"@type\":\"ListItem\",\"position\":1,\"name\":\"Portada\",\"item\":\"https:\/\/capitalcientifica.com.mx\/tienda\/\"},{\"@type\":\"ListItem\",\"position\":2,\"name\":\"Shop\",\"item\":\"https:\/\/capitalcientifica.com.mx\/tienda\/shop\/\"},{\"@type\":\"ListItem\",\"position\":3,\"name\":\"TUBO AOCS DE 3 ANILLOS COMPARACI\u00d3N DE COLOR 19 MM\"}]},{\"@type\":\"WebSite\",\"@id\":\"https:\/\/capitalcientifica.com.mx\/tienda\/#website\",\"url\":\"https:\/\/capitalcientifica.com.mx\/tienda\/\",\"name\":\"Capital Cient&iacute;fica\",\"description\":\"Equipo para laboratorio\",\"potentialAction\":[{\"@type\":\"SearchAction\",\"target\":{\"@type\":\"EntryPoint\",\"urlTemplate\":\"https:\/\/capitalcientifica.com.mx\/tienda\/?s={search_term_string}\"},\"query-input\":{\"@type\":\"PropertyValueSpecification\",\"valueRequired\":true,\"valueName\":\"search_term_string\"}}],\"inLanguage\":\"es\"}]}<\/script>\n<!-- \/ Yoast SEO plugin. -->","yoast_head_json":{"title":"TUBO AOCS DE 3 ANILLOS COMPARACI\u00d3N DE COLOR 19 MM - Capital Cient&iacute;fica","robots":{"index":"index","follow":"follow","max-snippet":"max-snippet:-1","max-image-preview":"max-image-preview:large","max-video-preview":"max-video-preview:-1"},"canonical":"https:\/\/capitalcientifica.com.mx\/tienda\/product\/tubo-aocs-de-3-anillos-comparacion-de-color-19-mm-no-catalogo-kx-45290-154\/","og_locale":"es_ES","og_type":"article","og_title":"TUBO AOCS DE 3 ANILLOS COMPARACI\u00d3N DE COLOR 19 MM - Capital Cient&iacute;fica","og_description":"TUBO AOCS DE 3 ANILLOS COMPARACI\u00d3N DE COLOR 19 MM N\u00ba Cat\u00e1logo\u00a0KX-45290-154  Tubo AOCS para la comparaci\u00f3n de color en vidrio de borosilicato, se utiliza para determinar el color de los aceites vegetales refinados como los aceites de semilla de algod\u00f3n, ma\u00edz y soya. As\u00ed como los de sebo, grasas, \u00e1cidos grasos, etc. con tint\u00f3metros tipo Wesson (M\u00e9todo AOCS Cc 13b).","og_url":"https:\/\/capitalcientifica.com.mx\/tienda\/product\/tubo-aocs-de-3-anillos-comparacion-de-color-19-mm-no-catalogo-kx-45290-154\/","og_site_name":"Capital Cient&iacute;fica","article_modified_time":"2023-03-03T18:53:48+00:00","og_image":[{"width":36,"height":84,"url":"https:\/\/capitalcientifica.com.mx\/tienda\/wp-content\/uploads\/2022\/02\/kx-45290-154_0.png","type":"image\/png"}],"twitter_card":"summary_large_image","schema":{"@context":"https:\/\/schema.org","@graph":[{"@type":"WebPage","@id":"https:\/\/capitalcientifica.com.mx\/tienda\/product\/tubo-aocs-de-3-anillos-comparacion-de-color-19-mm-no-catalogo-kx-45290-154\/","url":"https:\/\/capitalcientifica.com.mx\/tienda\/product\/tubo-aocs-de-3-anillos-comparacion-de-color-19-mm-no-catalogo-kx-45290-154\/","name":"TUBO AOCS DE 3 ANILLOS COMPARACI\u00d3N DE COLOR 19 MM - Capital Cient&iacute;fica","isPartOf":{"@id":"https:\/\/capitalcientifica.com.mx\/tienda\/#website"},"primaryImageOfPage":{"@id":"https:\/\/capitalcientifica.com.mx\/tienda\/product\/tubo-aocs-de-3-anillos-comparacion-de-color-19-mm-no-catalogo-kx-45290-154\/#primaryimage"},"image":{"@id":"https:\/\/capitalcientifica.com.mx\/tienda\/product\/tubo-aocs-de-3-anillos-comparacion-de-color-19-mm-no-catalogo-kx-45290-154\/#primaryimage"},"thumbnailUrl":"https:\/\/capitalcientifica.com.mx\/tienda\/wp-content\/uploads\/2022\/02\/kx-45290-154_0.png","datePublished":"2022-02-08T22:40:10+00:00","dateModified":"2023-03-03T18:53:48+00:00","breadcrumb":{"@id":"https:\/\/capitalcientifica.com.mx\/tienda\/product\/tubo-aocs-de-3-anillos-comparacion-de-color-19-mm-no-catalogo-kx-45290-154\/#breadcrumb"},"inLanguage":"es","potentialAction":[{"@type":"ReadAction","target":["https:\/\/capitalcientifica.com.mx\/tienda\/product\/tubo-aocs-de-3-anillos-comparacion-de-color-19-mm-no-catalogo-kx-45290-154\/"]}]},{"@type":"ImageObject","inLanguage":"es","@id":"https:\/\/capitalcientifica.com.mx\/tienda\/product\/tubo-aocs-de-3-anillos-comparacion-de-color-19-mm-no-catalogo-kx-45290-154\/#primaryimage","url":"https:\/\/capitalcientifica.com.mx\/tienda\/wp-content\/uploads\/2022\/02\/kx-45290-154_0.png","contentUrl":"https:\/\/capitalcientifica.com.mx\/tienda\/wp-content\/uploads\/2022\/02\/kx-45290-154_0.png","width":36,"height":84},{"@type":"BreadcrumbList","@id":"https:\/\/capitalcientifica.com.mx\/tienda\/product\/tubo-aocs-de-3-anillos-comparacion-de-color-19-mm-no-catalogo-kx-45290-154\/#breadcrumb","itemListElement":[{"@type":"ListItem","position":1,"name":"Portada","item":"https:\/\/capitalcientifica.com.mx\/tienda\/"},{"@type":"ListItem","position":2,"name":"Shop","item":"https:\/\/capitalcientifica.com.mx\/tienda\/shop\/"},{"@type":"ListItem","position":3,"name":"TUBO AOCS DE 3 ANILLOS COMPARACI\u00d3N DE COLOR 19 MM"}]},{"@type":"WebSite","@id":"https:\/\/capitalcientifica.com.mx\/tienda\/#website","url":"https:\/\/capitalcientifica.com.mx\/tienda\/","name":"Capital Cient&iacute;fica","description":"Equipo para laboratorio","potentialAction":[{"@type":"SearchAction","target":{"@type":"EntryPoint","urlTemplate":"https:\/\/capitalcientifica.com.mx\/tienda\/?s={search_term_string}"},"query-input":{"@type":"PropertyValueSpecification","valueRequired":true,"valueName":"search_term_string"}}],"inLanguage":"es"}]}},"_links":{"self":[{"href":"https:\/\/capitalcientifica.com.mx\/tienda\/wp-json\/wp\/v2\/product\/3294","targetHints":{"allow":["GET"]}}],"collection":[{"href":"https:\/\/capitalcientifica.com.mx\/tienda\/wp-json\/wp\/v2\/product"}],"about":[{"href":"https:\/\/capitalcientifica.com.mx\/tienda\/wp-json\/wp\/v2\/types\/product"}],"replies":[{"embeddable":true,"href":"https:\/\/capitalcientifica.com.mx\/tienda\/wp-json\/wp\/v2\/comments?post=3294"}],"wp:featuredmedia":[{"embeddable":true,"href":"https:\/\/capitalcientifica.com.mx\/tienda\/wp-json\/wp\/v2\/media\/3295"}],"wp:attachment":[{"href":"https:\/\/capitalcientifica.com.mx\/tienda\/wp-json\/wp\/v2\/media?parent=3294"}],"wp:term":[{"taxonomy":"product_cat","embeddable":true,"href":"https:\/\/capitalcientifica.com.mx\/tienda\/wp-json\/wp\/v2\/product_cat?post=3294"},{"taxonomy":"product_tag","embeddable":true,"href":"https:\/\/capitalcientifica.com.mx\/tienda\/wp-json\/wp\/v2\/product_tag?post=3294"}],"curies":[{"name":"wp","href":"https:\/\/api.w.org\/{rel}","templated":true}]}}