{"id":3227,"date":"2022-02-08T21:33:25","date_gmt":"2022-02-08T21:33:25","guid":{"rendered":"https:\/\/www.capitalcientifica.com.mx\/?post_type=product&#038;p=3227"},"modified":"2023-03-03T18:54:33","modified_gmt":"2023-03-03T18:54:33","slug":"tubo-capilar-p-punto-fusion-abierto-0-25-mm-ref-catalogo-kx-34502-99","status":"publish","type":"product","link":"https:\/\/capitalcientifica.com.mx\/tienda\/product\/tubo-capilar-p-punto-fusion-abierto-0-25-mm-ref-catalogo-kx-34502-99\/","title":{"rendered":"TUBO CAPILAR P\/PUNTO FUSION ABIERTO 0.25 MM"},"content":{"rendered":"<p><span>TUBO CAPILAR P\/PUNTO FUSION ABIERTO 0.25 MM<\/span><\/p>\n<div class=\"product-id-stock\"><span class=\"product-id\"><span class=\"product-id-name\"><span>Ref . Cat\u00e1logo\u00a0<\/span><\/span><span class=\"product-id-value\"><span>KX-34502-99<\/span><\/span><\/span><\/div>\n<div><\/div>\n<div>Tubo capilar para punto de fusi\u00f3n en vidrio de borosilicato, utilizado para determinar el punto en el que una muestra s\u00f3lida se convierte en l\u00edquido, es decir, su punto de fusi\u00f3n.<\/div>\n","protected":false},"excerpt":{"rendered":"<p><span>TUBO CAPILAR P\/PUNTO FUSION ABIERTO 0.25 MM<\/span><\/p>\n<div class=\"product-id-stock\"><span class=\"product-id\"><span class=\"product-id-name\"><span>Ref . Cat\u00e1logo\u00a0<\/span><\/span><span class=\"product-id-value\"><span>KX-34502-99<\/span><\/span><\/span><\/div>\n<div><\/div>\n<div>Tubo capilar para punto de fusi\u00f3n en vidrio de borosilicato, utilizado para determinar el punto en el que una muestra s\u00f3lida se convierte en l\u00edquido, es decir, su punto de fusi\u00f3n.<\/div>\n","protected":false},"featured_media":3226,"comment_status":"open","ping_status":"closed","template":"","meta":{"_joinchat":[]},"product_cat":[104,113],"product_tag":[172,173,2720],"class_list":{"0":"post-3227","1":"product","2":"type-product","3":"status-publish","4":"has-post-thumbnail","6":"product_cat-kimax","7":"product_cat-tubos","8":"product_tag-equipo-de-laboratorio","9":"product_tag-equipo-para-laboratorio","10":"product_tag-tubo-capilar-p-punto-fusion-abierto-0-25-mm","12":"first","13":"instock","14":"shipping-taxable","15":"product-type-simple","16":"col-xs-6 col-sm-4","17":"col-md-3 col-lg-3","18":"un-4-cols"},"yoast_head":"<!-- This site is optimized with the Yoast SEO plugin v27.2 - https:\/\/yoast.com\/product\/yoast-seo-wordpress\/ -->\n<title>TUBO CAPILAR P\/PUNTO FUSION ABIERTO 0.25 MM - Capital Cient&iacute;fica<\/title>\n<meta name=\"robots\" content=\"index, follow, max-snippet:-1, max-image-preview:large, max-video-preview:-1\" \/>\n<link rel=\"canonical\" href=\"https:\/\/capitalcientifica.com.mx\/tienda\/product\/tubo-capilar-p-punto-fusion-abierto-0-25-mm-ref-catalogo-kx-34502-99\/\" \/>\n<meta property=\"og:locale\" content=\"es_ES\" \/>\n<meta property=\"og:type\" content=\"article\" \/>\n<meta property=\"og:title\" content=\"TUBO CAPILAR P\/PUNTO FUSION ABIERTO 0.25 MM - Capital Cient&iacute;fica\" \/>\n<meta property=\"og:description\" content=\"TUBO CAPILAR P\/PUNTO FUSION ABIERTO 0.25 MM Ref . Cat\u00e1logo\u00a0KX-34502-99  Tubo capilar para punto de fusi\u00f3n en vidrio de borosilicato, utilizado para determinar el punto en el que una muestra s\u00f3lida se convierte en l\u00edquido, es decir, su punto de fusi\u00f3n.\" \/>\n<meta property=\"og:url\" content=\"https:\/\/capitalcientifica.com.mx\/tienda\/product\/tubo-capilar-p-punto-fusion-abierto-0-25-mm-ref-catalogo-kx-34502-99\/\" \/>\n<meta property=\"og:site_name\" content=\"Capital Cient&iacute;fica\" \/>\n<meta property=\"article:modified_time\" content=\"2023-03-03T18:54:33+00:00\" \/>\n<meta property=\"og:image\" content=\"https:\/\/capitalcientifica.com.mx\/tienda\/wp-content\/uploads\/2022\/02\/kx-34500-99_0.png\" \/>\n\t<meta property=\"og:image:width\" content=\"84\" \/>\n\t<meta property=\"og:image:height\" content=\"84\" \/>\n\t<meta property=\"og:image:type\" content=\"image\/png\" \/>\n<meta name=\"twitter:card\" content=\"summary_large_image\" \/>\n<script type=\"application\/ld+json\" class=\"yoast-schema-graph\">{\"@context\":\"https:\/\/schema.org\",\"@graph\":[{\"@type\":\"WebPage\",\"@id\":\"https:\/\/capitalcientifica.com.mx\/tienda\/product\/tubo-capilar-p-punto-fusion-abierto-0-25-mm-ref-catalogo-kx-34502-99\/\",\"url\":\"https:\/\/capitalcientifica.com.mx\/tienda\/product\/tubo-capilar-p-punto-fusion-abierto-0-25-mm-ref-catalogo-kx-34502-99\/\",\"name\":\"TUBO CAPILAR P\/PUNTO FUSION ABIERTO 0.25 MM - Capital Cient&iacute;fica\",\"isPartOf\":{\"@id\":\"https:\/\/capitalcientifica.com.mx\/tienda\/#website\"},\"primaryImageOfPage\":{\"@id\":\"https:\/\/capitalcientifica.com.mx\/tienda\/product\/tubo-capilar-p-punto-fusion-abierto-0-25-mm-ref-catalogo-kx-34502-99\/#primaryimage\"},\"image\":{\"@id\":\"https:\/\/capitalcientifica.com.mx\/tienda\/product\/tubo-capilar-p-punto-fusion-abierto-0-25-mm-ref-catalogo-kx-34502-99\/#primaryimage\"},\"thumbnailUrl\":\"https:\/\/capitalcientifica.com.mx\/tienda\/wp-content\/uploads\/2022\/02\/kx-34500-99_0.png\",\"datePublished\":\"2022-02-08T21:33:25+00:00\",\"dateModified\":\"2023-03-03T18:54:33+00:00\",\"breadcrumb\":{\"@id\":\"https:\/\/capitalcientifica.com.mx\/tienda\/product\/tubo-capilar-p-punto-fusion-abierto-0-25-mm-ref-catalogo-kx-34502-99\/#breadcrumb\"},\"inLanguage\":\"es\",\"potentialAction\":[{\"@type\":\"ReadAction\",\"target\":[\"https:\/\/capitalcientifica.com.mx\/tienda\/product\/tubo-capilar-p-punto-fusion-abierto-0-25-mm-ref-catalogo-kx-34502-99\/\"]}]},{\"@type\":\"ImageObject\",\"inLanguage\":\"es\",\"@id\":\"https:\/\/capitalcientifica.com.mx\/tienda\/product\/tubo-capilar-p-punto-fusion-abierto-0-25-mm-ref-catalogo-kx-34502-99\/#primaryimage\",\"url\":\"https:\/\/capitalcientifica.com.mx\/tienda\/wp-content\/uploads\/2022\/02\/kx-34500-99_0.png\",\"contentUrl\":\"https:\/\/capitalcientifica.com.mx\/tienda\/wp-content\/uploads\/2022\/02\/kx-34500-99_0.png\",\"width\":84,\"height\":84},{\"@type\":\"BreadcrumbList\",\"@id\":\"https:\/\/capitalcientifica.com.mx\/tienda\/product\/tubo-capilar-p-punto-fusion-abierto-0-25-mm-ref-catalogo-kx-34502-99\/#breadcrumb\",\"itemListElement\":[{\"@type\":\"ListItem\",\"position\":1,\"name\":\"Portada\",\"item\":\"https:\/\/capitalcientifica.com.mx\/tienda\/\"},{\"@type\":\"ListItem\",\"position\":2,\"name\":\"Shop\",\"item\":\"https:\/\/capitalcientifica.com.mx\/tienda\/shop\/\"},{\"@type\":\"ListItem\",\"position\":3,\"name\":\"TUBO CAPILAR P\/PUNTO FUSION ABIERTO 0.25 MM\"}]},{\"@type\":\"WebSite\",\"@id\":\"https:\/\/capitalcientifica.com.mx\/tienda\/#website\",\"url\":\"https:\/\/capitalcientifica.com.mx\/tienda\/\",\"name\":\"Capital Cient&iacute;fica\",\"description\":\"Equipo para laboratorio\",\"potentialAction\":[{\"@type\":\"SearchAction\",\"target\":{\"@type\":\"EntryPoint\",\"urlTemplate\":\"https:\/\/capitalcientifica.com.mx\/tienda\/?s={search_term_string}\"},\"query-input\":{\"@type\":\"PropertyValueSpecification\",\"valueRequired\":true,\"valueName\":\"search_term_string\"}}],\"inLanguage\":\"es\"}]}<\/script>\n<!-- \/ Yoast SEO plugin. -->","yoast_head_json":{"title":"TUBO CAPILAR P\/PUNTO FUSION ABIERTO 0.25 MM - Capital Cient&iacute;fica","robots":{"index":"index","follow":"follow","max-snippet":"max-snippet:-1","max-image-preview":"max-image-preview:large","max-video-preview":"max-video-preview:-1"},"canonical":"https:\/\/capitalcientifica.com.mx\/tienda\/product\/tubo-capilar-p-punto-fusion-abierto-0-25-mm-ref-catalogo-kx-34502-99\/","og_locale":"es_ES","og_type":"article","og_title":"TUBO CAPILAR P\/PUNTO FUSION ABIERTO 0.25 MM - Capital Cient&iacute;fica","og_description":"TUBO CAPILAR P\/PUNTO FUSION ABIERTO 0.25 MM Ref . Cat\u00e1logo\u00a0KX-34502-99  Tubo capilar para punto de fusi\u00f3n en vidrio de borosilicato, utilizado para determinar el punto en el que una muestra s\u00f3lida se convierte en l\u00edquido, es decir, su punto de fusi\u00f3n.","og_url":"https:\/\/capitalcientifica.com.mx\/tienda\/product\/tubo-capilar-p-punto-fusion-abierto-0-25-mm-ref-catalogo-kx-34502-99\/","og_site_name":"Capital Cient&iacute;fica","article_modified_time":"2023-03-03T18:54:33+00:00","og_image":[{"width":84,"height":84,"url":"https:\/\/capitalcientifica.com.mx\/tienda\/wp-content\/uploads\/2022\/02\/kx-34500-99_0.png","type":"image\/png"}],"twitter_card":"summary_large_image","schema":{"@context":"https:\/\/schema.org","@graph":[{"@type":"WebPage","@id":"https:\/\/capitalcientifica.com.mx\/tienda\/product\/tubo-capilar-p-punto-fusion-abierto-0-25-mm-ref-catalogo-kx-34502-99\/","url":"https:\/\/capitalcientifica.com.mx\/tienda\/product\/tubo-capilar-p-punto-fusion-abierto-0-25-mm-ref-catalogo-kx-34502-99\/","name":"TUBO CAPILAR P\/PUNTO FUSION ABIERTO 0.25 MM - Capital Cient&iacute;fica","isPartOf":{"@id":"https:\/\/capitalcientifica.com.mx\/tienda\/#website"},"primaryImageOfPage":{"@id":"https:\/\/capitalcientifica.com.mx\/tienda\/product\/tubo-capilar-p-punto-fusion-abierto-0-25-mm-ref-catalogo-kx-34502-99\/#primaryimage"},"image":{"@id":"https:\/\/capitalcientifica.com.mx\/tienda\/product\/tubo-capilar-p-punto-fusion-abierto-0-25-mm-ref-catalogo-kx-34502-99\/#primaryimage"},"thumbnailUrl":"https:\/\/capitalcientifica.com.mx\/tienda\/wp-content\/uploads\/2022\/02\/kx-34500-99_0.png","datePublished":"2022-02-08T21:33:25+00:00","dateModified":"2023-03-03T18:54:33+00:00","breadcrumb":{"@id":"https:\/\/capitalcientifica.com.mx\/tienda\/product\/tubo-capilar-p-punto-fusion-abierto-0-25-mm-ref-catalogo-kx-34502-99\/#breadcrumb"},"inLanguage":"es","potentialAction":[{"@type":"ReadAction","target":["https:\/\/capitalcientifica.com.mx\/tienda\/product\/tubo-capilar-p-punto-fusion-abierto-0-25-mm-ref-catalogo-kx-34502-99\/"]}]},{"@type":"ImageObject","inLanguage":"es","@id":"https:\/\/capitalcientifica.com.mx\/tienda\/product\/tubo-capilar-p-punto-fusion-abierto-0-25-mm-ref-catalogo-kx-34502-99\/#primaryimage","url":"https:\/\/capitalcientifica.com.mx\/tienda\/wp-content\/uploads\/2022\/02\/kx-34500-99_0.png","contentUrl":"https:\/\/capitalcientifica.com.mx\/tienda\/wp-content\/uploads\/2022\/02\/kx-34500-99_0.png","width":84,"height":84},{"@type":"BreadcrumbList","@id":"https:\/\/capitalcientifica.com.mx\/tienda\/product\/tubo-capilar-p-punto-fusion-abierto-0-25-mm-ref-catalogo-kx-34502-99\/#breadcrumb","itemListElement":[{"@type":"ListItem","position":1,"name":"Portada","item":"https:\/\/capitalcientifica.com.mx\/tienda\/"},{"@type":"ListItem","position":2,"name":"Shop","item":"https:\/\/capitalcientifica.com.mx\/tienda\/shop\/"},{"@type":"ListItem","position":3,"name":"TUBO CAPILAR P\/PUNTO FUSION ABIERTO 0.25 MM"}]},{"@type":"WebSite","@id":"https:\/\/capitalcientifica.com.mx\/tienda\/#website","url":"https:\/\/capitalcientifica.com.mx\/tienda\/","name":"Capital Cient&iacute;fica","description":"Equipo para laboratorio","potentialAction":[{"@type":"SearchAction","target":{"@type":"EntryPoint","urlTemplate":"https:\/\/capitalcientifica.com.mx\/tienda\/?s={search_term_string}"},"query-input":{"@type":"PropertyValueSpecification","valueRequired":true,"valueName":"search_term_string"}}],"inLanguage":"es"}]}},"_links":{"self":[{"href":"https:\/\/capitalcientifica.com.mx\/tienda\/wp-json\/wp\/v2\/product\/3227","targetHints":{"allow":["GET"]}}],"collection":[{"href":"https:\/\/capitalcientifica.com.mx\/tienda\/wp-json\/wp\/v2\/product"}],"about":[{"href":"https:\/\/capitalcientifica.com.mx\/tienda\/wp-json\/wp\/v2\/types\/product"}],"replies":[{"embeddable":true,"href":"https:\/\/capitalcientifica.com.mx\/tienda\/wp-json\/wp\/v2\/comments?post=3227"}],"wp:featuredmedia":[{"embeddable":true,"href":"https:\/\/capitalcientifica.com.mx\/tienda\/wp-json\/wp\/v2\/media\/3226"}],"wp:attachment":[{"href":"https:\/\/capitalcientifica.com.mx\/tienda\/wp-json\/wp\/v2\/media?parent=3227"}],"wp:term":[{"taxonomy":"product_cat","embeddable":true,"href":"https:\/\/capitalcientifica.com.mx\/tienda\/wp-json\/wp\/v2\/product_cat?post=3227"},{"taxonomy":"product_tag","embeddable":true,"href":"https:\/\/capitalcientifica.com.mx\/tienda\/wp-json\/wp\/v2\/product_tag?post=3227"}],"curies":[{"name":"wp","href":"https:\/\/api.w.org\/{rel}","templated":true}]}}