{"id":3152,"date":"2022-02-08T18:41:52","date_gmt":"2022-02-08T18:41:52","guid":{"rendered":"https:\/\/www.capitalcientifica.com.mx\/?post_type=product&#038;p=3152"},"modified":"2023-02-15T21:33:10","modified_gmt":"2023-02-15T21:33:10","slug":"embudo-de-vidrio-para-polvos-100-mm-ref-catalogo-kx-29020-100","status":"publish","type":"product","link":"https:\/\/capitalcientifica.com.mx\/tienda\/product\/embudo-de-vidrio-para-polvos-100-mm-ref-catalogo-kx-29020-100\/","title":{"rendered":"EMBUDO DE VIDRIO PARA POLVOS 100 MM"},"content":{"rendered":"<p><span>EMBUDO DE VIDRIO PARA POLVOS 100 MM<\/span><\/p>\n<div class=\"product-id-stock\"><span class=\"product-id\"><span class=\"product-id-name\"><span>Ref . Cat\u00e1logo\u00a0<\/span><\/span><span class=\"product-id-value\"><span>KX-29020-100<\/span><\/span><\/span><\/div>\n<div><\/div>\n<div>Embudo utilizado para facilitar la transferencia de polvos a un recipiente. Es de tallo corto y ancho, tiene paredes gruesas y uniformes con los bordes moldeados. Resistente al ataque qu\u00edmico y al choque mec\u00e1nico o t\u00e9rmico. Fabricado en vidrio borosilicato.<\/div>\n","protected":false},"excerpt":{"rendered":"<p><span>EMBUDO DE VIDRIO PARA POLVOS 100 MM<\/span><\/p>\n<div class=\"product-id-stock\"><span class=\"product-id\"><span class=\"product-id-name\"><span>Ref . Cat\u00e1logo\u00a0<\/span><\/span><span class=\"product-id-value\"><span>KX-29020-100<\/span><\/span><\/span><\/div>\n<div><\/div>\n<div>Embudo utilizado para facilitar la transferencia de polvos a un recipiente. Es de tallo corto y ancho, tiene paredes gruesas y uniformes con los bordes moldeados. Resistente al ataque qu\u00edmico y al choque mec\u00e1nico o t\u00e9rmico. Fabricado en vidrio borosilicato.<\/div>\n","protected":false},"featured_media":3153,"comment_status":"open","ping_status":"closed","template":"","meta":{"_joinchat":[]},"product_cat":[112,104],"product_tag":[940,172,173],"class_list":{"0":"post-3152","1":"product","2":"type-product","3":"status-publish","4":"has-post-thumbnail","6":"product_cat-filtracion","7":"product_cat-kimax","8":"product_tag-embudo-de-vidrio-para-polvos-100-mm","9":"product_tag-equipo-de-laboratorio","10":"product_tag-equipo-para-laboratorio","12":"first","13":"instock","14":"shipping-taxable","15":"product-type-simple","16":"col-xs-6 col-sm-4","17":"col-md-3 col-lg-3","18":"un-4-cols"},"yoast_head":"<!-- This site is optimized with the Yoast SEO plugin v27.5 - https:\/\/yoast.com\/product\/yoast-seo-wordpress\/ -->\n<title>EMBUDO DE VIDRIO PARA POLVOS 100 MM - Capital Cient\u00edfica<\/title>\n<meta name=\"robots\" content=\"index, follow, max-snippet:-1, max-image-preview:large, max-video-preview:-1\" \/>\n<link rel=\"canonical\" href=\"https:\/\/capitalcientifica.com.mx\/tienda\/product\/embudo-de-vidrio-para-polvos-100-mm-ref-catalogo-kx-29020-100\/\" \/>\n<meta property=\"og:locale\" content=\"es_ES\" \/>\n<meta property=\"og:type\" content=\"article\" \/>\n<meta property=\"og:title\" content=\"EMBUDO DE VIDRIO PARA POLVOS 100 MM - Capital Cient\u00edfica\" \/>\n<meta property=\"og:description\" content=\"EMBUDO DE VIDRIO PARA POLVOS 100 MM Ref . Cat\u00e1logo\u00a0KX-29020-100  Embudo utilizado para facilitar la transferencia de polvos a un recipiente. Es de tallo corto y ancho, tiene paredes gruesas y uniformes con los bordes moldeados. Resistente al ataque qu\u00edmico y al choque mec\u00e1nico o t\u00e9rmico. Fabricado en vidrio borosilicato.\" \/>\n<meta property=\"og:url\" content=\"https:\/\/capitalcientifica.com.mx\/tienda\/product\/embudo-de-vidrio-para-polvos-100-mm-ref-catalogo-kx-29020-100\/\" \/>\n<meta property=\"og:site_name\" content=\"Capital Cient\u00edfica\" \/>\n<meta property=\"article:modified_time\" content=\"2023-02-15T21:33:10+00:00\" \/>\n<meta property=\"og:image\" content=\"https:\/\/capitalcientifica.com.mx\/tienda\/wp-content\/uploads\/2022\/02\/kx-29020-100_0.png\" \/>\n\t<meta property=\"og:image:width\" content=\"84\" \/>\n\t<meta property=\"og:image:height\" content=\"84\" \/>\n\t<meta property=\"og:image:type\" content=\"image\/png\" \/>\n<meta name=\"twitter:card\" content=\"summary_large_image\" \/>\n<script type=\"application\/ld+json\" class=\"yoast-schema-graph\">{\"@context\":\"https:\\\/\\\/schema.org\",\"@graph\":[{\"@type\":\"WebPage\",\"@id\":\"https:\\\/\\\/capitalcientifica.com.mx\\\/tienda\\\/product\\\/embudo-de-vidrio-para-polvos-100-mm-ref-catalogo-kx-29020-100\\\/\",\"url\":\"https:\\\/\\\/capitalcientifica.com.mx\\\/tienda\\\/product\\\/embudo-de-vidrio-para-polvos-100-mm-ref-catalogo-kx-29020-100\\\/\",\"name\":\"EMBUDO DE VIDRIO PARA POLVOS 100 MM - Capital Cient\u00edfica\",\"isPartOf\":{\"@id\":\"https:\\\/\\\/capitalcientifica.com.mx\\\/tienda\\\/#website\"},\"primaryImageOfPage\":{\"@id\":\"https:\\\/\\\/capitalcientifica.com.mx\\\/tienda\\\/product\\\/embudo-de-vidrio-para-polvos-100-mm-ref-catalogo-kx-29020-100\\\/#primaryimage\"},\"image\":{\"@id\":\"https:\\\/\\\/capitalcientifica.com.mx\\\/tienda\\\/product\\\/embudo-de-vidrio-para-polvos-100-mm-ref-catalogo-kx-29020-100\\\/#primaryimage\"},\"thumbnailUrl\":\"https:\\\/\\\/capitalcientifica.com.mx\\\/tienda\\\/wp-content\\\/uploads\\\/2022\\\/02\\\/kx-29020-100_0.png\",\"datePublished\":\"2022-02-08T18:41:52+00:00\",\"dateModified\":\"2023-02-15T21:33:10+00:00\",\"breadcrumb\":{\"@id\":\"https:\\\/\\\/capitalcientifica.com.mx\\\/tienda\\\/product\\\/embudo-de-vidrio-para-polvos-100-mm-ref-catalogo-kx-29020-100\\\/#breadcrumb\"},\"inLanguage\":\"es\",\"potentialAction\":[{\"@type\":\"ReadAction\",\"target\":[\"https:\\\/\\\/capitalcientifica.com.mx\\\/tienda\\\/product\\\/embudo-de-vidrio-para-polvos-100-mm-ref-catalogo-kx-29020-100\\\/\"]}]},{\"@type\":\"ImageObject\",\"inLanguage\":\"es\",\"@id\":\"https:\\\/\\\/capitalcientifica.com.mx\\\/tienda\\\/product\\\/embudo-de-vidrio-para-polvos-100-mm-ref-catalogo-kx-29020-100\\\/#primaryimage\",\"url\":\"https:\\\/\\\/capitalcientifica.com.mx\\\/tienda\\\/wp-content\\\/uploads\\\/2022\\\/02\\\/kx-29020-100_0.png\",\"contentUrl\":\"https:\\\/\\\/capitalcientifica.com.mx\\\/tienda\\\/wp-content\\\/uploads\\\/2022\\\/02\\\/kx-29020-100_0.png\",\"width\":84,\"height\":84},{\"@type\":\"BreadcrumbList\",\"@id\":\"https:\\\/\\\/capitalcientifica.com.mx\\\/tienda\\\/product\\\/embudo-de-vidrio-para-polvos-100-mm-ref-catalogo-kx-29020-100\\\/#breadcrumb\",\"itemListElement\":[{\"@type\":\"ListItem\",\"position\":1,\"name\":\"Portada\",\"item\":\"https:\\\/\\\/capitalcientifica.com.mx\\\/tienda\\\/\"},{\"@type\":\"ListItem\",\"position\":2,\"name\":\"Shop\",\"item\":\"https:\\\/\\\/capitalcientifica.com.mx\\\/tienda\\\/shop\\\/\"},{\"@type\":\"ListItem\",\"position\":3,\"name\":\"EMBUDO DE VIDRIO PARA POLVOS 100 MM\"}]},{\"@type\":\"WebSite\",\"@id\":\"https:\\\/\\\/capitalcientifica.com.mx\\\/tienda\\\/#website\",\"url\":\"https:\\\/\\\/capitalcientifica.com.mx\\\/tienda\\\/\",\"name\":\"Capital Cient\u00edfica\",\"description\":\"Equipo para laboratorio\",\"potentialAction\":[{\"@type\":\"SearchAction\",\"target\":{\"@type\":\"EntryPoint\",\"urlTemplate\":\"https:\\\/\\\/capitalcientifica.com.mx\\\/tienda\\\/?s={search_term_string}\"},\"query-input\":{\"@type\":\"PropertyValueSpecification\",\"valueRequired\":true,\"valueName\":\"search_term_string\"}}],\"inLanguage\":\"es\"}]}<\/script>\n<!-- \/ Yoast SEO plugin. -->","yoast_head_json":{"title":"EMBUDO DE VIDRIO PARA POLVOS 100 MM - Capital Cient\u00edfica","robots":{"index":"index","follow":"follow","max-snippet":"max-snippet:-1","max-image-preview":"max-image-preview:large","max-video-preview":"max-video-preview:-1"},"canonical":"https:\/\/capitalcientifica.com.mx\/tienda\/product\/embudo-de-vidrio-para-polvos-100-mm-ref-catalogo-kx-29020-100\/","og_locale":"es_ES","og_type":"article","og_title":"EMBUDO DE VIDRIO PARA POLVOS 100 MM - Capital Cient\u00edfica","og_description":"EMBUDO DE VIDRIO PARA POLVOS 100 MM Ref . Cat\u00e1logo\u00a0KX-29020-100  Embudo utilizado para facilitar la transferencia de polvos a un recipiente. Es de tallo corto y ancho, tiene paredes gruesas y uniformes con los bordes moldeados. Resistente al ataque qu\u00edmico y al choque mec\u00e1nico o t\u00e9rmico. Fabricado en vidrio borosilicato.","og_url":"https:\/\/capitalcientifica.com.mx\/tienda\/product\/embudo-de-vidrio-para-polvos-100-mm-ref-catalogo-kx-29020-100\/","og_site_name":"Capital Cient\u00edfica","article_modified_time":"2023-02-15T21:33:10+00:00","og_image":[{"width":84,"height":84,"url":"https:\/\/capitalcientifica.com.mx\/tienda\/wp-content\/uploads\/2022\/02\/kx-29020-100_0.png","type":"image\/png"}],"twitter_card":"summary_large_image","schema":{"@context":"https:\/\/schema.org","@graph":[{"@type":"WebPage","@id":"https:\/\/capitalcientifica.com.mx\/tienda\/product\/embudo-de-vidrio-para-polvos-100-mm-ref-catalogo-kx-29020-100\/","url":"https:\/\/capitalcientifica.com.mx\/tienda\/product\/embudo-de-vidrio-para-polvos-100-mm-ref-catalogo-kx-29020-100\/","name":"EMBUDO DE VIDRIO PARA POLVOS 100 MM - Capital Cient\u00edfica","isPartOf":{"@id":"https:\/\/capitalcientifica.com.mx\/tienda\/#website"},"primaryImageOfPage":{"@id":"https:\/\/capitalcientifica.com.mx\/tienda\/product\/embudo-de-vidrio-para-polvos-100-mm-ref-catalogo-kx-29020-100\/#primaryimage"},"image":{"@id":"https:\/\/capitalcientifica.com.mx\/tienda\/product\/embudo-de-vidrio-para-polvos-100-mm-ref-catalogo-kx-29020-100\/#primaryimage"},"thumbnailUrl":"https:\/\/capitalcientifica.com.mx\/tienda\/wp-content\/uploads\/2022\/02\/kx-29020-100_0.png","datePublished":"2022-02-08T18:41:52+00:00","dateModified":"2023-02-15T21:33:10+00:00","breadcrumb":{"@id":"https:\/\/capitalcientifica.com.mx\/tienda\/product\/embudo-de-vidrio-para-polvos-100-mm-ref-catalogo-kx-29020-100\/#breadcrumb"},"inLanguage":"es","potentialAction":[{"@type":"ReadAction","target":["https:\/\/capitalcientifica.com.mx\/tienda\/product\/embudo-de-vidrio-para-polvos-100-mm-ref-catalogo-kx-29020-100\/"]}]},{"@type":"ImageObject","inLanguage":"es","@id":"https:\/\/capitalcientifica.com.mx\/tienda\/product\/embudo-de-vidrio-para-polvos-100-mm-ref-catalogo-kx-29020-100\/#primaryimage","url":"https:\/\/capitalcientifica.com.mx\/tienda\/wp-content\/uploads\/2022\/02\/kx-29020-100_0.png","contentUrl":"https:\/\/capitalcientifica.com.mx\/tienda\/wp-content\/uploads\/2022\/02\/kx-29020-100_0.png","width":84,"height":84},{"@type":"BreadcrumbList","@id":"https:\/\/capitalcientifica.com.mx\/tienda\/product\/embudo-de-vidrio-para-polvos-100-mm-ref-catalogo-kx-29020-100\/#breadcrumb","itemListElement":[{"@type":"ListItem","position":1,"name":"Portada","item":"https:\/\/capitalcientifica.com.mx\/tienda\/"},{"@type":"ListItem","position":2,"name":"Shop","item":"https:\/\/capitalcientifica.com.mx\/tienda\/shop\/"},{"@type":"ListItem","position":3,"name":"EMBUDO DE VIDRIO PARA POLVOS 100 MM"}]},{"@type":"WebSite","@id":"https:\/\/capitalcientifica.com.mx\/tienda\/#website","url":"https:\/\/capitalcientifica.com.mx\/tienda\/","name":"Capital Cient\u00edfica","description":"Equipo para laboratorio","potentialAction":[{"@type":"SearchAction","target":{"@type":"EntryPoint","urlTemplate":"https:\/\/capitalcientifica.com.mx\/tienda\/?s={search_term_string}"},"query-input":{"@type":"PropertyValueSpecification","valueRequired":true,"valueName":"search_term_string"}}],"inLanguage":"es"}]}},"_links":{"self":[{"href":"https:\/\/capitalcientifica.com.mx\/tienda\/wp-json\/wp\/v2\/product\/3152","targetHints":{"allow":["GET"]}}],"collection":[{"href":"https:\/\/capitalcientifica.com.mx\/tienda\/wp-json\/wp\/v2\/product"}],"about":[{"href":"https:\/\/capitalcientifica.com.mx\/tienda\/wp-json\/wp\/v2\/types\/product"}],"replies":[{"embeddable":true,"href":"https:\/\/capitalcientifica.com.mx\/tienda\/wp-json\/wp\/v2\/comments?post=3152"}],"wp:featuredmedia":[{"embeddable":true,"href":"https:\/\/capitalcientifica.com.mx\/tienda\/wp-json\/wp\/v2\/media\/3153"}],"wp:attachment":[{"href":"https:\/\/capitalcientifica.com.mx\/tienda\/wp-json\/wp\/v2\/media?parent=3152"}],"wp:term":[{"taxonomy":"product_cat","embeddable":true,"href":"https:\/\/capitalcientifica.com.mx\/tienda\/wp-json\/wp\/v2\/product_cat?post=3152"},{"taxonomy":"product_tag","embeddable":true,"href":"https:\/\/capitalcientifica.com.mx\/tienda\/wp-json\/wp\/v2\/product_tag?post=3152"}],"curies":[{"name":"wp","href":"https:\/\/api.w.org\/{rel}","templated":true}]}}