{"id":3143,"date":"2022-02-08T18:33:05","date_gmt":"2022-02-08T18:33:05","guid":{"rendered":"https:\/\/www.capitalcientifica.com.mx\/?post_type=product&#038;p=3143"},"modified":"2023-02-14T23:00:31","modified_gmt":"2023-02-14T23:00:31","slug":"embudo-conico-de-vidrio-tallo-corto-55-mm-ref-catalogo-kx-28950-55","status":"publish","type":"product","link":"https:\/\/capitalcientifica.com.mx\/tienda\/product\/embudo-conico-de-vidrio-tallo-corto-55-mm-ref-catalogo-kx-28950-55\/","title":{"rendered":"EMBUDO C\u00d3NICO DE VIDRIO TALLO CORTO 55 MM"},"content":{"rendered":"<p><span>EMBUDO C\u00d3NICO DE VIDRIO TALLO CORTO 55 MM<\/span><\/p>\n<div class=\"product-id-stock\"><span class=\"product-id\"><span class=\"product-id-name\"><span>Ref . Cat\u00e1logo\u00a0<\/span><\/span><span class=\"product-id-value\"><span>KX-28950-55<\/span><\/span><\/span><\/div>\n<div><\/div>\n<div>Embudo c\u00f3nico de tallo corto en vidrio de borosilicato con \u00e1ngulo de 58\u00b0. Es utilizado para transferir l\u00edquidos de forma r\u00e1pida evitando derrames. Tiene paredes gruesas y uniformes con bordes moldeados. Resistente al ataque qu\u00edmico y al choque mec\u00e1nico o t\u00e9rmico.<\/div>\n","protected":false},"excerpt":{"rendered":"<p><span>EMBUDO C\u00d3NICO DE VIDRIO TALLO CORTO 55 MM<\/span><\/p>\n<div class=\"product-id-stock\"><span class=\"product-id\"><span class=\"product-id-name\"><span>Ref . Cat\u00e1logo\u00a0<\/span><\/span><span class=\"product-id-value\"><span>KX-28950-55<\/span><\/span><\/span><\/div>\n<div><\/div>\n<div>Embudo c\u00f3nico de tallo corto en vidrio de borosilicato con \u00e1ngulo de 58\u00b0. Es utilizado para transferir l\u00edquidos de forma r\u00e1pida evitando derrames. Tiene paredes gruesas y uniformes con bordes moldeados. Resistente al ataque qu\u00edmico y al choque mec\u00e1nico o t\u00e9rmico.<\/div>\n","protected":false},"featured_media":3137,"comment_status":"open","ping_status":"closed","template":"","meta":{"_joinchat":[]},"product_cat":[112,104],"product_tag":[904,172,173],"class_list":{"0":"post-3143","1":"product","2":"type-product","3":"status-publish","4":"has-post-thumbnail","6":"product_cat-filtracion","7":"product_cat-kimax","8":"product_tag-embudo-conico-de-vidrio-tallo-corto-55-mm","9":"product_tag-equipo-de-laboratorio","10":"product_tag-equipo-para-laboratorio","12":"first","13":"instock","14":"shipping-taxable","15":"product-type-simple","16":"col-xs-6 col-sm-4","17":"col-md-3 col-lg-3","18":"un-4-cols"},"yoast_head":"<!-- This site is optimized with the Yoast SEO plugin v27.5 - https:\/\/yoast.com\/product\/yoast-seo-wordpress\/ -->\n<title>EMBUDO C\u00d3NICO DE VIDRIO TALLO CORTO 55 MM - Capital Cient\u00edfica<\/title>\n<meta name=\"robots\" content=\"index, follow, max-snippet:-1, max-image-preview:large, max-video-preview:-1\" \/>\n<link rel=\"canonical\" href=\"https:\/\/capitalcientifica.com.mx\/tienda\/product\/embudo-conico-de-vidrio-tallo-corto-55-mm-ref-catalogo-kx-28950-55\/\" \/>\n<meta property=\"og:locale\" content=\"es_ES\" \/>\n<meta property=\"og:type\" content=\"article\" \/>\n<meta property=\"og:title\" content=\"EMBUDO C\u00d3NICO DE VIDRIO TALLO CORTO 55 MM - Capital Cient\u00edfica\" \/>\n<meta property=\"og:description\" content=\"EMBUDO C\u00d3NICO DE VIDRIO TALLO CORTO 55 MM Ref . Cat\u00e1logo\u00a0KX-28950-55  Embudo c\u00f3nico de tallo corto en vidrio de borosilicato con \u00e1ngulo de 58\u00b0. Es utilizado para transferir l\u00edquidos de forma r\u00e1pida evitando derrames. Tiene paredes gruesas y uniformes con bordes moldeados. Resistente al ataque qu\u00edmico y al choque mec\u00e1nico o t\u00e9rmico.\" \/>\n<meta property=\"og:url\" content=\"https:\/\/capitalcientifica.com.mx\/tienda\/product\/embudo-conico-de-vidrio-tallo-corto-55-mm-ref-catalogo-kx-28950-55\/\" \/>\n<meta property=\"og:site_name\" content=\"Capital Cient\u00edfica\" \/>\n<meta property=\"article:modified_time\" content=\"2023-02-14T23:00:31+00:00\" \/>\n<meta property=\"og:image\" content=\"https:\/\/capitalcientifica.com.mx\/tienda\/wp-content\/uploads\/2022\/02\/kx-28950-100_0.png\" \/>\n\t<meta property=\"og:image:width\" content=\"53\" \/>\n\t<meta property=\"og:image:height\" content=\"84\" \/>\n\t<meta property=\"og:image:type\" content=\"image\/png\" \/>\n<meta name=\"twitter:card\" content=\"summary_large_image\" \/>\n<script type=\"application\/ld+json\" class=\"yoast-schema-graph\">{\"@context\":\"https:\\\/\\\/schema.org\",\"@graph\":[{\"@type\":\"WebPage\",\"@id\":\"https:\\\/\\\/capitalcientifica.com.mx\\\/tienda\\\/product\\\/embudo-conico-de-vidrio-tallo-corto-55-mm-ref-catalogo-kx-28950-55\\\/\",\"url\":\"https:\\\/\\\/capitalcientifica.com.mx\\\/tienda\\\/product\\\/embudo-conico-de-vidrio-tallo-corto-55-mm-ref-catalogo-kx-28950-55\\\/\",\"name\":\"EMBUDO C\u00d3NICO DE VIDRIO TALLO CORTO 55 MM - Capital Cient\u00edfica\",\"isPartOf\":{\"@id\":\"https:\\\/\\\/capitalcientifica.com.mx\\\/tienda\\\/#website\"},\"primaryImageOfPage\":{\"@id\":\"https:\\\/\\\/capitalcientifica.com.mx\\\/tienda\\\/product\\\/embudo-conico-de-vidrio-tallo-corto-55-mm-ref-catalogo-kx-28950-55\\\/#primaryimage\"},\"image\":{\"@id\":\"https:\\\/\\\/capitalcientifica.com.mx\\\/tienda\\\/product\\\/embudo-conico-de-vidrio-tallo-corto-55-mm-ref-catalogo-kx-28950-55\\\/#primaryimage\"},\"thumbnailUrl\":\"https:\\\/\\\/capitalcientifica.com.mx\\\/tienda\\\/wp-content\\\/uploads\\\/2022\\\/02\\\/kx-28950-100_0.png\",\"datePublished\":\"2022-02-08T18:33:05+00:00\",\"dateModified\":\"2023-02-14T23:00:31+00:00\",\"breadcrumb\":{\"@id\":\"https:\\\/\\\/capitalcientifica.com.mx\\\/tienda\\\/product\\\/embudo-conico-de-vidrio-tallo-corto-55-mm-ref-catalogo-kx-28950-55\\\/#breadcrumb\"},\"inLanguage\":\"es\",\"potentialAction\":[{\"@type\":\"ReadAction\",\"target\":[\"https:\\\/\\\/capitalcientifica.com.mx\\\/tienda\\\/product\\\/embudo-conico-de-vidrio-tallo-corto-55-mm-ref-catalogo-kx-28950-55\\\/\"]}]},{\"@type\":\"ImageObject\",\"inLanguage\":\"es\",\"@id\":\"https:\\\/\\\/capitalcientifica.com.mx\\\/tienda\\\/product\\\/embudo-conico-de-vidrio-tallo-corto-55-mm-ref-catalogo-kx-28950-55\\\/#primaryimage\",\"url\":\"https:\\\/\\\/capitalcientifica.com.mx\\\/tienda\\\/wp-content\\\/uploads\\\/2022\\\/02\\\/kx-28950-100_0.png\",\"contentUrl\":\"https:\\\/\\\/capitalcientifica.com.mx\\\/tienda\\\/wp-content\\\/uploads\\\/2022\\\/02\\\/kx-28950-100_0.png\",\"width\":53,\"height\":84},{\"@type\":\"BreadcrumbList\",\"@id\":\"https:\\\/\\\/capitalcientifica.com.mx\\\/tienda\\\/product\\\/embudo-conico-de-vidrio-tallo-corto-55-mm-ref-catalogo-kx-28950-55\\\/#breadcrumb\",\"itemListElement\":[{\"@type\":\"ListItem\",\"position\":1,\"name\":\"Portada\",\"item\":\"https:\\\/\\\/capitalcientifica.com.mx\\\/tienda\\\/\"},{\"@type\":\"ListItem\",\"position\":2,\"name\":\"Shop\",\"item\":\"https:\\\/\\\/capitalcientifica.com.mx\\\/tienda\\\/shop\\\/\"},{\"@type\":\"ListItem\",\"position\":3,\"name\":\"EMBUDO C\u00d3NICO DE VIDRIO TALLO CORTO 55 MM\"}]},{\"@type\":\"WebSite\",\"@id\":\"https:\\\/\\\/capitalcientifica.com.mx\\\/tienda\\\/#website\",\"url\":\"https:\\\/\\\/capitalcientifica.com.mx\\\/tienda\\\/\",\"name\":\"Capital Cient\u00edfica\",\"description\":\"Equipo para laboratorio\",\"potentialAction\":[{\"@type\":\"SearchAction\",\"target\":{\"@type\":\"EntryPoint\",\"urlTemplate\":\"https:\\\/\\\/capitalcientifica.com.mx\\\/tienda\\\/?s={search_term_string}\"},\"query-input\":{\"@type\":\"PropertyValueSpecification\",\"valueRequired\":true,\"valueName\":\"search_term_string\"}}],\"inLanguage\":\"es\"}]}<\/script>\n<!-- \/ Yoast SEO plugin. -->","yoast_head_json":{"title":"EMBUDO C\u00d3NICO DE VIDRIO TALLO CORTO 55 MM - Capital Cient\u00edfica","robots":{"index":"index","follow":"follow","max-snippet":"max-snippet:-1","max-image-preview":"max-image-preview:large","max-video-preview":"max-video-preview:-1"},"canonical":"https:\/\/capitalcientifica.com.mx\/tienda\/product\/embudo-conico-de-vidrio-tallo-corto-55-mm-ref-catalogo-kx-28950-55\/","og_locale":"es_ES","og_type":"article","og_title":"EMBUDO C\u00d3NICO DE VIDRIO TALLO CORTO 55 MM - Capital Cient\u00edfica","og_description":"EMBUDO C\u00d3NICO DE VIDRIO TALLO CORTO 55 MM Ref . Cat\u00e1logo\u00a0KX-28950-55  Embudo c\u00f3nico de tallo corto en vidrio de borosilicato con \u00e1ngulo de 58\u00b0. Es utilizado para transferir l\u00edquidos de forma r\u00e1pida evitando derrames. Tiene paredes gruesas y uniformes con bordes moldeados. Resistente al ataque qu\u00edmico y al choque mec\u00e1nico o t\u00e9rmico.","og_url":"https:\/\/capitalcientifica.com.mx\/tienda\/product\/embudo-conico-de-vidrio-tallo-corto-55-mm-ref-catalogo-kx-28950-55\/","og_site_name":"Capital Cient\u00edfica","article_modified_time":"2023-02-14T23:00:31+00:00","og_image":[{"width":53,"height":84,"url":"https:\/\/capitalcientifica.com.mx\/tienda\/wp-content\/uploads\/2022\/02\/kx-28950-100_0.png","type":"image\/png"}],"twitter_card":"summary_large_image","schema":{"@context":"https:\/\/schema.org","@graph":[{"@type":"WebPage","@id":"https:\/\/capitalcientifica.com.mx\/tienda\/product\/embudo-conico-de-vidrio-tallo-corto-55-mm-ref-catalogo-kx-28950-55\/","url":"https:\/\/capitalcientifica.com.mx\/tienda\/product\/embudo-conico-de-vidrio-tallo-corto-55-mm-ref-catalogo-kx-28950-55\/","name":"EMBUDO C\u00d3NICO DE VIDRIO TALLO CORTO 55 MM - Capital Cient\u00edfica","isPartOf":{"@id":"https:\/\/capitalcientifica.com.mx\/tienda\/#website"},"primaryImageOfPage":{"@id":"https:\/\/capitalcientifica.com.mx\/tienda\/product\/embudo-conico-de-vidrio-tallo-corto-55-mm-ref-catalogo-kx-28950-55\/#primaryimage"},"image":{"@id":"https:\/\/capitalcientifica.com.mx\/tienda\/product\/embudo-conico-de-vidrio-tallo-corto-55-mm-ref-catalogo-kx-28950-55\/#primaryimage"},"thumbnailUrl":"https:\/\/capitalcientifica.com.mx\/tienda\/wp-content\/uploads\/2022\/02\/kx-28950-100_0.png","datePublished":"2022-02-08T18:33:05+00:00","dateModified":"2023-02-14T23:00:31+00:00","breadcrumb":{"@id":"https:\/\/capitalcientifica.com.mx\/tienda\/product\/embudo-conico-de-vidrio-tallo-corto-55-mm-ref-catalogo-kx-28950-55\/#breadcrumb"},"inLanguage":"es","potentialAction":[{"@type":"ReadAction","target":["https:\/\/capitalcientifica.com.mx\/tienda\/product\/embudo-conico-de-vidrio-tallo-corto-55-mm-ref-catalogo-kx-28950-55\/"]}]},{"@type":"ImageObject","inLanguage":"es","@id":"https:\/\/capitalcientifica.com.mx\/tienda\/product\/embudo-conico-de-vidrio-tallo-corto-55-mm-ref-catalogo-kx-28950-55\/#primaryimage","url":"https:\/\/capitalcientifica.com.mx\/tienda\/wp-content\/uploads\/2022\/02\/kx-28950-100_0.png","contentUrl":"https:\/\/capitalcientifica.com.mx\/tienda\/wp-content\/uploads\/2022\/02\/kx-28950-100_0.png","width":53,"height":84},{"@type":"BreadcrumbList","@id":"https:\/\/capitalcientifica.com.mx\/tienda\/product\/embudo-conico-de-vidrio-tallo-corto-55-mm-ref-catalogo-kx-28950-55\/#breadcrumb","itemListElement":[{"@type":"ListItem","position":1,"name":"Portada","item":"https:\/\/capitalcientifica.com.mx\/tienda\/"},{"@type":"ListItem","position":2,"name":"Shop","item":"https:\/\/capitalcientifica.com.mx\/tienda\/shop\/"},{"@type":"ListItem","position":3,"name":"EMBUDO C\u00d3NICO DE VIDRIO TALLO CORTO 55 MM"}]},{"@type":"WebSite","@id":"https:\/\/capitalcientifica.com.mx\/tienda\/#website","url":"https:\/\/capitalcientifica.com.mx\/tienda\/","name":"Capital Cient\u00edfica","description":"Equipo para laboratorio","potentialAction":[{"@type":"SearchAction","target":{"@type":"EntryPoint","urlTemplate":"https:\/\/capitalcientifica.com.mx\/tienda\/?s={search_term_string}"},"query-input":{"@type":"PropertyValueSpecification","valueRequired":true,"valueName":"search_term_string"}}],"inLanguage":"es"}]}},"_links":{"self":[{"href":"https:\/\/capitalcientifica.com.mx\/tienda\/wp-json\/wp\/v2\/product\/3143","targetHints":{"allow":["GET"]}}],"collection":[{"href":"https:\/\/capitalcientifica.com.mx\/tienda\/wp-json\/wp\/v2\/product"}],"about":[{"href":"https:\/\/capitalcientifica.com.mx\/tienda\/wp-json\/wp\/v2\/types\/product"}],"replies":[{"embeddable":true,"href":"https:\/\/capitalcientifica.com.mx\/tienda\/wp-json\/wp\/v2\/comments?post=3143"}],"wp:featuredmedia":[{"embeddable":true,"href":"https:\/\/capitalcientifica.com.mx\/tienda\/wp-json\/wp\/v2\/media\/3137"}],"wp:attachment":[{"href":"https:\/\/capitalcientifica.com.mx\/tienda\/wp-json\/wp\/v2\/media?parent=3143"}],"wp:term":[{"taxonomy":"product_cat","embeddable":true,"href":"https:\/\/capitalcientifica.com.mx\/tienda\/wp-json\/wp\/v2\/product_cat?post=3143"},{"taxonomy":"product_tag","embeddable":true,"href":"https:\/\/capitalcientifica.com.mx\/tienda\/wp-json\/wp\/v2\/product_tag?post=3143"}],"curies":[{"name":"wp","href":"https:\/\/api.w.org\/{rel}","templated":true}]}}