{"id":3130,"date":"2022-02-08T18:22:38","date_gmt":"2022-02-08T18:22:38","guid":{"rendered":"https:\/\/www.capitalcientifica.com.mx\/?post_type=product&#038;p=3130"},"modified":"2023-02-14T22:57:43","modified_gmt":"2023-02-14T22:57:43","slug":"embudo-conico-de-vidrio-de-tallo-largo-100-mm-ref-catalogo-kx-28900-100","status":"publish","type":"product","link":"https:\/\/capitalcientifica.com.mx\/tienda\/product\/embudo-conico-de-vidrio-de-tallo-largo-100-mm-ref-catalogo-kx-28900-100\/","title":{"rendered":"EMBUDO C\u00d3NICO DE VIDRIO DE TALLO LARGO 100 MM"},"content":{"rendered":"<p><span>EMBUDO C\u00d3NICO DE VIDRIO DE TALLO LARGO 100 MM<\/span><\/p>\n<div class=\"product-id-stock\"><span class=\"product-id\"><span class=\"product-id-name\"><span>Ref . Cat\u00e1logo\u00a0<\/span><\/span><span class=\"product-id-value\"><span>KX-28900-100.<\/span><\/span><\/span><\/div>\n<div><\/div>\n<div><span>Embudo c\u00f3nico de tallo largo en vidrio de borosilicato con \u00e1ngulo de 58\u00b0.\u00a0<\/span><span>Es utilizado para transferir l\u00edquidos de forma r\u00e1pida previniendo derrames.\u00a0<\/span><span>Para el llenado de recipientes profundos evitando salpicaduras.\u00a0<\/span><span>Tiene paredes gruesas y uniformes con bordes moldeados.\u00a0<\/span><span>Resistente al ataque quimico y al choque mecanico o termico<\/span><\/div>\n","protected":false},"excerpt":{"rendered":"<p><span>EMBUDO C\u00d3NICO DE VIDRIO DE TALLO LARGO 100 MM<\/span><\/p>\n<div class=\"product-id-stock\"><span class=\"product-id\"><span class=\"product-id-name\"><span>Ref . Cat\u00e1logo\u00a0<\/span><\/span><span class=\"product-id-value\"><span>KX-28900-100<\/span><\/span><\/span><\/div>\n<div><\/div>\n<div><span>Embudo c\u00f3nico de tallo largo en vidrio de borosilicato con \u00e1ngulo de 58\u00b0.\u00a0<\/span><span>Es utilizado para transferir l\u00edquidos de forma r\u00e1pida previniendo derrames.\u00a0<\/span><span>Para el llenado de recipientes profundos evitando salpicaduras.\u00a0<\/span><span>Tiene paredes gruesas y uniformes con bordes moldeados.\u00a0<\/span><span>Resistente al ataque quimico y al choque mecanico o termico<\/span><\/div>\n","protected":false},"featured_media":3131,"comment_status":"open","ping_status":"closed","template":"","meta":{"_joinchat":[]},"product_cat":[112,104],"product_tag":[893,172,173],"class_list":{"0":"post-3130","1":"product","2":"type-product","3":"status-publish","4":"has-post-thumbnail","6":"product_cat-filtracion","7":"product_cat-kimax","8":"product_tag-embudo-conico-de-vidrio-de-tallo-largo-100-mm","9":"product_tag-equipo-de-laboratorio","10":"product_tag-equipo-para-laboratorio","12":"first","13":"instock","14":"shipping-taxable","15":"product-type-simple","16":"col-xs-6 col-sm-4","17":"col-md-3 col-lg-3","18":"un-4-cols"},"yoast_head":"<!-- This site is optimized with the Yoast SEO plugin v27.2 - https:\/\/yoast.com\/product\/yoast-seo-wordpress\/ -->\n<title>EMBUDO C\u00d3NICO DE VIDRIO DE TALLO LARGO 100 MM - Capital Cient&iacute;fica<\/title>\n<meta name=\"robots\" content=\"index, follow, max-snippet:-1, max-image-preview:large, max-video-preview:-1\" \/>\n<link rel=\"canonical\" href=\"https:\/\/capitalcientifica.com.mx\/tienda\/product\/embudo-conico-de-vidrio-de-tallo-largo-100-mm-ref-catalogo-kx-28900-100\/\" \/>\n<meta property=\"og:locale\" content=\"es_ES\" \/>\n<meta property=\"og:type\" content=\"article\" \/>\n<meta property=\"og:title\" content=\"EMBUDO C\u00d3NICO DE VIDRIO DE TALLO LARGO 100 MM - Capital Cient&iacute;fica\" \/>\n<meta property=\"og:description\" content=\"EMBUDO C\u00d3NICO DE VIDRIO DE TALLO LARGO 100 MM Ref . Cat\u00e1logo\u00a0KX-28900-100  Embudo c\u00f3nico de tallo largo en vidrio de borosilicato con \u00e1ngulo de 58\u00b0.\u00a0Es utilizado para transferir l\u00edquidos de forma r\u00e1pida previniendo derrames.\u00a0Para el llenado de recipientes profundos evitando salpicaduras.\u00a0Tiene paredes gruesas y uniformes con bordes moldeados.\u00a0Resistente al ataque quimico y al choque mecanico o termico\" \/>\n<meta property=\"og:url\" content=\"https:\/\/capitalcientifica.com.mx\/tienda\/product\/embudo-conico-de-vidrio-de-tallo-largo-100-mm-ref-catalogo-kx-28900-100\/\" \/>\n<meta property=\"og:site_name\" content=\"Capital Cient&iacute;fica\" \/>\n<meta property=\"article:modified_time\" content=\"2023-02-14T22:57:43+00:00\" \/>\n<meta property=\"og:image\" content=\"https:\/\/capitalcientifica.com.mx\/tienda\/wp-content\/uploads\/2022\/02\/kx-28900-100_0.png\" \/>\n\t<meta property=\"og:image:width\" content=\"80\" \/>\n\t<meta property=\"og:image:height\" content=\"84\" \/>\n\t<meta property=\"og:image:type\" content=\"image\/png\" \/>\n<meta name=\"twitter:card\" content=\"summary_large_image\" \/>\n<script type=\"application\/ld+json\" class=\"yoast-schema-graph\">{\"@context\":\"https:\/\/schema.org\",\"@graph\":[{\"@type\":\"WebPage\",\"@id\":\"https:\/\/capitalcientifica.com.mx\/tienda\/product\/embudo-conico-de-vidrio-de-tallo-largo-100-mm-ref-catalogo-kx-28900-100\/\",\"url\":\"https:\/\/capitalcientifica.com.mx\/tienda\/product\/embudo-conico-de-vidrio-de-tallo-largo-100-mm-ref-catalogo-kx-28900-100\/\",\"name\":\"EMBUDO C\u00d3NICO DE VIDRIO DE TALLO LARGO 100 MM - Capital Cient&iacute;fica\",\"isPartOf\":{\"@id\":\"https:\/\/capitalcientifica.com.mx\/tienda\/#website\"},\"primaryImageOfPage\":{\"@id\":\"https:\/\/capitalcientifica.com.mx\/tienda\/product\/embudo-conico-de-vidrio-de-tallo-largo-100-mm-ref-catalogo-kx-28900-100\/#primaryimage\"},\"image\":{\"@id\":\"https:\/\/capitalcientifica.com.mx\/tienda\/product\/embudo-conico-de-vidrio-de-tallo-largo-100-mm-ref-catalogo-kx-28900-100\/#primaryimage\"},\"thumbnailUrl\":\"https:\/\/capitalcientifica.com.mx\/tienda\/wp-content\/uploads\/2022\/02\/kx-28900-100_0.png\",\"datePublished\":\"2022-02-08T18:22:38+00:00\",\"dateModified\":\"2023-02-14T22:57:43+00:00\",\"breadcrumb\":{\"@id\":\"https:\/\/capitalcientifica.com.mx\/tienda\/product\/embudo-conico-de-vidrio-de-tallo-largo-100-mm-ref-catalogo-kx-28900-100\/#breadcrumb\"},\"inLanguage\":\"es\",\"potentialAction\":[{\"@type\":\"ReadAction\",\"target\":[\"https:\/\/capitalcientifica.com.mx\/tienda\/product\/embudo-conico-de-vidrio-de-tallo-largo-100-mm-ref-catalogo-kx-28900-100\/\"]}]},{\"@type\":\"ImageObject\",\"inLanguage\":\"es\",\"@id\":\"https:\/\/capitalcientifica.com.mx\/tienda\/product\/embudo-conico-de-vidrio-de-tallo-largo-100-mm-ref-catalogo-kx-28900-100\/#primaryimage\",\"url\":\"https:\/\/capitalcientifica.com.mx\/tienda\/wp-content\/uploads\/2022\/02\/kx-28900-100_0.png\",\"contentUrl\":\"https:\/\/capitalcientifica.com.mx\/tienda\/wp-content\/uploads\/2022\/02\/kx-28900-100_0.png\",\"width\":80,\"height\":84},{\"@type\":\"BreadcrumbList\",\"@id\":\"https:\/\/capitalcientifica.com.mx\/tienda\/product\/embudo-conico-de-vidrio-de-tallo-largo-100-mm-ref-catalogo-kx-28900-100\/#breadcrumb\",\"itemListElement\":[{\"@type\":\"ListItem\",\"position\":1,\"name\":\"Portada\",\"item\":\"https:\/\/capitalcientifica.com.mx\/tienda\/\"},{\"@type\":\"ListItem\",\"position\":2,\"name\":\"Shop\",\"item\":\"https:\/\/capitalcientifica.com.mx\/tienda\/shop\/\"},{\"@type\":\"ListItem\",\"position\":3,\"name\":\"EMBUDO C\u00d3NICO DE VIDRIO DE TALLO LARGO 100 MM\"}]},{\"@type\":\"WebSite\",\"@id\":\"https:\/\/capitalcientifica.com.mx\/tienda\/#website\",\"url\":\"https:\/\/capitalcientifica.com.mx\/tienda\/\",\"name\":\"Capital Cient&iacute;fica\",\"description\":\"Equipo para laboratorio\",\"potentialAction\":[{\"@type\":\"SearchAction\",\"target\":{\"@type\":\"EntryPoint\",\"urlTemplate\":\"https:\/\/capitalcientifica.com.mx\/tienda\/?s={search_term_string}\"},\"query-input\":{\"@type\":\"PropertyValueSpecification\",\"valueRequired\":true,\"valueName\":\"search_term_string\"}}],\"inLanguage\":\"es\"}]}<\/script>\n<!-- \/ Yoast SEO plugin. -->","yoast_head_json":{"title":"EMBUDO C\u00d3NICO DE VIDRIO DE TALLO LARGO 100 MM - Capital Cient&iacute;fica","robots":{"index":"index","follow":"follow","max-snippet":"max-snippet:-1","max-image-preview":"max-image-preview:large","max-video-preview":"max-video-preview:-1"},"canonical":"https:\/\/capitalcientifica.com.mx\/tienda\/product\/embudo-conico-de-vidrio-de-tallo-largo-100-mm-ref-catalogo-kx-28900-100\/","og_locale":"es_ES","og_type":"article","og_title":"EMBUDO C\u00d3NICO DE VIDRIO DE TALLO LARGO 100 MM - Capital Cient&iacute;fica","og_description":"EMBUDO C\u00d3NICO DE VIDRIO DE TALLO LARGO 100 MM Ref . Cat\u00e1logo\u00a0KX-28900-100  Embudo c\u00f3nico de tallo largo en vidrio de borosilicato con \u00e1ngulo de 58\u00b0.\u00a0Es utilizado para transferir l\u00edquidos de forma r\u00e1pida previniendo derrames.\u00a0Para el llenado de recipientes profundos evitando salpicaduras.\u00a0Tiene paredes gruesas y uniformes con bordes moldeados.\u00a0Resistente al ataque quimico y al choque mecanico o termico","og_url":"https:\/\/capitalcientifica.com.mx\/tienda\/product\/embudo-conico-de-vidrio-de-tallo-largo-100-mm-ref-catalogo-kx-28900-100\/","og_site_name":"Capital Cient&iacute;fica","article_modified_time":"2023-02-14T22:57:43+00:00","og_image":[{"width":80,"height":84,"url":"https:\/\/capitalcientifica.com.mx\/tienda\/wp-content\/uploads\/2022\/02\/kx-28900-100_0.png","type":"image\/png"}],"twitter_card":"summary_large_image","schema":{"@context":"https:\/\/schema.org","@graph":[{"@type":"WebPage","@id":"https:\/\/capitalcientifica.com.mx\/tienda\/product\/embudo-conico-de-vidrio-de-tallo-largo-100-mm-ref-catalogo-kx-28900-100\/","url":"https:\/\/capitalcientifica.com.mx\/tienda\/product\/embudo-conico-de-vidrio-de-tallo-largo-100-mm-ref-catalogo-kx-28900-100\/","name":"EMBUDO C\u00d3NICO DE VIDRIO DE TALLO LARGO 100 MM - Capital Cient&iacute;fica","isPartOf":{"@id":"https:\/\/capitalcientifica.com.mx\/tienda\/#website"},"primaryImageOfPage":{"@id":"https:\/\/capitalcientifica.com.mx\/tienda\/product\/embudo-conico-de-vidrio-de-tallo-largo-100-mm-ref-catalogo-kx-28900-100\/#primaryimage"},"image":{"@id":"https:\/\/capitalcientifica.com.mx\/tienda\/product\/embudo-conico-de-vidrio-de-tallo-largo-100-mm-ref-catalogo-kx-28900-100\/#primaryimage"},"thumbnailUrl":"https:\/\/capitalcientifica.com.mx\/tienda\/wp-content\/uploads\/2022\/02\/kx-28900-100_0.png","datePublished":"2022-02-08T18:22:38+00:00","dateModified":"2023-02-14T22:57:43+00:00","breadcrumb":{"@id":"https:\/\/capitalcientifica.com.mx\/tienda\/product\/embudo-conico-de-vidrio-de-tallo-largo-100-mm-ref-catalogo-kx-28900-100\/#breadcrumb"},"inLanguage":"es","potentialAction":[{"@type":"ReadAction","target":["https:\/\/capitalcientifica.com.mx\/tienda\/product\/embudo-conico-de-vidrio-de-tallo-largo-100-mm-ref-catalogo-kx-28900-100\/"]}]},{"@type":"ImageObject","inLanguage":"es","@id":"https:\/\/capitalcientifica.com.mx\/tienda\/product\/embudo-conico-de-vidrio-de-tallo-largo-100-mm-ref-catalogo-kx-28900-100\/#primaryimage","url":"https:\/\/capitalcientifica.com.mx\/tienda\/wp-content\/uploads\/2022\/02\/kx-28900-100_0.png","contentUrl":"https:\/\/capitalcientifica.com.mx\/tienda\/wp-content\/uploads\/2022\/02\/kx-28900-100_0.png","width":80,"height":84},{"@type":"BreadcrumbList","@id":"https:\/\/capitalcientifica.com.mx\/tienda\/product\/embudo-conico-de-vidrio-de-tallo-largo-100-mm-ref-catalogo-kx-28900-100\/#breadcrumb","itemListElement":[{"@type":"ListItem","position":1,"name":"Portada","item":"https:\/\/capitalcientifica.com.mx\/tienda\/"},{"@type":"ListItem","position":2,"name":"Shop","item":"https:\/\/capitalcientifica.com.mx\/tienda\/shop\/"},{"@type":"ListItem","position":3,"name":"EMBUDO C\u00d3NICO DE VIDRIO DE TALLO LARGO 100 MM"}]},{"@type":"WebSite","@id":"https:\/\/capitalcientifica.com.mx\/tienda\/#website","url":"https:\/\/capitalcientifica.com.mx\/tienda\/","name":"Capital Cient&iacute;fica","description":"Equipo para laboratorio","potentialAction":[{"@type":"SearchAction","target":{"@type":"EntryPoint","urlTemplate":"https:\/\/capitalcientifica.com.mx\/tienda\/?s={search_term_string}"},"query-input":{"@type":"PropertyValueSpecification","valueRequired":true,"valueName":"search_term_string"}}],"inLanguage":"es"}]}},"_links":{"self":[{"href":"https:\/\/capitalcientifica.com.mx\/tienda\/wp-json\/wp\/v2\/product\/3130","targetHints":{"allow":["GET"]}}],"collection":[{"href":"https:\/\/capitalcientifica.com.mx\/tienda\/wp-json\/wp\/v2\/product"}],"about":[{"href":"https:\/\/capitalcientifica.com.mx\/tienda\/wp-json\/wp\/v2\/types\/product"}],"replies":[{"embeddable":true,"href":"https:\/\/capitalcientifica.com.mx\/tienda\/wp-json\/wp\/v2\/comments?post=3130"}],"wp:featuredmedia":[{"embeddable":true,"href":"https:\/\/capitalcientifica.com.mx\/tienda\/wp-json\/wp\/v2\/media\/3131"}],"wp:attachment":[{"href":"https:\/\/capitalcientifica.com.mx\/tienda\/wp-json\/wp\/v2\/media?parent=3130"}],"wp:term":[{"taxonomy":"product_cat","embeddable":true,"href":"https:\/\/capitalcientifica.com.mx\/tienda\/wp-json\/wp\/v2\/product_cat?post=3130"},{"taxonomy":"product_tag","embeddable":true,"href":"https:\/\/capitalcientifica.com.mx\/tienda\/wp-json\/wp\/v2\/product_tag?post=3130"}],"curies":[{"name":"wp","href":"https:\/\/api.w.org\/{rel}","templated":true}]}}