{"id":3027,"date":"2022-02-08T04:12:19","date_gmt":"2022-02-08T04:12:19","guid":{"rendered":"https:\/\/www.capitalcientifica.com.mx\/?post_type=product&#038;p=3027"},"modified":"2023-02-14T19:12:53","modified_gmt":"2023-02-14T19:12:53","slug":"bureta-recta-clase-b-llave-vidrio-25-ml-no-catalogo-kx-17026-25","status":"publish","type":"product","link":"https:\/\/capitalcientifica.com.mx\/tienda\/product\/bureta-recta-clase-b-llave-vidrio-25-ml-no-catalogo-kx-17026-25\/","title":{"rendered":"BURETA RECTA CLASE B LLAVE VIDRIO 25 ML"},"content":{"rendered":"<p><span>BURETA RECTA CLASE B LLAVE VIDRIO 25 ML<\/span><\/p>\n<div class=\"product-id-stock\"><span class=\"product-id\"><span class=\"product-id-name\"><span>N\u00ba Cat\u00e1logo\u00a0<\/span><\/span><span class=\"product-id-value\"><span>KX-17026-25<\/span><\/span><\/span><\/div>\n<div><\/div>\n<div>Bureta recta clase B con llave de vidrio, se utiliza para las titulaciones y an\u00e1lisis volum\u00e9trico de prop\u00f3sito general; donde la tolerancia de clase B es apropiada. Fabricada en vidrio de borosilicato, graduada en esmalte cer\u00e1mico negro de f\u00e1cil lectura y con llave de vidrio s\u00f3lido. Para llenado con embudo. Cumple los requisitos de la ASTM E287 para clase B.<\/div>\n","protected":false},"excerpt":{"rendered":"<p><span>BURETA RECTA CLASE B LLAVE VIDRIO 25 ML<\/span><\/p>\n<div class=\"product-id-stock\"><span class=\"product-id\"><span class=\"product-id-name\"><span>N\u00ba Cat\u00e1logo\u00a0<\/span><\/span><span class=\"product-id-value\"><span>KX-17026-25<\/span><\/span><\/span><\/div>\n<div><\/div>\n<div>Bureta recta clase B con llave de vidrio, se utiliza para las titulaciones y an\u00e1lisis volum\u00e9trico de prop\u00f3sito general; donde la tolerancia de clase B es apropiada. Fabricada en vidrio de borosilicato, graduada en esmalte cer\u00e1mico negro de f\u00e1cil lectura y con llave de vidrio s\u00f3lido. Para llenado con embudo. Cumple los requisitos de la ASTM E287 para clase B.<\/div>\n","protected":false},"featured_media":3026,"comment_status":"open","ping_status":"closed","template":"","meta":{"_joinchat":[]},"product_cat":[111,104],"product_tag":[648,172,173],"class_list":{"0":"post-3027","1":"product","2":"type-product","3":"status-publish","4":"has-post-thumbnail","6":"product_cat-buretas","7":"product_cat-kimax","8":"product_tag-bureta-recta-clase-b-llave-vidrio-25-ml","9":"product_tag-equipo-de-laboratorio","10":"product_tag-equipo-para-laboratorio","12":"first","13":"instock","14":"shipping-taxable","15":"product-type-simple","16":"col-xs-6 col-sm-4","17":"col-md-3 col-lg-3","18":"un-4-cols"},"yoast_head":"<!-- This site is optimized with the Yoast SEO plugin v27.2 - https:\/\/yoast.com\/product\/yoast-seo-wordpress\/ -->\n<title>BURETA RECTA CLASE B LLAVE VIDRIO 25 ML - Capital Cient&iacute;fica<\/title>\n<meta name=\"robots\" content=\"index, follow, max-snippet:-1, max-image-preview:large, max-video-preview:-1\" \/>\n<link rel=\"canonical\" href=\"https:\/\/capitalcientifica.com.mx\/tienda\/product\/bureta-recta-clase-b-llave-vidrio-25-ml-no-catalogo-kx-17026-25\/\" \/>\n<meta property=\"og:locale\" content=\"es_ES\" \/>\n<meta property=\"og:type\" content=\"article\" \/>\n<meta property=\"og:title\" content=\"BURETA RECTA CLASE B LLAVE VIDRIO 25 ML - Capital Cient&iacute;fica\" \/>\n<meta property=\"og:description\" content=\"BURETA RECTA CLASE B LLAVE VIDRIO 25 ML N\u00ba Cat\u00e1logo\u00a0KX-17026-25  Bureta recta clase B con llave de vidrio, se utiliza para las titulaciones y an\u00e1lisis volum\u00e9trico de prop\u00f3sito general; donde la tolerancia de clase B es apropiada. Fabricada en vidrio de borosilicato, graduada en esmalte cer\u00e1mico negro de f\u00e1cil lectura y con llave de vidrio s\u00f3lido. Para llenado con embudo. Cumple los requisitos de la ASTM E287 para clase B.\" \/>\n<meta property=\"og:url\" content=\"https:\/\/capitalcientifica.com.mx\/tienda\/product\/bureta-recta-clase-b-llave-vidrio-25-ml-no-catalogo-kx-17026-25\/\" \/>\n<meta property=\"og:site_name\" content=\"Capital Cient&iacute;fica\" \/>\n<meta property=\"article:modified_time\" content=\"2023-02-14T19:12:53+00:00\" \/>\n<meta property=\"og:image\" content=\"https:\/\/capitalcientifica.com.mx\/tienda\/wp-content\/uploads\/2022\/02\/kx-17026-10_0.png\" \/>\n\t<meta property=\"og:image:width\" content=\"44\" \/>\n\t<meta property=\"og:image:height\" content=\"84\" \/>\n\t<meta property=\"og:image:type\" content=\"image\/png\" \/>\n<meta name=\"twitter:card\" content=\"summary_large_image\" \/>\n<script type=\"application\/ld+json\" class=\"yoast-schema-graph\">{\"@context\":\"https:\/\/schema.org\",\"@graph\":[{\"@type\":\"WebPage\",\"@id\":\"https:\/\/capitalcientifica.com.mx\/tienda\/product\/bureta-recta-clase-b-llave-vidrio-25-ml-no-catalogo-kx-17026-25\/\",\"url\":\"https:\/\/capitalcientifica.com.mx\/tienda\/product\/bureta-recta-clase-b-llave-vidrio-25-ml-no-catalogo-kx-17026-25\/\",\"name\":\"BURETA RECTA CLASE B LLAVE VIDRIO 25 ML - Capital Cient&iacute;fica\",\"isPartOf\":{\"@id\":\"https:\/\/capitalcientifica.com.mx\/tienda\/#website\"},\"primaryImageOfPage\":{\"@id\":\"https:\/\/capitalcientifica.com.mx\/tienda\/product\/bureta-recta-clase-b-llave-vidrio-25-ml-no-catalogo-kx-17026-25\/#primaryimage\"},\"image\":{\"@id\":\"https:\/\/capitalcientifica.com.mx\/tienda\/product\/bureta-recta-clase-b-llave-vidrio-25-ml-no-catalogo-kx-17026-25\/#primaryimage\"},\"thumbnailUrl\":\"https:\/\/capitalcientifica.com.mx\/tienda\/wp-content\/uploads\/2022\/02\/kx-17026-10_0.png\",\"datePublished\":\"2022-02-08T04:12:19+00:00\",\"dateModified\":\"2023-02-14T19:12:53+00:00\",\"breadcrumb\":{\"@id\":\"https:\/\/capitalcientifica.com.mx\/tienda\/product\/bureta-recta-clase-b-llave-vidrio-25-ml-no-catalogo-kx-17026-25\/#breadcrumb\"},\"inLanguage\":\"es\",\"potentialAction\":[{\"@type\":\"ReadAction\",\"target\":[\"https:\/\/capitalcientifica.com.mx\/tienda\/product\/bureta-recta-clase-b-llave-vidrio-25-ml-no-catalogo-kx-17026-25\/\"]}]},{\"@type\":\"ImageObject\",\"inLanguage\":\"es\",\"@id\":\"https:\/\/capitalcientifica.com.mx\/tienda\/product\/bureta-recta-clase-b-llave-vidrio-25-ml-no-catalogo-kx-17026-25\/#primaryimage\",\"url\":\"https:\/\/capitalcientifica.com.mx\/tienda\/wp-content\/uploads\/2022\/02\/kx-17026-10_0.png\",\"contentUrl\":\"https:\/\/capitalcientifica.com.mx\/tienda\/wp-content\/uploads\/2022\/02\/kx-17026-10_0.png\",\"width\":44,\"height\":84},{\"@type\":\"BreadcrumbList\",\"@id\":\"https:\/\/capitalcientifica.com.mx\/tienda\/product\/bureta-recta-clase-b-llave-vidrio-25-ml-no-catalogo-kx-17026-25\/#breadcrumb\",\"itemListElement\":[{\"@type\":\"ListItem\",\"position\":1,\"name\":\"Portada\",\"item\":\"https:\/\/capitalcientifica.com.mx\/tienda\/\"},{\"@type\":\"ListItem\",\"position\":2,\"name\":\"Shop\",\"item\":\"https:\/\/capitalcientifica.com.mx\/tienda\/shop\/\"},{\"@type\":\"ListItem\",\"position\":3,\"name\":\"BURETA RECTA CLASE B LLAVE VIDRIO 25 ML\"}]},{\"@type\":\"WebSite\",\"@id\":\"https:\/\/capitalcientifica.com.mx\/tienda\/#website\",\"url\":\"https:\/\/capitalcientifica.com.mx\/tienda\/\",\"name\":\"Capital Cient&iacute;fica\",\"description\":\"Equipo para laboratorio\",\"potentialAction\":[{\"@type\":\"SearchAction\",\"target\":{\"@type\":\"EntryPoint\",\"urlTemplate\":\"https:\/\/capitalcientifica.com.mx\/tienda\/?s={search_term_string}\"},\"query-input\":{\"@type\":\"PropertyValueSpecification\",\"valueRequired\":true,\"valueName\":\"search_term_string\"}}],\"inLanguage\":\"es\"}]}<\/script>\n<!-- \/ Yoast SEO plugin. -->","yoast_head_json":{"title":"BURETA RECTA CLASE B LLAVE VIDRIO 25 ML - Capital Cient&iacute;fica","robots":{"index":"index","follow":"follow","max-snippet":"max-snippet:-1","max-image-preview":"max-image-preview:large","max-video-preview":"max-video-preview:-1"},"canonical":"https:\/\/capitalcientifica.com.mx\/tienda\/product\/bureta-recta-clase-b-llave-vidrio-25-ml-no-catalogo-kx-17026-25\/","og_locale":"es_ES","og_type":"article","og_title":"BURETA RECTA CLASE B LLAVE VIDRIO 25 ML - Capital Cient&iacute;fica","og_description":"BURETA RECTA CLASE B LLAVE VIDRIO 25 ML N\u00ba Cat\u00e1logo\u00a0KX-17026-25  Bureta recta clase B con llave de vidrio, se utiliza para las titulaciones y an\u00e1lisis volum\u00e9trico de prop\u00f3sito general; donde la tolerancia de clase B es apropiada. Fabricada en vidrio de borosilicato, graduada en esmalte cer\u00e1mico negro de f\u00e1cil lectura y con llave de vidrio s\u00f3lido. Para llenado con embudo. Cumple los requisitos de la ASTM E287 para clase B.","og_url":"https:\/\/capitalcientifica.com.mx\/tienda\/product\/bureta-recta-clase-b-llave-vidrio-25-ml-no-catalogo-kx-17026-25\/","og_site_name":"Capital Cient&iacute;fica","article_modified_time":"2023-02-14T19:12:53+00:00","og_image":[{"width":44,"height":84,"url":"https:\/\/capitalcientifica.com.mx\/tienda\/wp-content\/uploads\/2022\/02\/kx-17026-10_0.png","type":"image\/png"}],"twitter_card":"summary_large_image","schema":{"@context":"https:\/\/schema.org","@graph":[{"@type":"WebPage","@id":"https:\/\/capitalcientifica.com.mx\/tienda\/product\/bureta-recta-clase-b-llave-vidrio-25-ml-no-catalogo-kx-17026-25\/","url":"https:\/\/capitalcientifica.com.mx\/tienda\/product\/bureta-recta-clase-b-llave-vidrio-25-ml-no-catalogo-kx-17026-25\/","name":"BURETA RECTA CLASE B LLAVE VIDRIO 25 ML - Capital Cient&iacute;fica","isPartOf":{"@id":"https:\/\/capitalcientifica.com.mx\/tienda\/#website"},"primaryImageOfPage":{"@id":"https:\/\/capitalcientifica.com.mx\/tienda\/product\/bureta-recta-clase-b-llave-vidrio-25-ml-no-catalogo-kx-17026-25\/#primaryimage"},"image":{"@id":"https:\/\/capitalcientifica.com.mx\/tienda\/product\/bureta-recta-clase-b-llave-vidrio-25-ml-no-catalogo-kx-17026-25\/#primaryimage"},"thumbnailUrl":"https:\/\/capitalcientifica.com.mx\/tienda\/wp-content\/uploads\/2022\/02\/kx-17026-10_0.png","datePublished":"2022-02-08T04:12:19+00:00","dateModified":"2023-02-14T19:12:53+00:00","breadcrumb":{"@id":"https:\/\/capitalcientifica.com.mx\/tienda\/product\/bureta-recta-clase-b-llave-vidrio-25-ml-no-catalogo-kx-17026-25\/#breadcrumb"},"inLanguage":"es","potentialAction":[{"@type":"ReadAction","target":["https:\/\/capitalcientifica.com.mx\/tienda\/product\/bureta-recta-clase-b-llave-vidrio-25-ml-no-catalogo-kx-17026-25\/"]}]},{"@type":"ImageObject","inLanguage":"es","@id":"https:\/\/capitalcientifica.com.mx\/tienda\/product\/bureta-recta-clase-b-llave-vidrio-25-ml-no-catalogo-kx-17026-25\/#primaryimage","url":"https:\/\/capitalcientifica.com.mx\/tienda\/wp-content\/uploads\/2022\/02\/kx-17026-10_0.png","contentUrl":"https:\/\/capitalcientifica.com.mx\/tienda\/wp-content\/uploads\/2022\/02\/kx-17026-10_0.png","width":44,"height":84},{"@type":"BreadcrumbList","@id":"https:\/\/capitalcientifica.com.mx\/tienda\/product\/bureta-recta-clase-b-llave-vidrio-25-ml-no-catalogo-kx-17026-25\/#breadcrumb","itemListElement":[{"@type":"ListItem","position":1,"name":"Portada","item":"https:\/\/capitalcientifica.com.mx\/tienda\/"},{"@type":"ListItem","position":2,"name":"Shop","item":"https:\/\/capitalcientifica.com.mx\/tienda\/shop\/"},{"@type":"ListItem","position":3,"name":"BURETA RECTA CLASE B LLAVE VIDRIO 25 ML"}]},{"@type":"WebSite","@id":"https:\/\/capitalcientifica.com.mx\/tienda\/#website","url":"https:\/\/capitalcientifica.com.mx\/tienda\/","name":"Capital Cient&iacute;fica","description":"Equipo para laboratorio","potentialAction":[{"@type":"SearchAction","target":{"@type":"EntryPoint","urlTemplate":"https:\/\/capitalcientifica.com.mx\/tienda\/?s={search_term_string}"},"query-input":{"@type":"PropertyValueSpecification","valueRequired":true,"valueName":"search_term_string"}}],"inLanguage":"es"}]}},"_links":{"self":[{"href":"https:\/\/capitalcientifica.com.mx\/tienda\/wp-json\/wp\/v2\/product\/3027","targetHints":{"allow":["GET"]}}],"collection":[{"href":"https:\/\/capitalcientifica.com.mx\/tienda\/wp-json\/wp\/v2\/product"}],"about":[{"href":"https:\/\/capitalcientifica.com.mx\/tienda\/wp-json\/wp\/v2\/types\/product"}],"replies":[{"embeddable":true,"href":"https:\/\/capitalcientifica.com.mx\/tienda\/wp-json\/wp\/v2\/comments?post=3027"}],"wp:featuredmedia":[{"embeddable":true,"href":"https:\/\/capitalcientifica.com.mx\/tienda\/wp-json\/wp\/v2\/media\/3026"}],"wp:attachment":[{"href":"https:\/\/capitalcientifica.com.mx\/tienda\/wp-json\/wp\/v2\/media?parent=3027"}],"wp:term":[{"taxonomy":"product_cat","embeddable":true,"href":"https:\/\/capitalcientifica.com.mx\/tienda\/wp-json\/wp\/v2\/product_cat?post=3027"},{"taxonomy":"product_tag","embeddable":true,"href":"https:\/\/capitalcientifica.com.mx\/tienda\/wp-json\/wp\/v2\/product_tag?post=3027"}],"curies":[{"name":"wp","href":"https:\/\/api.w.org\/{rel}","templated":true}]}}