{"id":2687,"date":"2022-02-05T06:35:43","date_gmt":"2022-02-05T06:35:43","guid":{"rendered":"https:\/\/www.capitalcientifica.com.mx\/?post_type=product&#038;p=2687"},"modified":"2023-02-23T18:02:54","modified_gmt":"2023-02-23T18:02:54","slug":"matraz-volumetrico-clase-a-ser-cert-500-ml-ref-catalogo-kx-28017-500","status":"publish","type":"product","link":"https:\/\/capitalcientifica.com.mx\/tienda\/product\/matraz-volumetrico-clase-a-ser-cert-500-ml-ref-catalogo-kx-28017-500\/","title":{"rendered":"MATRAZ VOLUM\u00c9TRICO CLASE A SER-CERT 500 ML"},"content":{"rendered":"<p><span>MATRAZ VOLUM\u00c9TRICO CLASE A SER-CERT 500 ML<\/span><\/p>\n<div class=\"product-id-stock\"><span class=\"product-id\"><span class=\"product-id-name\"><span>Ref . Cat\u00e1logo\u00a0<\/span><\/span><span class=\"product-id-value\"><span>KX-28017-500<\/span><\/span><\/span><\/div>\n<div><\/div>\n<div><span>Matraz volum\u00e9trico clase A serializado y certificado en vidrio de borosilicato con tap\u00f3n de vidrio s\u00f3lido;\u00a0ideal para medir vol\u00famenes precisos de l\u00edquidos.\u00a0Est\u00e1 marcado permanentemente con un n\u00famero de serie individual y se entrega con un certificado de exactitud de graduaci\u00f3n.\u00a0Con aforo en el cuello y dise\u00f1ado para contener seg\u00fan la selecci\u00f3n ASTM E288.<\/span><\/div>\n","protected":false},"excerpt":{"rendered":"<p><span>MATRAZ VOLUM\u00c9TRICO CLASE A SER-CERT 500 ML<\/span><\/p>\n<div class=\"product-id-stock\"><span class=\"product-id\"><span class=\"product-id-name\"><span>Ref . Cat\u00e1logo\u00a0<\/span><\/span><span class=\"product-id-value\"><span>KX-28017-500<\/span><\/span><\/span><\/div>\n<div><\/div>\n<div><span>Matraz volum\u00e9trico clase A serializado y certificado en vidrio de borosilicato con tap\u00f3n de vidrio s\u00f3lido;\u00a0ideal para medir vol\u00famenes precisos de l\u00edquidos.\u00a0Est\u00e1 marcado permanentemente con un n\u00famero de serie individual y se entrega con un certificado de exactitud de graduaci\u00f3n.\u00a0Con aforo en el cuello y dise\u00f1ado para contener seg\u00fan la selecci\u00f3n ASTM E288.<\/span><\/div>\n","protected":false},"featured_media":2678,"comment_status":"open","ping_status":"closed","template":"","meta":{"_joinchat":[]},"product_cat":[104],"product_tag":[172,173,1595],"class_list":{"0":"post-2687","1":"product","2":"type-product","3":"status-publish","4":"has-post-thumbnail","6":"product_cat-kimax","7":"product_tag-equipo-de-laboratorio","8":"product_tag-equipo-para-laboratorio","9":"product_tag-matraz-volumetrico-clase-a-ser-cert-500-ml","11":"first","12":"instock","13":"shipping-taxable","14":"product-type-simple","15":"col-xs-6 col-sm-4","16":"col-md-3 col-lg-3","17":"un-4-cols"},"yoast_head":"<!-- This site is optimized with the Yoast SEO plugin v27.2 - https:\/\/yoast.com\/product\/yoast-seo-wordpress\/ -->\n<title>MATRAZ VOLUM\u00c9TRICO CLASE A SER-CERT 500 ML - Capital Cient&iacute;fica<\/title>\n<meta name=\"robots\" content=\"index, follow, max-snippet:-1, max-image-preview:large, max-video-preview:-1\" \/>\n<link rel=\"canonical\" href=\"https:\/\/capitalcientifica.com.mx\/tienda\/product\/matraz-volumetrico-clase-a-ser-cert-500-ml-ref-catalogo-kx-28017-500\/\" \/>\n<meta property=\"og:locale\" content=\"es_ES\" \/>\n<meta property=\"og:type\" content=\"article\" \/>\n<meta property=\"og:title\" content=\"MATRAZ VOLUM\u00c9TRICO CLASE A SER-CERT 500 ML - Capital Cient&iacute;fica\" \/>\n<meta property=\"og:description\" content=\"MATRAZ VOLUM\u00c9TRICO CLASE A SER-CERT 500 ML Ref . Cat\u00e1logo\u00a0KX-28017-500  Matraz volum\u00e9trico clase A serializado y certificado en vidrio de borosilicato con tap\u00f3n de vidrio s\u00f3lido;\u00a0ideal para medir vol\u00famenes precisos de l\u00edquidos.\u00a0Est\u00e1 marcado permanentemente con un n\u00famero de serie individual y se entrega con un certificado de exactitud de graduaci\u00f3n.\u00a0Con aforo en el cuello y dise\u00f1ado para contener seg\u00fan la selecci\u00f3n ASTM E288.\" \/>\n<meta property=\"og:url\" content=\"https:\/\/capitalcientifica.com.mx\/tienda\/product\/matraz-volumetrico-clase-a-ser-cert-500-ml-ref-catalogo-kx-28017-500\/\" \/>\n<meta property=\"og:site_name\" content=\"Capital Cient&iacute;fica\" \/>\n<meta property=\"article:modified_time\" content=\"2023-02-23T18:02:54+00:00\" \/>\n<meta property=\"og:image\" content=\"https:\/\/capitalcientifica.com.mx\/tienda\/wp-content\/uploads\/2022\/02\/kx-28017-10_0-1.png\" \/>\n\t<meta property=\"og:image:width\" content=\"54\" \/>\n\t<meta property=\"og:image:height\" content=\"84\" \/>\n\t<meta property=\"og:image:type\" content=\"image\/png\" \/>\n<meta name=\"twitter:card\" content=\"summary_large_image\" \/>\n<script type=\"application\/ld+json\" class=\"yoast-schema-graph\">{\"@context\":\"https:\/\/schema.org\",\"@graph\":[{\"@type\":\"WebPage\",\"@id\":\"https:\/\/capitalcientifica.com.mx\/tienda\/product\/matraz-volumetrico-clase-a-ser-cert-500-ml-ref-catalogo-kx-28017-500\/\",\"url\":\"https:\/\/capitalcientifica.com.mx\/tienda\/product\/matraz-volumetrico-clase-a-ser-cert-500-ml-ref-catalogo-kx-28017-500\/\",\"name\":\"MATRAZ VOLUM\u00c9TRICO CLASE A SER-CERT 500 ML - Capital Cient&iacute;fica\",\"isPartOf\":{\"@id\":\"https:\/\/capitalcientifica.com.mx\/tienda\/#website\"},\"primaryImageOfPage\":{\"@id\":\"https:\/\/capitalcientifica.com.mx\/tienda\/product\/matraz-volumetrico-clase-a-ser-cert-500-ml-ref-catalogo-kx-28017-500\/#primaryimage\"},\"image\":{\"@id\":\"https:\/\/capitalcientifica.com.mx\/tienda\/product\/matraz-volumetrico-clase-a-ser-cert-500-ml-ref-catalogo-kx-28017-500\/#primaryimage\"},\"thumbnailUrl\":\"https:\/\/capitalcientifica.com.mx\/tienda\/wp-content\/uploads\/2022\/02\/kx-28017-10_0-1.png\",\"datePublished\":\"2022-02-05T06:35:43+00:00\",\"dateModified\":\"2023-02-23T18:02:54+00:00\",\"breadcrumb\":{\"@id\":\"https:\/\/capitalcientifica.com.mx\/tienda\/product\/matraz-volumetrico-clase-a-ser-cert-500-ml-ref-catalogo-kx-28017-500\/#breadcrumb\"},\"inLanguage\":\"es\",\"potentialAction\":[{\"@type\":\"ReadAction\",\"target\":[\"https:\/\/capitalcientifica.com.mx\/tienda\/product\/matraz-volumetrico-clase-a-ser-cert-500-ml-ref-catalogo-kx-28017-500\/\"]}]},{\"@type\":\"ImageObject\",\"inLanguage\":\"es\",\"@id\":\"https:\/\/capitalcientifica.com.mx\/tienda\/product\/matraz-volumetrico-clase-a-ser-cert-500-ml-ref-catalogo-kx-28017-500\/#primaryimage\",\"url\":\"https:\/\/capitalcientifica.com.mx\/tienda\/wp-content\/uploads\/2022\/02\/kx-28017-10_0-1.png\",\"contentUrl\":\"https:\/\/capitalcientifica.com.mx\/tienda\/wp-content\/uploads\/2022\/02\/kx-28017-10_0-1.png\",\"width\":54,\"height\":84},{\"@type\":\"BreadcrumbList\",\"@id\":\"https:\/\/capitalcientifica.com.mx\/tienda\/product\/matraz-volumetrico-clase-a-ser-cert-500-ml-ref-catalogo-kx-28017-500\/#breadcrumb\",\"itemListElement\":[{\"@type\":\"ListItem\",\"position\":1,\"name\":\"Portada\",\"item\":\"https:\/\/capitalcientifica.com.mx\/tienda\/\"},{\"@type\":\"ListItem\",\"position\":2,\"name\":\"Shop\",\"item\":\"https:\/\/capitalcientifica.com.mx\/tienda\/shop\/\"},{\"@type\":\"ListItem\",\"position\":3,\"name\":\"MATRAZ VOLUM\u00c9TRICO CLASE A SER-CERT 500 ML\"}]},{\"@type\":\"WebSite\",\"@id\":\"https:\/\/capitalcientifica.com.mx\/tienda\/#website\",\"url\":\"https:\/\/capitalcientifica.com.mx\/tienda\/\",\"name\":\"Capital Cient&iacute;fica\",\"description\":\"Equipo para laboratorio\",\"potentialAction\":[{\"@type\":\"SearchAction\",\"target\":{\"@type\":\"EntryPoint\",\"urlTemplate\":\"https:\/\/capitalcientifica.com.mx\/tienda\/?s={search_term_string}\"},\"query-input\":{\"@type\":\"PropertyValueSpecification\",\"valueRequired\":true,\"valueName\":\"search_term_string\"}}],\"inLanguage\":\"es\"}]}<\/script>\n<!-- \/ Yoast SEO plugin. -->","yoast_head_json":{"title":"MATRAZ VOLUM\u00c9TRICO CLASE A SER-CERT 500 ML - Capital Cient&iacute;fica","robots":{"index":"index","follow":"follow","max-snippet":"max-snippet:-1","max-image-preview":"max-image-preview:large","max-video-preview":"max-video-preview:-1"},"canonical":"https:\/\/capitalcientifica.com.mx\/tienda\/product\/matraz-volumetrico-clase-a-ser-cert-500-ml-ref-catalogo-kx-28017-500\/","og_locale":"es_ES","og_type":"article","og_title":"MATRAZ VOLUM\u00c9TRICO CLASE A SER-CERT 500 ML - Capital Cient&iacute;fica","og_description":"MATRAZ VOLUM\u00c9TRICO CLASE A SER-CERT 500 ML Ref . Cat\u00e1logo\u00a0KX-28017-500  Matraz volum\u00e9trico clase A serializado y certificado en vidrio de borosilicato con tap\u00f3n de vidrio s\u00f3lido;\u00a0ideal para medir vol\u00famenes precisos de l\u00edquidos.\u00a0Est\u00e1 marcado permanentemente con un n\u00famero de serie individual y se entrega con un certificado de exactitud de graduaci\u00f3n.\u00a0Con aforo en el cuello y dise\u00f1ado para contener seg\u00fan la selecci\u00f3n ASTM E288.","og_url":"https:\/\/capitalcientifica.com.mx\/tienda\/product\/matraz-volumetrico-clase-a-ser-cert-500-ml-ref-catalogo-kx-28017-500\/","og_site_name":"Capital Cient&iacute;fica","article_modified_time":"2023-02-23T18:02:54+00:00","og_image":[{"width":54,"height":84,"url":"https:\/\/capitalcientifica.com.mx\/tienda\/wp-content\/uploads\/2022\/02\/kx-28017-10_0-1.png","type":"image\/png"}],"twitter_card":"summary_large_image","schema":{"@context":"https:\/\/schema.org","@graph":[{"@type":"WebPage","@id":"https:\/\/capitalcientifica.com.mx\/tienda\/product\/matraz-volumetrico-clase-a-ser-cert-500-ml-ref-catalogo-kx-28017-500\/","url":"https:\/\/capitalcientifica.com.mx\/tienda\/product\/matraz-volumetrico-clase-a-ser-cert-500-ml-ref-catalogo-kx-28017-500\/","name":"MATRAZ VOLUM\u00c9TRICO CLASE A SER-CERT 500 ML - Capital Cient&iacute;fica","isPartOf":{"@id":"https:\/\/capitalcientifica.com.mx\/tienda\/#website"},"primaryImageOfPage":{"@id":"https:\/\/capitalcientifica.com.mx\/tienda\/product\/matraz-volumetrico-clase-a-ser-cert-500-ml-ref-catalogo-kx-28017-500\/#primaryimage"},"image":{"@id":"https:\/\/capitalcientifica.com.mx\/tienda\/product\/matraz-volumetrico-clase-a-ser-cert-500-ml-ref-catalogo-kx-28017-500\/#primaryimage"},"thumbnailUrl":"https:\/\/capitalcientifica.com.mx\/tienda\/wp-content\/uploads\/2022\/02\/kx-28017-10_0-1.png","datePublished":"2022-02-05T06:35:43+00:00","dateModified":"2023-02-23T18:02:54+00:00","breadcrumb":{"@id":"https:\/\/capitalcientifica.com.mx\/tienda\/product\/matraz-volumetrico-clase-a-ser-cert-500-ml-ref-catalogo-kx-28017-500\/#breadcrumb"},"inLanguage":"es","potentialAction":[{"@type":"ReadAction","target":["https:\/\/capitalcientifica.com.mx\/tienda\/product\/matraz-volumetrico-clase-a-ser-cert-500-ml-ref-catalogo-kx-28017-500\/"]}]},{"@type":"ImageObject","inLanguage":"es","@id":"https:\/\/capitalcientifica.com.mx\/tienda\/product\/matraz-volumetrico-clase-a-ser-cert-500-ml-ref-catalogo-kx-28017-500\/#primaryimage","url":"https:\/\/capitalcientifica.com.mx\/tienda\/wp-content\/uploads\/2022\/02\/kx-28017-10_0-1.png","contentUrl":"https:\/\/capitalcientifica.com.mx\/tienda\/wp-content\/uploads\/2022\/02\/kx-28017-10_0-1.png","width":54,"height":84},{"@type":"BreadcrumbList","@id":"https:\/\/capitalcientifica.com.mx\/tienda\/product\/matraz-volumetrico-clase-a-ser-cert-500-ml-ref-catalogo-kx-28017-500\/#breadcrumb","itemListElement":[{"@type":"ListItem","position":1,"name":"Portada","item":"https:\/\/capitalcientifica.com.mx\/tienda\/"},{"@type":"ListItem","position":2,"name":"Shop","item":"https:\/\/capitalcientifica.com.mx\/tienda\/shop\/"},{"@type":"ListItem","position":3,"name":"MATRAZ VOLUM\u00c9TRICO CLASE A SER-CERT 500 ML"}]},{"@type":"WebSite","@id":"https:\/\/capitalcientifica.com.mx\/tienda\/#website","url":"https:\/\/capitalcientifica.com.mx\/tienda\/","name":"Capital Cient&iacute;fica","description":"Equipo para laboratorio","potentialAction":[{"@type":"SearchAction","target":{"@type":"EntryPoint","urlTemplate":"https:\/\/capitalcientifica.com.mx\/tienda\/?s={search_term_string}"},"query-input":{"@type":"PropertyValueSpecification","valueRequired":true,"valueName":"search_term_string"}}],"inLanguage":"es"}]}},"_links":{"self":[{"href":"https:\/\/capitalcientifica.com.mx\/tienda\/wp-json\/wp\/v2\/product\/2687","targetHints":{"allow":["GET"]}}],"collection":[{"href":"https:\/\/capitalcientifica.com.mx\/tienda\/wp-json\/wp\/v2\/product"}],"about":[{"href":"https:\/\/capitalcientifica.com.mx\/tienda\/wp-json\/wp\/v2\/types\/product"}],"replies":[{"embeddable":true,"href":"https:\/\/capitalcientifica.com.mx\/tienda\/wp-json\/wp\/v2\/comments?post=2687"}],"wp:featuredmedia":[{"embeddable":true,"href":"https:\/\/capitalcientifica.com.mx\/tienda\/wp-json\/wp\/v2\/media\/2678"}],"wp:attachment":[{"href":"https:\/\/capitalcientifica.com.mx\/tienda\/wp-json\/wp\/v2\/media?parent=2687"}],"wp:term":[{"taxonomy":"product_cat","embeddable":true,"href":"https:\/\/capitalcientifica.com.mx\/tienda\/wp-json\/wp\/v2\/product_cat?post=2687"},{"taxonomy":"product_tag","embeddable":true,"href":"https:\/\/capitalcientifica.com.mx\/tienda\/wp-json\/wp\/v2\/product_tag?post=2687"}],"curies":[{"name":"wp","href":"https:\/\/api.w.org\/{rel}","templated":true}]}}