{"id":2428,"date":"2022-02-03T05:37:44","date_gmt":"2022-02-03T05:37:44","guid":{"rendered":"https:\/\/www.capitalcientifica.com.mx\/?post_type=product&#038;p=2428"},"modified":"2023-02-23T17:53:52","modified_gmt":"2023-02-23T17:53:52","slug":"matraz-volumetrico-clase-a-reforz-ser-cert-50-ml-no-catalogo-kx-92820g-50","status":"publish","type":"product","link":"https:\/\/capitalcientifica.com.mx\/tienda\/product\/matraz-volumetrico-clase-a-reforz-ser-cert-50-ml-no-catalogo-kx-92820g-50\/","title":{"rendered":"MATRAZ VOLUM\u00c9TRICO CLASE A REFORZ. SER-CERT 50 ML"},"content":{"rendered":"<p>MATRAZ VOLUM\u00c9TRICO CLASE A REFORZ. SER-CERT 50 ML<\/p>\n<div class=\"product-id-stock\"><span class=\"product-id\"><span class=\"product-id-name\">No. Cat\u00e1logo<\/span>\u00a0<span class=\"product-id-value\">KX-92820G-50<\/span><\/span><\/div>\n<div><\/div>\n<div>Matraz volum\u00e9trico clase A serializado y certificado con pared reforzada y boca ancha en vidrio de borosilicato con tap\u00f3n de vidrio s\u00f3lido; ideal para medir vol\u00famenes precisos de l\u00edquidos. Est\u00e1 marcado permanentemente con un n\u00famero de serie individual y se entrega con un certificado de precisi\u00f3n de la graduaci\u00f3n.<\/p>\n<p>El acceso de la pipeta es f\u00e1cil al tener boca ancha, el fondo interior es plano para usar con barras de agitaci\u00f3n est\u00e1ndar. De resistencia superior, durabilidad y seguridad al tener pared reforzada y uniforme. Identificaci\u00f3n r\u00e1pida con marca grande de aforo en el cuello, permanente y f\u00e1cil de leer, Dise\u00f1ado para contener seg\u00fan la especificaci\u00f3n ASTM E288.<\/p><\/div>\n","protected":false},"excerpt":{"rendered":"<p>MATRAZ VOLUM\u00c9TRICO CLASE A REFORZ. SER-CERT 50 ML<\/p>\n<div class=\"product-id-stock\"><span class=\"product-id\"><span class=\"product-id-name\">No. Cat\u00e1logo<\/span>\u00a0<span class=\"product-id-value\">KX-92820G-50<\/span><\/span><\/div>\n<div><\/div>\n<div>Matraz volum\u00e9trico clase A serializado y certificado con pared reforzada y boca ancha en vidrio de borosilicato con tap\u00f3n de vidrio s\u00f3lido; ideal para medir vol\u00famenes precisos de l\u00edquidos. Est\u00e1 marcado permanentemente con un n\u00famero de serie individual y se entrega con un certificado de precisi\u00f3n de la graduaci\u00f3n.<\/p>\n<p>El acceso de la pipeta es f\u00e1cil al tener boca ancha, el fondo interior es plano para usar con barras de agitaci\u00f3n est\u00e1ndar. De resistencia superior, durabilidad y seguridad al tener pared reforzada y uniforme. Identificaci\u00f3n r\u00e1pida con marca grande de aforo en el cuello, permanente y f\u00e1cil de leer, Dise\u00f1ado para contener seg\u00fan la especificaci\u00f3n ASTM E288.<\/p><\/div>\n","protected":false},"featured_media":2423,"comment_status":"open","ping_status":"closed","template":"","meta":{"_joinchat":[]},"product_cat":[104,108],"product_tag":[172,173,1585],"class_list":{"0":"post-2428","1":"product","2":"type-product","3":"status-publish","4":"has-post-thumbnail","6":"product_cat-kimax","7":"product_cat-matraces","8":"product_tag-equipo-de-laboratorio","9":"product_tag-equipo-para-laboratorio","10":"product_tag-matraz-volumetrico-clase-a-reforz-ser-cert-50-ml","12":"first","13":"instock","14":"shipping-taxable","15":"product-type-simple","16":"col-xs-6 col-sm-4","17":"col-md-3 col-lg-3","18":"un-4-cols"},"yoast_head":"<!-- This site is optimized with the Yoast SEO plugin v27.2 - https:\/\/yoast.com\/product\/yoast-seo-wordpress\/ -->\n<title>MATRAZ VOLUM\u00c9TRICO CLASE A REFORZ. SER-CERT 50 ML - Capital Cient&iacute;fica<\/title>\n<meta name=\"robots\" content=\"index, follow, max-snippet:-1, max-image-preview:large, max-video-preview:-1\" \/>\n<link rel=\"canonical\" href=\"https:\/\/capitalcientifica.com.mx\/tienda\/product\/matraz-volumetrico-clase-a-reforz-ser-cert-50-ml-no-catalogo-kx-92820g-50\/\" \/>\n<meta property=\"og:locale\" content=\"es_ES\" \/>\n<meta property=\"og:type\" content=\"article\" \/>\n<meta property=\"og:title\" content=\"MATRAZ VOLUM\u00c9TRICO CLASE A REFORZ. SER-CERT 50 ML - Capital Cient&iacute;fica\" \/>\n<meta property=\"og:description\" content=\"MATRAZ VOLUM\u00c9TRICO CLASE A REFORZ. SER-CERT 50 ML No. Cat\u00e1logo\u00a0KX-92820G-50  Matraz volum\u00e9trico clase A serializado y certificado con pared reforzada y boca ancha en vidrio de borosilicato con tap\u00f3n de vidrio s\u00f3lido; ideal para medir vol\u00famenes precisos de l\u00edquidos. Est\u00e1 marcado permanentemente con un n\u00famero de serie individual y se entrega con un certificado de precisi\u00f3n de la graduaci\u00f3n.  El acceso de la pipeta es f\u00e1cil al tener boca ancha, el fondo interior es plano para usar con barras de agitaci\u00f3n est\u00e1ndar. De resistencia superior, durabilidad y seguridad al tener pared reforzada y uniforme. Identificaci\u00f3n r\u00e1pida con marca grande de aforo en el cuello, permanente y f\u00e1cil de leer, Dise\u00f1ado para contener seg\u00fan la especificaci\u00f3n ASTM E288.\" \/>\n<meta property=\"og:url\" content=\"https:\/\/capitalcientifica.com.mx\/tienda\/product\/matraz-volumetrico-clase-a-reforz-ser-cert-50-ml-no-catalogo-kx-92820g-50\/\" \/>\n<meta property=\"og:site_name\" content=\"Capital Cient&iacute;fica\" \/>\n<meta property=\"article:modified_time\" content=\"2023-02-23T17:53:52+00:00\" \/>\n<meta property=\"og:image\" content=\"https:\/\/capitalcientifica.com.mx\/tienda\/wp-content\/uploads\/2022\/02\/kx-92820g-10_0-1.png\" \/>\n\t<meta property=\"og:image:width\" content=\"52\" \/>\n\t<meta property=\"og:image:height\" content=\"84\" \/>\n\t<meta property=\"og:image:type\" content=\"image\/png\" \/>\n<meta name=\"twitter:card\" content=\"summary_large_image\" \/>\n<meta name=\"twitter:label1\" content=\"Tiempo de lectura\" \/>\n\t<meta name=\"twitter:data1\" content=\"1 minuto\" \/>\n<script type=\"application\/ld+json\" class=\"yoast-schema-graph\">{\"@context\":\"https:\/\/schema.org\",\"@graph\":[{\"@type\":\"WebPage\",\"@id\":\"https:\/\/capitalcientifica.com.mx\/tienda\/product\/matraz-volumetrico-clase-a-reforz-ser-cert-50-ml-no-catalogo-kx-92820g-50\/\",\"url\":\"https:\/\/capitalcientifica.com.mx\/tienda\/product\/matraz-volumetrico-clase-a-reforz-ser-cert-50-ml-no-catalogo-kx-92820g-50\/\",\"name\":\"MATRAZ VOLUM\u00c9TRICO CLASE A REFORZ. SER-CERT 50 ML - Capital Cient&iacute;fica\",\"isPartOf\":{\"@id\":\"https:\/\/capitalcientifica.com.mx\/tienda\/#website\"},\"primaryImageOfPage\":{\"@id\":\"https:\/\/capitalcientifica.com.mx\/tienda\/product\/matraz-volumetrico-clase-a-reforz-ser-cert-50-ml-no-catalogo-kx-92820g-50\/#primaryimage\"},\"image\":{\"@id\":\"https:\/\/capitalcientifica.com.mx\/tienda\/product\/matraz-volumetrico-clase-a-reforz-ser-cert-50-ml-no-catalogo-kx-92820g-50\/#primaryimage\"},\"thumbnailUrl\":\"https:\/\/capitalcientifica.com.mx\/tienda\/wp-content\/uploads\/2022\/02\/kx-92820g-10_0-1.png\",\"datePublished\":\"2022-02-03T05:37:44+00:00\",\"dateModified\":\"2023-02-23T17:53:52+00:00\",\"breadcrumb\":{\"@id\":\"https:\/\/capitalcientifica.com.mx\/tienda\/product\/matraz-volumetrico-clase-a-reforz-ser-cert-50-ml-no-catalogo-kx-92820g-50\/#breadcrumb\"},\"inLanguage\":\"es\",\"potentialAction\":[{\"@type\":\"ReadAction\",\"target\":[\"https:\/\/capitalcientifica.com.mx\/tienda\/product\/matraz-volumetrico-clase-a-reforz-ser-cert-50-ml-no-catalogo-kx-92820g-50\/\"]}]},{\"@type\":\"ImageObject\",\"inLanguage\":\"es\",\"@id\":\"https:\/\/capitalcientifica.com.mx\/tienda\/product\/matraz-volumetrico-clase-a-reforz-ser-cert-50-ml-no-catalogo-kx-92820g-50\/#primaryimage\",\"url\":\"https:\/\/capitalcientifica.com.mx\/tienda\/wp-content\/uploads\/2022\/02\/kx-92820g-10_0-1.png\",\"contentUrl\":\"https:\/\/capitalcientifica.com.mx\/tienda\/wp-content\/uploads\/2022\/02\/kx-92820g-10_0-1.png\",\"width\":52,\"height\":84},{\"@type\":\"BreadcrumbList\",\"@id\":\"https:\/\/capitalcientifica.com.mx\/tienda\/product\/matraz-volumetrico-clase-a-reforz-ser-cert-50-ml-no-catalogo-kx-92820g-50\/#breadcrumb\",\"itemListElement\":[{\"@type\":\"ListItem\",\"position\":1,\"name\":\"Portada\",\"item\":\"https:\/\/capitalcientifica.com.mx\/tienda\/\"},{\"@type\":\"ListItem\",\"position\":2,\"name\":\"Shop\",\"item\":\"https:\/\/capitalcientifica.com.mx\/tienda\/shop\/\"},{\"@type\":\"ListItem\",\"position\":3,\"name\":\"MATRAZ VOLUM\u00c9TRICO CLASE A REFORZ. SER-CERT 50 ML\"}]},{\"@type\":\"WebSite\",\"@id\":\"https:\/\/capitalcientifica.com.mx\/tienda\/#website\",\"url\":\"https:\/\/capitalcientifica.com.mx\/tienda\/\",\"name\":\"Capital Cient&iacute;fica\",\"description\":\"Equipo para laboratorio\",\"potentialAction\":[{\"@type\":\"SearchAction\",\"target\":{\"@type\":\"EntryPoint\",\"urlTemplate\":\"https:\/\/capitalcientifica.com.mx\/tienda\/?s={search_term_string}\"},\"query-input\":{\"@type\":\"PropertyValueSpecification\",\"valueRequired\":true,\"valueName\":\"search_term_string\"}}],\"inLanguage\":\"es\"}]}<\/script>\n<!-- \/ Yoast SEO plugin. -->","yoast_head_json":{"title":"MATRAZ VOLUM\u00c9TRICO CLASE A REFORZ. SER-CERT 50 ML - Capital Cient&iacute;fica","robots":{"index":"index","follow":"follow","max-snippet":"max-snippet:-1","max-image-preview":"max-image-preview:large","max-video-preview":"max-video-preview:-1"},"canonical":"https:\/\/capitalcientifica.com.mx\/tienda\/product\/matraz-volumetrico-clase-a-reforz-ser-cert-50-ml-no-catalogo-kx-92820g-50\/","og_locale":"es_ES","og_type":"article","og_title":"MATRAZ VOLUM\u00c9TRICO CLASE A REFORZ. SER-CERT 50 ML - Capital Cient&iacute;fica","og_description":"MATRAZ VOLUM\u00c9TRICO CLASE A REFORZ. SER-CERT 50 ML No. Cat\u00e1logo\u00a0KX-92820G-50  Matraz volum\u00e9trico clase A serializado y certificado con pared reforzada y boca ancha en vidrio de borosilicato con tap\u00f3n de vidrio s\u00f3lido; ideal para medir vol\u00famenes precisos de l\u00edquidos. Est\u00e1 marcado permanentemente con un n\u00famero de serie individual y se entrega con un certificado de precisi\u00f3n de la graduaci\u00f3n.  El acceso de la pipeta es f\u00e1cil al tener boca ancha, el fondo interior es plano para usar con barras de agitaci\u00f3n est\u00e1ndar. De resistencia superior, durabilidad y seguridad al tener pared reforzada y uniforme. Identificaci\u00f3n r\u00e1pida con marca grande de aforo en el cuello, permanente y f\u00e1cil de leer, Dise\u00f1ado para contener seg\u00fan la especificaci\u00f3n ASTM E288.","og_url":"https:\/\/capitalcientifica.com.mx\/tienda\/product\/matraz-volumetrico-clase-a-reforz-ser-cert-50-ml-no-catalogo-kx-92820g-50\/","og_site_name":"Capital Cient&iacute;fica","article_modified_time":"2023-02-23T17:53:52+00:00","og_image":[{"width":52,"height":84,"url":"https:\/\/capitalcientifica.com.mx\/tienda\/wp-content\/uploads\/2022\/02\/kx-92820g-10_0-1.png","type":"image\/png"}],"twitter_card":"summary_large_image","twitter_misc":{"Tiempo de lectura":"1 minuto"},"schema":{"@context":"https:\/\/schema.org","@graph":[{"@type":"WebPage","@id":"https:\/\/capitalcientifica.com.mx\/tienda\/product\/matraz-volumetrico-clase-a-reforz-ser-cert-50-ml-no-catalogo-kx-92820g-50\/","url":"https:\/\/capitalcientifica.com.mx\/tienda\/product\/matraz-volumetrico-clase-a-reforz-ser-cert-50-ml-no-catalogo-kx-92820g-50\/","name":"MATRAZ VOLUM\u00c9TRICO CLASE A REFORZ. SER-CERT 50 ML - Capital Cient&iacute;fica","isPartOf":{"@id":"https:\/\/capitalcientifica.com.mx\/tienda\/#website"},"primaryImageOfPage":{"@id":"https:\/\/capitalcientifica.com.mx\/tienda\/product\/matraz-volumetrico-clase-a-reforz-ser-cert-50-ml-no-catalogo-kx-92820g-50\/#primaryimage"},"image":{"@id":"https:\/\/capitalcientifica.com.mx\/tienda\/product\/matraz-volumetrico-clase-a-reforz-ser-cert-50-ml-no-catalogo-kx-92820g-50\/#primaryimage"},"thumbnailUrl":"https:\/\/capitalcientifica.com.mx\/tienda\/wp-content\/uploads\/2022\/02\/kx-92820g-10_0-1.png","datePublished":"2022-02-03T05:37:44+00:00","dateModified":"2023-02-23T17:53:52+00:00","breadcrumb":{"@id":"https:\/\/capitalcientifica.com.mx\/tienda\/product\/matraz-volumetrico-clase-a-reforz-ser-cert-50-ml-no-catalogo-kx-92820g-50\/#breadcrumb"},"inLanguage":"es","potentialAction":[{"@type":"ReadAction","target":["https:\/\/capitalcientifica.com.mx\/tienda\/product\/matraz-volumetrico-clase-a-reforz-ser-cert-50-ml-no-catalogo-kx-92820g-50\/"]}]},{"@type":"ImageObject","inLanguage":"es","@id":"https:\/\/capitalcientifica.com.mx\/tienda\/product\/matraz-volumetrico-clase-a-reforz-ser-cert-50-ml-no-catalogo-kx-92820g-50\/#primaryimage","url":"https:\/\/capitalcientifica.com.mx\/tienda\/wp-content\/uploads\/2022\/02\/kx-92820g-10_0-1.png","contentUrl":"https:\/\/capitalcientifica.com.mx\/tienda\/wp-content\/uploads\/2022\/02\/kx-92820g-10_0-1.png","width":52,"height":84},{"@type":"BreadcrumbList","@id":"https:\/\/capitalcientifica.com.mx\/tienda\/product\/matraz-volumetrico-clase-a-reforz-ser-cert-50-ml-no-catalogo-kx-92820g-50\/#breadcrumb","itemListElement":[{"@type":"ListItem","position":1,"name":"Portada","item":"https:\/\/capitalcientifica.com.mx\/tienda\/"},{"@type":"ListItem","position":2,"name":"Shop","item":"https:\/\/capitalcientifica.com.mx\/tienda\/shop\/"},{"@type":"ListItem","position":3,"name":"MATRAZ VOLUM\u00c9TRICO CLASE A REFORZ. SER-CERT 50 ML"}]},{"@type":"WebSite","@id":"https:\/\/capitalcientifica.com.mx\/tienda\/#website","url":"https:\/\/capitalcientifica.com.mx\/tienda\/","name":"Capital Cient&iacute;fica","description":"Equipo para laboratorio","potentialAction":[{"@type":"SearchAction","target":{"@type":"EntryPoint","urlTemplate":"https:\/\/capitalcientifica.com.mx\/tienda\/?s={search_term_string}"},"query-input":{"@type":"PropertyValueSpecification","valueRequired":true,"valueName":"search_term_string"}}],"inLanguage":"es"}]}},"_links":{"self":[{"href":"https:\/\/capitalcientifica.com.mx\/tienda\/wp-json\/wp\/v2\/product\/2428","targetHints":{"allow":["GET"]}}],"collection":[{"href":"https:\/\/capitalcientifica.com.mx\/tienda\/wp-json\/wp\/v2\/product"}],"about":[{"href":"https:\/\/capitalcientifica.com.mx\/tienda\/wp-json\/wp\/v2\/types\/product"}],"replies":[{"embeddable":true,"href":"https:\/\/capitalcientifica.com.mx\/tienda\/wp-json\/wp\/v2\/comments?post=2428"}],"wp:featuredmedia":[{"embeddable":true,"href":"https:\/\/capitalcientifica.com.mx\/tienda\/wp-json\/wp\/v2\/media\/2423"}],"wp:attachment":[{"href":"https:\/\/capitalcientifica.com.mx\/tienda\/wp-json\/wp\/v2\/media?parent=2428"}],"wp:term":[{"taxonomy":"product_cat","embeddable":true,"href":"https:\/\/capitalcientifica.com.mx\/tienda\/wp-json\/wp\/v2\/product_cat?post=2428"},{"taxonomy":"product_tag","embeddable":true,"href":"https:\/\/capitalcientifica.com.mx\/tienda\/wp-json\/wp\/v2\/product_tag?post=2428"}],"curies":[{"name":"wp","href":"https:\/\/api.w.org\/{rel}","templated":true}]}}