{"id":2080,"date":"2022-01-30T03:47:34","date_gmt":"2022-01-30T03:47:34","guid":{"rendered":"https:\/\/www.capitalcientifica.com.mx\/?post_type=product&#038;p=2080"},"modified":"2023-03-02T21:58:51","modified_gmt":"2023-03-02T21:58:51","slug":"set-matraz-erlenemeyer-50-125-250-500-1000-ml-no-catalogo-kx-26520-1","status":"publish","type":"product","link":"https:\/\/capitalcientifica.com.mx\/tienda\/product\/set-matraz-erlenemeyer-50-125-250-500-1000-ml-no-catalogo-kx-26520-1\/","title":{"rendered":"SET MATRAZ ERLENEMEYER 50, 125, 250, 500, 1,000 ML"},"content":{"rendered":"<p>SET MATRAZ ERLENEMEYER 50, 125, 250, 500, 1,000 ML<\/p>\n<div class=\"product-id-stock\"><span class=\"product-id\"><span class=\"product-id-name\">No. Cat\u00e1logo<\/span>\u00a0<span class=\"product-id-value\">KX-26520-1<\/span><\/span><\/div>\n<div><\/div>\n<div>Matraz Erlenmeyer de boca angosta en vidrio de borosilicato, es la opci\u00f3n para uso general en el laboratorio. La boca est\u00e1 reforzada con acabado redondeado para darle la m\u00e1xima resistencia mec\u00e1nica, el cuerpo es de pared gruesa y la escala es de esmalte cer\u00e1mico blanco duradero para indicar el volumen aproximado en varios niveles. Dise\u00f1ado seg\u00fan las especificaciones de la norma ASTM E1404.<\/div>\n","protected":false},"excerpt":{"rendered":"<p>SET MATRAZ ERLENEMEYER 50, 125, 250, 500, 1,000 ML No. Cat\u00e1logo\u00a0KX-26520-1 Matraz Erlenmeyer de boca angosta en vidrio de borosilicato, es la opci\u00f3n para uso general en el laboratorio. La boca est\u00e1 reforzada con acabado redondeado para darle la m\u00e1xima resistencia mec\u00e1nica, el cuerpo es de pared gruesa y la escala es de esmalte cer\u00e1mico&hellip;<\/p>\n","protected":false},"featured_media":2010,"comment_status":"open","ping_status":"closed","template":"","meta":{"_joinchat":[]},"product_cat":[104,108],"product_tag":[172,173,2413],"class_list":{"0":"post-2080","1":"product","2":"type-product","3":"status-publish","4":"has-post-thumbnail","6":"product_cat-kimax","7":"product_cat-matraces","8":"product_tag-equipo-de-laboratorio","9":"product_tag-equipo-para-laboratorio","10":"product_tag-set-matraz-erlenemeyer-1000-ml","12":"first","13":"instock","14":"shipping-taxable","15":"product-type-simple","16":"col-xs-6 col-sm-4","17":"col-md-3 col-lg-3","18":"un-4-cols"},"yoast_head":"<!-- This site is optimized with the Yoast SEO plugin v27.2 - https:\/\/yoast.com\/product\/yoast-seo-wordpress\/ -->\n<title>SET MATRAZ ERLENEMEYER 50, 125, 250, 500, 1,000 ML - Capital Cient&iacute;fica<\/title>\n<meta name=\"robots\" content=\"index, follow, max-snippet:-1, max-image-preview:large, max-video-preview:-1\" \/>\n<link rel=\"canonical\" href=\"https:\/\/capitalcientifica.com.mx\/tienda\/product\/set-matraz-erlenemeyer-50-125-250-500-1000-ml-no-catalogo-kx-26520-1\/\" \/>\n<meta property=\"og:locale\" content=\"es_ES\" \/>\n<meta property=\"og:type\" content=\"article\" \/>\n<meta property=\"og:title\" content=\"SET MATRAZ ERLENEMEYER 50, 125, 250, 500, 1,000 ML - Capital Cient&iacute;fica\" \/>\n<meta property=\"og:description\" content=\"SET MATRAZ ERLENEMEYER 50, 125, 250, 500, 1,000 ML No. Cat\u00e1logo\u00a0KX-26520-1 Matraz Erlenmeyer de boca angosta en vidrio de borosilicato, es la opci\u00f3n para uso general en el laboratorio. La boca est\u00e1 reforzada con acabado redondeado para darle la m\u00e1xima resistencia mec\u00e1nica, el cuerpo es de pared gruesa y la escala es de esmalte cer\u00e1mico&hellip;\" \/>\n<meta property=\"og:url\" content=\"https:\/\/capitalcientifica.com.mx\/tienda\/product\/set-matraz-erlenemeyer-50-125-250-500-1000-ml-no-catalogo-kx-26520-1\/\" \/>\n<meta property=\"og:site_name\" content=\"Capital Cient&iacute;fica\" \/>\n<meta property=\"article:modified_time\" content=\"2023-03-02T21:58:51+00:00\" \/>\n<meta property=\"og:image\" content=\"https:\/\/capitalcientifica.com.mx\/tienda\/wp-content\/uploads\/2022\/01\/kx-26500-1000_0.png\" \/>\n\t<meta property=\"og:image:width\" content=\"63\" \/>\n\t<meta property=\"og:image:height\" content=\"84\" \/>\n\t<meta property=\"og:image:type\" content=\"image\/png\" \/>\n<meta name=\"twitter:card\" content=\"summary_large_image\" \/>\n<script type=\"application\/ld+json\" class=\"yoast-schema-graph\">{\"@context\":\"https:\/\/schema.org\",\"@graph\":[{\"@type\":\"WebPage\",\"@id\":\"https:\/\/capitalcientifica.com.mx\/tienda\/product\/set-matraz-erlenemeyer-50-125-250-500-1000-ml-no-catalogo-kx-26520-1\/\",\"url\":\"https:\/\/capitalcientifica.com.mx\/tienda\/product\/set-matraz-erlenemeyer-50-125-250-500-1000-ml-no-catalogo-kx-26520-1\/\",\"name\":\"SET MATRAZ ERLENEMEYER 50, 125, 250, 500, 1,000 ML - Capital Cient&iacute;fica\",\"isPartOf\":{\"@id\":\"https:\/\/capitalcientifica.com.mx\/tienda\/#website\"},\"primaryImageOfPage\":{\"@id\":\"https:\/\/capitalcientifica.com.mx\/tienda\/product\/set-matraz-erlenemeyer-50-125-250-500-1000-ml-no-catalogo-kx-26520-1\/#primaryimage\"},\"image\":{\"@id\":\"https:\/\/capitalcientifica.com.mx\/tienda\/product\/set-matraz-erlenemeyer-50-125-250-500-1000-ml-no-catalogo-kx-26520-1\/#primaryimage\"},\"thumbnailUrl\":\"https:\/\/capitalcientifica.com.mx\/tienda\/wp-content\/uploads\/2022\/01\/kx-26500-1000_0.png\",\"datePublished\":\"2022-01-30T03:47:34+00:00\",\"dateModified\":\"2023-03-02T21:58:51+00:00\",\"breadcrumb\":{\"@id\":\"https:\/\/capitalcientifica.com.mx\/tienda\/product\/set-matraz-erlenemeyer-50-125-250-500-1000-ml-no-catalogo-kx-26520-1\/#breadcrumb\"},\"inLanguage\":\"es\",\"potentialAction\":[{\"@type\":\"ReadAction\",\"target\":[\"https:\/\/capitalcientifica.com.mx\/tienda\/product\/set-matraz-erlenemeyer-50-125-250-500-1000-ml-no-catalogo-kx-26520-1\/\"]}]},{\"@type\":\"ImageObject\",\"inLanguage\":\"es\",\"@id\":\"https:\/\/capitalcientifica.com.mx\/tienda\/product\/set-matraz-erlenemeyer-50-125-250-500-1000-ml-no-catalogo-kx-26520-1\/#primaryimage\",\"url\":\"https:\/\/capitalcientifica.com.mx\/tienda\/wp-content\/uploads\/2022\/01\/kx-26500-1000_0.png\",\"contentUrl\":\"https:\/\/capitalcientifica.com.mx\/tienda\/wp-content\/uploads\/2022\/01\/kx-26500-1000_0.png\",\"width\":63,\"height\":84},{\"@type\":\"BreadcrumbList\",\"@id\":\"https:\/\/capitalcientifica.com.mx\/tienda\/product\/set-matraz-erlenemeyer-50-125-250-500-1000-ml-no-catalogo-kx-26520-1\/#breadcrumb\",\"itemListElement\":[{\"@type\":\"ListItem\",\"position\":1,\"name\":\"Portada\",\"item\":\"https:\/\/capitalcientifica.com.mx\/tienda\/\"},{\"@type\":\"ListItem\",\"position\":2,\"name\":\"Shop\",\"item\":\"https:\/\/capitalcientifica.com.mx\/tienda\/shop\/\"},{\"@type\":\"ListItem\",\"position\":3,\"name\":\"SET MATRAZ ERLENEMEYER 50, 125, 250, 500, 1,000 ML\"}]},{\"@type\":\"WebSite\",\"@id\":\"https:\/\/capitalcientifica.com.mx\/tienda\/#website\",\"url\":\"https:\/\/capitalcientifica.com.mx\/tienda\/\",\"name\":\"Capital Cient&iacute;fica\",\"description\":\"Equipo para laboratorio\",\"potentialAction\":[{\"@type\":\"SearchAction\",\"target\":{\"@type\":\"EntryPoint\",\"urlTemplate\":\"https:\/\/capitalcientifica.com.mx\/tienda\/?s={search_term_string}\"},\"query-input\":{\"@type\":\"PropertyValueSpecification\",\"valueRequired\":true,\"valueName\":\"search_term_string\"}}],\"inLanguage\":\"es\"}]}<\/script>\n<!-- \/ Yoast SEO plugin. -->","yoast_head_json":{"title":"SET MATRAZ ERLENEMEYER 50, 125, 250, 500, 1,000 ML - Capital Cient&iacute;fica","robots":{"index":"index","follow":"follow","max-snippet":"max-snippet:-1","max-image-preview":"max-image-preview:large","max-video-preview":"max-video-preview:-1"},"canonical":"https:\/\/capitalcientifica.com.mx\/tienda\/product\/set-matraz-erlenemeyer-50-125-250-500-1000-ml-no-catalogo-kx-26520-1\/","og_locale":"es_ES","og_type":"article","og_title":"SET MATRAZ ERLENEMEYER 50, 125, 250, 500, 1,000 ML - Capital Cient&iacute;fica","og_description":"SET MATRAZ ERLENEMEYER 50, 125, 250, 500, 1,000 ML No. Cat\u00e1logo\u00a0KX-26520-1 Matraz Erlenmeyer de boca angosta en vidrio de borosilicato, es la opci\u00f3n para uso general en el laboratorio. La boca est\u00e1 reforzada con acabado redondeado para darle la m\u00e1xima resistencia mec\u00e1nica, el cuerpo es de pared gruesa y la escala es de esmalte cer\u00e1mico&hellip;","og_url":"https:\/\/capitalcientifica.com.mx\/tienda\/product\/set-matraz-erlenemeyer-50-125-250-500-1000-ml-no-catalogo-kx-26520-1\/","og_site_name":"Capital Cient&iacute;fica","article_modified_time":"2023-03-02T21:58:51+00:00","og_image":[{"width":63,"height":84,"url":"https:\/\/capitalcientifica.com.mx\/tienda\/wp-content\/uploads\/2022\/01\/kx-26500-1000_0.png","type":"image\/png"}],"twitter_card":"summary_large_image","schema":{"@context":"https:\/\/schema.org","@graph":[{"@type":"WebPage","@id":"https:\/\/capitalcientifica.com.mx\/tienda\/product\/set-matraz-erlenemeyer-50-125-250-500-1000-ml-no-catalogo-kx-26520-1\/","url":"https:\/\/capitalcientifica.com.mx\/tienda\/product\/set-matraz-erlenemeyer-50-125-250-500-1000-ml-no-catalogo-kx-26520-1\/","name":"SET MATRAZ ERLENEMEYER 50, 125, 250, 500, 1,000 ML - Capital Cient&iacute;fica","isPartOf":{"@id":"https:\/\/capitalcientifica.com.mx\/tienda\/#website"},"primaryImageOfPage":{"@id":"https:\/\/capitalcientifica.com.mx\/tienda\/product\/set-matraz-erlenemeyer-50-125-250-500-1000-ml-no-catalogo-kx-26520-1\/#primaryimage"},"image":{"@id":"https:\/\/capitalcientifica.com.mx\/tienda\/product\/set-matraz-erlenemeyer-50-125-250-500-1000-ml-no-catalogo-kx-26520-1\/#primaryimage"},"thumbnailUrl":"https:\/\/capitalcientifica.com.mx\/tienda\/wp-content\/uploads\/2022\/01\/kx-26500-1000_0.png","datePublished":"2022-01-30T03:47:34+00:00","dateModified":"2023-03-02T21:58:51+00:00","breadcrumb":{"@id":"https:\/\/capitalcientifica.com.mx\/tienda\/product\/set-matraz-erlenemeyer-50-125-250-500-1000-ml-no-catalogo-kx-26520-1\/#breadcrumb"},"inLanguage":"es","potentialAction":[{"@type":"ReadAction","target":["https:\/\/capitalcientifica.com.mx\/tienda\/product\/set-matraz-erlenemeyer-50-125-250-500-1000-ml-no-catalogo-kx-26520-1\/"]}]},{"@type":"ImageObject","inLanguage":"es","@id":"https:\/\/capitalcientifica.com.mx\/tienda\/product\/set-matraz-erlenemeyer-50-125-250-500-1000-ml-no-catalogo-kx-26520-1\/#primaryimage","url":"https:\/\/capitalcientifica.com.mx\/tienda\/wp-content\/uploads\/2022\/01\/kx-26500-1000_0.png","contentUrl":"https:\/\/capitalcientifica.com.mx\/tienda\/wp-content\/uploads\/2022\/01\/kx-26500-1000_0.png","width":63,"height":84},{"@type":"BreadcrumbList","@id":"https:\/\/capitalcientifica.com.mx\/tienda\/product\/set-matraz-erlenemeyer-50-125-250-500-1000-ml-no-catalogo-kx-26520-1\/#breadcrumb","itemListElement":[{"@type":"ListItem","position":1,"name":"Portada","item":"https:\/\/capitalcientifica.com.mx\/tienda\/"},{"@type":"ListItem","position":2,"name":"Shop","item":"https:\/\/capitalcientifica.com.mx\/tienda\/shop\/"},{"@type":"ListItem","position":3,"name":"SET MATRAZ ERLENEMEYER 50, 125, 250, 500, 1,000 ML"}]},{"@type":"WebSite","@id":"https:\/\/capitalcientifica.com.mx\/tienda\/#website","url":"https:\/\/capitalcientifica.com.mx\/tienda\/","name":"Capital Cient&iacute;fica","description":"Equipo para laboratorio","potentialAction":[{"@type":"SearchAction","target":{"@type":"EntryPoint","urlTemplate":"https:\/\/capitalcientifica.com.mx\/tienda\/?s={search_term_string}"},"query-input":{"@type":"PropertyValueSpecification","valueRequired":true,"valueName":"search_term_string"}}],"inLanguage":"es"}]}},"_links":{"self":[{"href":"https:\/\/capitalcientifica.com.mx\/tienda\/wp-json\/wp\/v2\/product\/2080","targetHints":{"allow":["GET"]}}],"collection":[{"href":"https:\/\/capitalcientifica.com.mx\/tienda\/wp-json\/wp\/v2\/product"}],"about":[{"href":"https:\/\/capitalcientifica.com.mx\/tienda\/wp-json\/wp\/v2\/types\/product"}],"replies":[{"embeddable":true,"href":"https:\/\/capitalcientifica.com.mx\/tienda\/wp-json\/wp\/v2\/comments?post=2080"}],"wp:featuredmedia":[{"embeddable":true,"href":"https:\/\/capitalcientifica.com.mx\/tienda\/wp-json\/wp\/v2\/media\/2010"}],"wp:attachment":[{"href":"https:\/\/capitalcientifica.com.mx\/tienda\/wp-json\/wp\/v2\/media?parent=2080"}],"wp:term":[{"taxonomy":"product_cat","embeddable":true,"href":"https:\/\/capitalcientifica.com.mx\/tienda\/wp-json\/wp\/v2\/product_cat?post=2080"},{"taxonomy":"product_tag","embeddable":true,"href":"https:\/\/capitalcientifica.com.mx\/tienda\/wp-json\/wp\/v2\/product_tag?post=2080"}],"curies":[{"name":"wp","href":"https:\/\/api.w.org\/{rel}","templated":true}]}}