{"id":2027,"date":"2022-01-30T02:01:41","date_gmt":"2022-01-30T02:01:41","guid":{"rendered":"https:\/\/www.capitalcientifica.com.mx\/?post_type=product&#038;p=2027"},"modified":"2023-02-22T18:30:40","modified_gmt":"2023-02-22T18:30:40","slug":"matraz-erlenmeyer-boca-angosta-4000-ml-no-catalogo-kx-26500-4000","status":"publish","type":"product","link":"https:\/\/capitalcientifica.com.mx\/tienda\/product\/matraz-erlenmeyer-boca-angosta-4000-ml-no-catalogo-kx-26500-4000\/","title":{"rendered":"MATRAZ ERLENMEYER BOCA ANGOSTA 4,000 ML"},"content":{"rendered":"<p>MATRAZ ERLENMEYER BOCA ANGOSTA 4,000 ML<\/p>\n<div class=\"product-id-stock\"><span class=\"product-id\"><span class=\"product-id-name\">No. Cat\u00e1logo<\/span>\u00a0<span class=\"product-id-value\">KX-26500-4000<\/span><\/span><\/div>\n<div><\/div>\n<div>Matraz Erlenmeyer de boca angosta en vidrio de borosilicato, es la opci\u00f3n para uso general en el laboratorio. La boca est\u00e1 reforzada con acabado redondeado para darle la m\u00e1xima resistencia mec\u00e1nica, el cuerpo es de pared gruesa y la escala es de esmalte cer\u00e1mico blanco duradero para indicar el volumen aproximado en varios niveles. Dise\u00f1ado seg\u00fan las especificaciones de la norma ASTM E1404.<\/div>\n","protected":false},"excerpt":{"rendered":"<p>MATRAZ ERLENMEYER BOCA ANGOSTA 4,000 ML No. Cat\u00e1logo\u00a0KX-26500-4000 Matraz Erlenmeyer de boca angosta en vidrio de borosilicato, es la opci\u00f3n para uso general en el laboratorio. La boca est\u00e1 reforzada con acabado redondeado para darle la m\u00e1xima resistencia mec\u00e1nica, el cuerpo es de pared gruesa y la escala es de esmalte cer\u00e1mico blanco duradero para&hellip;<\/p>\n","protected":false},"featured_media":2010,"comment_status":"open","ping_status":"closed","template":"","meta":{"_joinchat":[]},"product_cat":[104,108],"product_tag":[1290,172,173,1327],"class_list":{"0":"post-2027","1":"product","2":"type-product","3":"status-publish","4":"has-post-thumbnail","6":"product_cat-kimax","7":"product_cat-matraces","8":"product_tag-000-ml","9":"product_tag-equipo-de-laboratorio","10":"product_tag-equipo-para-laboratorio","11":"product_tag-matraz-erlenmeyer-boca-angosta-4","13":"first","14":"instock","15":"shipping-taxable","16":"product-type-simple","17":"col-xs-6 col-sm-4","18":"col-md-3 col-lg-3","19":"un-4-cols"},"yoast_head":"<!-- This site is optimized with the Yoast SEO plugin v27.2 - https:\/\/yoast.com\/product\/yoast-seo-wordpress\/ -->\n<title>MATRAZ ERLENMEYER BOCA ANGOSTA 4,000 ML - Capital Cient&iacute;fica<\/title>\n<meta name=\"robots\" content=\"index, follow, max-snippet:-1, max-image-preview:large, max-video-preview:-1\" \/>\n<link rel=\"canonical\" href=\"https:\/\/capitalcientifica.com.mx\/tienda\/product\/matraz-erlenmeyer-boca-angosta-4000-ml-no-catalogo-kx-26500-4000\/\" \/>\n<meta property=\"og:locale\" content=\"es_ES\" \/>\n<meta property=\"og:type\" content=\"article\" \/>\n<meta property=\"og:title\" content=\"MATRAZ ERLENMEYER BOCA ANGOSTA 4,000 ML - Capital Cient&iacute;fica\" \/>\n<meta property=\"og:description\" content=\"MATRAZ ERLENMEYER BOCA ANGOSTA 4,000 ML No. Cat\u00e1logo\u00a0KX-26500-4000 Matraz Erlenmeyer de boca angosta en vidrio de borosilicato, es la opci\u00f3n para uso general en el laboratorio. La boca est\u00e1 reforzada con acabado redondeado para darle la m\u00e1xima resistencia mec\u00e1nica, el cuerpo es de pared gruesa y la escala es de esmalte cer\u00e1mico blanco duradero para&hellip;\" \/>\n<meta property=\"og:url\" content=\"https:\/\/capitalcientifica.com.mx\/tienda\/product\/matraz-erlenmeyer-boca-angosta-4000-ml-no-catalogo-kx-26500-4000\/\" \/>\n<meta property=\"og:site_name\" content=\"Capital Cient&iacute;fica\" \/>\n<meta property=\"article:modified_time\" content=\"2023-02-22T18:30:40+00:00\" \/>\n<meta property=\"og:image\" content=\"https:\/\/capitalcientifica.com.mx\/tienda\/wp-content\/uploads\/2022\/01\/kx-26500-1000_0.png\" \/>\n\t<meta property=\"og:image:width\" content=\"63\" \/>\n\t<meta property=\"og:image:height\" content=\"84\" \/>\n\t<meta property=\"og:image:type\" content=\"image\/png\" \/>\n<meta name=\"twitter:card\" content=\"summary_large_image\" \/>\n<script type=\"application\/ld+json\" class=\"yoast-schema-graph\">{\"@context\":\"https:\/\/schema.org\",\"@graph\":[{\"@type\":\"WebPage\",\"@id\":\"https:\/\/capitalcientifica.com.mx\/tienda\/product\/matraz-erlenmeyer-boca-angosta-4000-ml-no-catalogo-kx-26500-4000\/\",\"url\":\"https:\/\/capitalcientifica.com.mx\/tienda\/product\/matraz-erlenmeyer-boca-angosta-4000-ml-no-catalogo-kx-26500-4000\/\",\"name\":\"MATRAZ ERLENMEYER BOCA ANGOSTA 4,000 ML - Capital Cient&iacute;fica\",\"isPartOf\":{\"@id\":\"https:\/\/capitalcientifica.com.mx\/tienda\/#website\"},\"primaryImageOfPage\":{\"@id\":\"https:\/\/capitalcientifica.com.mx\/tienda\/product\/matraz-erlenmeyer-boca-angosta-4000-ml-no-catalogo-kx-26500-4000\/#primaryimage\"},\"image\":{\"@id\":\"https:\/\/capitalcientifica.com.mx\/tienda\/product\/matraz-erlenmeyer-boca-angosta-4000-ml-no-catalogo-kx-26500-4000\/#primaryimage\"},\"thumbnailUrl\":\"https:\/\/capitalcientifica.com.mx\/tienda\/wp-content\/uploads\/2022\/01\/kx-26500-1000_0.png\",\"datePublished\":\"2022-01-30T02:01:41+00:00\",\"dateModified\":\"2023-02-22T18:30:40+00:00\",\"breadcrumb\":{\"@id\":\"https:\/\/capitalcientifica.com.mx\/tienda\/product\/matraz-erlenmeyer-boca-angosta-4000-ml-no-catalogo-kx-26500-4000\/#breadcrumb\"},\"inLanguage\":\"es\",\"potentialAction\":[{\"@type\":\"ReadAction\",\"target\":[\"https:\/\/capitalcientifica.com.mx\/tienda\/product\/matraz-erlenmeyer-boca-angosta-4000-ml-no-catalogo-kx-26500-4000\/\"]}]},{\"@type\":\"ImageObject\",\"inLanguage\":\"es\",\"@id\":\"https:\/\/capitalcientifica.com.mx\/tienda\/product\/matraz-erlenmeyer-boca-angosta-4000-ml-no-catalogo-kx-26500-4000\/#primaryimage\",\"url\":\"https:\/\/capitalcientifica.com.mx\/tienda\/wp-content\/uploads\/2022\/01\/kx-26500-1000_0.png\",\"contentUrl\":\"https:\/\/capitalcientifica.com.mx\/tienda\/wp-content\/uploads\/2022\/01\/kx-26500-1000_0.png\",\"width\":63,\"height\":84},{\"@type\":\"BreadcrumbList\",\"@id\":\"https:\/\/capitalcientifica.com.mx\/tienda\/product\/matraz-erlenmeyer-boca-angosta-4000-ml-no-catalogo-kx-26500-4000\/#breadcrumb\",\"itemListElement\":[{\"@type\":\"ListItem\",\"position\":1,\"name\":\"Portada\",\"item\":\"https:\/\/capitalcientifica.com.mx\/tienda\/\"},{\"@type\":\"ListItem\",\"position\":2,\"name\":\"Shop\",\"item\":\"https:\/\/capitalcientifica.com.mx\/tienda\/shop\/\"},{\"@type\":\"ListItem\",\"position\":3,\"name\":\"MATRAZ ERLENMEYER BOCA ANGOSTA 4,000 ML\"}]},{\"@type\":\"WebSite\",\"@id\":\"https:\/\/capitalcientifica.com.mx\/tienda\/#website\",\"url\":\"https:\/\/capitalcientifica.com.mx\/tienda\/\",\"name\":\"Capital Cient&iacute;fica\",\"description\":\"Equipo para laboratorio\",\"potentialAction\":[{\"@type\":\"SearchAction\",\"target\":{\"@type\":\"EntryPoint\",\"urlTemplate\":\"https:\/\/capitalcientifica.com.mx\/tienda\/?s={search_term_string}\"},\"query-input\":{\"@type\":\"PropertyValueSpecification\",\"valueRequired\":true,\"valueName\":\"search_term_string\"}}],\"inLanguage\":\"es\"}]}<\/script>\n<!-- \/ Yoast SEO plugin. -->","yoast_head_json":{"title":"MATRAZ ERLENMEYER BOCA ANGOSTA 4,000 ML - Capital Cient&iacute;fica","robots":{"index":"index","follow":"follow","max-snippet":"max-snippet:-1","max-image-preview":"max-image-preview:large","max-video-preview":"max-video-preview:-1"},"canonical":"https:\/\/capitalcientifica.com.mx\/tienda\/product\/matraz-erlenmeyer-boca-angosta-4000-ml-no-catalogo-kx-26500-4000\/","og_locale":"es_ES","og_type":"article","og_title":"MATRAZ ERLENMEYER BOCA ANGOSTA 4,000 ML - Capital Cient&iacute;fica","og_description":"MATRAZ ERLENMEYER BOCA ANGOSTA 4,000 ML No. Cat\u00e1logo\u00a0KX-26500-4000 Matraz Erlenmeyer de boca angosta en vidrio de borosilicato, es la opci\u00f3n para uso general en el laboratorio. La boca est\u00e1 reforzada con acabado redondeado para darle la m\u00e1xima resistencia mec\u00e1nica, el cuerpo es de pared gruesa y la escala es de esmalte cer\u00e1mico blanco duradero para&hellip;","og_url":"https:\/\/capitalcientifica.com.mx\/tienda\/product\/matraz-erlenmeyer-boca-angosta-4000-ml-no-catalogo-kx-26500-4000\/","og_site_name":"Capital Cient&iacute;fica","article_modified_time":"2023-02-22T18:30:40+00:00","og_image":[{"width":63,"height":84,"url":"https:\/\/capitalcientifica.com.mx\/tienda\/wp-content\/uploads\/2022\/01\/kx-26500-1000_0.png","type":"image\/png"}],"twitter_card":"summary_large_image","schema":{"@context":"https:\/\/schema.org","@graph":[{"@type":"WebPage","@id":"https:\/\/capitalcientifica.com.mx\/tienda\/product\/matraz-erlenmeyer-boca-angosta-4000-ml-no-catalogo-kx-26500-4000\/","url":"https:\/\/capitalcientifica.com.mx\/tienda\/product\/matraz-erlenmeyer-boca-angosta-4000-ml-no-catalogo-kx-26500-4000\/","name":"MATRAZ ERLENMEYER BOCA ANGOSTA 4,000 ML - Capital Cient&iacute;fica","isPartOf":{"@id":"https:\/\/capitalcientifica.com.mx\/tienda\/#website"},"primaryImageOfPage":{"@id":"https:\/\/capitalcientifica.com.mx\/tienda\/product\/matraz-erlenmeyer-boca-angosta-4000-ml-no-catalogo-kx-26500-4000\/#primaryimage"},"image":{"@id":"https:\/\/capitalcientifica.com.mx\/tienda\/product\/matraz-erlenmeyer-boca-angosta-4000-ml-no-catalogo-kx-26500-4000\/#primaryimage"},"thumbnailUrl":"https:\/\/capitalcientifica.com.mx\/tienda\/wp-content\/uploads\/2022\/01\/kx-26500-1000_0.png","datePublished":"2022-01-30T02:01:41+00:00","dateModified":"2023-02-22T18:30:40+00:00","breadcrumb":{"@id":"https:\/\/capitalcientifica.com.mx\/tienda\/product\/matraz-erlenmeyer-boca-angosta-4000-ml-no-catalogo-kx-26500-4000\/#breadcrumb"},"inLanguage":"es","potentialAction":[{"@type":"ReadAction","target":["https:\/\/capitalcientifica.com.mx\/tienda\/product\/matraz-erlenmeyer-boca-angosta-4000-ml-no-catalogo-kx-26500-4000\/"]}]},{"@type":"ImageObject","inLanguage":"es","@id":"https:\/\/capitalcientifica.com.mx\/tienda\/product\/matraz-erlenmeyer-boca-angosta-4000-ml-no-catalogo-kx-26500-4000\/#primaryimage","url":"https:\/\/capitalcientifica.com.mx\/tienda\/wp-content\/uploads\/2022\/01\/kx-26500-1000_0.png","contentUrl":"https:\/\/capitalcientifica.com.mx\/tienda\/wp-content\/uploads\/2022\/01\/kx-26500-1000_0.png","width":63,"height":84},{"@type":"BreadcrumbList","@id":"https:\/\/capitalcientifica.com.mx\/tienda\/product\/matraz-erlenmeyer-boca-angosta-4000-ml-no-catalogo-kx-26500-4000\/#breadcrumb","itemListElement":[{"@type":"ListItem","position":1,"name":"Portada","item":"https:\/\/capitalcientifica.com.mx\/tienda\/"},{"@type":"ListItem","position":2,"name":"Shop","item":"https:\/\/capitalcientifica.com.mx\/tienda\/shop\/"},{"@type":"ListItem","position":3,"name":"MATRAZ ERLENMEYER BOCA ANGOSTA 4,000 ML"}]},{"@type":"WebSite","@id":"https:\/\/capitalcientifica.com.mx\/tienda\/#website","url":"https:\/\/capitalcientifica.com.mx\/tienda\/","name":"Capital Cient&iacute;fica","description":"Equipo para laboratorio","potentialAction":[{"@type":"SearchAction","target":{"@type":"EntryPoint","urlTemplate":"https:\/\/capitalcientifica.com.mx\/tienda\/?s={search_term_string}"},"query-input":{"@type":"PropertyValueSpecification","valueRequired":true,"valueName":"search_term_string"}}],"inLanguage":"es"}]}},"_links":{"self":[{"href":"https:\/\/capitalcientifica.com.mx\/tienda\/wp-json\/wp\/v2\/product\/2027","targetHints":{"allow":["GET"]}}],"collection":[{"href":"https:\/\/capitalcientifica.com.mx\/tienda\/wp-json\/wp\/v2\/product"}],"about":[{"href":"https:\/\/capitalcientifica.com.mx\/tienda\/wp-json\/wp\/v2\/types\/product"}],"replies":[{"embeddable":true,"href":"https:\/\/capitalcientifica.com.mx\/tienda\/wp-json\/wp\/v2\/comments?post=2027"}],"wp:featuredmedia":[{"embeddable":true,"href":"https:\/\/capitalcientifica.com.mx\/tienda\/wp-json\/wp\/v2\/media\/2010"}],"wp:attachment":[{"href":"https:\/\/capitalcientifica.com.mx\/tienda\/wp-json\/wp\/v2\/media?parent=2027"}],"wp:term":[{"taxonomy":"product_cat","embeddable":true,"href":"https:\/\/capitalcientifica.com.mx\/tienda\/wp-json\/wp\/v2\/product_cat?post=2027"},{"taxonomy":"product_tag","embeddable":true,"href":"https:\/\/capitalcientifica.com.mx\/tienda\/wp-json\/wp\/v2\/product_tag?post=2027"}],"curies":[{"name":"wp","href":"https:\/\/api.w.org\/{rel}","templated":true}]}}