{"id":1935,"date":"2022-01-28T22:28:15","date_gmt":"2022-01-28T22:28:15","guid":{"rendered":"https:\/\/www.capitalcientifica.com.mx\/?post_type=product&#038;p=1935"},"modified":"2023-02-22T19:04:20","modified_gmt":"2023-02-22T19:04:20","slug":"matraz-florencia-fondo-plano-50-ml-no-catalogo-kx-25000-50","status":"publish","type":"product","link":"https:\/\/capitalcientifica.com.mx\/tienda\/product\/matraz-florencia-fondo-plano-50-ml-no-catalogo-kx-25000-50\/","title":{"rendered":"MATRAZ FLORENCIA FONDO PLANO 50 ML"},"content":{"rendered":"<p>MATRAZ FLORENCIA FONDO PLANO 50 ML<\/p>\n<div class=\"product-id-stock\"><span class=\"product-id\"><span class=\"product-id-name\">No. Cat\u00e1logo<\/span>\u00a0<span class=\"product-id-value\">KX-25000-50<\/span><\/span><\/div>\n<div><\/div>\n<div>Matraz Florencia de fondo plano en vidrio de borosilicato con bajo coeficiente de expansi\u00f3n para resistir al choque t\u00e9rmico, construido con pared resistente para minimizar la rotura mec\u00e1nica, con boca reforzada para mayor durabilidad y un ajuste seguro del tap\u00f3n.<\/div>\n","protected":false},"excerpt":{"rendered":"<p>MATRAZ FLORENCIA FONDO PLANO 50 ML<\/p>\n<div class=\"product-id-stock\"><span class=\"product-id\"><span class=\"product-id-name\">No. Cat\u00e1logo<\/span>\u00a0<span class=\"product-id-value\">KX-25000-50<\/span><\/span><\/div>\n<div><\/div>\n<div>Matraz Florencia de fondo plano en vidrio de borosilicato con bajo coeficiente de expansi\u00f3n para resistir al choque t\u00e9rmico, construido con pared resistente para minimizar la rotura mec\u00e1nica, con boca reforzada para mayor durabilidad y un ajuste seguro del tap\u00f3n.<\/div>\n","protected":false},"featured_media":1929,"comment_status":"open","ping_status":"closed","template":"","meta":{"_joinchat":[]},"product_cat":[104,108],"product_tag":[172,173,1390],"class_list":{"0":"post-1935","1":"product","2":"type-product","3":"status-publish","4":"has-post-thumbnail","6":"product_cat-kimax","7":"product_cat-matraces","8":"product_tag-equipo-de-laboratorio","9":"product_tag-equipo-para-laboratorio","10":"product_tag-matraz-florencia-fondo-plano-50-ml","12":"first","13":"instock","14":"shipping-taxable","15":"product-type-simple","16":"col-xs-6 col-sm-4","17":"col-md-3 col-lg-3","18":"un-4-cols"},"yoast_head":"<!-- This site is optimized with the Yoast SEO plugin v27.2 - https:\/\/yoast.com\/product\/yoast-seo-wordpress\/ -->\n<title>MATRAZ FLORENCIA FONDO PLANO 50 ML - Capital Cient&iacute;fica<\/title>\n<meta name=\"robots\" content=\"index, follow, max-snippet:-1, max-image-preview:large, max-video-preview:-1\" \/>\n<link rel=\"canonical\" href=\"https:\/\/capitalcientifica.com.mx\/tienda\/product\/matraz-florencia-fondo-plano-50-ml-no-catalogo-kx-25000-50\/\" \/>\n<meta property=\"og:locale\" content=\"es_ES\" \/>\n<meta property=\"og:type\" content=\"article\" \/>\n<meta property=\"og:title\" content=\"MATRAZ FLORENCIA FONDO PLANO 50 ML - Capital Cient&iacute;fica\" \/>\n<meta property=\"og:description\" content=\"MATRAZ FLORENCIA FONDO PLANO 50 ML No. Cat\u00e1logo\u00a0KX-25000-50  Matraz Florencia de fondo plano en vidrio de borosilicato con bajo coeficiente de expansi\u00f3n para resistir al choque t\u00e9rmico, construido con pared resistente para minimizar la rotura mec\u00e1nica, con boca reforzada para mayor durabilidad y un ajuste seguro del tap\u00f3n.\" \/>\n<meta property=\"og:url\" content=\"https:\/\/capitalcientifica.com.mx\/tienda\/product\/matraz-florencia-fondo-plano-50-ml-no-catalogo-kx-25000-50\/\" \/>\n<meta property=\"og:site_name\" content=\"Capital Cient&iacute;fica\" \/>\n<meta property=\"article:modified_time\" content=\"2023-02-22T19:04:20+00:00\" \/>\n<meta property=\"og:image\" content=\"https:\/\/capitalcientifica.com.mx\/tienda\/wp-content\/uploads\/2022\/01\/kx-25000-1000_0.png\" \/>\n\t<meta property=\"og:image:width\" content=\"64\" \/>\n\t<meta property=\"og:image:height\" content=\"84\" \/>\n\t<meta property=\"og:image:type\" content=\"image\/png\" \/>\n<meta name=\"twitter:card\" content=\"summary_large_image\" \/>\n<script type=\"application\/ld+json\" class=\"yoast-schema-graph\">{\"@context\":\"https:\/\/schema.org\",\"@graph\":[{\"@type\":\"WebPage\",\"@id\":\"https:\/\/capitalcientifica.com.mx\/tienda\/product\/matraz-florencia-fondo-plano-50-ml-no-catalogo-kx-25000-50\/\",\"url\":\"https:\/\/capitalcientifica.com.mx\/tienda\/product\/matraz-florencia-fondo-plano-50-ml-no-catalogo-kx-25000-50\/\",\"name\":\"MATRAZ FLORENCIA FONDO PLANO 50 ML - Capital Cient&iacute;fica\",\"isPartOf\":{\"@id\":\"https:\/\/capitalcientifica.com.mx\/tienda\/#website\"},\"primaryImageOfPage\":{\"@id\":\"https:\/\/capitalcientifica.com.mx\/tienda\/product\/matraz-florencia-fondo-plano-50-ml-no-catalogo-kx-25000-50\/#primaryimage\"},\"image\":{\"@id\":\"https:\/\/capitalcientifica.com.mx\/tienda\/product\/matraz-florencia-fondo-plano-50-ml-no-catalogo-kx-25000-50\/#primaryimage\"},\"thumbnailUrl\":\"https:\/\/capitalcientifica.com.mx\/tienda\/wp-content\/uploads\/2022\/01\/kx-25000-1000_0.png\",\"datePublished\":\"2022-01-28T22:28:15+00:00\",\"dateModified\":\"2023-02-22T19:04:20+00:00\",\"breadcrumb\":{\"@id\":\"https:\/\/capitalcientifica.com.mx\/tienda\/product\/matraz-florencia-fondo-plano-50-ml-no-catalogo-kx-25000-50\/#breadcrumb\"},\"inLanguage\":\"es\",\"potentialAction\":[{\"@type\":\"ReadAction\",\"target\":[\"https:\/\/capitalcientifica.com.mx\/tienda\/product\/matraz-florencia-fondo-plano-50-ml-no-catalogo-kx-25000-50\/\"]}]},{\"@type\":\"ImageObject\",\"inLanguage\":\"es\",\"@id\":\"https:\/\/capitalcientifica.com.mx\/tienda\/product\/matraz-florencia-fondo-plano-50-ml-no-catalogo-kx-25000-50\/#primaryimage\",\"url\":\"https:\/\/capitalcientifica.com.mx\/tienda\/wp-content\/uploads\/2022\/01\/kx-25000-1000_0.png\",\"contentUrl\":\"https:\/\/capitalcientifica.com.mx\/tienda\/wp-content\/uploads\/2022\/01\/kx-25000-1000_0.png\",\"width\":64,\"height\":84},{\"@type\":\"BreadcrumbList\",\"@id\":\"https:\/\/capitalcientifica.com.mx\/tienda\/product\/matraz-florencia-fondo-plano-50-ml-no-catalogo-kx-25000-50\/#breadcrumb\",\"itemListElement\":[{\"@type\":\"ListItem\",\"position\":1,\"name\":\"Portada\",\"item\":\"https:\/\/capitalcientifica.com.mx\/tienda\/\"},{\"@type\":\"ListItem\",\"position\":2,\"name\":\"Shop\",\"item\":\"https:\/\/capitalcientifica.com.mx\/tienda\/shop\/\"},{\"@type\":\"ListItem\",\"position\":3,\"name\":\"MATRAZ FLORENCIA FONDO PLANO 50 ML\"}]},{\"@type\":\"WebSite\",\"@id\":\"https:\/\/capitalcientifica.com.mx\/tienda\/#website\",\"url\":\"https:\/\/capitalcientifica.com.mx\/tienda\/\",\"name\":\"Capital Cient&iacute;fica\",\"description\":\"Equipo para laboratorio\",\"potentialAction\":[{\"@type\":\"SearchAction\",\"target\":{\"@type\":\"EntryPoint\",\"urlTemplate\":\"https:\/\/capitalcientifica.com.mx\/tienda\/?s={search_term_string}\"},\"query-input\":{\"@type\":\"PropertyValueSpecification\",\"valueRequired\":true,\"valueName\":\"search_term_string\"}}],\"inLanguage\":\"es\"}]}<\/script>\n<!-- \/ Yoast SEO plugin. -->","yoast_head_json":{"title":"MATRAZ FLORENCIA FONDO PLANO 50 ML - Capital Cient&iacute;fica","robots":{"index":"index","follow":"follow","max-snippet":"max-snippet:-1","max-image-preview":"max-image-preview:large","max-video-preview":"max-video-preview:-1"},"canonical":"https:\/\/capitalcientifica.com.mx\/tienda\/product\/matraz-florencia-fondo-plano-50-ml-no-catalogo-kx-25000-50\/","og_locale":"es_ES","og_type":"article","og_title":"MATRAZ FLORENCIA FONDO PLANO 50 ML - Capital Cient&iacute;fica","og_description":"MATRAZ FLORENCIA FONDO PLANO 50 ML No. Cat\u00e1logo\u00a0KX-25000-50  Matraz Florencia de fondo plano en vidrio de borosilicato con bajo coeficiente de expansi\u00f3n para resistir al choque t\u00e9rmico, construido con pared resistente para minimizar la rotura mec\u00e1nica, con boca reforzada para mayor durabilidad y un ajuste seguro del tap\u00f3n.","og_url":"https:\/\/capitalcientifica.com.mx\/tienda\/product\/matraz-florencia-fondo-plano-50-ml-no-catalogo-kx-25000-50\/","og_site_name":"Capital Cient&iacute;fica","article_modified_time":"2023-02-22T19:04:20+00:00","og_image":[{"width":64,"height":84,"url":"https:\/\/capitalcientifica.com.mx\/tienda\/wp-content\/uploads\/2022\/01\/kx-25000-1000_0.png","type":"image\/png"}],"twitter_card":"summary_large_image","schema":{"@context":"https:\/\/schema.org","@graph":[{"@type":"WebPage","@id":"https:\/\/capitalcientifica.com.mx\/tienda\/product\/matraz-florencia-fondo-plano-50-ml-no-catalogo-kx-25000-50\/","url":"https:\/\/capitalcientifica.com.mx\/tienda\/product\/matraz-florencia-fondo-plano-50-ml-no-catalogo-kx-25000-50\/","name":"MATRAZ FLORENCIA FONDO PLANO 50 ML - Capital Cient&iacute;fica","isPartOf":{"@id":"https:\/\/capitalcientifica.com.mx\/tienda\/#website"},"primaryImageOfPage":{"@id":"https:\/\/capitalcientifica.com.mx\/tienda\/product\/matraz-florencia-fondo-plano-50-ml-no-catalogo-kx-25000-50\/#primaryimage"},"image":{"@id":"https:\/\/capitalcientifica.com.mx\/tienda\/product\/matraz-florencia-fondo-plano-50-ml-no-catalogo-kx-25000-50\/#primaryimage"},"thumbnailUrl":"https:\/\/capitalcientifica.com.mx\/tienda\/wp-content\/uploads\/2022\/01\/kx-25000-1000_0.png","datePublished":"2022-01-28T22:28:15+00:00","dateModified":"2023-02-22T19:04:20+00:00","breadcrumb":{"@id":"https:\/\/capitalcientifica.com.mx\/tienda\/product\/matraz-florencia-fondo-plano-50-ml-no-catalogo-kx-25000-50\/#breadcrumb"},"inLanguage":"es","potentialAction":[{"@type":"ReadAction","target":["https:\/\/capitalcientifica.com.mx\/tienda\/product\/matraz-florencia-fondo-plano-50-ml-no-catalogo-kx-25000-50\/"]}]},{"@type":"ImageObject","inLanguage":"es","@id":"https:\/\/capitalcientifica.com.mx\/tienda\/product\/matraz-florencia-fondo-plano-50-ml-no-catalogo-kx-25000-50\/#primaryimage","url":"https:\/\/capitalcientifica.com.mx\/tienda\/wp-content\/uploads\/2022\/01\/kx-25000-1000_0.png","contentUrl":"https:\/\/capitalcientifica.com.mx\/tienda\/wp-content\/uploads\/2022\/01\/kx-25000-1000_0.png","width":64,"height":84},{"@type":"BreadcrumbList","@id":"https:\/\/capitalcientifica.com.mx\/tienda\/product\/matraz-florencia-fondo-plano-50-ml-no-catalogo-kx-25000-50\/#breadcrumb","itemListElement":[{"@type":"ListItem","position":1,"name":"Portada","item":"https:\/\/capitalcientifica.com.mx\/tienda\/"},{"@type":"ListItem","position":2,"name":"Shop","item":"https:\/\/capitalcientifica.com.mx\/tienda\/shop\/"},{"@type":"ListItem","position":3,"name":"MATRAZ FLORENCIA FONDO PLANO 50 ML"}]},{"@type":"WebSite","@id":"https:\/\/capitalcientifica.com.mx\/tienda\/#website","url":"https:\/\/capitalcientifica.com.mx\/tienda\/","name":"Capital Cient&iacute;fica","description":"Equipo para laboratorio","potentialAction":[{"@type":"SearchAction","target":{"@type":"EntryPoint","urlTemplate":"https:\/\/capitalcientifica.com.mx\/tienda\/?s={search_term_string}"},"query-input":{"@type":"PropertyValueSpecification","valueRequired":true,"valueName":"search_term_string"}}],"inLanguage":"es"}]}},"_links":{"self":[{"href":"https:\/\/capitalcientifica.com.mx\/tienda\/wp-json\/wp\/v2\/product\/1935","targetHints":{"allow":["GET"]}}],"collection":[{"href":"https:\/\/capitalcientifica.com.mx\/tienda\/wp-json\/wp\/v2\/product"}],"about":[{"href":"https:\/\/capitalcientifica.com.mx\/tienda\/wp-json\/wp\/v2\/types\/product"}],"replies":[{"embeddable":true,"href":"https:\/\/capitalcientifica.com.mx\/tienda\/wp-json\/wp\/v2\/comments?post=1935"}],"wp:featuredmedia":[{"embeddable":true,"href":"https:\/\/capitalcientifica.com.mx\/tienda\/wp-json\/wp\/v2\/media\/1929"}],"wp:attachment":[{"href":"https:\/\/capitalcientifica.com.mx\/tienda\/wp-json\/wp\/v2\/media?parent=1935"}],"wp:term":[{"taxonomy":"product_cat","embeddable":true,"href":"https:\/\/capitalcientifica.com.mx\/tienda\/wp-json\/wp\/v2\/product_cat?post=1935"},{"taxonomy":"product_tag","embeddable":true,"href":"https:\/\/capitalcientifica.com.mx\/tienda\/wp-json\/wp\/v2\/product_tag?post=1935"}],"curies":[{"name":"wp","href":"https:\/\/api.w.org\/{rel}","templated":true}]}}