{"id":1926,"date":"2022-01-28T22:15:58","date_gmt":"2022-01-28T22:15:58","guid":{"rendered":"https:\/\/www.capitalcientifica.com.mx\/?post_type=product&#038;p=1926"},"modified":"2023-02-22T19:28:34","modified_gmt":"2023-02-22T19:28:34","slug":"matraz-le-chatelier-clase-a-serializado-24-ml-no-catalogo-kx-15115-24","status":"publish","type":"product","link":"https:\/\/capitalcientifica.com.mx\/tienda\/product\/matraz-le-chatelier-clase-a-serializado-24-ml-no-catalogo-kx-15115-24\/","title":{"rendered":"MATRAZ LE CHATELIER CLASE A SERIALIZADO 24 ML"},"content":{"rendered":"<p>MATRAZ LE CHATELIER CLASE A SERIALIZADO 24 ML<\/p>\n<div class=\"product-id-stock\"><span class=\"product-id\"><span class=\"product-id-name\">No. Cat\u00e1logo<\/span>\u00a0<span class=\"product-id-value\">KX-15115-24<\/span><\/span><\/div>\n<div><\/div>\n<div>Frasco pesafiltro para gravedad espec\u00edfica Le Chatelier clase A serializado, utilizado en la determinaci\u00f3n de la gravedad espec\u00edfica del cemento, arena y otros materiales finos.<\/p>\n<p>Dise\u00f1ado para muestras de 64 gramos, el cuerpo soporta aproximadamente 250 mL, el bulbo en el cuello soporta 17 mL. Debajo del bulbo del cuello est\u00e1 graduado de 0 a 1.0 mL y tiene dos l\u00edneas adicionales de 0.1 mL; ambas por encima de 1.0 mL y por debajo de 0.0 mL y con una tolerancia de \u00b10.05 mL. Por encima del bulbo del cuello, est\u00e1 graduado de 18 a 24 mL en intervalos de 0.1 mL con una tolerancia de \u00b10.05 mL. Decorado en esmalte blanco duradero y se suministra con n\u00famero de serie.<\/p><\/div>\n","protected":false},"excerpt":{"rendered":"<p>MATRAZ LE CHATELIER CLASE A SERIALIZADO 24 ML<\/p>\n<div class=\"product-id-stock\"><span class=\"product-id\"><span class=\"product-id-name\">No. Cat\u00e1logo<\/span>\u00a0<span class=\"product-id-value\">KX-15115-24<\/span><\/span><\/div>\n<div><\/div>\n<div>Frasco pesafiltro para gravedad espec\u00edfica Le Chatelier clase A serializado, utilizado en la determinaci\u00f3n de la gravedad espec\u00edfica del cemento, arena y otros materiales finos.<\/p>\n<p>Dise\u00f1ado para muestras de 64 gramos, el cuerpo soporta aproximadamente 250 mL, el bulbo en el cuello soporta 17 mL. Debajo del bulbo del cuello est\u00e1 graduado de 0 a 1.0 mL y tiene dos l\u00edneas adicionales de 0.1 mL; ambas por encima de 1.0 mL y por debajo de 0.0 mL y con una tolerancia de \u00b10.05 mL. Por encima del bulbo del cuello, est\u00e1 graduado de 18 a 24 mL en intervalos de 0.1 mL con una tolerancia de \u00b10.05 mL. Decorado en esmalte blanco duradero y se suministra con n\u00famero de serie.<\/p><\/div>\n","protected":false},"featured_media":1927,"comment_status":"open","ping_status":"closed","template":"","meta":{"_joinchat":[]},"product_cat":[104,108],"product_tag":[172,173,1469],"class_list":{"0":"post-1926","1":"product","2":"type-product","3":"status-publish","4":"has-post-thumbnail","6":"product_cat-kimax","7":"product_cat-matraces","8":"product_tag-equipo-de-laboratorio","9":"product_tag-equipo-para-laboratorio","10":"product_tag-matraz-le-chatelier-clase-a-serializado-24-ml","12":"first","13":"instock","14":"shipping-taxable","15":"product-type-simple","16":"col-xs-6 col-sm-4","17":"col-md-3 col-lg-3","18":"un-4-cols"},"yoast_head":"<!-- This site is optimized with the Yoast SEO plugin v27.2 - https:\/\/yoast.com\/product\/yoast-seo-wordpress\/ -->\n<title>MATRAZ LE CHATELIER CLASE A SERIALIZADO 24 ML - Capital Cient&iacute;fica<\/title>\n<meta name=\"robots\" content=\"index, follow, max-snippet:-1, max-image-preview:large, max-video-preview:-1\" \/>\n<link rel=\"canonical\" href=\"https:\/\/capitalcientifica.com.mx\/tienda\/product\/matraz-le-chatelier-clase-a-serializado-24-ml-no-catalogo-kx-15115-24\/\" \/>\n<meta property=\"og:locale\" content=\"es_ES\" \/>\n<meta property=\"og:type\" content=\"article\" \/>\n<meta property=\"og:title\" content=\"MATRAZ LE CHATELIER CLASE A SERIALIZADO 24 ML - Capital Cient&iacute;fica\" \/>\n<meta property=\"og:description\" content=\"MATRAZ LE CHATELIER CLASE A SERIALIZADO 24 ML No. Cat\u00e1logo\u00a0KX-15115-24  Frasco pesafiltro para gravedad espec\u00edfica Le Chatelier clase A serializado, utilizado en la determinaci\u00f3n de la gravedad espec\u00edfica del cemento, arena y otros materiales finos.  Dise\u00f1ado para muestras de 64 gramos, el cuerpo soporta aproximadamente 250 mL, el bulbo en el cuello soporta 17 mL. Debajo del bulbo del cuello est\u00e1 graduado de 0 a 1.0 mL y tiene dos l\u00edneas adicionales de 0.1 mL; ambas por encima de 1.0 mL y por debajo de 0.0 mL y con una tolerancia de \u00b10.05 mL. Por encima del bulbo del cuello, est\u00e1 graduado de 18 a 24 mL en intervalos de 0.1 mL con una tolerancia de \u00b10.05 mL. Decorado en esmalte blanco duradero y se suministra con n\u00famero de serie.\" \/>\n<meta property=\"og:url\" content=\"https:\/\/capitalcientifica.com.mx\/tienda\/product\/matraz-le-chatelier-clase-a-serializado-24-ml-no-catalogo-kx-15115-24\/\" \/>\n<meta property=\"og:site_name\" content=\"Capital Cient&iacute;fica\" \/>\n<meta property=\"article:modified_time\" content=\"2023-02-22T19:28:34+00:00\" \/>\n<meta property=\"og:image\" content=\"https:\/\/capitalcientifica.com.mx\/tienda\/wp-content\/uploads\/2022\/01\/kx-15115-24_0.png\" \/>\n\t<meta property=\"og:image:width\" content=\"53\" \/>\n\t<meta property=\"og:image:height\" content=\"84\" \/>\n\t<meta property=\"og:image:type\" content=\"image\/png\" \/>\n<meta name=\"twitter:card\" content=\"summary_large_image\" \/>\n<meta name=\"twitter:label1\" content=\"Tiempo de lectura\" \/>\n\t<meta name=\"twitter:data1\" content=\"1 minuto\" \/>\n<script type=\"application\/ld+json\" class=\"yoast-schema-graph\">{\"@context\":\"https:\/\/schema.org\",\"@graph\":[{\"@type\":\"WebPage\",\"@id\":\"https:\/\/capitalcientifica.com.mx\/tienda\/product\/matraz-le-chatelier-clase-a-serializado-24-ml-no-catalogo-kx-15115-24\/\",\"url\":\"https:\/\/capitalcientifica.com.mx\/tienda\/product\/matraz-le-chatelier-clase-a-serializado-24-ml-no-catalogo-kx-15115-24\/\",\"name\":\"MATRAZ LE CHATELIER CLASE A SERIALIZADO 24 ML - Capital Cient&iacute;fica\",\"isPartOf\":{\"@id\":\"https:\/\/capitalcientifica.com.mx\/tienda\/#website\"},\"primaryImageOfPage\":{\"@id\":\"https:\/\/capitalcientifica.com.mx\/tienda\/product\/matraz-le-chatelier-clase-a-serializado-24-ml-no-catalogo-kx-15115-24\/#primaryimage\"},\"image\":{\"@id\":\"https:\/\/capitalcientifica.com.mx\/tienda\/product\/matraz-le-chatelier-clase-a-serializado-24-ml-no-catalogo-kx-15115-24\/#primaryimage\"},\"thumbnailUrl\":\"https:\/\/capitalcientifica.com.mx\/tienda\/wp-content\/uploads\/2022\/01\/kx-15115-24_0.png\",\"datePublished\":\"2022-01-28T22:15:58+00:00\",\"dateModified\":\"2023-02-22T19:28:34+00:00\",\"breadcrumb\":{\"@id\":\"https:\/\/capitalcientifica.com.mx\/tienda\/product\/matraz-le-chatelier-clase-a-serializado-24-ml-no-catalogo-kx-15115-24\/#breadcrumb\"},\"inLanguage\":\"es\",\"potentialAction\":[{\"@type\":\"ReadAction\",\"target\":[\"https:\/\/capitalcientifica.com.mx\/tienda\/product\/matraz-le-chatelier-clase-a-serializado-24-ml-no-catalogo-kx-15115-24\/\"]}]},{\"@type\":\"ImageObject\",\"inLanguage\":\"es\",\"@id\":\"https:\/\/capitalcientifica.com.mx\/tienda\/product\/matraz-le-chatelier-clase-a-serializado-24-ml-no-catalogo-kx-15115-24\/#primaryimage\",\"url\":\"https:\/\/capitalcientifica.com.mx\/tienda\/wp-content\/uploads\/2022\/01\/kx-15115-24_0.png\",\"contentUrl\":\"https:\/\/capitalcientifica.com.mx\/tienda\/wp-content\/uploads\/2022\/01\/kx-15115-24_0.png\",\"width\":53,\"height\":84},{\"@type\":\"BreadcrumbList\",\"@id\":\"https:\/\/capitalcientifica.com.mx\/tienda\/product\/matraz-le-chatelier-clase-a-serializado-24-ml-no-catalogo-kx-15115-24\/#breadcrumb\",\"itemListElement\":[{\"@type\":\"ListItem\",\"position\":1,\"name\":\"Portada\",\"item\":\"https:\/\/capitalcientifica.com.mx\/tienda\/\"},{\"@type\":\"ListItem\",\"position\":2,\"name\":\"Shop\",\"item\":\"https:\/\/capitalcientifica.com.mx\/tienda\/shop\/\"},{\"@type\":\"ListItem\",\"position\":3,\"name\":\"MATRAZ LE CHATELIER CLASE A SERIALIZADO 24 ML\"}]},{\"@type\":\"WebSite\",\"@id\":\"https:\/\/capitalcientifica.com.mx\/tienda\/#website\",\"url\":\"https:\/\/capitalcientifica.com.mx\/tienda\/\",\"name\":\"Capital Cient&iacute;fica\",\"description\":\"Equipo para laboratorio\",\"potentialAction\":[{\"@type\":\"SearchAction\",\"target\":{\"@type\":\"EntryPoint\",\"urlTemplate\":\"https:\/\/capitalcientifica.com.mx\/tienda\/?s={search_term_string}\"},\"query-input\":{\"@type\":\"PropertyValueSpecification\",\"valueRequired\":true,\"valueName\":\"search_term_string\"}}],\"inLanguage\":\"es\"}]}<\/script>\n<!-- \/ Yoast SEO plugin. -->","yoast_head_json":{"title":"MATRAZ LE CHATELIER CLASE A SERIALIZADO 24 ML - Capital Cient&iacute;fica","robots":{"index":"index","follow":"follow","max-snippet":"max-snippet:-1","max-image-preview":"max-image-preview:large","max-video-preview":"max-video-preview:-1"},"canonical":"https:\/\/capitalcientifica.com.mx\/tienda\/product\/matraz-le-chatelier-clase-a-serializado-24-ml-no-catalogo-kx-15115-24\/","og_locale":"es_ES","og_type":"article","og_title":"MATRAZ LE CHATELIER CLASE A SERIALIZADO 24 ML - Capital Cient&iacute;fica","og_description":"MATRAZ LE CHATELIER CLASE A SERIALIZADO 24 ML No. Cat\u00e1logo\u00a0KX-15115-24  Frasco pesafiltro para gravedad espec\u00edfica Le Chatelier clase A serializado, utilizado en la determinaci\u00f3n de la gravedad espec\u00edfica del cemento, arena y otros materiales finos.  Dise\u00f1ado para muestras de 64 gramos, el cuerpo soporta aproximadamente 250 mL, el bulbo en el cuello soporta 17 mL. Debajo del bulbo del cuello est\u00e1 graduado de 0 a 1.0 mL y tiene dos l\u00edneas adicionales de 0.1 mL; ambas por encima de 1.0 mL y por debajo de 0.0 mL y con una tolerancia de \u00b10.05 mL. Por encima del bulbo del cuello, est\u00e1 graduado de 18 a 24 mL en intervalos de 0.1 mL con una tolerancia de \u00b10.05 mL. Decorado en esmalte blanco duradero y se suministra con n\u00famero de serie.","og_url":"https:\/\/capitalcientifica.com.mx\/tienda\/product\/matraz-le-chatelier-clase-a-serializado-24-ml-no-catalogo-kx-15115-24\/","og_site_name":"Capital Cient&iacute;fica","article_modified_time":"2023-02-22T19:28:34+00:00","og_image":[{"width":53,"height":84,"url":"https:\/\/capitalcientifica.com.mx\/tienda\/wp-content\/uploads\/2022\/01\/kx-15115-24_0.png","type":"image\/png"}],"twitter_card":"summary_large_image","twitter_misc":{"Tiempo de lectura":"1 minuto"},"schema":{"@context":"https:\/\/schema.org","@graph":[{"@type":"WebPage","@id":"https:\/\/capitalcientifica.com.mx\/tienda\/product\/matraz-le-chatelier-clase-a-serializado-24-ml-no-catalogo-kx-15115-24\/","url":"https:\/\/capitalcientifica.com.mx\/tienda\/product\/matraz-le-chatelier-clase-a-serializado-24-ml-no-catalogo-kx-15115-24\/","name":"MATRAZ LE CHATELIER CLASE A SERIALIZADO 24 ML - Capital Cient&iacute;fica","isPartOf":{"@id":"https:\/\/capitalcientifica.com.mx\/tienda\/#website"},"primaryImageOfPage":{"@id":"https:\/\/capitalcientifica.com.mx\/tienda\/product\/matraz-le-chatelier-clase-a-serializado-24-ml-no-catalogo-kx-15115-24\/#primaryimage"},"image":{"@id":"https:\/\/capitalcientifica.com.mx\/tienda\/product\/matraz-le-chatelier-clase-a-serializado-24-ml-no-catalogo-kx-15115-24\/#primaryimage"},"thumbnailUrl":"https:\/\/capitalcientifica.com.mx\/tienda\/wp-content\/uploads\/2022\/01\/kx-15115-24_0.png","datePublished":"2022-01-28T22:15:58+00:00","dateModified":"2023-02-22T19:28:34+00:00","breadcrumb":{"@id":"https:\/\/capitalcientifica.com.mx\/tienda\/product\/matraz-le-chatelier-clase-a-serializado-24-ml-no-catalogo-kx-15115-24\/#breadcrumb"},"inLanguage":"es","potentialAction":[{"@type":"ReadAction","target":["https:\/\/capitalcientifica.com.mx\/tienda\/product\/matraz-le-chatelier-clase-a-serializado-24-ml-no-catalogo-kx-15115-24\/"]}]},{"@type":"ImageObject","inLanguage":"es","@id":"https:\/\/capitalcientifica.com.mx\/tienda\/product\/matraz-le-chatelier-clase-a-serializado-24-ml-no-catalogo-kx-15115-24\/#primaryimage","url":"https:\/\/capitalcientifica.com.mx\/tienda\/wp-content\/uploads\/2022\/01\/kx-15115-24_0.png","contentUrl":"https:\/\/capitalcientifica.com.mx\/tienda\/wp-content\/uploads\/2022\/01\/kx-15115-24_0.png","width":53,"height":84},{"@type":"BreadcrumbList","@id":"https:\/\/capitalcientifica.com.mx\/tienda\/product\/matraz-le-chatelier-clase-a-serializado-24-ml-no-catalogo-kx-15115-24\/#breadcrumb","itemListElement":[{"@type":"ListItem","position":1,"name":"Portada","item":"https:\/\/capitalcientifica.com.mx\/tienda\/"},{"@type":"ListItem","position":2,"name":"Shop","item":"https:\/\/capitalcientifica.com.mx\/tienda\/shop\/"},{"@type":"ListItem","position":3,"name":"MATRAZ LE CHATELIER CLASE A SERIALIZADO 24 ML"}]},{"@type":"WebSite","@id":"https:\/\/capitalcientifica.com.mx\/tienda\/#website","url":"https:\/\/capitalcientifica.com.mx\/tienda\/","name":"Capital Cient&iacute;fica","description":"Equipo para laboratorio","potentialAction":[{"@type":"SearchAction","target":{"@type":"EntryPoint","urlTemplate":"https:\/\/capitalcientifica.com.mx\/tienda\/?s={search_term_string}"},"query-input":{"@type":"PropertyValueSpecification","valueRequired":true,"valueName":"search_term_string"}}],"inLanguage":"es"}]}},"_links":{"self":[{"href":"https:\/\/capitalcientifica.com.mx\/tienda\/wp-json\/wp\/v2\/product\/1926","targetHints":{"allow":["GET"]}}],"collection":[{"href":"https:\/\/capitalcientifica.com.mx\/tienda\/wp-json\/wp\/v2\/product"}],"about":[{"href":"https:\/\/capitalcientifica.com.mx\/tienda\/wp-json\/wp\/v2\/types\/product"}],"replies":[{"embeddable":true,"href":"https:\/\/capitalcientifica.com.mx\/tienda\/wp-json\/wp\/v2\/comments?post=1926"}],"wp:featuredmedia":[{"embeddable":true,"href":"https:\/\/capitalcientifica.com.mx\/tienda\/wp-json\/wp\/v2\/media\/1927"}],"wp:attachment":[{"href":"https:\/\/capitalcientifica.com.mx\/tienda\/wp-json\/wp\/v2\/media?parent=1926"}],"wp:term":[{"taxonomy":"product_cat","embeddable":true,"href":"https:\/\/capitalcientifica.com.mx\/tienda\/wp-json\/wp\/v2\/product_cat?post=1926"},{"taxonomy":"product_tag","embeddable":true,"href":"https:\/\/capitalcientifica.com.mx\/tienda\/wp-json\/wp\/v2\/product_tag?post=1926"}],"curies":[{"name":"wp","href":"https:\/\/api.w.org\/{rel}","templated":true}]}}