{"id":1838,"date":"2022-01-28T17:08:16","date_gmt":"2022-01-28T17:08:16","guid":{"rendered":"https:\/\/www.capitalcientifica.com.mx\/?post_type=product&#038;p=1838"},"modified":"2023-03-01T17:43:18","modified_gmt":"2023-03-01T17:43:18","slug":"probeta-clase-b-tc-c-tapon-plastico-100-ml-no-catalogo-kx-20039p-100","status":"publish","type":"product","link":"https:\/\/capitalcientifica.com.mx\/tienda\/product\/probeta-clase-b-tc-c-tapon-plastico-100-ml-no-catalogo-kx-20039p-100\/","title":{"rendered":"PROBETA CLASE B TC C\/TAP\u00d3N PL\u00c1STICO 100 ML"},"content":{"rendered":"<p>PROBETA CLASE B TC C\/TAP\u00d3N PL\u00c1STICO 100 ML<\/p>\n<div class=\"product-id-stock\"><span class=\"product-id\"><span class=\"product-id-name\">No. Cat\u00e1logo<\/span>\u00a0<span class=\"product-id-value\">KX-20039P-100<\/span><\/span><\/div>\n<div><\/div>\n<div>Probeta clase B en vidrio de borosilicato para contener TC. Tiene tap\u00f3n en polietileno de alta densidad la parte superior del tap\u00f3n protege el cuello si es golpeada, base hexagonal para mayor estabilidad, escala en cer\u00e1mica blanca permanente. Calibrada para contener seg\u00fan las especificaciones de ASTM E1272 estilo II para clase B.<\/div>\n","protected":false},"excerpt":{"rendered":"<p>PROBETA CLASE B TC C\/TAP\u00d3N PL\u00c1STICO 100 ML<\/p>\n<div class=\"product-id-stock\"><span class=\"product-id\"><span class=\"product-id-name\">No. Cat\u00e1logo<\/span>\u00a0<span class=\"product-id-value\">KX-20039P-100<\/span><\/span><\/div>\n<div><\/div>\n<div>Probeta clase B en vidrio de borosilicato para contener TC. Tiene tap\u00f3n en polietileno de alta densidad la parte superior del tap\u00f3n protege el cuello si es golpeada, base hexagonal para mayor estabilidad, escala en cer\u00e1mica blanca permanente. Calibrada para contener seg\u00fan las especificaciones de ASTM E1272 estilo II para clase B.<\/div>\n","protected":false},"featured_media":1839,"comment_status":"open","ping_status":"closed","template":"","meta":{"_joinchat":[]},"product_cat":[104,106],"product_tag":[172,173,2284],"class_list":{"0":"post-1838","1":"product","2":"type-product","3":"status-publish","4":"has-post-thumbnail","6":"product_cat-kimax","7":"product_cat-probetas","8":"product_tag-equipo-de-laboratorio","9":"product_tag-equipo-para-laboratorio","10":"product_tag-probeta-clase-b-tc-c-tapon-plastico-100-ml","12":"first","13":"instock","14":"shipping-taxable","15":"product-type-simple","16":"col-xs-6 col-sm-4","17":"col-md-3 col-lg-3","18":"un-4-cols"},"yoast_head":"<!-- This site is optimized with the Yoast SEO plugin v27.2 - https:\/\/yoast.com\/product\/yoast-seo-wordpress\/ -->\n<title>PROBETA CLASE B TC C\/TAP\u00d3N PL\u00c1STICO 100 ML - Capital Cient&iacute;fica<\/title>\n<meta name=\"robots\" content=\"index, follow, max-snippet:-1, max-image-preview:large, max-video-preview:-1\" \/>\n<link rel=\"canonical\" href=\"https:\/\/capitalcientifica.com.mx\/tienda\/product\/probeta-clase-b-tc-c-tapon-plastico-100-ml-no-catalogo-kx-20039p-100\/\" \/>\n<meta property=\"og:locale\" content=\"es_ES\" \/>\n<meta property=\"og:type\" content=\"article\" \/>\n<meta property=\"og:title\" content=\"PROBETA CLASE B TC C\/TAP\u00d3N PL\u00c1STICO 100 ML - Capital Cient&iacute;fica\" \/>\n<meta property=\"og:description\" content=\"PROBETA CLASE B TC C\/TAP\u00d3N PL\u00c1STICO 100 ML No. Cat\u00e1logo\u00a0KX-20039P-100  Probeta clase B en vidrio de borosilicato para contener TC. Tiene tap\u00f3n en polietileno de alta densidad la parte superior del tap\u00f3n protege el cuello si es golpeada, base hexagonal para mayor estabilidad, escala en cer\u00e1mica blanca permanente. Calibrada para contener seg\u00fan las especificaciones de ASTM E1272 estilo II para clase B.\" \/>\n<meta property=\"og:url\" content=\"https:\/\/capitalcientifica.com.mx\/tienda\/product\/probeta-clase-b-tc-c-tapon-plastico-100-ml-no-catalogo-kx-20039p-100\/\" \/>\n<meta property=\"og:site_name\" content=\"Capital Cient&iacute;fica\" \/>\n<meta property=\"article:modified_time\" content=\"2023-03-01T17:43:18+00:00\" \/>\n<meta property=\"og:image\" content=\"https:\/\/capitalcientifica.com.mx\/tienda\/wp-content\/uploads\/2022\/01\/kx-20039p-100_0.png\" \/>\n\t<meta property=\"og:image:width\" content=\"64\" \/>\n\t<meta property=\"og:image:height\" content=\"84\" \/>\n\t<meta property=\"og:image:type\" content=\"image\/png\" \/>\n<meta name=\"twitter:card\" content=\"summary_large_image\" \/>\n<script type=\"application\/ld+json\" class=\"yoast-schema-graph\">{\"@context\":\"https:\/\/schema.org\",\"@graph\":[{\"@type\":\"WebPage\",\"@id\":\"https:\/\/capitalcientifica.com.mx\/tienda\/product\/probeta-clase-b-tc-c-tapon-plastico-100-ml-no-catalogo-kx-20039p-100\/\",\"url\":\"https:\/\/capitalcientifica.com.mx\/tienda\/product\/probeta-clase-b-tc-c-tapon-plastico-100-ml-no-catalogo-kx-20039p-100\/\",\"name\":\"PROBETA CLASE B TC C\/TAP\u00d3N PL\u00c1STICO 100 ML - Capital Cient&iacute;fica\",\"isPartOf\":{\"@id\":\"https:\/\/capitalcientifica.com.mx\/tienda\/#website\"},\"primaryImageOfPage\":{\"@id\":\"https:\/\/capitalcientifica.com.mx\/tienda\/product\/probeta-clase-b-tc-c-tapon-plastico-100-ml-no-catalogo-kx-20039p-100\/#primaryimage\"},\"image\":{\"@id\":\"https:\/\/capitalcientifica.com.mx\/tienda\/product\/probeta-clase-b-tc-c-tapon-plastico-100-ml-no-catalogo-kx-20039p-100\/#primaryimage\"},\"thumbnailUrl\":\"https:\/\/capitalcientifica.com.mx\/tienda\/wp-content\/uploads\/2022\/01\/kx-20039p-100_0.png\",\"datePublished\":\"2022-01-28T17:08:16+00:00\",\"dateModified\":\"2023-03-01T17:43:18+00:00\",\"breadcrumb\":{\"@id\":\"https:\/\/capitalcientifica.com.mx\/tienda\/product\/probeta-clase-b-tc-c-tapon-plastico-100-ml-no-catalogo-kx-20039p-100\/#breadcrumb\"},\"inLanguage\":\"es\",\"potentialAction\":[{\"@type\":\"ReadAction\",\"target\":[\"https:\/\/capitalcientifica.com.mx\/tienda\/product\/probeta-clase-b-tc-c-tapon-plastico-100-ml-no-catalogo-kx-20039p-100\/\"]}]},{\"@type\":\"ImageObject\",\"inLanguage\":\"es\",\"@id\":\"https:\/\/capitalcientifica.com.mx\/tienda\/product\/probeta-clase-b-tc-c-tapon-plastico-100-ml-no-catalogo-kx-20039p-100\/#primaryimage\",\"url\":\"https:\/\/capitalcientifica.com.mx\/tienda\/wp-content\/uploads\/2022\/01\/kx-20039p-100_0.png\",\"contentUrl\":\"https:\/\/capitalcientifica.com.mx\/tienda\/wp-content\/uploads\/2022\/01\/kx-20039p-100_0.png\",\"width\":64,\"height\":84},{\"@type\":\"BreadcrumbList\",\"@id\":\"https:\/\/capitalcientifica.com.mx\/tienda\/product\/probeta-clase-b-tc-c-tapon-plastico-100-ml-no-catalogo-kx-20039p-100\/#breadcrumb\",\"itemListElement\":[{\"@type\":\"ListItem\",\"position\":1,\"name\":\"Portada\",\"item\":\"https:\/\/capitalcientifica.com.mx\/tienda\/\"},{\"@type\":\"ListItem\",\"position\":2,\"name\":\"Shop\",\"item\":\"https:\/\/capitalcientifica.com.mx\/tienda\/shop\/\"},{\"@type\":\"ListItem\",\"position\":3,\"name\":\"PROBETA CLASE B TC C\/TAP\u00d3N PL\u00c1STICO 100 ML\"}]},{\"@type\":\"WebSite\",\"@id\":\"https:\/\/capitalcientifica.com.mx\/tienda\/#website\",\"url\":\"https:\/\/capitalcientifica.com.mx\/tienda\/\",\"name\":\"Capital Cient&iacute;fica\",\"description\":\"Equipo para laboratorio\",\"potentialAction\":[{\"@type\":\"SearchAction\",\"target\":{\"@type\":\"EntryPoint\",\"urlTemplate\":\"https:\/\/capitalcientifica.com.mx\/tienda\/?s={search_term_string}\"},\"query-input\":{\"@type\":\"PropertyValueSpecification\",\"valueRequired\":true,\"valueName\":\"search_term_string\"}}],\"inLanguage\":\"es\"}]}<\/script>\n<!-- \/ Yoast SEO plugin. -->","yoast_head_json":{"title":"PROBETA CLASE B TC C\/TAP\u00d3N PL\u00c1STICO 100 ML - Capital Cient&iacute;fica","robots":{"index":"index","follow":"follow","max-snippet":"max-snippet:-1","max-image-preview":"max-image-preview:large","max-video-preview":"max-video-preview:-1"},"canonical":"https:\/\/capitalcientifica.com.mx\/tienda\/product\/probeta-clase-b-tc-c-tapon-plastico-100-ml-no-catalogo-kx-20039p-100\/","og_locale":"es_ES","og_type":"article","og_title":"PROBETA CLASE B TC C\/TAP\u00d3N PL\u00c1STICO 100 ML - Capital Cient&iacute;fica","og_description":"PROBETA CLASE B TC C\/TAP\u00d3N PL\u00c1STICO 100 ML No. Cat\u00e1logo\u00a0KX-20039P-100  Probeta clase B en vidrio de borosilicato para contener TC. Tiene tap\u00f3n en polietileno de alta densidad la parte superior del tap\u00f3n protege el cuello si es golpeada, base hexagonal para mayor estabilidad, escala en cer\u00e1mica blanca permanente. Calibrada para contener seg\u00fan las especificaciones de ASTM E1272 estilo II para clase B.","og_url":"https:\/\/capitalcientifica.com.mx\/tienda\/product\/probeta-clase-b-tc-c-tapon-plastico-100-ml-no-catalogo-kx-20039p-100\/","og_site_name":"Capital Cient&iacute;fica","article_modified_time":"2023-03-01T17:43:18+00:00","og_image":[{"width":64,"height":84,"url":"https:\/\/capitalcientifica.com.mx\/tienda\/wp-content\/uploads\/2022\/01\/kx-20039p-100_0.png","type":"image\/png"}],"twitter_card":"summary_large_image","schema":{"@context":"https:\/\/schema.org","@graph":[{"@type":"WebPage","@id":"https:\/\/capitalcientifica.com.mx\/tienda\/product\/probeta-clase-b-tc-c-tapon-plastico-100-ml-no-catalogo-kx-20039p-100\/","url":"https:\/\/capitalcientifica.com.mx\/tienda\/product\/probeta-clase-b-tc-c-tapon-plastico-100-ml-no-catalogo-kx-20039p-100\/","name":"PROBETA CLASE B TC C\/TAP\u00d3N PL\u00c1STICO 100 ML - Capital Cient&iacute;fica","isPartOf":{"@id":"https:\/\/capitalcientifica.com.mx\/tienda\/#website"},"primaryImageOfPage":{"@id":"https:\/\/capitalcientifica.com.mx\/tienda\/product\/probeta-clase-b-tc-c-tapon-plastico-100-ml-no-catalogo-kx-20039p-100\/#primaryimage"},"image":{"@id":"https:\/\/capitalcientifica.com.mx\/tienda\/product\/probeta-clase-b-tc-c-tapon-plastico-100-ml-no-catalogo-kx-20039p-100\/#primaryimage"},"thumbnailUrl":"https:\/\/capitalcientifica.com.mx\/tienda\/wp-content\/uploads\/2022\/01\/kx-20039p-100_0.png","datePublished":"2022-01-28T17:08:16+00:00","dateModified":"2023-03-01T17:43:18+00:00","breadcrumb":{"@id":"https:\/\/capitalcientifica.com.mx\/tienda\/product\/probeta-clase-b-tc-c-tapon-plastico-100-ml-no-catalogo-kx-20039p-100\/#breadcrumb"},"inLanguage":"es","potentialAction":[{"@type":"ReadAction","target":["https:\/\/capitalcientifica.com.mx\/tienda\/product\/probeta-clase-b-tc-c-tapon-plastico-100-ml-no-catalogo-kx-20039p-100\/"]}]},{"@type":"ImageObject","inLanguage":"es","@id":"https:\/\/capitalcientifica.com.mx\/tienda\/product\/probeta-clase-b-tc-c-tapon-plastico-100-ml-no-catalogo-kx-20039p-100\/#primaryimage","url":"https:\/\/capitalcientifica.com.mx\/tienda\/wp-content\/uploads\/2022\/01\/kx-20039p-100_0.png","contentUrl":"https:\/\/capitalcientifica.com.mx\/tienda\/wp-content\/uploads\/2022\/01\/kx-20039p-100_0.png","width":64,"height":84},{"@type":"BreadcrumbList","@id":"https:\/\/capitalcientifica.com.mx\/tienda\/product\/probeta-clase-b-tc-c-tapon-plastico-100-ml-no-catalogo-kx-20039p-100\/#breadcrumb","itemListElement":[{"@type":"ListItem","position":1,"name":"Portada","item":"https:\/\/capitalcientifica.com.mx\/tienda\/"},{"@type":"ListItem","position":2,"name":"Shop","item":"https:\/\/capitalcientifica.com.mx\/tienda\/shop\/"},{"@type":"ListItem","position":3,"name":"PROBETA CLASE B TC C\/TAP\u00d3N PL\u00c1STICO 100 ML"}]},{"@type":"WebSite","@id":"https:\/\/capitalcientifica.com.mx\/tienda\/#website","url":"https:\/\/capitalcientifica.com.mx\/tienda\/","name":"Capital Cient&iacute;fica","description":"Equipo para laboratorio","potentialAction":[{"@type":"SearchAction","target":{"@type":"EntryPoint","urlTemplate":"https:\/\/capitalcientifica.com.mx\/tienda\/?s={search_term_string}"},"query-input":{"@type":"PropertyValueSpecification","valueRequired":true,"valueName":"search_term_string"}}],"inLanguage":"es"}]}},"_links":{"self":[{"href":"https:\/\/capitalcientifica.com.mx\/tienda\/wp-json\/wp\/v2\/product\/1838","targetHints":{"allow":["GET"]}}],"collection":[{"href":"https:\/\/capitalcientifica.com.mx\/tienda\/wp-json\/wp\/v2\/product"}],"about":[{"href":"https:\/\/capitalcientifica.com.mx\/tienda\/wp-json\/wp\/v2\/types\/product"}],"replies":[{"embeddable":true,"href":"https:\/\/capitalcientifica.com.mx\/tienda\/wp-json\/wp\/v2\/comments?post=1838"}],"wp:featuredmedia":[{"embeddable":true,"href":"https:\/\/capitalcientifica.com.mx\/tienda\/wp-json\/wp\/v2\/media\/1839"}],"wp:attachment":[{"href":"https:\/\/capitalcientifica.com.mx\/tienda\/wp-json\/wp\/v2\/media?parent=1838"}],"wp:term":[{"taxonomy":"product_cat","embeddable":true,"href":"https:\/\/capitalcientifica.com.mx\/tienda\/wp-json\/wp\/v2\/product_cat?post=1838"},{"taxonomy":"product_tag","embeddable":true,"href":"https:\/\/capitalcientifica.com.mx\/tienda\/wp-json\/wp\/v2\/product_tag?post=1838"}],"curies":[{"name":"wp","href":"https:\/\/api.w.org\/{rel}","templated":true}]}}