{"id":1577,"date":"2022-01-21T02:00:24","date_gmt":"2022-01-21T02:00:24","guid":{"rendered":"https:\/\/www.capitalcientifica.com.mx\/?post_type=product&#038;p=1577"},"modified":"2023-02-22T17:57:35","modified_gmt":"2023-02-22T17:57:35","slug":"kit-de-vasos-de-precipitados-5-piezas-no-catalogo-kx-14080-01","status":"publish","type":"product","link":"https:\/\/capitalcientifica.com.mx\/tienda\/product\/kit-de-vasos-de-precipitados-5-piezas-no-catalogo-kx-14080-01\/","title":{"rendered":"KIT DE VASOS DE PRECIPITADOS 5 PIEZAS"},"content":{"rendered":"<p>KIT DE VASOS DE PRECIPITADOS 5 PIEZAS<\/p>\n<div class=\"product-id-stock\"><span class=\"product-id\"><span class=\"product-id-name\">No. Cat\u00e1logo<\/span>\u00a0<span class=\"product-id-value\">KX-14080-01<\/span><\/span><\/div>\n<div><\/div>\n<div>Vaso de precipitado Griffin de forma baja en vidrio de borosilicato, ofrece una excelente resistencia mec\u00e1nica, durabilidad, resistencia al ataque qu\u00edmico y al choque t\u00e9rmico. Parte superior gruesa ligeramente abocinada, con pico para el vertido. Adecuado para usarse en parrilla de calentamiento. Todos los tama\u00f1os vienen con \u00e1rea de marcado, graduaci\u00f3n del volumen aproximado en color blanco de f\u00e1cil lectura y medici\u00f3n.<\/div>\n","protected":false},"excerpt":{"rendered":"<p>KIT DE VASOS DE PRECIPITADOS 5 PIEZAS<\/p>\n<div class=\"product-id-stock\"><span class=\"product-id\"><span class=\"product-id-name\">No. Cat\u00e1logo<\/span>\u00a0<span class=\"product-id-value\">KX-14080-01<\/span><\/span><\/div>\n<div><\/div>\n<div>Vaso de precipitado Griffin de forma baja en vidrio de borosilicato, ofrece una excelente resistencia mec\u00e1nica, durabilidad, resistencia al ataque qu\u00edmico y al choque t\u00e9rmico. Parte superior gruesa ligeramente abocinada, con pico para el vertido. Adecuado para usarse en parrilla de calentamiento. Todos los tama\u00f1os vienen con \u00e1rea de marcado, graduaci\u00f3n del volumen aproximado en color blanco de f\u00e1cil lectura y medici\u00f3n.<\/div>\n","protected":false},"featured_media":1578,"comment_status":"open","ping_status":"closed","template":"","meta":{"_joinchat":[]},"product_cat":[104,105],"product_tag":[172,173,1233],"class_list":{"0":"post-1577","1":"product","2":"type-product","3":"status-publish","4":"has-post-thumbnail","6":"product_cat-kimax","7":"product_cat-vasos","8":"product_tag-equipo-de-laboratorio","9":"product_tag-equipo-para-laboratorio","10":"product_tag-kit-de-vasos-de-precipitados-5-piezas","12":"first","13":"instock","14":"shipping-taxable","15":"product-type-simple","16":"col-xs-6 col-sm-4","17":"col-md-3 col-lg-3","18":"un-4-cols"},"yoast_head":"<!-- This site is optimized with the Yoast SEO plugin v27.2 - https:\/\/yoast.com\/product\/yoast-seo-wordpress\/ -->\n<title>KIT DE VASOS DE PRECIPITADOS 5 PIEZAS - Capital Cient&iacute;fica<\/title>\n<meta name=\"robots\" content=\"index, follow, max-snippet:-1, max-image-preview:large, max-video-preview:-1\" \/>\n<link rel=\"canonical\" href=\"https:\/\/capitalcientifica.com.mx\/tienda\/product\/kit-de-vasos-de-precipitados-5-piezas-no-catalogo-kx-14080-01\/\" \/>\n<meta property=\"og:locale\" content=\"es_ES\" \/>\n<meta property=\"og:type\" content=\"article\" \/>\n<meta property=\"og:title\" content=\"KIT DE VASOS DE PRECIPITADOS 5 PIEZAS - Capital Cient&iacute;fica\" \/>\n<meta property=\"og:description\" content=\"KIT DE VASOS DE PRECIPITADOS 5 PIEZAS No. Cat\u00e1logo\u00a0KX-14080-01  Vaso de precipitado Griffin de forma baja en vidrio de borosilicato, ofrece una excelente resistencia mec\u00e1nica, durabilidad, resistencia al ataque qu\u00edmico y al choque t\u00e9rmico. Parte superior gruesa ligeramente abocinada, con pico para el vertido. Adecuado para usarse en parrilla de calentamiento. Todos los tama\u00f1os vienen con \u00e1rea de marcado, graduaci\u00f3n del volumen aproximado en color blanco de f\u00e1cil lectura y medici\u00f3n.\" \/>\n<meta property=\"og:url\" content=\"https:\/\/capitalcientifica.com.mx\/tienda\/product\/kit-de-vasos-de-precipitados-5-piezas-no-catalogo-kx-14080-01\/\" \/>\n<meta property=\"og:site_name\" content=\"Capital Cient&iacute;fica\" \/>\n<meta property=\"article:modified_time\" content=\"2023-02-22T17:57:35+00:00\" \/>\n<meta property=\"og:image\" content=\"https:\/\/capitalcientifica.com.mx\/tienda\/wp-content\/uploads\/2022\/01\/kx-14080-01_0.png\" \/>\n\t<meta property=\"og:image:width\" content=\"84\" \/>\n\t<meta property=\"og:image:height\" content=\"55\" \/>\n\t<meta property=\"og:image:type\" content=\"image\/png\" \/>\n<meta name=\"twitter:card\" content=\"summary_large_image\" \/>\n<script type=\"application\/ld+json\" class=\"yoast-schema-graph\">{\"@context\":\"https:\/\/schema.org\",\"@graph\":[{\"@type\":\"WebPage\",\"@id\":\"https:\/\/capitalcientifica.com.mx\/tienda\/product\/kit-de-vasos-de-precipitados-5-piezas-no-catalogo-kx-14080-01\/\",\"url\":\"https:\/\/capitalcientifica.com.mx\/tienda\/product\/kit-de-vasos-de-precipitados-5-piezas-no-catalogo-kx-14080-01\/\",\"name\":\"KIT DE VASOS DE PRECIPITADOS 5 PIEZAS - Capital Cient&iacute;fica\",\"isPartOf\":{\"@id\":\"https:\/\/capitalcientifica.com.mx\/tienda\/#website\"},\"primaryImageOfPage\":{\"@id\":\"https:\/\/capitalcientifica.com.mx\/tienda\/product\/kit-de-vasos-de-precipitados-5-piezas-no-catalogo-kx-14080-01\/#primaryimage\"},\"image\":{\"@id\":\"https:\/\/capitalcientifica.com.mx\/tienda\/product\/kit-de-vasos-de-precipitados-5-piezas-no-catalogo-kx-14080-01\/#primaryimage\"},\"thumbnailUrl\":\"https:\/\/capitalcientifica.com.mx\/tienda\/wp-content\/uploads\/2022\/01\/kx-14080-01_0.png\",\"datePublished\":\"2022-01-21T02:00:24+00:00\",\"dateModified\":\"2023-02-22T17:57:35+00:00\",\"breadcrumb\":{\"@id\":\"https:\/\/capitalcientifica.com.mx\/tienda\/product\/kit-de-vasos-de-precipitados-5-piezas-no-catalogo-kx-14080-01\/#breadcrumb\"},\"inLanguage\":\"es\",\"potentialAction\":[{\"@type\":\"ReadAction\",\"target\":[\"https:\/\/capitalcientifica.com.mx\/tienda\/product\/kit-de-vasos-de-precipitados-5-piezas-no-catalogo-kx-14080-01\/\"]}]},{\"@type\":\"ImageObject\",\"inLanguage\":\"es\",\"@id\":\"https:\/\/capitalcientifica.com.mx\/tienda\/product\/kit-de-vasos-de-precipitados-5-piezas-no-catalogo-kx-14080-01\/#primaryimage\",\"url\":\"https:\/\/capitalcientifica.com.mx\/tienda\/wp-content\/uploads\/2022\/01\/kx-14080-01_0.png\",\"contentUrl\":\"https:\/\/capitalcientifica.com.mx\/tienda\/wp-content\/uploads\/2022\/01\/kx-14080-01_0.png\",\"width\":84,\"height\":55},{\"@type\":\"BreadcrumbList\",\"@id\":\"https:\/\/capitalcientifica.com.mx\/tienda\/product\/kit-de-vasos-de-precipitados-5-piezas-no-catalogo-kx-14080-01\/#breadcrumb\",\"itemListElement\":[{\"@type\":\"ListItem\",\"position\":1,\"name\":\"Portada\",\"item\":\"https:\/\/capitalcientifica.com.mx\/tienda\/\"},{\"@type\":\"ListItem\",\"position\":2,\"name\":\"Shop\",\"item\":\"https:\/\/capitalcientifica.com.mx\/tienda\/shop\/\"},{\"@type\":\"ListItem\",\"position\":3,\"name\":\"KIT DE VASOS DE PRECIPITADOS 5 PIEZAS\"}]},{\"@type\":\"WebSite\",\"@id\":\"https:\/\/capitalcientifica.com.mx\/tienda\/#website\",\"url\":\"https:\/\/capitalcientifica.com.mx\/tienda\/\",\"name\":\"Capital Cient&iacute;fica\",\"description\":\"Equipo para laboratorio\",\"potentialAction\":[{\"@type\":\"SearchAction\",\"target\":{\"@type\":\"EntryPoint\",\"urlTemplate\":\"https:\/\/capitalcientifica.com.mx\/tienda\/?s={search_term_string}\"},\"query-input\":{\"@type\":\"PropertyValueSpecification\",\"valueRequired\":true,\"valueName\":\"search_term_string\"}}],\"inLanguage\":\"es\"}]}<\/script>\n<!-- \/ Yoast SEO plugin. -->","yoast_head_json":{"title":"KIT DE VASOS DE PRECIPITADOS 5 PIEZAS - Capital Cient&iacute;fica","robots":{"index":"index","follow":"follow","max-snippet":"max-snippet:-1","max-image-preview":"max-image-preview:large","max-video-preview":"max-video-preview:-1"},"canonical":"https:\/\/capitalcientifica.com.mx\/tienda\/product\/kit-de-vasos-de-precipitados-5-piezas-no-catalogo-kx-14080-01\/","og_locale":"es_ES","og_type":"article","og_title":"KIT DE VASOS DE PRECIPITADOS 5 PIEZAS - Capital Cient&iacute;fica","og_description":"KIT DE VASOS DE PRECIPITADOS 5 PIEZAS No. Cat\u00e1logo\u00a0KX-14080-01  Vaso de precipitado Griffin de forma baja en vidrio de borosilicato, ofrece una excelente resistencia mec\u00e1nica, durabilidad, resistencia al ataque qu\u00edmico y al choque t\u00e9rmico. Parte superior gruesa ligeramente abocinada, con pico para el vertido. Adecuado para usarse en parrilla de calentamiento. Todos los tama\u00f1os vienen con \u00e1rea de marcado, graduaci\u00f3n del volumen aproximado en color blanco de f\u00e1cil lectura y medici\u00f3n.","og_url":"https:\/\/capitalcientifica.com.mx\/tienda\/product\/kit-de-vasos-de-precipitados-5-piezas-no-catalogo-kx-14080-01\/","og_site_name":"Capital Cient&iacute;fica","article_modified_time":"2023-02-22T17:57:35+00:00","og_image":[{"width":84,"height":55,"url":"https:\/\/capitalcientifica.com.mx\/tienda\/wp-content\/uploads\/2022\/01\/kx-14080-01_0.png","type":"image\/png"}],"twitter_card":"summary_large_image","schema":{"@context":"https:\/\/schema.org","@graph":[{"@type":"WebPage","@id":"https:\/\/capitalcientifica.com.mx\/tienda\/product\/kit-de-vasos-de-precipitados-5-piezas-no-catalogo-kx-14080-01\/","url":"https:\/\/capitalcientifica.com.mx\/tienda\/product\/kit-de-vasos-de-precipitados-5-piezas-no-catalogo-kx-14080-01\/","name":"KIT DE VASOS DE PRECIPITADOS 5 PIEZAS - Capital Cient&iacute;fica","isPartOf":{"@id":"https:\/\/capitalcientifica.com.mx\/tienda\/#website"},"primaryImageOfPage":{"@id":"https:\/\/capitalcientifica.com.mx\/tienda\/product\/kit-de-vasos-de-precipitados-5-piezas-no-catalogo-kx-14080-01\/#primaryimage"},"image":{"@id":"https:\/\/capitalcientifica.com.mx\/tienda\/product\/kit-de-vasos-de-precipitados-5-piezas-no-catalogo-kx-14080-01\/#primaryimage"},"thumbnailUrl":"https:\/\/capitalcientifica.com.mx\/tienda\/wp-content\/uploads\/2022\/01\/kx-14080-01_0.png","datePublished":"2022-01-21T02:00:24+00:00","dateModified":"2023-02-22T17:57:35+00:00","breadcrumb":{"@id":"https:\/\/capitalcientifica.com.mx\/tienda\/product\/kit-de-vasos-de-precipitados-5-piezas-no-catalogo-kx-14080-01\/#breadcrumb"},"inLanguage":"es","potentialAction":[{"@type":"ReadAction","target":["https:\/\/capitalcientifica.com.mx\/tienda\/product\/kit-de-vasos-de-precipitados-5-piezas-no-catalogo-kx-14080-01\/"]}]},{"@type":"ImageObject","inLanguage":"es","@id":"https:\/\/capitalcientifica.com.mx\/tienda\/product\/kit-de-vasos-de-precipitados-5-piezas-no-catalogo-kx-14080-01\/#primaryimage","url":"https:\/\/capitalcientifica.com.mx\/tienda\/wp-content\/uploads\/2022\/01\/kx-14080-01_0.png","contentUrl":"https:\/\/capitalcientifica.com.mx\/tienda\/wp-content\/uploads\/2022\/01\/kx-14080-01_0.png","width":84,"height":55},{"@type":"BreadcrumbList","@id":"https:\/\/capitalcientifica.com.mx\/tienda\/product\/kit-de-vasos-de-precipitados-5-piezas-no-catalogo-kx-14080-01\/#breadcrumb","itemListElement":[{"@type":"ListItem","position":1,"name":"Portada","item":"https:\/\/capitalcientifica.com.mx\/tienda\/"},{"@type":"ListItem","position":2,"name":"Shop","item":"https:\/\/capitalcientifica.com.mx\/tienda\/shop\/"},{"@type":"ListItem","position":3,"name":"KIT DE VASOS DE PRECIPITADOS 5 PIEZAS"}]},{"@type":"WebSite","@id":"https:\/\/capitalcientifica.com.mx\/tienda\/#website","url":"https:\/\/capitalcientifica.com.mx\/tienda\/","name":"Capital Cient&iacute;fica","description":"Equipo para laboratorio","potentialAction":[{"@type":"SearchAction","target":{"@type":"EntryPoint","urlTemplate":"https:\/\/capitalcientifica.com.mx\/tienda\/?s={search_term_string}"},"query-input":{"@type":"PropertyValueSpecification","valueRequired":true,"valueName":"search_term_string"}}],"inLanguage":"es"}]}},"_links":{"self":[{"href":"https:\/\/capitalcientifica.com.mx\/tienda\/wp-json\/wp\/v2\/product\/1577","targetHints":{"allow":["GET"]}}],"collection":[{"href":"https:\/\/capitalcientifica.com.mx\/tienda\/wp-json\/wp\/v2\/product"}],"about":[{"href":"https:\/\/capitalcientifica.com.mx\/tienda\/wp-json\/wp\/v2\/types\/product"}],"replies":[{"embeddable":true,"href":"https:\/\/capitalcientifica.com.mx\/tienda\/wp-json\/wp\/v2\/comments?post=1577"}],"wp:featuredmedia":[{"embeddable":true,"href":"https:\/\/capitalcientifica.com.mx\/tienda\/wp-json\/wp\/v2\/media\/1578"}],"wp:attachment":[{"href":"https:\/\/capitalcientifica.com.mx\/tienda\/wp-json\/wp\/v2\/media?parent=1577"}],"wp:term":[{"taxonomy":"product_cat","embeddable":true,"href":"https:\/\/capitalcientifica.com.mx\/tienda\/wp-json\/wp\/v2\/product_cat?post=1577"},{"taxonomy":"product_tag","embeddable":true,"href":"https:\/\/capitalcientifica.com.mx\/tienda\/wp-json\/wp\/v2\/product_tag?post=1577"}],"curies":[{"name":"wp","href":"https:\/\/api.w.org\/{rel}","templated":true}]}}