{"id":1424,"date":"2022-01-19T17:37:15","date_gmt":"2022-01-19T17:37:15","guid":{"rendered":"https:\/\/www.capitalcientifica.com.mx\/?post_type=product&#038;p=1424"},"modified":"2023-02-14T23:01:27","modified_gmt":"2023-02-14T23:01:27","slug":"embudo-de-filtracion-para-muestras-de-leche-en-polvo","status":"publish","type":"product","link":"https:\/\/capitalcientifica.com.mx\/tienda\/product\/embudo-de-filtracion-para-muestras-de-leche-en-polvo\/","title":{"rendered":"Embudo de filtraci\u00f3n para muestras de leche en polvo"},"content":{"rendered":"<pre class=\"tw-data-text tw-text-large tw-ta\" dir=\"ltr\" data-placeholder=\"Traducci\u00f3n\"><span class=\"Y2IQFc\" lang=\"es\">Embudo de filtraci\u00f3n para muestras de leche en polvo\r\n<\/span><\/pre>\n<pre id=\"tw-target-text\" class=\"tw-data-text tw-text-large tw-ta\" dir=\"ltr\" data-placeholder=\"Traducci\u00f3n\"><span class=\"Y2IQFc\" lang=\"es\">Fabricado en acero inoxidable, volumen del embudo 500 ml.\r\nEl siguiente grifo crea un vac\u00edo, lo que acelera la filtraci\u00f3n.\r\nIncluido en la entrega:\r\n- 09.0103OZ Embudo de filtraci\u00f3n\r\n- 09.01030 Tamiz \u00d8 28 mm\r\n- 09.01031 Junta a embudo de filtraci\u00f3n\r\n- Bomba de chorro de agua\r\n- Manguera de PVC \u00d8 10\/14 mm\r\n(Este embudo de filtraci\u00f3n tambi\u00e9n es adecuado para muestras de suelo\r\nOrder No. Type Qty per unit unidad completa\r\n09.0103 Filtering funnel complete\r\n<\/span><\/pre>\n<pre id=\"tw-target-text\" class=\"tw-data-text tw-text-large tw-ta\" dir=\"ltr\" data-placeholder=\"Traducci\u00f3n\"><span class=\"Y2IQFc\" lang=\"es\">\u00a0<\/span><\/pre>\n","protected":false},"excerpt":{"rendered":"<pre class=\"tw-data-text tw-text-large tw-ta\" dir=\"ltr\" data-placeholder=\"Traducci\u00f3n\"><span class=\"Y2IQFc\" lang=\"es\">Embudo de filtraci\u00f3n para muestras de leche en polvo\r\n<\/span><\/pre>\n<pre id=\"tw-target-text\" class=\"tw-data-text tw-text-large tw-ta\" dir=\"ltr\" data-placeholder=\"Traducci\u00f3n\"><span class=\"Y2IQFc\" lang=\"es\">Fabricado en acero inoxidable, volumen del embudo 500 ml.\r\nEl siguiente grifo crea un vac\u00edo, lo que acelera la filtraci\u00f3n.\r\nIncluido en la entrega:\r\n- 09.0103OZ Embudo de filtraci\u00f3n\r\n- 09.01030 Tamiz \u00d8 28 mm\r\n- 09.01031 Junta a embudo de filtraci\u00f3n\r\n- Bomba de chorro de agua\r\n- Manguera de PVC \u00d8 10\/14 mm\r\n(Este embudo de filtraci\u00f3n tambi\u00e9n es adecuado para muestras de suelo\r\nOrder No. Type Qty per unit unidad completa\r\n09.0103 Filtering funnel complete<\/span><\/pre>\n","protected":false},"featured_media":1425,"comment_status":"open","ping_status":"closed","template":"","meta":{"_joinchat":[]},"product_cat":[61,57],"product_tag":[908,172,173],"class_list":{"0":"post-1424","1":"product","2":"type-product","3":"status-publish","4":"has-post-thumbnail","6":"product_cat-equipos-de-laboratorio","7":"product_cat-gerber-instruments","8":"product_tag-embudo-de-filtracion-para-muestras-de-leche-en-polvo","9":"product_tag-equipo-de-laboratorio","10":"product_tag-equipo-para-laboratorio","12":"first","13":"instock","14":"shipping-taxable","15":"product-type-simple","16":"col-xs-6 col-sm-4","17":"col-md-3 col-lg-3","18":"un-4-cols"},"yoast_head":"<!-- This site is optimized with the Yoast SEO plugin v27.2 - https:\/\/yoast.com\/product\/yoast-seo-wordpress\/ -->\n<title>Embudo de filtraci\u00f3n para muestras de leche en polvo - Capital Cient&iacute;fica<\/title>\n<meta name=\"robots\" content=\"index, follow, max-snippet:-1, max-image-preview:large, max-video-preview:-1\" \/>\n<link rel=\"canonical\" href=\"https:\/\/capitalcientifica.com.mx\/tienda\/product\/embudo-de-filtracion-para-muestras-de-leche-en-polvo\/\" \/>\n<meta property=\"og:locale\" content=\"es_ES\" \/>\n<meta property=\"og:type\" content=\"article\" \/>\n<meta property=\"og:title\" content=\"Embudo de filtraci\u00f3n para muestras de leche en polvo - Capital Cient&iacute;fica\" \/>\n<meta property=\"og:description\" content=\"Embudo de filtraci\u00f3n para muestras de leche en polvo  Fabricado en acero inoxidable, volumen del embudo 500 ml. El siguiente grifo crea un vac\u00edo, lo que acelera la filtraci\u00f3n. Incluido en la entrega: - 09.0103OZ Embudo de filtraci\u00f3n - 09.01030 Tamiz \u00d8 28 mm - 09.01031 Junta a embudo de filtraci\u00f3n - Bomba de chorro de agua - Manguera de PVC \u00d8 10\/14 mm (Este embudo de filtraci\u00f3n tambi\u00e9n es adecuado para muestras de suelo Order No. Type Qty per unit unidad completa 09.0103 Filtering funnel complete\" \/>\n<meta property=\"og:url\" content=\"https:\/\/capitalcientifica.com.mx\/tienda\/product\/embudo-de-filtracion-para-muestras-de-leche-en-polvo\/\" \/>\n<meta property=\"og:site_name\" content=\"Capital Cient&iacute;fica\" \/>\n<meta property=\"article:modified_time\" content=\"2023-02-14T23:01:27+00:00\" \/>\n<meta property=\"og:image\" content=\"https:\/\/capitalcientifica.com.mx\/tienda\/wp-content\/uploads\/2022\/01\/embudo-de-filtracion-leche.jpg\" \/>\n\t<meta property=\"og:image:width\" content=\"420\" \/>\n\t<meta property=\"og:image:height\" content=\"706\" \/>\n\t<meta property=\"og:image:type\" content=\"image\/jpeg\" \/>\n<meta name=\"twitter:card\" content=\"summary_large_image\" \/>\n<script type=\"application\/ld+json\" class=\"yoast-schema-graph\">{\"@context\":\"https:\/\/schema.org\",\"@graph\":[{\"@type\":\"WebPage\",\"@id\":\"https:\/\/capitalcientifica.com.mx\/tienda\/product\/embudo-de-filtracion-para-muestras-de-leche-en-polvo\/\",\"url\":\"https:\/\/capitalcientifica.com.mx\/tienda\/product\/embudo-de-filtracion-para-muestras-de-leche-en-polvo\/\",\"name\":\"Embudo de filtraci\u00f3n para muestras de leche en polvo - Capital Cient&iacute;fica\",\"isPartOf\":{\"@id\":\"https:\/\/capitalcientifica.com.mx\/tienda\/#website\"},\"primaryImageOfPage\":{\"@id\":\"https:\/\/capitalcientifica.com.mx\/tienda\/product\/embudo-de-filtracion-para-muestras-de-leche-en-polvo\/#primaryimage\"},\"image\":{\"@id\":\"https:\/\/capitalcientifica.com.mx\/tienda\/product\/embudo-de-filtracion-para-muestras-de-leche-en-polvo\/#primaryimage\"},\"thumbnailUrl\":\"https:\/\/capitalcientifica.com.mx\/tienda\/wp-content\/uploads\/2022\/01\/embudo-de-filtracion-leche.jpg\",\"datePublished\":\"2022-01-19T17:37:15+00:00\",\"dateModified\":\"2023-02-14T23:01:27+00:00\",\"breadcrumb\":{\"@id\":\"https:\/\/capitalcientifica.com.mx\/tienda\/product\/embudo-de-filtracion-para-muestras-de-leche-en-polvo\/#breadcrumb\"},\"inLanguage\":\"es\",\"potentialAction\":[{\"@type\":\"ReadAction\",\"target\":[\"https:\/\/capitalcientifica.com.mx\/tienda\/product\/embudo-de-filtracion-para-muestras-de-leche-en-polvo\/\"]}]},{\"@type\":\"ImageObject\",\"inLanguage\":\"es\",\"@id\":\"https:\/\/capitalcientifica.com.mx\/tienda\/product\/embudo-de-filtracion-para-muestras-de-leche-en-polvo\/#primaryimage\",\"url\":\"https:\/\/capitalcientifica.com.mx\/tienda\/wp-content\/uploads\/2022\/01\/embudo-de-filtracion-leche.jpg\",\"contentUrl\":\"https:\/\/capitalcientifica.com.mx\/tienda\/wp-content\/uploads\/2022\/01\/embudo-de-filtracion-leche.jpg\",\"width\":420,\"height\":706},{\"@type\":\"BreadcrumbList\",\"@id\":\"https:\/\/capitalcientifica.com.mx\/tienda\/product\/embudo-de-filtracion-para-muestras-de-leche-en-polvo\/#breadcrumb\",\"itemListElement\":[{\"@type\":\"ListItem\",\"position\":1,\"name\":\"Portada\",\"item\":\"https:\/\/capitalcientifica.com.mx\/tienda\/\"},{\"@type\":\"ListItem\",\"position\":2,\"name\":\"Shop\",\"item\":\"https:\/\/capitalcientifica.com.mx\/tienda\/shop\/\"},{\"@type\":\"ListItem\",\"position\":3,\"name\":\"Embudo de filtraci\u00f3n para muestras de leche en polvo\"}]},{\"@type\":\"WebSite\",\"@id\":\"https:\/\/capitalcientifica.com.mx\/tienda\/#website\",\"url\":\"https:\/\/capitalcientifica.com.mx\/tienda\/\",\"name\":\"Capital Cient&iacute;fica\",\"description\":\"Equipo para laboratorio\",\"potentialAction\":[{\"@type\":\"SearchAction\",\"target\":{\"@type\":\"EntryPoint\",\"urlTemplate\":\"https:\/\/capitalcientifica.com.mx\/tienda\/?s={search_term_string}\"},\"query-input\":{\"@type\":\"PropertyValueSpecification\",\"valueRequired\":true,\"valueName\":\"search_term_string\"}}],\"inLanguage\":\"es\"}]}<\/script>\n<!-- \/ Yoast SEO plugin. -->","yoast_head_json":{"title":"Embudo de filtraci\u00f3n para muestras de leche en polvo - Capital Cient&iacute;fica","robots":{"index":"index","follow":"follow","max-snippet":"max-snippet:-1","max-image-preview":"max-image-preview:large","max-video-preview":"max-video-preview:-1"},"canonical":"https:\/\/capitalcientifica.com.mx\/tienda\/product\/embudo-de-filtracion-para-muestras-de-leche-en-polvo\/","og_locale":"es_ES","og_type":"article","og_title":"Embudo de filtraci\u00f3n para muestras de leche en polvo - Capital Cient&iacute;fica","og_description":"Embudo de filtraci\u00f3n para muestras de leche en polvo  Fabricado en acero inoxidable, volumen del embudo 500 ml. El siguiente grifo crea un vac\u00edo, lo que acelera la filtraci\u00f3n. Incluido en la entrega: - 09.0103OZ Embudo de filtraci\u00f3n - 09.01030 Tamiz \u00d8 28 mm - 09.01031 Junta a embudo de filtraci\u00f3n - Bomba de chorro de agua - Manguera de PVC \u00d8 10\/14 mm (Este embudo de filtraci\u00f3n tambi\u00e9n es adecuado para muestras de suelo Order No. Type Qty per unit unidad completa 09.0103 Filtering funnel complete","og_url":"https:\/\/capitalcientifica.com.mx\/tienda\/product\/embudo-de-filtracion-para-muestras-de-leche-en-polvo\/","og_site_name":"Capital Cient&iacute;fica","article_modified_time":"2023-02-14T23:01:27+00:00","og_image":[{"width":420,"height":706,"url":"https:\/\/capitalcientifica.com.mx\/tienda\/wp-content\/uploads\/2022\/01\/embudo-de-filtracion-leche.jpg","type":"image\/jpeg"}],"twitter_card":"summary_large_image","schema":{"@context":"https:\/\/schema.org","@graph":[{"@type":"WebPage","@id":"https:\/\/capitalcientifica.com.mx\/tienda\/product\/embudo-de-filtracion-para-muestras-de-leche-en-polvo\/","url":"https:\/\/capitalcientifica.com.mx\/tienda\/product\/embudo-de-filtracion-para-muestras-de-leche-en-polvo\/","name":"Embudo de filtraci\u00f3n para muestras de leche en polvo - Capital Cient&iacute;fica","isPartOf":{"@id":"https:\/\/capitalcientifica.com.mx\/tienda\/#website"},"primaryImageOfPage":{"@id":"https:\/\/capitalcientifica.com.mx\/tienda\/product\/embudo-de-filtracion-para-muestras-de-leche-en-polvo\/#primaryimage"},"image":{"@id":"https:\/\/capitalcientifica.com.mx\/tienda\/product\/embudo-de-filtracion-para-muestras-de-leche-en-polvo\/#primaryimage"},"thumbnailUrl":"https:\/\/capitalcientifica.com.mx\/tienda\/wp-content\/uploads\/2022\/01\/embudo-de-filtracion-leche.jpg","datePublished":"2022-01-19T17:37:15+00:00","dateModified":"2023-02-14T23:01:27+00:00","breadcrumb":{"@id":"https:\/\/capitalcientifica.com.mx\/tienda\/product\/embudo-de-filtracion-para-muestras-de-leche-en-polvo\/#breadcrumb"},"inLanguage":"es","potentialAction":[{"@type":"ReadAction","target":["https:\/\/capitalcientifica.com.mx\/tienda\/product\/embudo-de-filtracion-para-muestras-de-leche-en-polvo\/"]}]},{"@type":"ImageObject","inLanguage":"es","@id":"https:\/\/capitalcientifica.com.mx\/tienda\/product\/embudo-de-filtracion-para-muestras-de-leche-en-polvo\/#primaryimage","url":"https:\/\/capitalcientifica.com.mx\/tienda\/wp-content\/uploads\/2022\/01\/embudo-de-filtracion-leche.jpg","contentUrl":"https:\/\/capitalcientifica.com.mx\/tienda\/wp-content\/uploads\/2022\/01\/embudo-de-filtracion-leche.jpg","width":420,"height":706},{"@type":"BreadcrumbList","@id":"https:\/\/capitalcientifica.com.mx\/tienda\/product\/embudo-de-filtracion-para-muestras-de-leche-en-polvo\/#breadcrumb","itemListElement":[{"@type":"ListItem","position":1,"name":"Portada","item":"https:\/\/capitalcientifica.com.mx\/tienda\/"},{"@type":"ListItem","position":2,"name":"Shop","item":"https:\/\/capitalcientifica.com.mx\/tienda\/shop\/"},{"@type":"ListItem","position":3,"name":"Embudo de filtraci\u00f3n para muestras de leche en polvo"}]},{"@type":"WebSite","@id":"https:\/\/capitalcientifica.com.mx\/tienda\/#website","url":"https:\/\/capitalcientifica.com.mx\/tienda\/","name":"Capital Cient&iacute;fica","description":"Equipo para laboratorio","potentialAction":[{"@type":"SearchAction","target":{"@type":"EntryPoint","urlTemplate":"https:\/\/capitalcientifica.com.mx\/tienda\/?s={search_term_string}"},"query-input":{"@type":"PropertyValueSpecification","valueRequired":true,"valueName":"search_term_string"}}],"inLanguage":"es"}]}},"_links":{"self":[{"href":"https:\/\/capitalcientifica.com.mx\/tienda\/wp-json\/wp\/v2\/product\/1424","targetHints":{"allow":["GET"]}}],"collection":[{"href":"https:\/\/capitalcientifica.com.mx\/tienda\/wp-json\/wp\/v2\/product"}],"about":[{"href":"https:\/\/capitalcientifica.com.mx\/tienda\/wp-json\/wp\/v2\/types\/product"}],"replies":[{"embeddable":true,"href":"https:\/\/capitalcientifica.com.mx\/tienda\/wp-json\/wp\/v2\/comments?post=1424"}],"wp:featuredmedia":[{"embeddable":true,"href":"https:\/\/capitalcientifica.com.mx\/tienda\/wp-json\/wp\/v2\/media\/1425"}],"wp:attachment":[{"href":"https:\/\/capitalcientifica.com.mx\/tienda\/wp-json\/wp\/v2\/media?parent=1424"}],"wp:term":[{"taxonomy":"product_cat","embeddable":true,"href":"https:\/\/capitalcientifica.com.mx\/tienda\/wp-json\/wp\/v2\/product_cat?post=1424"},{"taxonomy":"product_tag","embeddable":true,"href":"https:\/\/capitalcientifica.com.mx\/tienda\/wp-json\/wp\/v2\/product_tag?post=1424"}],"curies":[{"name":"wp","href":"https:\/\/api.w.org\/{rel}","templated":true}]}}