{"id":1377,"date":"2022-01-19T00:20:14","date_gmt":"2022-01-19T00:20:14","guid":{"rendered":"https:\/\/www.capitalcientifica.com.mx\/?post_type=product&#038;p=1377"},"modified":"2023-02-22T18:01:26","modified_gmt":"2023-02-22T18:01:26","slug":"kjeldahl-combinado-abierto","status":"publish","type":"product","link":"https:\/\/capitalcientifica.com.mx\/tienda\/product\/kjeldahl-combinado-abierto\/","title":{"rendered":"KJELDAHL COMBINADO ABIERTO"},"content":{"rendered":"<p>EL APARATO KJELDAHL SE DISE\u00d1A PARA LAS DETERIMINACIONES DE NITROGENOE MATERIALES COMO ALIMENTOS, GRANOS, FERTILIZANTES,BASURA ORGANICA ETC. ESTA DISE\u00d1ADO PARA EL METODO ASTM E147,D29 Y D1542 ACABADO EN POLVO H\u00cdBRIDO EPOXI-POLI\u00c9STER BAJO SISTEMA ELECTROEST\u00c1TICO HORNEADO Y RECUBRIMIENTO DE POLIURETANO, PUEDE SER CONSTRUIDO PARA CONSUMO ELECTRICO O DE GAS, CON ALIMENTACION DE 120 O 220 VOLTS<\/p>\n<p>MODELO K4U-COMB K6U-COMB K12U-COMB<\/p>\n<p>CAPACIDAD 4 UNIDADES 6 UNIDADES 12 UNIDADES<\/p>\n<p>MEDIDA EXT (FFA) 80XX75X205 110X75X205 180X75X205<\/p>\n<p>POTENCIA 120 V,60 NZ 5280 W 4.2 KVA 120 V,60 NZ 7920 W 4.2 KVA 220 V,60 NZ 16000 W 7.2 KVA<\/p>\n","protected":false},"excerpt":{"rendered":"<p>EL APARATO KJELDAHL SE DISE\u00d1A PARA LAS DETERMINACIONES DE NITROGENOE MATERIALES COMO ALIMENTOS, GRANOS, FERTILIZANTES,BASURA ORGANICA ETC. ESTA DISE\u00d1ADO PARA EL METODO ASTM E147,D29 Y D1542 ACABADO EN POLVO H\u00cdBRIDO EPOXI-POLI\u00c9STER BAJO SISTEMA ELECTROEST\u00c1TICO HORNEADO Y RECUBRIMIENTO DE POLIURETANO, PUEDE SER CONSTRUIDO PARA CONSUMO ELECTRICO O DE GAS, CON ALIMENTACION DE 120 O 220 VOLTS<\/p>\n<p>MODELO K4U-COMB K6U-COMB K12U-COMB<\/p>\n<p>CAPACIDAD 4 UNIDADES 6 UNIDADES 12 UNIDADES<\/p>\n<p>MEDIDA EXT (FFA) 80XX75X205 110X75X205 180X75X205<\/p>\n<p>POTENCIA 120 V,60 NZ 5280 W 4.2 KVA 120 V,60 NZ 7920 W 4.2 KVA 220 V,60 NZ 16000 W 7.2 KVA<\/p>\n","protected":false},"featured_media":1378,"comment_status":"open","ping_status":"closed","template":"","meta":{"_joinchat":[]},"product_cat":[61,84],"product_tag":[172,173,1239],"class_list":{"0":"post-1377","1":"product","2":"type-product","3":"status-publish","4":"has-post-thumbnail","6":"product_cat-equipos-de-laboratorio","7":"product_cat-fabricacion","8":"product_tag-equipo-de-laboratorio","9":"product_tag-equipo-para-laboratorio","10":"product_tag-kjeldahl-combinado-abierto","12":"first","13":"instock","14":"shipping-taxable","15":"product-type-simple","16":"col-xs-6 col-sm-4","17":"col-md-3 col-lg-3","18":"un-4-cols"},"yoast_head":"<!-- This site is optimized with the Yoast SEO plugin v27.2 - https:\/\/yoast.com\/product\/yoast-seo-wordpress\/ -->\n<title>KJELDAHL COMBINADO ABIERTO - Capital Cient&iacute;fica<\/title>\n<meta name=\"robots\" content=\"index, follow, max-snippet:-1, max-image-preview:large, max-video-preview:-1\" \/>\n<link rel=\"canonical\" href=\"https:\/\/capitalcientifica.com.mx\/tienda\/product\/kjeldahl-combinado-abierto\/\" \/>\n<meta property=\"og:locale\" content=\"es_ES\" \/>\n<meta property=\"og:type\" content=\"article\" \/>\n<meta property=\"og:title\" content=\"KJELDAHL COMBINADO ABIERTO - Capital Cient&iacute;fica\" \/>\n<meta property=\"og:description\" content=\"EL APARATO KJELDAHL SE DISE\u00d1A PARA LAS DETERMINACIONES DE NITROGENOE MATERIALES COMO ALIMENTOS, GRANOS, FERTILIZANTES,BASURA ORGANICA ETC. ESTA DISE\u00d1ADO PARA EL METODO ASTM E147,D29 Y D1542 ACABADO EN POLVO H\u00cdBRIDO EPOXI-POLI\u00c9STER BAJO SISTEMA ELECTROEST\u00c1TICO HORNEADO Y RECUBRIMIENTO DE POLIURETANO, PUEDE SER CONSTRUIDO PARA CONSUMO ELECTRICO O DE GAS, CON ALIMENTACION DE 120 O 220 VOLTS  MODELO K4U-COMB K6U-COMB K12U-COMB  CAPACIDAD 4 UNIDADES 6 UNIDADES 12 UNIDADES  MEDIDA EXT (FFA) 80XX75X205 110X75X205 180X75X205  POTENCIA 120 V,60 NZ 5280 W 4.2 KVA 120 V,60 NZ 7920 W 4.2 KVA 220 V,60 NZ 16000 W 7.2 KVA\" \/>\n<meta property=\"og:url\" content=\"https:\/\/capitalcientifica.com.mx\/tienda\/product\/kjeldahl-combinado-abierto\/\" \/>\n<meta property=\"og:site_name\" content=\"Capital Cient&iacute;fica\" \/>\n<meta property=\"article:modified_time\" content=\"2023-02-22T18:01:26+00:00\" \/>\n<meta property=\"og:image\" content=\"https:\/\/capitalcientifica.com.mx\/tienda\/wp-content\/uploads\/2022\/01\/KJELDAHL-ABIERTO-1.jpg\" \/>\n\t<meta property=\"og:image:width\" content=\"283\" \/>\n\t<meta property=\"og:image:height\" content=\"247\" \/>\n\t<meta property=\"og:image:type\" content=\"image\/jpeg\" \/>\n<meta name=\"twitter:card\" content=\"summary_large_image\" \/>\n<script type=\"application\/ld+json\" class=\"yoast-schema-graph\">{\"@context\":\"https:\/\/schema.org\",\"@graph\":[{\"@type\":\"WebPage\",\"@id\":\"https:\/\/capitalcientifica.com.mx\/tienda\/product\/kjeldahl-combinado-abierto\/\",\"url\":\"https:\/\/capitalcientifica.com.mx\/tienda\/product\/kjeldahl-combinado-abierto\/\",\"name\":\"KJELDAHL COMBINADO ABIERTO - Capital Cient&iacute;fica\",\"isPartOf\":{\"@id\":\"https:\/\/capitalcientifica.com.mx\/tienda\/#website\"},\"primaryImageOfPage\":{\"@id\":\"https:\/\/capitalcientifica.com.mx\/tienda\/product\/kjeldahl-combinado-abierto\/#primaryimage\"},\"image\":{\"@id\":\"https:\/\/capitalcientifica.com.mx\/tienda\/product\/kjeldahl-combinado-abierto\/#primaryimage\"},\"thumbnailUrl\":\"https:\/\/capitalcientifica.com.mx\/tienda\/wp-content\/uploads\/2022\/01\/KJELDAHL-ABIERTO-1.jpg\",\"datePublished\":\"2022-01-19T00:20:14+00:00\",\"dateModified\":\"2023-02-22T18:01:26+00:00\",\"breadcrumb\":{\"@id\":\"https:\/\/capitalcientifica.com.mx\/tienda\/product\/kjeldahl-combinado-abierto\/#breadcrumb\"},\"inLanguage\":\"es\",\"potentialAction\":[{\"@type\":\"ReadAction\",\"target\":[\"https:\/\/capitalcientifica.com.mx\/tienda\/product\/kjeldahl-combinado-abierto\/\"]}]},{\"@type\":\"ImageObject\",\"inLanguage\":\"es\",\"@id\":\"https:\/\/capitalcientifica.com.mx\/tienda\/product\/kjeldahl-combinado-abierto\/#primaryimage\",\"url\":\"https:\/\/capitalcientifica.com.mx\/tienda\/wp-content\/uploads\/2022\/01\/KJELDAHL-ABIERTO-1.jpg\",\"contentUrl\":\"https:\/\/capitalcientifica.com.mx\/tienda\/wp-content\/uploads\/2022\/01\/KJELDAHL-ABIERTO-1.jpg\",\"width\":283,\"height\":247},{\"@type\":\"BreadcrumbList\",\"@id\":\"https:\/\/capitalcientifica.com.mx\/tienda\/product\/kjeldahl-combinado-abierto\/#breadcrumb\",\"itemListElement\":[{\"@type\":\"ListItem\",\"position\":1,\"name\":\"Portada\",\"item\":\"https:\/\/capitalcientifica.com.mx\/tienda\/\"},{\"@type\":\"ListItem\",\"position\":2,\"name\":\"Shop\",\"item\":\"https:\/\/capitalcientifica.com.mx\/tienda\/shop\/\"},{\"@type\":\"ListItem\",\"position\":3,\"name\":\"KJELDAHL COMBINADO ABIERTO\"}]},{\"@type\":\"WebSite\",\"@id\":\"https:\/\/capitalcientifica.com.mx\/tienda\/#website\",\"url\":\"https:\/\/capitalcientifica.com.mx\/tienda\/\",\"name\":\"Capital Cient&iacute;fica\",\"description\":\"Equipo para laboratorio\",\"potentialAction\":[{\"@type\":\"SearchAction\",\"target\":{\"@type\":\"EntryPoint\",\"urlTemplate\":\"https:\/\/capitalcientifica.com.mx\/tienda\/?s={search_term_string}\"},\"query-input\":{\"@type\":\"PropertyValueSpecification\",\"valueRequired\":true,\"valueName\":\"search_term_string\"}}],\"inLanguage\":\"es\"}]}<\/script>\n<!-- \/ Yoast SEO plugin. -->","yoast_head_json":{"title":"KJELDAHL COMBINADO ABIERTO - Capital Cient&iacute;fica","robots":{"index":"index","follow":"follow","max-snippet":"max-snippet:-1","max-image-preview":"max-image-preview:large","max-video-preview":"max-video-preview:-1"},"canonical":"https:\/\/capitalcientifica.com.mx\/tienda\/product\/kjeldahl-combinado-abierto\/","og_locale":"es_ES","og_type":"article","og_title":"KJELDAHL COMBINADO ABIERTO - Capital Cient&iacute;fica","og_description":"EL APARATO KJELDAHL SE DISE\u00d1A PARA LAS DETERMINACIONES DE NITROGENOE MATERIALES COMO ALIMENTOS, GRANOS, FERTILIZANTES,BASURA ORGANICA ETC. ESTA DISE\u00d1ADO PARA EL METODO ASTM E147,D29 Y D1542 ACABADO EN POLVO H\u00cdBRIDO EPOXI-POLI\u00c9STER BAJO SISTEMA ELECTROEST\u00c1TICO HORNEADO Y RECUBRIMIENTO DE POLIURETANO, PUEDE SER CONSTRUIDO PARA CONSUMO ELECTRICO O DE GAS, CON ALIMENTACION DE 120 O 220 VOLTS  MODELO K4U-COMB K6U-COMB K12U-COMB  CAPACIDAD 4 UNIDADES 6 UNIDADES 12 UNIDADES  MEDIDA EXT (FFA) 80XX75X205 110X75X205 180X75X205  POTENCIA 120 V,60 NZ 5280 W 4.2 KVA 120 V,60 NZ 7920 W 4.2 KVA 220 V,60 NZ 16000 W 7.2 KVA","og_url":"https:\/\/capitalcientifica.com.mx\/tienda\/product\/kjeldahl-combinado-abierto\/","og_site_name":"Capital Cient&iacute;fica","article_modified_time":"2023-02-22T18:01:26+00:00","og_image":[{"width":283,"height":247,"url":"https:\/\/capitalcientifica.com.mx\/tienda\/wp-content\/uploads\/2022\/01\/KJELDAHL-ABIERTO-1.jpg","type":"image\/jpeg"}],"twitter_card":"summary_large_image","schema":{"@context":"https:\/\/schema.org","@graph":[{"@type":"WebPage","@id":"https:\/\/capitalcientifica.com.mx\/tienda\/product\/kjeldahl-combinado-abierto\/","url":"https:\/\/capitalcientifica.com.mx\/tienda\/product\/kjeldahl-combinado-abierto\/","name":"KJELDAHL COMBINADO ABIERTO - Capital Cient&iacute;fica","isPartOf":{"@id":"https:\/\/capitalcientifica.com.mx\/tienda\/#website"},"primaryImageOfPage":{"@id":"https:\/\/capitalcientifica.com.mx\/tienda\/product\/kjeldahl-combinado-abierto\/#primaryimage"},"image":{"@id":"https:\/\/capitalcientifica.com.mx\/tienda\/product\/kjeldahl-combinado-abierto\/#primaryimage"},"thumbnailUrl":"https:\/\/capitalcientifica.com.mx\/tienda\/wp-content\/uploads\/2022\/01\/KJELDAHL-ABIERTO-1.jpg","datePublished":"2022-01-19T00:20:14+00:00","dateModified":"2023-02-22T18:01:26+00:00","breadcrumb":{"@id":"https:\/\/capitalcientifica.com.mx\/tienda\/product\/kjeldahl-combinado-abierto\/#breadcrumb"},"inLanguage":"es","potentialAction":[{"@type":"ReadAction","target":["https:\/\/capitalcientifica.com.mx\/tienda\/product\/kjeldahl-combinado-abierto\/"]}]},{"@type":"ImageObject","inLanguage":"es","@id":"https:\/\/capitalcientifica.com.mx\/tienda\/product\/kjeldahl-combinado-abierto\/#primaryimage","url":"https:\/\/capitalcientifica.com.mx\/tienda\/wp-content\/uploads\/2022\/01\/KJELDAHL-ABIERTO-1.jpg","contentUrl":"https:\/\/capitalcientifica.com.mx\/tienda\/wp-content\/uploads\/2022\/01\/KJELDAHL-ABIERTO-1.jpg","width":283,"height":247},{"@type":"BreadcrumbList","@id":"https:\/\/capitalcientifica.com.mx\/tienda\/product\/kjeldahl-combinado-abierto\/#breadcrumb","itemListElement":[{"@type":"ListItem","position":1,"name":"Portada","item":"https:\/\/capitalcientifica.com.mx\/tienda\/"},{"@type":"ListItem","position":2,"name":"Shop","item":"https:\/\/capitalcientifica.com.mx\/tienda\/shop\/"},{"@type":"ListItem","position":3,"name":"KJELDAHL COMBINADO ABIERTO"}]},{"@type":"WebSite","@id":"https:\/\/capitalcientifica.com.mx\/tienda\/#website","url":"https:\/\/capitalcientifica.com.mx\/tienda\/","name":"Capital Cient&iacute;fica","description":"Equipo para laboratorio","potentialAction":[{"@type":"SearchAction","target":{"@type":"EntryPoint","urlTemplate":"https:\/\/capitalcientifica.com.mx\/tienda\/?s={search_term_string}"},"query-input":{"@type":"PropertyValueSpecification","valueRequired":true,"valueName":"search_term_string"}}],"inLanguage":"es"}]}},"_links":{"self":[{"href":"https:\/\/capitalcientifica.com.mx\/tienda\/wp-json\/wp\/v2\/product\/1377","targetHints":{"allow":["GET"]}}],"collection":[{"href":"https:\/\/capitalcientifica.com.mx\/tienda\/wp-json\/wp\/v2\/product"}],"about":[{"href":"https:\/\/capitalcientifica.com.mx\/tienda\/wp-json\/wp\/v2\/types\/product"}],"replies":[{"embeddable":true,"href":"https:\/\/capitalcientifica.com.mx\/tienda\/wp-json\/wp\/v2\/comments?post=1377"}],"wp:featuredmedia":[{"embeddable":true,"href":"https:\/\/capitalcientifica.com.mx\/tienda\/wp-json\/wp\/v2\/media\/1378"}],"wp:attachment":[{"href":"https:\/\/capitalcientifica.com.mx\/tienda\/wp-json\/wp\/v2\/media?parent=1377"}],"wp:term":[{"taxonomy":"product_cat","embeddable":true,"href":"https:\/\/capitalcientifica.com.mx\/tienda\/wp-json\/wp\/v2\/product_cat?post=1377"},{"taxonomy":"product_tag","embeddable":true,"href":"https:\/\/capitalcientifica.com.mx\/tienda\/wp-json\/wp\/v2\/product_tag?post=1377"}],"curies":[{"name":"wp","href":"https:\/\/api.w.org\/{rel}","templated":true}]}}