{"id":11053,"date":"2024-02-23T01:02:33","date_gmt":"2024-02-23T01:02:33","guid":{"rendered":"https:\/\/capitalcientifica.com.mx\/tienda\/?post_type=product&#038;p=11053"},"modified":"2024-02-23T18:56:18","modified_gmt":"2024-02-23T18:56:18","slug":"caja-petri-desechable-de-90x15","status":"publish","type":"product","link":"https:\/\/capitalcientifica.com.mx\/tienda\/product\/caja-petri-desechable-de-90x15\/","title":{"rendered":"CAJA PETRI DESECHABLE DE 90X15"},"content":{"rendered":"<p>Recipiente de uso microbiol\u00f3gico de forma circular de pl\u00e1stico cristalino, consta de dos placas una que funciona de tapa y otra de base. Dise\u00f1ada para evitar la condensaci\u00f3n al llenado y manejarse f\u00e1cilmente, proveen una sujeci\u00f3n estable para apilarlas sin riesgo. Esterilizadas con rayos gamma. Fabricadas con poliestireno cristal virgen de grado m\u00e9dico<\/p>\n<p class=\"font_8 wixui-rich-text__text\">Medidas de seguridad para Caja de Petri:<\/p>\n<p class=\"font_8 wixui-rich-text__text\">\n<p class=\"font_8 wixui-rich-text__text\">Manejar con cuidado, material de riesgo y fr\u00e1gil como el vidrio. Almacenar en un lugar seco y fresco. Temperatura m\u00e1xima para almacenaje en lugar cerrado y ventilado es de 35\u00ba C. Conservar la caja de empaque para cualquier reclamaci\u00f3n. Estiba m\u00e1xima de 18 cajas<\/p>\n","protected":false},"excerpt":{"rendered":"<p>Recipiente de uso microbiol\u00f3gico de forma circular de pl\u00e1stico cristalino, consta de dos placas una que funciona de tapa y otra de base. Dise\u00f1ada para evitar la condensaci\u00f3n al llenado y manejarse f\u00e1cilmente, proveen una sujeci\u00f3n estable para apilarlas sin riesgo. Esterilizadas con rayos gamma. Fabricadas con poliestireno cristal virgen de grado m\u00e9dico Medidas de&hellip;<\/p>\n","protected":false},"featured_media":11054,"comment_status":"closed","ping_status":"closed","template":"","meta":{"_joinchat":[]},"product_cat":[63,101,62,168,164],"product_tag":[3028],"class_list":{"0":"post-11053","1":"product","2":"type-product","3":"status-publish","4":"has-post-thumbnail","6":"product_cat-consumibles","7":"product_cat-fabricacion-nacional","8":"product_cat-plastico","9":"product_cat-productos-destacados","10":"product_cat-promociones","11":"product_tag-caja-con-360-pz-930-00","13":"first","14":"instock","15":"featured","16":"shipping-taxable","17":"product-type-simple","18":"col-xs-6 col-sm-4","19":"col-md-3 col-lg-3","20":"un-4-cols"},"yoast_head":"<!-- This site is optimized with the Yoast SEO plugin v27.2 - https:\/\/yoast.com\/product\/yoast-seo-wordpress\/ -->\n<title>CAJA PETRI DESECHABLE DE 90X15 - Capital Cient&iacute;fica<\/title>\n<meta name=\"robots\" content=\"index, follow, max-snippet:-1, max-image-preview:large, max-video-preview:-1\" \/>\n<link rel=\"canonical\" href=\"https:\/\/capitalcientifica.com.mx\/tienda\/product\/caja-petri-desechable-de-90x15\/\" \/>\n<meta property=\"og:locale\" content=\"es_ES\" \/>\n<meta property=\"og:type\" content=\"article\" \/>\n<meta property=\"og:title\" content=\"CAJA PETRI DESECHABLE DE 90X15 - Capital Cient&iacute;fica\" \/>\n<meta property=\"og:description\" content=\"Recipiente de uso microbiol\u00f3gico de forma circular de pl\u00e1stico cristalino, consta de dos placas una que funciona de tapa y otra de base. Dise\u00f1ada para evitar la condensaci\u00f3n al llenado y manejarse f\u00e1cilmente, proveen una sujeci\u00f3n estable para apilarlas sin riesgo. Esterilizadas con rayos gamma. Fabricadas con poliestireno cristal virgen de grado m\u00e9dico Medidas de&hellip;\" \/>\n<meta property=\"og:url\" content=\"https:\/\/capitalcientifica.com.mx\/tienda\/product\/caja-petri-desechable-de-90x15\/\" \/>\n<meta property=\"og:site_name\" content=\"Capital Cient&iacute;fica\" \/>\n<meta property=\"article:modified_time\" content=\"2024-02-23T18:56:18+00:00\" \/>\n<meta property=\"og:image\" content=\"https:\/\/capitalcientifica.com.mx\/tienda\/wp-content\/uploads\/2024\/02\/90X15CAPITAL-LOGO.jpg\" \/>\n\t<meta property=\"og:image:width\" content=\"900\" \/>\n\t<meta property=\"og:image:height\" content=\"1600\" \/>\n\t<meta property=\"og:image:type\" content=\"image\/jpeg\" \/>\n<meta name=\"twitter:card\" content=\"summary_large_image\" \/>\n<meta name=\"twitter:label1\" content=\"Tiempo de lectura\" \/>\n\t<meta name=\"twitter:data1\" content=\"1 minuto\" \/>\n<script type=\"application\/ld+json\" class=\"yoast-schema-graph\">{\"@context\":\"https:\/\/schema.org\",\"@graph\":[{\"@type\":\"WebPage\",\"@id\":\"https:\/\/capitalcientifica.com.mx\/tienda\/product\/caja-petri-desechable-de-90x15\/\",\"url\":\"https:\/\/capitalcientifica.com.mx\/tienda\/product\/caja-petri-desechable-de-90x15\/\",\"name\":\"CAJA PETRI DESECHABLE DE 90X15 - Capital Cient&iacute;fica\",\"isPartOf\":{\"@id\":\"https:\/\/capitalcientifica.com.mx\/tienda\/#website\"},\"primaryImageOfPage\":{\"@id\":\"https:\/\/capitalcientifica.com.mx\/tienda\/product\/caja-petri-desechable-de-90x15\/#primaryimage\"},\"image\":{\"@id\":\"https:\/\/capitalcientifica.com.mx\/tienda\/product\/caja-petri-desechable-de-90x15\/#primaryimage\"},\"thumbnailUrl\":\"https:\/\/capitalcientifica.com.mx\/tienda\/wp-content\/uploads\/2024\/02\/90X15CAPITAL-LOGO.jpg\",\"datePublished\":\"2024-02-23T01:02:33+00:00\",\"dateModified\":\"2024-02-23T18:56:18+00:00\",\"breadcrumb\":{\"@id\":\"https:\/\/capitalcientifica.com.mx\/tienda\/product\/caja-petri-desechable-de-90x15\/#breadcrumb\"},\"inLanguage\":\"es\",\"potentialAction\":[{\"@type\":\"ReadAction\",\"target\":[\"https:\/\/capitalcientifica.com.mx\/tienda\/product\/caja-petri-desechable-de-90x15\/\"]}]},{\"@type\":\"ImageObject\",\"inLanguage\":\"es\",\"@id\":\"https:\/\/capitalcientifica.com.mx\/tienda\/product\/caja-petri-desechable-de-90x15\/#primaryimage\",\"url\":\"https:\/\/capitalcientifica.com.mx\/tienda\/wp-content\/uploads\/2024\/02\/90X15CAPITAL-LOGO.jpg\",\"contentUrl\":\"https:\/\/capitalcientifica.com.mx\/tienda\/wp-content\/uploads\/2024\/02\/90X15CAPITAL-LOGO.jpg\",\"width\":900,\"height\":1600},{\"@type\":\"BreadcrumbList\",\"@id\":\"https:\/\/capitalcientifica.com.mx\/tienda\/product\/caja-petri-desechable-de-90x15\/#breadcrumb\",\"itemListElement\":[{\"@type\":\"ListItem\",\"position\":1,\"name\":\"Portada\",\"item\":\"https:\/\/capitalcientifica.com.mx\/tienda\/\"},{\"@type\":\"ListItem\",\"position\":2,\"name\":\"Shop\",\"item\":\"https:\/\/capitalcientifica.com.mx\/tienda\/shop\/\"},{\"@type\":\"ListItem\",\"position\":3,\"name\":\"CAJA PETRI DESECHABLE DE 90X15\"}]},{\"@type\":\"WebSite\",\"@id\":\"https:\/\/capitalcientifica.com.mx\/tienda\/#website\",\"url\":\"https:\/\/capitalcientifica.com.mx\/tienda\/\",\"name\":\"Capital Cient&iacute;fica\",\"description\":\"Equipo para laboratorio\",\"potentialAction\":[{\"@type\":\"SearchAction\",\"target\":{\"@type\":\"EntryPoint\",\"urlTemplate\":\"https:\/\/capitalcientifica.com.mx\/tienda\/?s={search_term_string}\"},\"query-input\":{\"@type\":\"PropertyValueSpecification\",\"valueRequired\":true,\"valueName\":\"search_term_string\"}}],\"inLanguage\":\"es\"}]}<\/script>\n<!-- \/ Yoast SEO plugin. -->","yoast_head_json":{"title":"CAJA PETRI DESECHABLE DE 90X15 - Capital Cient&iacute;fica","robots":{"index":"index","follow":"follow","max-snippet":"max-snippet:-1","max-image-preview":"max-image-preview:large","max-video-preview":"max-video-preview:-1"},"canonical":"https:\/\/capitalcientifica.com.mx\/tienda\/product\/caja-petri-desechable-de-90x15\/","og_locale":"es_ES","og_type":"article","og_title":"CAJA PETRI DESECHABLE DE 90X15 - Capital Cient&iacute;fica","og_description":"Recipiente de uso microbiol\u00f3gico de forma circular de pl\u00e1stico cristalino, consta de dos placas una que funciona de tapa y otra de base. Dise\u00f1ada para evitar la condensaci\u00f3n al llenado y manejarse f\u00e1cilmente, proveen una sujeci\u00f3n estable para apilarlas sin riesgo. Esterilizadas con rayos gamma. Fabricadas con poliestireno cristal virgen de grado m\u00e9dico Medidas de&hellip;","og_url":"https:\/\/capitalcientifica.com.mx\/tienda\/product\/caja-petri-desechable-de-90x15\/","og_site_name":"Capital Cient&iacute;fica","article_modified_time":"2024-02-23T18:56:18+00:00","og_image":[{"width":900,"height":1600,"url":"https:\/\/capitalcientifica.com.mx\/tienda\/wp-content\/uploads\/2024\/02\/90X15CAPITAL-LOGO.jpg","type":"image\/jpeg"}],"twitter_card":"summary_large_image","twitter_misc":{"Tiempo de lectura":"1 minuto"},"schema":{"@context":"https:\/\/schema.org","@graph":[{"@type":"WebPage","@id":"https:\/\/capitalcientifica.com.mx\/tienda\/product\/caja-petri-desechable-de-90x15\/","url":"https:\/\/capitalcientifica.com.mx\/tienda\/product\/caja-petri-desechable-de-90x15\/","name":"CAJA PETRI DESECHABLE DE 90X15 - Capital Cient&iacute;fica","isPartOf":{"@id":"https:\/\/capitalcientifica.com.mx\/tienda\/#website"},"primaryImageOfPage":{"@id":"https:\/\/capitalcientifica.com.mx\/tienda\/product\/caja-petri-desechable-de-90x15\/#primaryimage"},"image":{"@id":"https:\/\/capitalcientifica.com.mx\/tienda\/product\/caja-petri-desechable-de-90x15\/#primaryimage"},"thumbnailUrl":"https:\/\/capitalcientifica.com.mx\/tienda\/wp-content\/uploads\/2024\/02\/90X15CAPITAL-LOGO.jpg","datePublished":"2024-02-23T01:02:33+00:00","dateModified":"2024-02-23T18:56:18+00:00","breadcrumb":{"@id":"https:\/\/capitalcientifica.com.mx\/tienda\/product\/caja-petri-desechable-de-90x15\/#breadcrumb"},"inLanguage":"es","potentialAction":[{"@type":"ReadAction","target":["https:\/\/capitalcientifica.com.mx\/tienda\/product\/caja-petri-desechable-de-90x15\/"]}]},{"@type":"ImageObject","inLanguage":"es","@id":"https:\/\/capitalcientifica.com.mx\/tienda\/product\/caja-petri-desechable-de-90x15\/#primaryimage","url":"https:\/\/capitalcientifica.com.mx\/tienda\/wp-content\/uploads\/2024\/02\/90X15CAPITAL-LOGO.jpg","contentUrl":"https:\/\/capitalcientifica.com.mx\/tienda\/wp-content\/uploads\/2024\/02\/90X15CAPITAL-LOGO.jpg","width":900,"height":1600},{"@type":"BreadcrumbList","@id":"https:\/\/capitalcientifica.com.mx\/tienda\/product\/caja-petri-desechable-de-90x15\/#breadcrumb","itemListElement":[{"@type":"ListItem","position":1,"name":"Portada","item":"https:\/\/capitalcientifica.com.mx\/tienda\/"},{"@type":"ListItem","position":2,"name":"Shop","item":"https:\/\/capitalcientifica.com.mx\/tienda\/shop\/"},{"@type":"ListItem","position":3,"name":"CAJA PETRI DESECHABLE DE 90X15"}]},{"@type":"WebSite","@id":"https:\/\/capitalcientifica.com.mx\/tienda\/#website","url":"https:\/\/capitalcientifica.com.mx\/tienda\/","name":"Capital Cient&iacute;fica","description":"Equipo para laboratorio","potentialAction":[{"@type":"SearchAction","target":{"@type":"EntryPoint","urlTemplate":"https:\/\/capitalcientifica.com.mx\/tienda\/?s={search_term_string}"},"query-input":{"@type":"PropertyValueSpecification","valueRequired":true,"valueName":"search_term_string"}}],"inLanguage":"es"}]}},"_links":{"self":[{"href":"https:\/\/capitalcientifica.com.mx\/tienda\/wp-json\/wp\/v2\/product\/11053","targetHints":{"allow":["GET"]}}],"collection":[{"href":"https:\/\/capitalcientifica.com.mx\/tienda\/wp-json\/wp\/v2\/product"}],"about":[{"href":"https:\/\/capitalcientifica.com.mx\/tienda\/wp-json\/wp\/v2\/types\/product"}],"replies":[{"embeddable":true,"href":"https:\/\/capitalcientifica.com.mx\/tienda\/wp-json\/wp\/v2\/comments?post=11053"}],"wp:featuredmedia":[{"embeddable":true,"href":"https:\/\/capitalcientifica.com.mx\/tienda\/wp-json\/wp\/v2\/media\/11054"}],"wp:attachment":[{"href":"https:\/\/capitalcientifica.com.mx\/tienda\/wp-json\/wp\/v2\/media?parent=11053"}],"wp:term":[{"taxonomy":"product_cat","embeddable":true,"href":"https:\/\/capitalcientifica.com.mx\/tienda\/wp-json\/wp\/v2\/product_cat?post=11053"},{"taxonomy":"product_tag","embeddable":true,"href":"https:\/\/capitalcientifica.com.mx\/tienda\/wp-json\/wp\/v2\/product_tag?post=11053"}],"curies":[{"name":"wp","href":"https:\/\/api.w.org\/{rel}","templated":true}]}}