{"id":11042,"date":"2024-02-16T23:53:49","date_gmt":"2024-02-16T23:53:49","guid":{"rendered":"https:\/\/capitalcientifica.com.mx\/tienda\/?post_type=product&#038;p=11042"},"modified":"2024-02-16T23:53:50","modified_gmt":"2024-02-16T23:53:50","slug":"medidor-multiparametrico-6piifce-myron","status":"publish","type":"product","link":"https:\/\/capitalcientifica.com.mx\/tienda\/product\/medidor-multiparametrico-6piifce-myron\/","title":{"rendered":"MEDIDOR MULTIPARAMETRICO 6PIIFCE MYRON"},"content":{"rendered":"<p><strong>(Conductividad, Resistividad, TDS, Temperatura, pH, ORP y Cloro) MYRON<\/strong><\/p>\n<p>Los modelos Ultrameter II 6PFCE y 4IIP ofrecen un rendimiento de +- 1% de la lectura (no meramente a escala completa). Este alto nivel de precisi\u00f3n se ha logrado a trav\u00e9s de la avanzada tecnolog\u00eda de celda de conductividad de cuatro electrodos, un sensor de pH \/ ORP \u00fanico y un potente circuito basado en microprocesador. Con valores mostrados hasta 9999, la pantalla LCD completa de cuatro d\u00edgitos garantiza niveles de resoluci\u00f3n nunca antes posibles en instrumentos port\u00e1tiles. Calibrado de f\u00e1brica con trazabilidad NIST, cada Ultrameter II puede suministrar tanto con certificaci\u00f3n de trazabilidad como con soluciones trazables NIST para una calibraci\u00f3n definitiva.<\/p>\n","protected":false},"excerpt":{"rendered":"<p><strong>Especificaciones:<\/strong><\/p>\n<ul>\n<li>Pantalla:\u00a0 Cristal l\u00edquido de 4 d\u00edgitos.<\/li>\n<li>Dimensiones: 196 x 68 x 64 mm.<\/li>\n<li>Peso: 352 g.<\/li>\n<li>Material de la celda de conductividad: * \u00ae Sabic Innovative Plastics.<\/li>\n<li>Capacidad celda: pH \/ ORP: 1,2 ml.<\/li>\n<li>Cond\/TDS\/Res: 5 ml.<\/li>\n<li>Energ\u00eda alcalina: 9V.<\/li>\n<li>Duraci\u00f3n de la bater\u00eda: &gt; 100 horas (5000 lecturas).<\/li>\n<li>Temperatura de operaci\u00f3n \/ almacenamiento:\u00a0 0 &#8211; 55 \u00b0 C \/ 32 &#8211; 132 \u00b0 F.<\/li>\n<li>Clasificaciones de protecci\u00f3n: IP67 \/ nema 6.<\/li>\n<li>Impermeable:\u00a0 1 metro de profundidad.<\/li>\n<\/ul>\n","protected":false},"featured_media":11043,"comment_status":"closed","ping_status":"closed","template":"","meta":{"_joinchat":[]},"product_cat":[61,109,168],"product_tag":[],"class_list":{"0":"post-11042","1":"product","2":"type-product","3":"status-publish","4":"has-post-thumbnail","6":"product_cat-equipos-de-laboratorio","7":"product_cat-importacion","8":"product_cat-productos-destacados","10":"first","11":"instock","12":"shipping-taxable","13":"product-type-simple","14":"col-xs-6 col-sm-4","15":"col-md-3 col-lg-3","16":"un-4-cols"},"yoast_head":"<!-- This site is optimized with the Yoast SEO plugin v27.2 - https:\/\/yoast.com\/product\/yoast-seo-wordpress\/ -->\n<title>MEDIDOR MULTIPARAMETRICO 6PIIFCE MYRON - Capital Cient&iacute;fica<\/title>\n<meta name=\"robots\" content=\"index, follow, max-snippet:-1, max-image-preview:large, max-video-preview:-1\" \/>\n<link rel=\"canonical\" href=\"https:\/\/capitalcientifica.com.mx\/tienda\/product\/medidor-multiparametrico-6piifce-myron\/\" \/>\n<meta property=\"og:locale\" content=\"es_ES\" \/>\n<meta property=\"og:type\" content=\"article\" \/>\n<meta property=\"og:title\" content=\"MEDIDOR MULTIPARAMETRICO 6PIIFCE MYRON - Capital Cient&iacute;fica\" \/>\n<meta property=\"og:description\" content=\"Especificaciones:   Pantalla:\u00a0 Cristal l\u00edquido de 4 d\u00edgitos.  Dimensiones: 196 x 68 x 64 mm.  Peso: 352 g.  Material de la celda de conductividad: * \u00ae Sabic Innovative Plastics.  Capacidad celda: pH \/ ORP: 1,2 ml.  Cond\/TDS\/Res: 5 ml.  Energ\u00eda alcalina: 9V.  Duraci\u00f3n de la bater\u00eda: &gt; 100 horas (5000 lecturas).  Temperatura de operaci\u00f3n \/ almacenamiento:\u00a0 0 - 55 \u00b0 C \/ 32 - 132 \u00b0 F.  Clasificaciones de protecci\u00f3n: IP67 \/ nema 6.  Impermeable:\u00a0 1 metro de profundidad.\" \/>\n<meta property=\"og:url\" content=\"https:\/\/capitalcientifica.com.mx\/tienda\/product\/medidor-multiparametrico-6piifce-myron\/\" \/>\n<meta property=\"og:site_name\" content=\"Capital Cient&iacute;fica\" \/>\n<meta property=\"article:modified_time\" content=\"2024-02-16T23:53:50+00:00\" \/>\n<meta property=\"og:image\" content=\"https:\/\/capitalcientifica.com.mx\/tienda\/wp-content\/uploads\/2024\/02\/MYRON-6PIIFCE.jpg\" \/>\n\t<meta property=\"og:image:width\" content=\"230\" \/>\n\t<meta property=\"og:image:height\" content=\"431\" \/>\n\t<meta property=\"og:image:type\" content=\"image\/jpeg\" \/>\n<meta name=\"twitter:card\" content=\"summary_large_image\" \/>\n<meta name=\"twitter:label1\" content=\"Tiempo de lectura\" \/>\n\t<meta name=\"twitter:data1\" content=\"1 minuto\" \/>\n<script type=\"application\/ld+json\" class=\"yoast-schema-graph\">{\"@context\":\"https:\/\/schema.org\",\"@graph\":[{\"@type\":\"WebPage\",\"@id\":\"https:\/\/capitalcientifica.com.mx\/tienda\/product\/medidor-multiparametrico-6piifce-myron\/\",\"url\":\"https:\/\/capitalcientifica.com.mx\/tienda\/product\/medidor-multiparametrico-6piifce-myron\/\",\"name\":\"MEDIDOR MULTIPARAMETRICO 6PIIFCE MYRON - Capital Cient&iacute;fica\",\"isPartOf\":{\"@id\":\"https:\/\/capitalcientifica.com.mx\/tienda\/#website\"},\"primaryImageOfPage\":{\"@id\":\"https:\/\/capitalcientifica.com.mx\/tienda\/product\/medidor-multiparametrico-6piifce-myron\/#primaryimage\"},\"image\":{\"@id\":\"https:\/\/capitalcientifica.com.mx\/tienda\/product\/medidor-multiparametrico-6piifce-myron\/#primaryimage\"},\"thumbnailUrl\":\"https:\/\/capitalcientifica.com.mx\/tienda\/wp-content\/uploads\/2024\/02\/MYRON-6PIIFCE.jpg\",\"datePublished\":\"2024-02-16T23:53:49+00:00\",\"dateModified\":\"2024-02-16T23:53:50+00:00\",\"breadcrumb\":{\"@id\":\"https:\/\/capitalcientifica.com.mx\/tienda\/product\/medidor-multiparametrico-6piifce-myron\/#breadcrumb\"},\"inLanguage\":\"es\",\"potentialAction\":[{\"@type\":\"ReadAction\",\"target\":[\"https:\/\/capitalcientifica.com.mx\/tienda\/product\/medidor-multiparametrico-6piifce-myron\/\"]}]},{\"@type\":\"ImageObject\",\"inLanguage\":\"es\",\"@id\":\"https:\/\/capitalcientifica.com.mx\/tienda\/product\/medidor-multiparametrico-6piifce-myron\/#primaryimage\",\"url\":\"https:\/\/capitalcientifica.com.mx\/tienda\/wp-content\/uploads\/2024\/02\/MYRON-6PIIFCE.jpg\",\"contentUrl\":\"https:\/\/capitalcientifica.com.mx\/tienda\/wp-content\/uploads\/2024\/02\/MYRON-6PIIFCE.jpg\",\"width\":230,\"height\":431},{\"@type\":\"BreadcrumbList\",\"@id\":\"https:\/\/capitalcientifica.com.mx\/tienda\/product\/medidor-multiparametrico-6piifce-myron\/#breadcrumb\",\"itemListElement\":[{\"@type\":\"ListItem\",\"position\":1,\"name\":\"Portada\",\"item\":\"https:\/\/capitalcientifica.com.mx\/tienda\/\"},{\"@type\":\"ListItem\",\"position\":2,\"name\":\"Shop\",\"item\":\"https:\/\/capitalcientifica.com.mx\/tienda\/shop\/\"},{\"@type\":\"ListItem\",\"position\":3,\"name\":\"MEDIDOR MULTIPARAMETRICO 6PIIFCE MYRON\"}]},{\"@type\":\"WebSite\",\"@id\":\"https:\/\/capitalcientifica.com.mx\/tienda\/#website\",\"url\":\"https:\/\/capitalcientifica.com.mx\/tienda\/\",\"name\":\"Capital Cient&iacute;fica\",\"description\":\"Equipo para laboratorio\",\"potentialAction\":[{\"@type\":\"SearchAction\",\"target\":{\"@type\":\"EntryPoint\",\"urlTemplate\":\"https:\/\/capitalcientifica.com.mx\/tienda\/?s={search_term_string}\"},\"query-input\":{\"@type\":\"PropertyValueSpecification\",\"valueRequired\":true,\"valueName\":\"search_term_string\"}}],\"inLanguage\":\"es\"}]}<\/script>\n<!-- \/ Yoast SEO plugin. -->","yoast_head_json":{"title":"MEDIDOR MULTIPARAMETRICO 6PIIFCE MYRON - Capital Cient&iacute;fica","robots":{"index":"index","follow":"follow","max-snippet":"max-snippet:-1","max-image-preview":"max-image-preview:large","max-video-preview":"max-video-preview:-1"},"canonical":"https:\/\/capitalcientifica.com.mx\/tienda\/product\/medidor-multiparametrico-6piifce-myron\/","og_locale":"es_ES","og_type":"article","og_title":"MEDIDOR MULTIPARAMETRICO 6PIIFCE MYRON - Capital Cient&iacute;fica","og_description":"Especificaciones:   Pantalla:\u00a0 Cristal l\u00edquido de 4 d\u00edgitos.  Dimensiones: 196 x 68 x 64 mm.  Peso: 352 g.  Material de la celda de conductividad: * \u00ae Sabic Innovative Plastics.  Capacidad celda: pH \/ ORP: 1,2 ml.  Cond\/TDS\/Res: 5 ml.  Energ\u00eda alcalina: 9V.  Duraci\u00f3n de la bater\u00eda: &gt; 100 horas (5000 lecturas).  Temperatura de operaci\u00f3n \/ almacenamiento:\u00a0 0 - 55 \u00b0 C \/ 32 - 132 \u00b0 F.  Clasificaciones de protecci\u00f3n: IP67 \/ nema 6.  Impermeable:\u00a0 1 metro de profundidad.","og_url":"https:\/\/capitalcientifica.com.mx\/tienda\/product\/medidor-multiparametrico-6piifce-myron\/","og_site_name":"Capital Cient&iacute;fica","article_modified_time":"2024-02-16T23:53:50+00:00","og_image":[{"width":230,"height":431,"url":"https:\/\/capitalcientifica.com.mx\/tienda\/wp-content\/uploads\/2024\/02\/MYRON-6PIIFCE.jpg","type":"image\/jpeg"}],"twitter_card":"summary_large_image","twitter_misc":{"Tiempo de lectura":"1 minuto"},"schema":{"@context":"https:\/\/schema.org","@graph":[{"@type":"WebPage","@id":"https:\/\/capitalcientifica.com.mx\/tienda\/product\/medidor-multiparametrico-6piifce-myron\/","url":"https:\/\/capitalcientifica.com.mx\/tienda\/product\/medidor-multiparametrico-6piifce-myron\/","name":"MEDIDOR MULTIPARAMETRICO 6PIIFCE MYRON - Capital Cient&iacute;fica","isPartOf":{"@id":"https:\/\/capitalcientifica.com.mx\/tienda\/#website"},"primaryImageOfPage":{"@id":"https:\/\/capitalcientifica.com.mx\/tienda\/product\/medidor-multiparametrico-6piifce-myron\/#primaryimage"},"image":{"@id":"https:\/\/capitalcientifica.com.mx\/tienda\/product\/medidor-multiparametrico-6piifce-myron\/#primaryimage"},"thumbnailUrl":"https:\/\/capitalcientifica.com.mx\/tienda\/wp-content\/uploads\/2024\/02\/MYRON-6PIIFCE.jpg","datePublished":"2024-02-16T23:53:49+00:00","dateModified":"2024-02-16T23:53:50+00:00","breadcrumb":{"@id":"https:\/\/capitalcientifica.com.mx\/tienda\/product\/medidor-multiparametrico-6piifce-myron\/#breadcrumb"},"inLanguage":"es","potentialAction":[{"@type":"ReadAction","target":["https:\/\/capitalcientifica.com.mx\/tienda\/product\/medidor-multiparametrico-6piifce-myron\/"]}]},{"@type":"ImageObject","inLanguage":"es","@id":"https:\/\/capitalcientifica.com.mx\/tienda\/product\/medidor-multiparametrico-6piifce-myron\/#primaryimage","url":"https:\/\/capitalcientifica.com.mx\/tienda\/wp-content\/uploads\/2024\/02\/MYRON-6PIIFCE.jpg","contentUrl":"https:\/\/capitalcientifica.com.mx\/tienda\/wp-content\/uploads\/2024\/02\/MYRON-6PIIFCE.jpg","width":230,"height":431},{"@type":"BreadcrumbList","@id":"https:\/\/capitalcientifica.com.mx\/tienda\/product\/medidor-multiparametrico-6piifce-myron\/#breadcrumb","itemListElement":[{"@type":"ListItem","position":1,"name":"Portada","item":"https:\/\/capitalcientifica.com.mx\/tienda\/"},{"@type":"ListItem","position":2,"name":"Shop","item":"https:\/\/capitalcientifica.com.mx\/tienda\/shop\/"},{"@type":"ListItem","position":3,"name":"MEDIDOR MULTIPARAMETRICO 6PIIFCE MYRON"}]},{"@type":"WebSite","@id":"https:\/\/capitalcientifica.com.mx\/tienda\/#website","url":"https:\/\/capitalcientifica.com.mx\/tienda\/","name":"Capital Cient&iacute;fica","description":"Equipo para laboratorio","potentialAction":[{"@type":"SearchAction","target":{"@type":"EntryPoint","urlTemplate":"https:\/\/capitalcientifica.com.mx\/tienda\/?s={search_term_string}"},"query-input":{"@type":"PropertyValueSpecification","valueRequired":true,"valueName":"search_term_string"}}],"inLanguage":"es"}]}},"_links":{"self":[{"href":"https:\/\/capitalcientifica.com.mx\/tienda\/wp-json\/wp\/v2\/product\/11042","targetHints":{"allow":["GET"]}}],"collection":[{"href":"https:\/\/capitalcientifica.com.mx\/tienda\/wp-json\/wp\/v2\/product"}],"about":[{"href":"https:\/\/capitalcientifica.com.mx\/tienda\/wp-json\/wp\/v2\/types\/product"}],"replies":[{"embeddable":true,"href":"https:\/\/capitalcientifica.com.mx\/tienda\/wp-json\/wp\/v2\/comments?post=11042"}],"wp:featuredmedia":[{"embeddable":true,"href":"https:\/\/capitalcientifica.com.mx\/tienda\/wp-json\/wp\/v2\/media\/11043"}],"wp:attachment":[{"href":"https:\/\/capitalcientifica.com.mx\/tienda\/wp-json\/wp\/v2\/media?parent=11042"}],"wp:term":[{"taxonomy":"product_cat","embeddable":true,"href":"https:\/\/capitalcientifica.com.mx\/tienda\/wp-json\/wp\/v2\/product_cat?post=11042"},{"taxonomy":"product_tag","embeddable":true,"href":"https:\/\/capitalcientifica.com.mx\/tienda\/wp-json\/wp\/v2\/product_tag?post=11042"}],"curies":[{"name":"wp","href":"https:\/\/api.w.org\/{rel}","templated":true}]}}