{"id":11035,"date":"2024-02-02T21:28:16","date_gmt":"2024-02-02T21:28:16","guid":{"rendered":"https:\/\/capitalcientifica.com.mx\/tienda\/?post_type=product&#038;p=11035"},"modified":"2024-02-23T18:58:09","modified_gmt":"2024-02-23T18:58:09","slug":"butirometro-leche-gerber-original-butirometro-para-leche-0-a-7-gerber","status":"publish","type":"product","link":"https:\/\/capitalcientifica.com.mx\/tienda\/product\/butirometro-leche-gerber-original-butirometro-para-leche-0-a-7-gerber\/","title":{"rendered":"Butirometro Leche Gerber original Butir\u00f3metro para leche 0 a 7 % GERBER"},"content":{"rendered":"<h1 class=\"SEGHEADTEXT\">Butir\u00f3metro Leche Gerber original<\/h1>\n<p>ACCESORIOS:<\/p>\n<table class=\"DBTable\">\n<tbody>\n<tr class=\"ZubTableRow\">\n<td class=\"DbD Icon0\"><img decoding=\"async\" class=\"WR_ListIcon\" src=\"https:\/\/shop.gerber-instruments.com\/static01\/icon\/G48.JPG\" alt=\"\" \/><\/td>\n<td class=\"DbD Desc\"><a class=\"DbL\" href=\"https:\/\/shop.gerber-instruments.com\/info20048tapones-gerbal--gerber_lang_es.htm?UID=550065bd5bee000000000000\">Tapones GERBAL \/ Gerber Instruments AG<\/a><\/td>\n<\/tr>\n<tr class=\"ZubTableRow\">\n<td class=\"DbD Icon0\"><img decoding=\"async\" class=\"WR_ListIcon\" src=\"https:\/\/shop.gerber-instruments.com\/static01\/icon\/G49.JPG\" alt=\"\" \/><\/td>\n<td class=\"DbD Desc\"><a class=\"DbL\" href=\"https:\/\/shop.gerber-instruments.com\/info20049punta-de-regulacion-para_lang_es.htm?UID=550065bd5bee000000000000\">Punta de Regulaci\u00f3n para Tapones GERBAL \/ Gerber Instruments AG<\/a><\/td>\n<\/tr>\n<tr class=\"ZubTableRow\">\n<td class=\"DbD Icon0\"><img decoding=\"async\" class=\"WR_ListIcon\" src=\"https:\/\/shop.gerber-instruments.com\/static01\/icon\/G50.JPG\" alt=\"\" \/><\/td>\n<td class=\"DbD Desc\"><a class=\"DbL\" href=\"https:\/\/shop.gerber-instruments.com\/info20050tapon-de-caucho-para_lang_es.htm?UID=550065bd5bee000000000000\">Tap\u00f3n de caucho para butir\u00f3metro leche, leche descremada y Koehler \/ Gerber Instruments AG<\/a><\/td>\n<\/tr>\n<\/tbody>\n<\/table>\n","protected":false},"excerpt":{"rendered":"<p>Butir\u00f3metro para leche (Gerber).<br \/>\nEscala de 0 a 7% de grasa; divisi\u00f3n 0.1.<br \/>\nFabricado conforme a la norma ISO 488.<br \/>\nBulbo cerrado con \u00e1rea para identificaci\u00f3n, cuello plano.<br \/>\nVol\u00famen de 10.73ml a 11.0ml.<\/p>\n","protected":false},"featured_media":11036,"comment_status":"closed","ping_status":"closed","template":"","meta":{"_joinchat":[]},"product_cat":[63,61,57,109,168,164],"product_tag":[3029,3030],"class_list":{"0":"post-11035","1":"product","2":"type-product","3":"status-publish","4":"has-post-thumbnail","6":"product_cat-consumibles","7":"product_cat-equipos-de-laboratorio","8":"product_cat-gerber-instruments","9":"product_cat-importacion","10":"product_cat-productos-destacados","11":"product_cat-promociones","12":"product_tag-3029","13":"product_tag-700-00-caja-con-10-pzas","15":"first","16":"instock","17":"shipping-taxable","18":"product-type-simple","19":"col-xs-6 col-sm-4","20":"col-md-3 col-lg-3","21":"un-4-cols"},"yoast_head":"<!-- This site is optimized with the Yoast SEO plugin v27.2 - https:\/\/yoast.com\/product\/yoast-seo-wordpress\/ -->\n<title>Butirometro Leche Gerber original Butir\u00f3metro para leche 0 a 7 % GERBER - Capital Cient&iacute;fica<\/title>\n<meta name=\"robots\" content=\"index, follow, max-snippet:-1, max-image-preview:large, max-video-preview:-1\" \/>\n<link rel=\"canonical\" href=\"https:\/\/capitalcientifica.com.mx\/tienda\/product\/butirometro-leche-gerber-original-butirometro-para-leche-0-a-7-gerber\/\" \/>\n<meta property=\"og:locale\" content=\"es_ES\" \/>\n<meta property=\"og:type\" content=\"article\" \/>\n<meta property=\"og:title\" content=\"Butirometro Leche Gerber original Butir\u00f3metro para leche 0 a 7 % GERBER - Capital Cient&iacute;fica\" \/>\n<meta property=\"og:description\" content=\"Butir\u00f3metro para leche (Gerber). Escala de 0 a 7% de grasa; divisi\u00f3n 0.1. Fabricado conforme a la norma ISO 488. Bulbo cerrado con \u00e1rea para identificaci\u00f3n, cuello plano. Vol\u00famen de 10.73ml a 11.0ml.\" \/>\n<meta property=\"og:url\" content=\"https:\/\/capitalcientifica.com.mx\/tienda\/product\/butirometro-leche-gerber-original-butirometro-para-leche-0-a-7-gerber\/\" \/>\n<meta property=\"og:site_name\" content=\"Capital Cient&iacute;fica\" \/>\n<meta property=\"article:modified_time\" content=\"2024-02-23T18:58:09+00:00\" \/>\n<meta property=\"og:image\" content=\"https:\/\/capitalcientifica.com.mx\/tienda\/wp-content\/uploads\/2024\/02\/BUTIROMETRO-LECHE-STD.jpg\" \/>\n\t<meta property=\"og:image:width\" content=\"301\" \/>\n\t<meta property=\"og:image:height\" content=\"418\" \/>\n\t<meta property=\"og:image:type\" content=\"image\/jpeg\" \/>\n<meta name=\"twitter:card\" content=\"summary_large_image\" \/>\n<meta name=\"twitter:label1\" content=\"Tiempo de lectura\" \/>\n\t<meta name=\"twitter:data1\" content=\"1 minuto\" \/>\n<script type=\"application\/ld+json\" class=\"yoast-schema-graph\">{\"@context\":\"https:\/\/schema.org\",\"@graph\":[{\"@type\":\"WebPage\",\"@id\":\"https:\/\/capitalcientifica.com.mx\/tienda\/product\/butirometro-leche-gerber-original-butirometro-para-leche-0-a-7-gerber\/\",\"url\":\"https:\/\/capitalcientifica.com.mx\/tienda\/product\/butirometro-leche-gerber-original-butirometro-para-leche-0-a-7-gerber\/\",\"name\":\"Butirometro Leche Gerber original Butir\u00f3metro para leche 0 a 7 % GERBER - Capital Cient&iacute;fica\",\"isPartOf\":{\"@id\":\"https:\/\/capitalcientifica.com.mx\/tienda\/#website\"},\"primaryImageOfPage\":{\"@id\":\"https:\/\/capitalcientifica.com.mx\/tienda\/product\/butirometro-leche-gerber-original-butirometro-para-leche-0-a-7-gerber\/#primaryimage\"},\"image\":{\"@id\":\"https:\/\/capitalcientifica.com.mx\/tienda\/product\/butirometro-leche-gerber-original-butirometro-para-leche-0-a-7-gerber\/#primaryimage\"},\"thumbnailUrl\":\"https:\/\/capitalcientifica.com.mx\/tienda\/wp-content\/uploads\/2024\/02\/BUTIROMETRO-LECHE-STD.jpg\",\"datePublished\":\"2024-02-02T21:28:16+00:00\",\"dateModified\":\"2024-02-23T18:58:09+00:00\",\"breadcrumb\":{\"@id\":\"https:\/\/capitalcientifica.com.mx\/tienda\/product\/butirometro-leche-gerber-original-butirometro-para-leche-0-a-7-gerber\/#breadcrumb\"},\"inLanguage\":\"es\",\"potentialAction\":[{\"@type\":\"ReadAction\",\"target\":[\"https:\/\/capitalcientifica.com.mx\/tienda\/product\/butirometro-leche-gerber-original-butirometro-para-leche-0-a-7-gerber\/\"]}]},{\"@type\":\"ImageObject\",\"inLanguage\":\"es\",\"@id\":\"https:\/\/capitalcientifica.com.mx\/tienda\/product\/butirometro-leche-gerber-original-butirometro-para-leche-0-a-7-gerber\/#primaryimage\",\"url\":\"https:\/\/capitalcientifica.com.mx\/tienda\/wp-content\/uploads\/2024\/02\/BUTIROMETRO-LECHE-STD.jpg\",\"contentUrl\":\"https:\/\/capitalcientifica.com.mx\/tienda\/wp-content\/uploads\/2024\/02\/BUTIROMETRO-LECHE-STD.jpg\",\"width\":301,\"height\":418},{\"@type\":\"BreadcrumbList\",\"@id\":\"https:\/\/capitalcientifica.com.mx\/tienda\/product\/butirometro-leche-gerber-original-butirometro-para-leche-0-a-7-gerber\/#breadcrumb\",\"itemListElement\":[{\"@type\":\"ListItem\",\"position\":1,\"name\":\"Portada\",\"item\":\"https:\/\/capitalcientifica.com.mx\/tienda\/\"},{\"@type\":\"ListItem\",\"position\":2,\"name\":\"Shop\",\"item\":\"https:\/\/capitalcientifica.com.mx\/tienda\/shop\/\"},{\"@type\":\"ListItem\",\"position\":3,\"name\":\"Butirometro Leche Gerber original Butir\u00f3metro para leche 0 a 7 % GERBER\"}]},{\"@type\":\"WebSite\",\"@id\":\"https:\/\/capitalcientifica.com.mx\/tienda\/#website\",\"url\":\"https:\/\/capitalcientifica.com.mx\/tienda\/\",\"name\":\"Capital Cient&iacute;fica\",\"description\":\"Equipo para laboratorio\",\"potentialAction\":[{\"@type\":\"SearchAction\",\"target\":{\"@type\":\"EntryPoint\",\"urlTemplate\":\"https:\/\/capitalcientifica.com.mx\/tienda\/?s={search_term_string}\"},\"query-input\":{\"@type\":\"PropertyValueSpecification\",\"valueRequired\":true,\"valueName\":\"search_term_string\"}}],\"inLanguage\":\"es\"}]}<\/script>\n<!-- \/ Yoast SEO plugin. -->","yoast_head_json":{"title":"Butirometro Leche Gerber original Butir\u00f3metro para leche 0 a 7 % GERBER - Capital Cient&iacute;fica","robots":{"index":"index","follow":"follow","max-snippet":"max-snippet:-1","max-image-preview":"max-image-preview:large","max-video-preview":"max-video-preview:-1"},"canonical":"https:\/\/capitalcientifica.com.mx\/tienda\/product\/butirometro-leche-gerber-original-butirometro-para-leche-0-a-7-gerber\/","og_locale":"es_ES","og_type":"article","og_title":"Butirometro Leche Gerber original Butir\u00f3metro para leche 0 a 7 % GERBER - Capital Cient&iacute;fica","og_description":"Butir\u00f3metro para leche (Gerber). Escala de 0 a 7% de grasa; divisi\u00f3n 0.1. Fabricado conforme a la norma ISO 488. Bulbo cerrado con \u00e1rea para identificaci\u00f3n, cuello plano. Vol\u00famen de 10.73ml a 11.0ml.","og_url":"https:\/\/capitalcientifica.com.mx\/tienda\/product\/butirometro-leche-gerber-original-butirometro-para-leche-0-a-7-gerber\/","og_site_name":"Capital Cient&iacute;fica","article_modified_time":"2024-02-23T18:58:09+00:00","og_image":[{"width":301,"height":418,"url":"https:\/\/capitalcientifica.com.mx\/tienda\/wp-content\/uploads\/2024\/02\/BUTIROMETRO-LECHE-STD.jpg","type":"image\/jpeg"}],"twitter_card":"summary_large_image","twitter_misc":{"Tiempo de lectura":"1 minuto"},"schema":{"@context":"https:\/\/schema.org","@graph":[{"@type":"WebPage","@id":"https:\/\/capitalcientifica.com.mx\/tienda\/product\/butirometro-leche-gerber-original-butirometro-para-leche-0-a-7-gerber\/","url":"https:\/\/capitalcientifica.com.mx\/tienda\/product\/butirometro-leche-gerber-original-butirometro-para-leche-0-a-7-gerber\/","name":"Butirometro Leche Gerber original Butir\u00f3metro para leche 0 a 7 % GERBER - Capital Cient&iacute;fica","isPartOf":{"@id":"https:\/\/capitalcientifica.com.mx\/tienda\/#website"},"primaryImageOfPage":{"@id":"https:\/\/capitalcientifica.com.mx\/tienda\/product\/butirometro-leche-gerber-original-butirometro-para-leche-0-a-7-gerber\/#primaryimage"},"image":{"@id":"https:\/\/capitalcientifica.com.mx\/tienda\/product\/butirometro-leche-gerber-original-butirometro-para-leche-0-a-7-gerber\/#primaryimage"},"thumbnailUrl":"https:\/\/capitalcientifica.com.mx\/tienda\/wp-content\/uploads\/2024\/02\/BUTIROMETRO-LECHE-STD.jpg","datePublished":"2024-02-02T21:28:16+00:00","dateModified":"2024-02-23T18:58:09+00:00","breadcrumb":{"@id":"https:\/\/capitalcientifica.com.mx\/tienda\/product\/butirometro-leche-gerber-original-butirometro-para-leche-0-a-7-gerber\/#breadcrumb"},"inLanguage":"es","potentialAction":[{"@type":"ReadAction","target":["https:\/\/capitalcientifica.com.mx\/tienda\/product\/butirometro-leche-gerber-original-butirometro-para-leche-0-a-7-gerber\/"]}]},{"@type":"ImageObject","inLanguage":"es","@id":"https:\/\/capitalcientifica.com.mx\/tienda\/product\/butirometro-leche-gerber-original-butirometro-para-leche-0-a-7-gerber\/#primaryimage","url":"https:\/\/capitalcientifica.com.mx\/tienda\/wp-content\/uploads\/2024\/02\/BUTIROMETRO-LECHE-STD.jpg","contentUrl":"https:\/\/capitalcientifica.com.mx\/tienda\/wp-content\/uploads\/2024\/02\/BUTIROMETRO-LECHE-STD.jpg","width":301,"height":418},{"@type":"BreadcrumbList","@id":"https:\/\/capitalcientifica.com.mx\/tienda\/product\/butirometro-leche-gerber-original-butirometro-para-leche-0-a-7-gerber\/#breadcrumb","itemListElement":[{"@type":"ListItem","position":1,"name":"Portada","item":"https:\/\/capitalcientifica.com.mx\/tienda\/"},{"@type":"ListItem","position":2,"name":"Shop","item":"https:\/\/capitalcientifica.com.mx\/tienda\/shop\/"},{"@type":"ListItem","position":3,"name":"Butirometro Leche Gerber original Butir\u00f3metro para leche 0 a 7 % GERBER"}]},{"@type":"WebSite","@id":"https:\/\/capitalcientifica.com.mx\/tienda\/#website","url":"https:\/\/capitalcientifica.com.mx\/tienda\/","name":"Capital Cient&iacute;fica","description":"Equipo para laboratorio","potentialAction":[{"@type":"SearchAction","target":{"@type":"EntryPoint","urlTemplate":"https:\/\/capitalcientifica.com.mx\/tienda\/?s={search_term_string}"},"query-input":{"@type":"PropertyValueSpecification","valueRequired":true,"valueName":"search_term_string"}}],"inLanguage":"es"}]}},"_links":{"self":[{"href":"https:\/\/capitalcientifica.com.mx\/tienda\/wp-json\/wp\/v2\/product\/11035","targetHints":{"allow":["GET"]}}],"collection":[{"href":"https:\/\/capitalcientifica.com.mx\/tienda\/wp-json\/wp\/v2\/product"}],"about":[{"href":"https:\/\/capitalcientifica.com.mx\/tienda\/wp-json\/wp\/v2\/types\/product"}],"replies":[{"embeddable":true,"href":"https:\/\/capitalcientifica.com.mx\/tienda\/wp-json\/wp\/v2\/comments?post=11035"}],"wp:featuredmedia":[{"embeddable":true,"href":"https:\/\/capitalcientifica.com.mx\/tienda\/wp-json\/wp\/v2\/media\/11036"}],"wp:attachment":[{"href":"https:\/\/capitalcientifica.com.mx\/tienda\/wp-json\/wp\/v2\/media?parent=11035"}],"wp:term":[{"taxonomy":"product_cat","embeddable":true,"href":"https:\/\/capitalcientifica.com.mx\/tienda\/wp-json\/wp\/v2\/product_cat?post=11035"},{"taxonomy":"product_tag","embeddable":true,"href":"https:\/\/capitalcientifica.com.mx\/tienda\/wp-json\/wp\/v2\/product_tag?post=11035"}],"curies":[{"name":"wp","href":"https:\/\/api.w.org\/{rel}","templated":true}]}}