{"id":11012,"date":"2023-07-21T23:32:51","date_gmt":"2023-07-21T23:32:51","guid":{"rendered":"https:\/\/capitalcientifica.com.mx\/tienda\/?post_type=product&#038;p=11012"},"modified":"2023-07-21T23:32:52","modified_gmt":"2023-07-21T23:32:52","slug":"cronometro-temporizador-con-4-canales","status":"publish","type":"product","link":"https:\/\/capitalcientifica.com.mx\/tienda\/product\/cronometro-temporizador-con-4-canales\/","title":{"rendered":"CRONOMETRO TEMPORIZADOR CON 4 CANALES"},"content":{"rendered":"<h1 class=\"ProductMeta__Title Heading u-h2\">CRONOMETRO\/TIMER\/RELOJ 4 CANALES LAB ALERT C\/PIZARRON Y MARCADOR CON ALARMA &#8211; HEATHROW<\/h1>\n<p class=\"ProductMeta__Sku Heading Text--subdued u-h6\">SKU:\u00a0<span class=\"ProductMeta__SkuNumber\">HS120365<\/span><\/p>\n","protected":false},"excerpt":{"rendered":"<h1 class=\"SEGHEADTEXT\">Temporizador LLG con pizarra blanca, 4 canales<\/h1>\n<div class=\"SEGPRESTEXT\">Este temporizador de cuatro canales tiene una pizarra blanca incorporada que ayuda a controlar el tiempo y otra informaci\u00f3n cr\u00edtica.<\/p>\n<ul>\n<li>Alarma sonora para cada canal<\/li>\n<li>La pizarra blanca integrada y el marcador de borrado en seco con punta de borrador (incluido) ayudan a mantener un registro de la informaci\u00f3n crucial<\/li>\n<li>Programas: horas\/minutos; Indicaci\u00f3n: horas\/minutos\/segundos<\/li>\n<li>Tiempo m\u00e1ximo de funcionamiento: 23 horas: 59 minutos<\/li>\n<li>Precisi\u00f3n del temporizador: \u00b15 segundos\/d\u00eda<\/li>\n<li>Direcci\u00f3n de conteo: arriba\/abajo; muestra el tiempo transcurrido despu\u00e9s de la cuenta atr\u00e1s<\/li>\n<li>Memorizaci\u00f3n del \u00faltimo ajuste<\/li>\n<li>La funci\u00f3n de confirmaci\u00f3n de pulsaci\u00f3n de teclas proporciona una indicaci\u00f3n audible de la entrada de datos<\/li>\n<li>Col\u00f3quelo en posici\u00f3n horizontal sobre un banco, utilice el soporte abatible para obtener una vista vertical o utilice el respaldo magn\u00e9tico para fijar la superficie met\u00e1lica<\/li>\n<li>Requiere dos pilas AAA (incluidas)<\/li>\n<li>Instrucciones en varios idiomas (ingl\u00e9s, franc\u00e9s, alem\u00e1n, italiano, portugu\u00e9s y espa\u00f1ol)<\/li>\n<\/ul>\n<div class=\"SEGTABTEXTWRAPPER\">\n<table class=\"SEGTABTEXT\">\n<tbody>\n<tr>\n<td>Alarma ac\u00fastica<\/td>\n<td>S\u00ed<\/td>\n<\/tr>\n<tr>\n<td>Dimensiones (AnxLxAlt)<\/td>\n<td>114,3 x 25,4 x 88,9 mm<\/td>\n<\/tr>\n<\/tbody>\n<\/table>\n<\/div>\n<\/div>\n","protected":false},"featured_media":11013,"comment_status":"closed","ping_status":"closed","template":"","meta":{"_joinchat":[]},"product_cat":[131,31,41,168,134,132],"product_tag":[],"class_list":{"0":"post-11012","1":"product","2":"type-product","3":"status-publish","4":"has-post-thumbnail","6":"product_cat-cronometros","7":"product_cat-hanna-instruments","8":"product_cat-heathrow-scientific","9":"product_cat-productos-destacados","10":"product_cat-relojes-de-mesa","11":"product_cat-timers","13":"first","14":"instock","15":"shipping-taxable","16":"product-type-simple","17":"col-xs-6 col-sm-4","18":"col-md-3 col-lg-3","19":"un-4-cols"},"yoast_head":"<!-- This site is optimized with the Yoast SEO plugin v27.2 - https:\/\/yoast.com\/product\/yoast-seo-wordpress\/ -->\n<title>CRONOMETRO TEMPORIZADOR CON 4 CANALES - Capital Cient&iacute;fica<\/title>\n<meta name=\"robots\" content=\"index, follow, max-snippet:-1, max-image-preview:large, max-video-preview:-1\" \/>\n<link rel=\"canonical\" href=\"https:\/\/capitalcientifica.com.mx\/tienda\/product\/cronometro-temporizador-con-4-canales\/\" \/>\n<meta property=\"og:locale\" content=\"es_ES\" \/>\n<meta property=\"og:type\" content=\"article\" \/>\n<meta property=\"og:title\" content=\"CRONOMETRO TEMPORIZADOR CON 4 CANALES - Capital Cient&iacute;fica\" \/>\n<meta property=\"og:description\" content=\"Temporizador LLG con pizarra blanca, 4 canales Este temporizador de cuatro canales tiene una pizarra blanca incorporada que ayuda a controlar el tiempo y otra informaci\u00f3n cr\u00edtica.   Alarma sonora para cada canal  La pizarra blanca integrada y el marcador de borrado en seco con punta de borrador (incluido) ayudan a mantener un registro de la informaci\u00f3n crucial  Programas: horas\/minutos; Indicaci\u00f3n: horas\/minutos\/segundos  Tiempo m\u00e1ximo de funcionamiento: 23 horas: 59 minutos  Precisi\u00f3n del temporizador: \u00b15 segundos\/d\u00eda  Direcci\u00f3n de conteo: arriba\/abajo; muestra el tiempo transcurrido despu\u00e9s de la cuenta atr\u00e1s  Memorizaci\u00f3n del \u00faltimo ajuste  La funci\u00f3n de confirmaci\u00f3n de pulsaci\u00f3n de teclas proporciona una indicaci\u00f3n audible de la entrada de datos  Col\u00f3quelo en posici\u00f3n horizontal sobre un banco, utilice el soporte abatible para obtener una vista vertical o utilice el respaldo magn\u00e9tico para fijar la superficie met\u00e1lica  Requiere dos pilas AAA (incluidas)  Instrucciones en varios idiomas (ingl\u00e9s, franc\u00e9s, alem\u00e1n, italiano, portugu\u00e9s y espa\u00f1ol)      Alarma ac\u00fastica S\u00ed   Dimensiones (AnxLxAlt) 114,3 x 25,4 x 88,9 mm\" \/>\n<meta property=\"og:url\" content=\"https:\/\/capitalcientifica.com.mx\/tienda\/product\/cronometro-temporizador-con-4-canales\/\" \/>\n<meta property=\"og:site_name\" content=\"Capital Cient&iacute;fica\" \/>\n<meta property=\"article:modified_time\" content=\"2023-07-21T23:32:52+00:00\" \/>\n<meta property=\"og:image\" content=\"https:\/\/capitalcientifica.com.mx\/tienda\/wp-content\/uploads\/2023\/07\/CRONOMETRO-4-CANALES-CON-IDENTIFICADOR.jpg\" \/>\n\t<meta property=\"og:image:width\" content=\"513\" \/>\n\t<meta property=\"og:image:height\" content=\"379\" \/>\n\t<meta property=\"og:image:type\" content=\"image\/jpeg\" \/>\n<meta name=\"twitter:card\" content=\"summary_large_image\" \/>\n<meta name=\"twitter:label1\" content=\"Tiempo de lectura\" \/>\n\t<meta name=\"twitter:data1\" content=\"1 minuto\" \/>\n<script type=\"application\/ld+json\" class=\"yoast-schema-graph\">{\"@context\":\"https:\/\/schema.org\",\"@graph\":[{\"@type\":\"WebPage\",\"@id\":\"https:\/\/capitalcientifica.com.mx\/tienda\/product\/cronometro-temporizador-con-4-canales\/\",\"url\":\"https:\/\/capitalcientifica.com.mx\/tienda\/product\/cronometro-temporizador-con-4-canales\/\",\"name\":\"CRONOMETRO TEMPORIZADOR CON 4 CANALES - Capital Cient&iacute;fica\",\"isPartOf\":{\"@id\":\"https:\/\/capitalcientifica.com.mx\/tienda\/#website\"},\"primaryImageOfPage\":{\"@id\":\"https:\/\/capitalcientifica.com.mx\/tienda\/product\/cronometro-temporizador-con-4-canales\/#primaryimage\"},\"image\":{\"@id\":\"https:\/\/capitalcientifica.com.mx\/tienda\/product\/cronometro-temporizador-con-4-canales\/#primaryimage\"},\"thumbnailUrl\":\"https:\/\/capitalcientifica.com.mx\/tienda\/wp-content\/uploads\/2023\/07\/CRONOMETRO-4-CANALES-CON-IDENTIFICADOR.jpg\",\"datePublished\":\"2023-07-21T23:32:51+00:00\",\"dateModified\":\"2023-07-21T23:32:52+00:00\",\"breadcrumb\":{\"@id\":\"https:\/\/capitalcientifica.com.mx\/tienda\/product\/cronometro-temporizador-con-4-canales\/#breadcrumb\"},\"inLanguage\":\"es\",\"potentialAction\":[{\"@type\":\"ReadAction\",\"target\":[\"https:\/\/capitalcientifica.com.mx\/tienda\/product\/cronometro-temporizador-con-4-canales\/\"]}]},{\"@type\":\"ImageObject\",\"inLanguage\":\"es\",\"@id\":\"https:\/\/capitalcientifica.com.mx\/tienda\/product\/cronometro-temporizador-con-4-canales\/#primaryimage\",\"url\":\"https:\/\/capitalcientifica.com.mx\/tienda\/wp-content\/uploads\/2023\/07\/CRONOMETRO-4-CANALES-CON-IDENTIFICADOR.jpg\",\"contentUrl\":\"https:\/\/capitalcientifica.com.mx\/tienda\/wp-content\/uploads\/2023\/07\/CRONOMETRO-4-CANALES-CON-IDENTIFICADOR.jpg\",\"width\":513,\"height\":379},{\"@type\":\"BreadcrumbList\",\"@id\":\"https:\/\/capitalcientifica.com.mx\/tienda\/product\/cronometro-temporizador-con-4-canales\/#breadcrumb\",\"itemListElement\":[{\"@type\":\"ListItem\",\"position\":1,\"name\":\"Portada\",\"item\":\"https:\/\/capitalcientifica.com.mx\/tienda\/\"},{\"@type\":\"ListItem\",\"position\":2,\"name\":\"Shop\",\"item\":\"https:\/\/capitalcientifica.com.mx\/tienda\/shop\/\"},{\"@type\":\"ListItem\",\"position\":3,\"name\":\"CRONOMETRO TEMPORIZADOR CON 4 CANALES\"}]},{\"@type\":\"WebSite\",\"@id\":\"https:\/\/capitalcientifica.com.mx\/tienda\/#website\",\"url\":\"https:\/\/capitalcientifica.com.mx\/tienda\/\",\"name\":\"Capital Cient&iacute;fica\",\"description\":\"Equipo para laboratorio\",\"potentialAction\":[{\"@type\":\"SearchAction\",\"target\":{\"@type\":\"EntryPoint\",\"urlTemplate\":\"https:\/\/capitalcientifica.com.mx\/tienda\/?s={search_term_string}\"},\"query-input\":{\"@type\":\"PropertyValueSpecification\",\"valueRequired\":true,\"valueName\":\"search_term_string\"}}],\"inLanguage\":\"es\"}]}<\/script>\n<!-- \/ Yoast SEO plugin. -->","yoast_head_json":{"title":"CRONOMETRO TEMPORIZADOR CON 4 CANALES - Capital Cient&iacute;fica","robots":{"index":"index","follow":"follow","max-snippet":"max-snippet:-1","max-image-preview":"max-image-preview:large","max-video-preview":"max-video-preview:-1"},"canonical":"https:\/\/capitalcientifica.com.mx\/tienda\/product\/cronometro-temporizador-con-4-canales\/","og_locale":"es_ES","og_type":"article","og_title":"CRONOMETRO TEMPORIZADOR CON 4 CANALES - Capital Cient&iacute;fica","og_description":"Temporizador LLG con pizarra blanca, 4 canales Este temporizador de cuatro canales tiene una pizarra blanca incorporada que ayuda a controlar el tiempo y otra informaci\u00f3n cr\u00edtica.   Alarma sonora para cada canal  La pizarra blanca integrada y el marcador de borrado en seco con punta de borrador (incluido) ayudan a mantener un registro de la informaci\u00f3n crucial  Programas: horas\/minutos; Indicaci\u00f3n: horas\/minutos\/segundos  Tiempo m\u00e1ximo de funcionamiento: 23 horas: 59 minutos  Precisi\u00f3n del temporizador: \u00b15 segundos\/d\u00eda  Direcci\u00f3n de conteo: arriba\/abajo; muestra el tiempo transcurrido despu\u00e9s de la cuenta atr\u00e1s  Memorizaci\u00f3n del \u00faltimo ajuste  La funci\u00f3n de confirmaci\u00f3n de pulsaci\u00f3n de teclas proporciona una indicaci\u00f3n audible de la entrada de datos  Col\u00f3quelo en posici\u00f3n horizontal sobre un banco, utilice el soporte abatible para obtener una vista vertical o utilice el respaldo magn\u00e9tico para fijar la superficie met\u00e1lica  Requiere dos pilas AAA (incluidas)  Instrucciones en varios idiomas (ingl\u00e9s, franc\u00e9s, alem\u00e1n, italiano, portugu\u00e9s y espa\u00f1ol)      Alarma ac\u00fastica S\u00ed   Dimensiones (AnxLxAlt) 114,3 x 25,4 x 88,9 mm","og_url":"https:\/\/capitalcientifica.com.mx\/tienda\/product\/cronometro-temporizador-con-4-canales\/","og_site_name":"Capital Cient&iacute;fica","article_modified_time":"2023-07-21T23:32:52+00:00","og_image":[{"width":513,"height":379,"url":"https:\/\/capitalcientifica.com.mx\/tienda\/wp-content\/uploads\/2023\/07\/CRONOMETRO-4-CANALES-CON-IDENTIFICADOR.jpg","type":"image\/jpeg"}],"twitter_card":"summary_large_image","twitter_misc":{"Tiempo de lectura":"1 minuto"},"schema":{"@context":"https:\/\/schema.org","@graph":[{"@type":"WebPage","@id":"https:\/\/capitalcientifica.com.mx\/tienda\/product\/cronometro-temporizador-con-4-canales\/","url":"https:\/\/capitalcientifica.com.mx\/tienda\/product\/cronometro-temporizador-con-4-canales\/","name":"CRONOMETRO TEMPORIZADOR CON 4 CANALES - Capital Cient&iacute;fica","isPartOf":{"@id":"https:\/\/capitalcientifica.com.mx\/tienda\/#website"},"primaryImageOfPage":{"@id":"https:\/\/capitalcientifica.com.mx\/tienda\/product\/cronometro-temporizador-con-4-canales\/#primaryimage"},"image":{"@id":"https:\/\/capitalcientifica.com.mx\/tienda\/product\/cronometro-temporizador-con-4-canales\/#primaryimage"},"thumbnailUrl":"https:\/\/capitalcientifica.com.mx\/tienda\/wp-content\/uploads\/2023\/07\/CRONOMETRO-4-CANALES-CON-IDENTIFICADOR.jpg","datePublished":"2023-07-21T23:32:51+00:00","dateModified":"2023-07-21T23:32:52+00:00","breadcrumb":{"@id":"https:\/\/capitalcientifica.com.mx\/tienda\/product\/cronometro-temporizador-con-4-canales\/#breadcrumb"},"inLanguage":"es","potentialAction":[{"@type":"ReadAction","target":["https:\/\/capitalcientifica.com.mx\/tienda\/product\/cronometro-temporizador-con-4-canales\/"]}]},{"@type":"ImageObject","inLanguage":"es","@id":"https:\/\/capitalcientifica.com.mx\/tienda\/product\/cronometro-temporizador-con-4-canales\/#primaryimage","url":"https:\/\/capitalcientifica.com.mx\/tienda\/wp-content\/uploads\/2023\/07\/CRONOMETRO-4-CANALES-CON-IDENTIFICADOR.jpg","contentUrl":"https:\/\/capitalcientifica.com.mx\/tienda\/wp-content\/uploads\/2023\/07\/CRONOMETRO-4-CANALES-CON-IDENTIFICADOR.jpg","width":513,"height":379},{"@type":"BreadcrumbList","@id":"https:\/\/capitalcientifica.com.mx\/tienda\/product\/cronometro-temporizador-con-4-canales\/#breadcrumb","itemListElement":[{"@type":"ListItem","position":1,"name":"Portada","item":"https:\/\/capitalcientifica.com.mx\/tienda\/"},{"@type":"ListItem","position":2,"name":"Shop","item":"https:\/\/capitalcientifica.com.mx\/tienda\/shop\/"},{"@type":"ListItem","position":3,"name":"CRONOMETRO TEMPORIZADOR CON 4 CANALES"}]},{"@type":"WebSite","@id":"https:\/\/capitalcientifica.com.mx\/tienda\/#website","url":"https:\/\/capitalcientifica.com.mx\/tienda\/","name":"Capital Cient&iacute;fica","description":"Equipo para laboratorio","potentialAction":[{"@type":"SearchAction","target":{"@type":"EntryPoint","urlTemplate":"https:\/\/capitalcientifica.com.mx\/tienda\/?s={search_term_string}"},"query-input":{"@type":"PropertyValueSpecification","valueRequired":true,"valueName":"search_term_string"}}],"inLanguage":"es"}]}},"_links":{"self":[{"href":"https:\/\/capitalcientifica.com.mx\/tienda\/wp-json\/wp\/v2\/product\/11012","targetHints":{"allow":["GET"]}}],"collection":[{"href":"https:\/\/capitalcientifica.com.mx\/tienda\/wp-json\/wp\/v2\/product"}],"about":[{"href":"https:\/\/capitalcientifica.com.mx\/tienda\/wp-json\/wp\/v2\/types\/product"}],"replies":[{"embeddable":true,"href":"https:\/\/capitalcientifica.com.mx\/tienda\/wp-json\/wp\/v2\/comments?post=11012"}],"wp:featuredmedia":[{"embeddable":true,"href":"https:\/\/capitalcientifica.com.mx\/tienda\/wp-json\/wp\/v2\/media\/11013"}],"wp:attachment":[{"href":"https:\/\/capitalcientifica.com.mx\/tienda\/wp-json\/wp\/v2\/media?parent=11012"}],"wp:term":[{"taxonomy":"product_cat","embeddable":true,"href":"https:\/\/capitalcientifica.com.mx\/tienda\/wp-json\/wp\/v2\/product_cat?post=11012"},{"taxonomy":"product_tag","embeddable":true,"href":"https:\/\/capitalcientifica.com.mx\/tienda\/wp-json\/wp\/v2\/product_tag?post=11012"}],"curies":[{"name":"wp","href":"https:\/\/api.w.org\/{rel}","templated":true}]}}