{"id":5763,"date":"2022-09-15T20:28:39","date_gmt":"2022-09-15T20:28:39","guid":{"rendered":"https:\/\/www.capitalcientifica.com.mx\/?page_id=5763"},"modified":"2022-10-29T19:21:33","modified_gmt":"2022-10-29T19:21:33","slug":"capital-cientifica-mexico","status":"publish","type":"page","link":"https:\/\/capitalcientifica.com.mx\/tienda\/","title":{"rendered":"Inicio"},"content":{"rendered":"<div class=\"wpb-content-wrapper\"><p>[vc_row full_width=\u00bbstretch_row_content_no_spaces\u00bb][vc_column]<div class=\"martfury-empty-space \"><div class=\"mf_empty_space_lg\"  style=\"height: 30px\"><\/div><div class=\"mf_empty_space_md\"  style=\"height: 30px\"><\/div><div class=\"mf_empty_space_xs\"  style=\"height: 30px\"><\/div><\/div>[vc_column_text]<\/p>\n<h1 style=\"text-align: center;\">Equipo para Laboratorio<\/h1>\n<p>[\/vc_column_text]<div class=\"martfury-empty-space \"><div class=\"mf_empty_space_lg\"  style=\"height: 30px\"><\/div><div class=\"mf_empty_space_md\"  style=\"height: 30px\"><\/div><div class=\"mf_empty_space_xs\"  style=\"height: 30px\"><\/div><\/div><div class=\"woocommerce columns-6 \"><ul class=\"products columns-6\">\n<li class=\"col-xs-6 col-sm-4 col-md-3 col-lg-2 un-6-cols product type-product post-1411 status-publish first instock product_cat-de-precision product_cat-densimetros-y-brixometros product_cat-gerber-instruments product_cat-productos-destacados product_tag-equipo-de-laboratorio product_tag-equipo-para-laboratorio product_tag-thermo-lactodensimeter-quevenne has-post-thumbnail featured shipping-taxable product-type-simple\">\n\t<div class=\"product-inner  clearfix\"><div class=\"mf-product-thumbnail\"><a href=\"https:\/\/capitalcientifica.com.mx\/tienda\/product\/thermolactodensimeter-quevenne-with-thermometer-con-termometro-05-1020\/\"><img loading=\"lazy\" decoding=\"async\" width=\"159\" height=\"207\" src=\"https:\/\/capitalcientifica.com.mx\/tienda\/wp-content\/uploads\/2022\/01\/LACTOMETRO-TERMOMETRO.jpg\" class=\"attachment-woocommerce_thumbnail size-woocommerce_thumbnail\" alt=\"Thermo lactodensimeter Quevenne\" \/><\/a><\/div><div class=\"mf-product-details\"><div class=\"mf-product-content\"><h2 class=\"woo-loop-product__title\"><a href=\"https:\/\/capitalcientifica.com.mx\/tienda\/product\/thermolactodensimeter-quevenne-with-thermometer-con-termometro-05-1020\/\">Thermo lactodensimeter Quevenne<\/a><\/h2><\/div><div class=\"mf-product-price-box\">\n<\/div><\/div><\/div><\/li>\n<li class=\"col-xs-6 col-sm-4 col-md-3 col-lg-2 un-6-cols product type-product post-1405 status-publish instock product_cat-consumibles product_cat-gerber-instruments product_cat-productos-destacados product_tag-equipo-de-laboratorio product_tag-equipo-para-laboratorio product_tag-soluciones-para-calibracion-de-crioscopo has-post-thumbnail featured shipping-taxable product-type-simple\">\n\t<div class=\"product-inner  clearfix\"><div class=\"mf-product-thumbnail\"><a href=\"https:\/\/capitalcientifica.com.mx\/tienda\/product\/soluciones-para-calibracion-de-crioscopo-consumables-for-cyroscope-c1-and-c1a-lactrol-530-solucion-621-solucion-422\/\"><img loading=\"lazy\" decoding=\"async\" width=\"300\" height=\"300\" src=\"https:\/\/capitalcientifica.com.mx\/tienda\/wp-content\/uploads\/2022\/01\/lactrol-530-300x300.jpg\" class=\"attachment-woocommerce_thumbnail size-woocommerce_thumbnail\" alt=\"Soluciones para Calibracion de Crioscopo\" srcset=\"https:\/\/capitalcientifica.com.mx\/tienda\/wp-content\/uploads\/2022\/01\/lactrol-530-300x300.jpg 300w, https:\/\/capitalcientifica.com.mx\/tienda\/wp-content\/uploads\/2022\/01\/lactrol-530-100x100.jpg 100w, https:\/\/capitalcientifica.com.mx\/tienda\/wp-content\/uploads\/2022\/01\/lactrol-530-150x150.jpg 150w\" sizes=\"auto, (max-width: 300px) 100vw, 300px\" \/><\/a><\/div><div class=\"mf-product-details\"><div class=\"mf-product-content\"><h2 class=\"woo-loop-product__title\"><a href=\"https:\/\/capitalcientifica.com.mx\/tienda\/product\/soluciones-para-calibracion-de-crioscopo-consumables-for-cyroscope-c1-and-c1a-lactrol-530-solucion-621-solucion-422\/\">Soluciones para Calibracion de Crioscopo<\/a><\/h2><\/div><div class=\"mf-product-price-box\">\n<\/div><\/div><\/div><\/li>\n<li class=\"col-xs-6 col-sm-4 col-md-3 col-lg-2 un-6-cols product type-product post-1403 status-publish instock product_cat-equipos-de-laboratorio product_cat-fabricacion-nacional product_tag-equipo-de-laboratorio product_tag-equipo-para-laboratorio product_tag-parrilla-de-calentamiento-fabricados-totalmente-en-acero-inoxidable has-post-thumbnail featured shipping-taxable product-type-simple\">\n\t<div class=\"product-inner  clearfix\"><div class=\"mf-product-thumbnail\"><a href=\"https:\/\/capitalcientifica.com.mx\/tienda\/product\/parrilla-de-calentamiento-fabricados-totalmente-en-acero-inoxidable\/\"><img loading=\"lazy\" decoding=\"async\" width=\"300\" height=\"246\" src=\"https:\/\/capitalcientifica.com.mx\/tienda\/wp-content\/uploads\/2022\/01\/parrilla-de-calentamiento-300x246.jpg\" class=\"attachment-woocommerce_thumbnail size-woocommerce_thumbnail\" alt=\"PARRILLA DE CALENTAMIENTO  FABRICADOS TOTALMENTE EN ACERO INOXIDABLE\" \/><\/a><\/div><div class=\"mf-product-details\"><div class=\"mf-product-content\"><h2 class=\"woo-loop-product__title\"><a href=\"https:\/\/capitalcientifica.com.mx\/tienda\/product\/parrilla-de-calentamiento-fabricados-totalmente-en-acero-inoxidable\/\">PARRILLA DE CALENTAMIENTO  FABRICADOS TOTALMENTE EN ACERO INOXIDABLE<\/a><\/h2><\/div><div class=\"mf-product-price-box\">\n<\/div><\/div><\/div><\/li>\n<li class=\"col-xs-6 col-sm-4 col-md-3 col-lg-2 un-6-cols product type-product post-1383 status-publish instock product_cat-equipos-de-laboratorio product_cat-fabricacion product_tag-equipo-de-laboratorio product_tag-equipo-para-laboratorio product_tag-linea-micro-kjeldahl-digestion-6-unidades-y-micro-destilacion-6-unidades has-post-thumbnail featured shipping-taxable product-type-simple\">\n\t<div class=\"product-inner  clearfix\"><div class=\"mf-product-thumbnail\"><a href=\"https:\/\/capitalcientifica.com.mx\/tienda\/product\/linea-micro-kjeldahl-digestion-6-unidades-y-micro-destilacion-6-unidades\/\"><img loading=\"lazy\" decoding=\"async\" width=\"300\" height=\"213\" src=\"https:\/\/capitalcientifica.com.mx\/tienda\/wp-content\/uploads\/2022\/01\/kjendahl-micro-de-6-unidades-300x213.jpg\" class=\"attachment-woocommerce_thumbnail size-woocommerce_thumbnail\" alt=\"LINEA MICRO KJELDAHL DIGESTION 6 UNIDADES Y MICRO DESTILACION 6 UNIDADES\" \/><\/a><\/div><div class=\"mf-product-details\"><div class=\"mf-product-content\"><h2 class=\"woo-loop-product__title\"><a href=\"https:\/\/capitalcientifica.com.mx\/tienda\/product\/linea-micro-kjeldahl-digestion-6-unidades-y-micro-destilacion-6-unidades\/\">LINEA MICRO KJELDAHL DIGESTION 6 UNIDADES Y MICRO DESTILACION 6 UNIDADES<\/a><\/h2><\/div><div class=\"mf-product-price-box\">\n<\/div><\/div><\/div><\/li>\n<li class=\"col-xs-6 col-sm-4 col-md-3 col-lg-2 un-6-cols product type-product post-1381 status-publish instock product_cat-equipos-de-laboratorio product_cat-fabricacion product_tag-equipo-de-laboratorio product_tag-equipo-para-laboratorio product_tag-linea-kjeldahl-digestion-6-unidades-y-destilacion-6-unidades has-post-thumbnail featured shipping-taxable product-type-simple\">\n\t<div class=\"product-inner  clearfix\"><div class=\"mf-product-thumbnail\"><a href=\"https:\/\/capitalcientifica.com.mx\/tienda\/product\/linea-kjeldahl-digestion-6-unidades-y-destilacion-6-unidades\/\"><img loading=\"lazy\" decoding=\"async\" width=\"300\" height=\"182\" src=\"https:\/\/capitalcientifica.com.mx\/tienda\/wp-content\/uploads\/2022\/01\/kjendahl-destilacion-y-digestion-300x182.jpg\" class=\"attachment-woocommerce_thumbnail size-woocommerce_thumbnail\" alt=\"LINEA KJELDAHL DIGESTION 6 UNIDADES Y DESTILACION 6 UNIDADES\" \/><\/a><\/div><div class=\"mf-product-details\"><div class=\"mf-product-content\"><h2 class=\"woo-loop-product__title\"><a href=\"https:\/\/capitalcientifica.com.mx\/tienda\/product\/linea-kjeldahl-digestion-6-unidades-y-destilacion-6-unidades\/\">LINEA KJELDAHL DIGESTION 6 UNIDADES Y DESTILACION 6 UNIDADES<\/a><\/h2><\/div><div class=\"mf-product-price-box\">\n<\/div><\/div><\/div><\/li>\n<li class=\"col-xs-6 col-sm-4 col-md-3 col-lg-2 un-6-cols product type-product post-1387 status-publish last instock product_cat-equipos-de-laboratorio product_cat-fabricacion product_tag-equipo-de-laboratorio product_tag-equipo-para-laboratorio product_tag-kjeldahl-destilador-rapido-1-unidad has-post-thumbnail featured shipping-taxable product-type-simple\">\n\t<div class=\"product-inner  clearfix\"><div class=\"mf-product-thumbnail\"><a href=\"https:\/\/capitalcientifica.com.mx\/tienda\/product\/kjeldahl-destilador-rapido-1-unidad\/\"><img loading=\"lazy\" decoding=\"async\" width=\"300\" height=\"231\" src=\"https:\/\/capitalcientifica.com.mx\/tienda\/wp-content\/uploads\/2022\/01\/kjendahl-rapido-1-unidad-300x231.jpg\" class=\"attachment-woocommerce_thumbnail size-woocommerce_thumbnail\" alt=\"KJELDAHL DESTILADOR RAPIDO 1 UNIDAD\" \/><\/a><\/div><div class=\"mf-product-details\"><div class=\"mf-product-content\"><h2 class=\"woo-loop-product__title\"><a href=\"https:\/\/capitalcientifica.com.mx\/tienda\/product\/kjeldahl-destilador-rapido-1-unidad\/\">KJELDAHL DESTILADOR RAPIDO 1 UNIDAD<\/a><\/h2><\/div><div class=\"mf-product-price-box\">\n<\/div><\/div><\/div><\/li>\n<li class=\"col-xs-6 col-sm-4 col-md-3 col-lg-2 un-6-cols product type-product post-1379 status-publish first instock product_cat-equipos-de-laboratorio product_cat-fabricacion product_tag-equipo-de-laboratorio product_tag-equipo-para-laboratorio product_tag-kjeldahl-combinado-gabinete has-post-thumbnail featured shipping-taxable product-type-simple\">\n\t<div class=\"product-inner  clearfix\"><div class=\"mf-product-thumbnail\"><a href=\"https:\/\/capitalcientifica.com.mx\/tienda\/product\/kjeldahl-combinado-gabinete-2\/\"><img loading=\"lazy\" decoding=\"async\" width=\"117\" height=\"215\" src=\"https:\/\/capitalcientifica.com.mx\/tienda\/wp-content\/uploads\/2022\/01\/KJENDAHL-CON-GABINETE-1.jpg\" class=\"attachment-woocommerce_thumbnail size-woocommerce_thumbnail\" alt=\"KJELDAHL COMBINADO GABINETE\" \/><\/a><\/div><div class=\"mf-product-details\"><div class=\"mf-product-content\"><h2 class=\"woo-loop-product__title\"><a href=\"https:\/\/capitalcientifica.com.mx\/tienda\/product\/kjeldahl-combinado-gabinete-2\/\">KJELDAHL COMBINADO GABINETE<\/a><\/h2><\/div><div class=\"mf-product-price-box\">\n<\/div><\/div><\/div><\/li>\n<li class=\"col-xs-6 col-sm-4 col-md-3 col-lg-2 un-6-cols product type-product post-1407 status-publish instock product_cat-densimetros-y-brixometros product_cat-gerber-instruments product_tag-equipo-de-laboratorio product_tag-equipo-para-laboratorio product_tag-hydrometer-for-condensed-milk has-post-thumbnail featured shipping-taxable product-type-simple\">\n\t<div class=\"product-inner  clearfix\"><div class=\"mf-product-thumbnail\"><a href=\"https:\/\/capitalcientifica.com.mx\/tienda\/product\/hydrometer-for-condensed-milk-without-thermometer-sin-termometro\/\"><img loading=\"lazy\" decoding=\"async\" width=\"204\" height=\"208\" src=\"https:\/\/capitalcientifica.com.mx\/tienda\/wp-content\/uploads\/2022\/01\/LACTOMETRO-SIN-TERM.jpg\" class=\"attachment-woocommerce_thumbnail size-woocommerce_thumbnail\" alt=\"Hydrometer for Condensed Milk\" \/><\/a><\/div><div class=\"mf-product-details\"><div class=\"mf-product-content\"><h2 class=\"woo-loop-product__title\"><a href=\"https:\/\/capitalcientifica.com.mx\/tienda\/product\/hydrometer-for-condensed-milk-without-thermometer-sin-termometro\/\">Hydrometer for Condensed Milk<\/a><\/h2><\/div><div class=\"mf-product-price-box\">\n<\/div><\/div><\/div><\/li>\n<li class=\"col-xs-6 col-sm-4 col-md-3 col-lg-2 un-6-cols product type-product post-1389 status-publish instock product_cat-equipos-de-laboratorio product_cat-fabricacion product_tag-equipo-de-laboratorio product_tag-equipo-para-laboratorio product_tag-goldfish-y-fibra-cruda has-post-thumbnail featured shipping-taxable product-type-simple\">\n\t<div class=\"product-inner  clearfix\"><div class=\"mf-product-thumbnail\"><a href=\"https:\/\/capitalcientifica.com.mx\/tienda\/product\/goldfish-y-fibra-cruda\/\"><img loading=\"lazy\" decoding=\"async\" width=\"300\" height=\"238\" src=\"https:\/\/capitalcientifica.com.mx\/tienda\/wp-content\/uploads\/2022\/01\/gold-fish-fibra-cruda-300x238.jpg\" class=\"attachment-woocommerce_thumbnail size-woocommerce_thumbnail\" alt=\"GOLDFISH Y FIBRA CRUDA\" \/><\/a><\/div><div class=\"mf-product-details\"><div class=\"mf-product-content\"><h2 class=\"woo-loop-product__title\"><a href=\"https:\/\/capitalcientifica.com.mx\/tienda\/product\/goldfish-y-fibra-cruda\/\">GOLDFISH Y FIBRA CRUDA<\/a><\/h2><\/div><div class=\"mf-product-price-box\">\n<\/div><\/div><\/div><\/li>\n<li class=\"col-xs-6 col-sm-4 col-md-3 col-lg-2 un-6-cols product type-product post-1398 status-publish instock product_cat-equipos-de-laboratorio product_cat-vidrieria product_tag-equipo-de-laboratorio product_tag-equipo-de-vidrieria-vari-heat-soxthlet product_tag-equipo-para-laboratorio has-post-thumbnail featured shipping-taxable product-type-simple\">\n\t<div class=\"product-inner  clearfix\"><div class=\"mf-product-thumbnail\"><a href=\"https:\/\/capitalcientifica.com.mx\/tienda\/product\/equipo-de-vidrieria-vari-heat-soxthlet\/\"><img loading=\"lazy\" decoding=\"async\" width=\"235\" height=\"300\" src=\"https:\/\/capitalcientifica.com.mx\/tienda\/wp-content\/uploads\/2022\/01\/SOXTHLET-235x300.jpg\" class=\"attachment-woocommerce_thumbnail size-woocommerce_thumbnail\" alt=\"EQUIPO DE VIDRIERIA VARI-HEAT (SOXTHLET)\" \/><\/a><\/div><div class=\"mf-product-details\"><div class=\"mf-product-content\"><h2 class=\"woo-loop-product__title\"><a href=\"https:\/\/capitalcientifica.com.mx\/tienda\/product\/equipo-de-vidrieria-vari-heat-soxthlet\/\">EQUIPO DE VIDRIERIA VARI-HEAT (SOXTHLET)<\/a><\/h2><\/div><div class=\"mf-product-price-box\">\n<\/div><\/div><\/div><\/li>\n<li class=\"col-xs-6 col-sm-4 col-md-3 col-lg-2 un-6-cols product type-product post-1391 status-publish instock product_cat-equipos-de-laboratorio product_cat-fabricacion product_tag-equipo-de-extraccion-vari-heat-soxthlet product_tag-equipo-de-laboratorio product_tag-equipo-para-laboratorio has-post-thumbnail featured shipping-taxable product-type-simple\">\n\t<div class=\"product-inner  clearfix\"><div class=\"mf-product-thumbnail\"><a href=\"https:\/\/capitalcientifica.com.mx\/tienda\/product\/equipo-de-extraccion-vari-heat-soxthlet\/\"><img loading=\"lazy\" decoding=\"async\" width=\"291\" height=\"240\" src=\"https:\/\/capitalcientifica.com.mx\/tienda\/wp-content\/uploads\/2022\/01\/vari-heat.jpg\" class=\"attachment-woocommerce_thumbnail size-woocommerce_thumbnail\" alt=\"EQUIPO DE EXTRACCION VARI-HEAT (SOXTHLET)\" \/><\/a><\/div><div class=\"mf-product-details\"><div class=\"mf-product-content\"><h2 class=\"woo-loop-product__title\"><a href=\"https:\/\/capitalcientifica.com.mx\/tienda\/product\/equipo-de-extraccion-vari-heat-soxthlet\/\">EQUIPO DE EXTRACCION VARI-HEAT (SOXTHLET)<\/a><\/h2><\/div><div class=\"mf-product-price-box\">\n<\/div><\/div><\/div><\/li>\n<li class=\"col-xs-6 col-sm-4 col-md-3 col-lg-2 un-6-cols product type-product post-11053 status-publish last instock product_cat-consumibles product_cat-fabricacion-nacional product_cat-plastico product_cat-productos-destacados product_cat-promociones product_tag-caja-con-360-pz-930-00 has-post-thumbnail featured shipping-taxable product-type-simple\">\n\t<div class=\"product-inner  clearfix\"><div class=\"mf-product-thumbnail\"><a href=\"https:\/\/capitalcientifica.com.mx\/tienda\/product\/caja-petri-desechable-de-90x15\/\"><img loading=\"lazy\" decoding=\"async\" width=\"300\" height=\"300\" src=\"https:\/\/capitalcientifica.com.mx\/tienda\/wp-content\/uploads\/2024\/02\/90X15CAPITAL-LOGO-300x300.jpg\" class=\"attachment-woocommerce_thumbnail size-woocommerce_thumbnail\" alt=\"CAJA PETRI DESECHABLE DE 90X15\" srcset=\"https:\/\/capitalcientifica.com.mx\/tienda\/wp-content\/uploads\/2024\/02\/90X15CAPITAL-LOGO-300x300.jpg 300w, https:\/\/capitalcientifica.com.mx\/tienda\/wp-content\/uploads\/2024\/02\/90X15CAPITAL-LOGO-150x150.jpg 150w, https:\/\/capitalcientifica.com.mx\/tienda\/wp-content\/uploads\/2024\/02\/90X15CAPITAL-LOGO-100x100.jpg 100w\" sizes=\"auto, (max-width: 300px) 100vw, 300px\" \/><\/a><\/div><div class=\"mf-product-details\"><div class=\"mf-product-content\"><h2 class=\"woo-loop-product__title\"><a href=\"https:\/\/capitalcientifica.com.mx\/tienda\/product\/caja-petri-desechable-de-90x15\/\">CAJA PETRI DESECHABLE DE 90X15<\/a><\/h2><\/div><div class=\"mf-product-price-box\">\n<\/div><\/div><\/div><\/li>\n<li class=\"col-xs-6 col-sm-4 col-md-3 col-lg-2 un-6-cols product type-product post-1394 status-publish first instock product_cat-equipos-de-laboratorio product_cat-fabricacion-nacional product_tag-bomba-de-presion-y-vacio product_tag-equipo-de-laboratorio product_tag-equipo-para-laboratorio has-post-thumbnail featured shipping-taxable product-type-simple\">\n\t<div class=\"product-inner  clearfix\"><div class=\"mf-product-thumbnail\"><a href=\"https:\/\/capitalcientifica.com.mx\/tienda\/product\/bomba-de-presion-y-vacio\/\"><img loading=\"lazy\" decoding=\"async\" width=\"300\" height=\"300\" src=\"https:\/\/capitalcientifica.com.mx\/tienda\/wp-content\/uploads\/2022\/01\/bomba-de-vacio-300x300.jpg\" class=\"attachment-woocommerce_thumbnail size-woocommerce_thumbnail\" alt=\"BOMBA DE PRESION Y VACIO\" srcset=\"https:\/\/capitalcientifica.com.mx\/tienda\/wp-content\/uploads\/2022\/01\/bomba-de-vacio-300x300.jpg 300w, https:\/\/capitalcientifica.com.mx\/tienda\/wp-content\/uploads\/2022\/01\/bomba-de-vacio-100x100.jpg 100w, https:\/\/capitalcientifica.com.mx\/tienda\/wp-content\/uploads\/2022\/01\/bomba-de-vacio-150x150.jpg 150w\" sizes=\"auto, (max-width: 300px) 100vw, 300px\" \/><\/a><\/div><div class=\"mf-product-details\"><div class=\"mf-product-content\"><h2 class=\"woo-loop-product__title\"><a href=\"https:\/\/capitalcientifica.com.mx\/tienda\/product\/bomba-de-presion-y-vacio\/\">BOMBA DE PRESION Y VACIO<\/a><\/h2><\/div><div class=\"mf-product-price-box\">\n<\/div><\/div><\/div><\/li>\n<\/ul>\n<\/div>[\/vc_column][\/vc_row][vc_row][vc_column][\/vc_column][\/vc_row][vc_row][vc_column]<div class=\"martfury-empty-space \"><div class=\"mf_empty_space_lg\" ><\/div><div class=\"mf_empty_space_md\" ><\/div><div class=\"mf_empty_space_xs\" ><\/div><\/div><div class=\"martfury-icons-list style-1  columns-3\"><ul><li class=\"martfury-icon-box icon_position-left\"><div class=\"mf-icon box-icon\"><i class=\"icon-truck\"><\/i><\/div><div class=\"box-wrapper\"><span class=\"box-title\" >Env\u00edos a todo el Pa\u00eds<\/span><div class=\"desc\">Directamente con empresas de paqueteria<\/div><\/div><\/li>\n\t\t\t\t\t<li class=\"martfury-icon-box icon-box-step\"><\/li> <li class=\"martfury-icon-box icon_position-left\"><div class=\"mf-icon box-icon\"><i class=\"icon-bubbles\"><\/i><\/div><div class=\"box-wrapper\"><span class=\"box-title\" >Atenci\u00f3n Personalizada<\/span><div class=\"desc\">Atendemos todas tus dudas<\/div><\/div><\/li>\n\t\t\t\t\t<li class=\"martfury-icon-box icon-box-step\"><\/li> <li class=\"martfury-icon-box icon_position-left\"><div class=\"mf-icon box-icon\"><i class=\"icon-license2\"><\/i><\/div><div class=\"box-wrapper\"><span class=\"box-title\" >Productos de Calidad<\/span><div class=\"desc\">Gran variedad de Marcas<\/div><\/div><\/li>\n\t\t\t\t\t<li class=\"martfury-icon-box icon-box-step\"><\/li><\/ul><\/div><div class=\"martfury-empty-space \"><div class=\"mf_empty_space_lg\" ><\/div><div class=\"mf_empty_space_md\" ><\/div><div class=\"mf_empty_space_xs\" ><\/div><\/div>[\/vc_column][\/vc_row]<\/p>\n<\/div>","protected":false},"excerpt":{"rendered":"<p>[vc_row full_width=\u00bbstretch_row_content_no_spaces\u00bb][vc_column][vc_column_text] Equipo para Laboratorio [\/vc_column_text][\/vc_column][\/vc_row][vc_row][vc_column][\/vc_column][\/vc_row][vc_row][vc_column][\/vc_column][\/vc_row]<\/p>\n","protected":false},"author":1,"featured_media":0,"parent":0,"menu_order":0,"comment_status":"closed","ping_status":"closed","template":"template-homepage.php","meta":{"_joinchat":[],"footnotes":""},"class_list":["post-5763","page","type-page","status-publish","hentry"],"yoast_head":"<!-- This site is optimized with the Yoast SEO plugin v27.2 - https:\/\/yoast.com\/product\/yoast-seo-wordpress\/ -->\n<title>Equipo para Laboratorio | Capital Cient\u00edfica M\u00e9xico<\/title>\n<meta name=\"description\" content=\"Buscas equipos para Laboratorio, contamos con una amplia gama de productos como butir\u00f3metro, butyrometro, crioscopo, reactivos y m\u00e1s\" \/>\n<meta name=\"robots\" content=\"index, follow, max-snippet:-1, max-image-preview:large, max-video-preview:-1\" \/>\n<link rel=\"canonical\" href=\"https:\/\/capitalcientifica.com.mx\/tienda\/\" \/>\n<meta property=\"og:locale\" content=\"es_ES\" \/>\n<meta property=\"og:type\" content=\"article\" \/>\n<meta property=\"og:title\" content=\"Equipo para Laboratorio | Capital Cient\u00edfica M\u00e9xico\" \/>\n<meta property=\"og:description\" content=\"Buscas equipos para Laboratorio, contamos con una amplia gama de productos como butir\u00f3metro, butyrometro, crioscopo, reactivos y m\u00e1s\" \/>\n<meta property=\"og:url\" content=\"https:\/\/capitalcientifica.com.mx\/tienda\/\" \/>\n<meta property=\"og:site_name\" content=\"Capital Cient&iacute;fica\" \/>\n<meta property=\"article:modified_time\" content=\"2022-10-29T19:21:33+00:00\" \/>\n<meta name=\"twitter:card\" content=\"summary_large_image\" \/>\n<meta name=\"twitter:label1\" content=\"Tiempo de lectura\" \/>\n\t<meta name=\"twitter:data1\" content=\"1 minuto\" \/>\n<script type=\"application\/ld+json\" class=\"yoast-schema-graph\">{\"@context\":\"https:\/\/schema.org\",\"@graph\":[{\"@type\":\"WebPage\",\"@id\":\"https:\/\/capitalcientifica.com.mx\/tienda\/\",\"url\":\"https:\/\/capitalcientifica.com.mx\/tienda\/\",\"name\":\"Equipo para Laboratorio | Capital Cient\u00edfica M\u00e9xico\",\"isPartOf\":{\"@id\":\"https:\/\/capitalcientifica.com.mx\/tienda\/#website\"},\"datePublished\":\"2022-09-15T20:28:39+00:00\",\"dateModified\":\"2022-10-29T19:21:33+00:00\",\"description\":\"Buscas equipos para Laboratorio, contamos con una amplia gama de productos como butir\u00f3metro, butyrometro, crioscopo, reactivos y m\u00e1s\",\"breadcrumb\":{\"@id\":\"https:\/\/capitalcientifica.com.mx\/tienda\/#breadcrumb\"},\"inLanguage\":\"es\",\"potentialAction\":[{\"@type\":\"ReadAction\",\"target\":[\"https:\/\/capitalcientifica.com.mx\/tienda\/\"]}]},{\"@type\":\"BreadcrumbList\",\"@id\":\"https:\/\/capitalcientifica.com.mx\/tienda\/#breadcrumb\",\"itemListElement\":[{\"@type\":\"ListItem\",\"position\":1,\"name\":\"Portada\",\"item\":\"https:\/\/capitalcientifica.com.mx\/tienda\/\"},{\"@type\":\"ListItem\",\"position\":2,\"name\":\"Inicio\"}]},{\"@type\":\"WebSite\",\"@id\":\"https:\/\/capitalcientifica.com.mx\/tienda\/#website\",\"url\":\"https:\/\/capitalcientifica.com.mx\/tienda\/\",\"name\":\"Capital Cient&iacute;fica\",\"description\":\"Equipo para laboratorio\",\"potentialAction\":[{\"@type\":\"SearchAction\",\"target\":{\"@type\":\"EntryPoint\",\"urlTemplate\":\"https:\/\/capitalcientifica.com.mx\/tienda\/?s={search_term_string}\"},\"query-input\":{\"@type\":\"PropertyValueSpecification\",\"valueRequired\":true,\"valueName\":\"search_term_string\"}}],\"inLanguage\":\"es\"}]}<\/script>\n<!-- \/ Yoast SEO plugin. -->","yoast_head_json":{"title":"Equipo para Laboratorio | Capital Cient\u00edfica M\u00e9xico","description":"Buscas equipos para Laboratorio, contamos con una amplia gama de productos como butir\u00f3metro, butyrometro, crioscopo, reactivos y m\u00e1s","robots":{"index":"index","follow":"follow","max-snippet":"max-snippet:-1","max-image-preview":"max-image-preview:large","max-video-preview":"max-video-preview:-1"},"canonical":"https:\/\/capitalcientifica.com.mx\/tienda\/","og_locale":"es_ES","og_type":"article","og_title":"Equipo para Laboratorio | Capital Cient\u00edfica M\u00e9xico","og_description":"Buscas equipos para Laboratorio, contamos con una amplia gama de productos como butir\u00f3metro, butyrometro, crioscopo, reactivos y m\u00e1s","og_url":"https:\/\/capitalcientifica.com.mx\/tienda\/","og_site_name":"Capital Cient&iacute;fica","article_modified_time":"2022-10-29T19:21:33+00:00","twitter_card":"summary_large_image","twitter_misc":{"Tiempo de lectura":"1 minuto"},"schema":{"@context":"https:\/\/schema.org","@graph":[{"@type":"WebPage","@id":"https:\/\/capitalcientifica.com.mx\/tienda\/","url":"https:\/\/capitalcientifica.com.mx\/tienda\/","name":"Equipo para Laboratorio | Capital Cient\u00edfica M\u00e9xico","isPartOf":{"@id":"https:\/\/capitalcientifica.com.mx\/tienda\/#website"},"datePublished":"2022-09-15T20:28:39+00:00","dateModified":"2022-10-29T19:21:33+00:00","description":"Buscas equipos para Laboratorio, contamos con una amplia gama de productos como butir\u00f3metro, butyrometro, crioscopo, reactivos y m\u00e1s","breadcrumb":{"@id":"https:\/\/capitalcientifica.com.mx\/tienda\/#breadcrumb"},"inLanguage":"es","potentialAction":[{"@type":"ReadAction","target":["https:\/\/capitalcientifica.com.mx\/tienda\/"]}]},{"@type":"BreadcrumbList","@id":"https:\/\/capitalcientifica.com.mx\/tienda\/#breadcrumb","itemListElement":[{"@type":"ListItem","position":1,"name":"Portada","item":"https:\/\/capitalcientifica.com.mx\/tienda\/"},{"@type":"ListItem","position":2,"name":"Inicio"}]},{"@type":"WebSite","@id":"https:\/\/capitalcientifica.com.mx\/tienda\/#website","url":"https:\/\/capitalcientifica.com.mx\/tienda\/","name":"Capital Cient&iacute;fica","description":"Equipo para laboratorio","potentialAction":[{"@type":"SearchAction","target":{"@type":"EntryPoint","urlTemplate":"https:\/\/capitalcientifica.com.mx\/tienda\/?s={search_term_string}"},"query-input":{"@type":"PropertyValueSpecification","valueRequired":true,"valueName":"search_term_string"}}],"inLanguage":"es"}]}},"_links":{"self":[{"href":"https:\/\/capitalcientifica.com.mx\/tienda\/wp-json\/wp\/v2\/pages\/5763","targetHints":{"allow":["GET"]}}],"collection":[{"href":"https:\/\/capitalcientifica.com.mx\/tienda\/wp-json\/wp\/v2\/pages"}],"about":[{"href":"https:\/\/capitalcientifica.com.mx\/tienda\/wp-json\/wp\/v2\/types\/page"}],"author":[{"embeddable":true,"href":"https:\/\/capitalcientifica.com.mx\/tienda\/wp-json\/wp\/v2\/users\/1"}],"replies":[{"embeddable":true,"href":"https:\/\/capitalcientifica.com.mx\/tienda\/wp-json\/wp\/v2\/comments?post=5763"}],"version-history":[{"count":0,"href":"https:\/\/capitalcientifica.com.mx\/tienda\/wp-json\/wp\/v2\/pages\/5763\/revisions"}],"wp:attachment":[{"href":"https:\/\/capitalcientifica.com.mx\/tienda\/wp-json\/wp\/v2\/media?parent=5763"}],"curies":[{"name":"wp","href":"https:\/\/api.w.org\/{rel}","templated":true}]}}